{"id":58488,"date":"2022-09-23T13:51:33","date_gmt":"2022-09-23T13:51:33","guid":{"rendered":"https:\/\/sales-ai-agents.com\/templates\/okr-organizer\/"},"modified":"2024-01-02T11:16:39","modified_gmt":"2024-01-02T11:16:39","slug":"okr-organizer","status":"publish","type":"product","link":"https:\/\/sales-ai-agents.com\/tr\/templates\/okr-organizer\/","title":{"rendered":"OKR D\u00fczenleyici"},"content":{"rendered":"<p>&nbsp;<\/p>\n<h2>OKR D\u00fczenleyici \u015eablonu<\/h2>\n<p class=\"desc-text\">Bu pratik d\u00fczenleyiciyi kullanarak tek bir temel hedefe y\u00f6nelik \u00e7e\u015fitli sonu\u00e7lar i\u00e7in strateji olu\u015fturun. Her hedef i\u00e7in \u00e7ok say\u0131da \u00f6l\u00e7\u00fclebilir sonu\u00e7 listeleyin ve i\u015fleri halletmek i\u00e7in bir strateji olu\u015fturun. OKR&#8217;lerinizi d\u00fczenli olarak kontrol edin ve ilerlemenizi g\u00fcncelleyin. Eyleme ge\u00e7irilebilir bir plan olu\u015fturmak, ilerleme kaydetmenin ilk ad\u0131m\u0131d\u0131r.<\/p>\n<h5>Nas\u0131l kullan\u0131l\u0131r?<\/h5>\n<ul class=\"desc-item_list\">\n<li class=\"desc-item_list__point\">Bir hedef belirleyin<\/li>\n<li class=\"desc-item_list__point\">\u00d6nemli sonu\u00e7lar\u0131 listeleyin<\/li>\n<li class=\"desc-item_list__point\">Tablodaki ilerlemeyi g\u00fcncelleyin<\/li>\n<li class=\"desc-item_list__point\">Sonu\u00e7lar\u0131 takip edin<\/li>\n<\/ul>\n","protected":false},"excerpt":{"rendered":"<p>Bu pratik d\u00fczenleyiciyi kullanarak tek bir temel hedef i\u00e7in sonu\u00e7 stratejisi olu\u015fturun. Bir\u00e7ok \u00f6l\u00e7\u00fclebilir sonucu listeleyin ve i\u015fleri halletmek i\u00e7in bir \u00e7al\u0131\u015fma stratejisi olu\u015fturun!<\/p>\n","protected":false},"featured_media":58490,"template":"","meta":{"_acf_changed":false,"inline_featured_image":false},"product_brand":[],"product_cat":[250,262,231],"product_tag":[],"class_list":{"0":"post-58488","1":"product","2":"type-product","3":"status-publish","4":"has-post-thumbnail","6":"product_cat-marketing","7":"product_cat-marketing-strategy","8":"product_cat-project-management","10":"first","11":"instock","12":"virtual","13":"sold-individually","14":"product-type-simple"},"acf":[],"yoast_head":"<!-- This site is optimized with the Yoast SEO plugin v25.3.1 - https:\/\/yoast.com\/wordpress\/plugins\/seo\/ -->\n<title>OKR D\u00fczenleyici \u015eablonu - Sales AI Agents<\/title>\n<meta name=\"description\" content=\"Bu pratik d\u00fczenleyiciyi kullanarak tek bir temel hedef i\u00e7in sonu\u00e7 stratejisi olu\u015fturun. Bir\u00e7ok \u00f6l\u00e7\u00fclebilir sonucu listeleyin ve i\u015fleri halletmek i\u00e7in bir \u00e7al\u0131\u015fma stratejisi olu\u015fturun!\" \/>\n<meta name=\"robots\" content=\"index, follow, max-snippet:-1, max-image-preview:large, max-video-preview:-1\" \/>\n<link rel=\"canonical\" href=\"https:\/\/sales-ai-agents.com\/tr\/templates\/okr-organizer\/\" \/>\n<meta property=\"og:locale\" content=\"tr_TR\" \/>\n<meta property=\"og:type\" content=\"article\" \/>\n<meta property=\"og:title\" content=\"OKR D\u00fczenleyici \u015eablonu - Sales AI Agents\" \/>\n<meta property=\"og:description\" content=\"Bu pratik d\u00fczenleyiciyi kullanarak tek bir temel hedef i\u00e7in sonu\u00e7 stratejisi olu\u015fturun. Bir\u00e7ok \u00f6l\u00e7\u00fclebilir sonucu listeleyin ve i\u015fleri halletmek i\u00e7in bir \u00e7al\u0131\u015fma stratejisi olu\u015fturun!\" \/>\n<meta property=\"og:url\" content=\"https:\/\/sales-ai-agents.com\/tr\/templates\/okr-organizer\/\" \/>\n<meta property=\"og:site_name\" content=\"Sales AI Agents\" \/>\n<meta property=\"article:modified_time\" content=\"2024-01-02T11:16:39+00:00\" \/>\n<meta property=\"og:image\" content=\"https:\/\/sales-ai-agents.com\/wp-content\/uploads\/2022\/09\/OKR-Organizer-Template.png\" \/>\n\t<meta property=\"og:image:width\" content=\"1700\" \/>\n\t<meta property=\"og:image:height\" content=\"1100\" \/>\n\t<meta property=\"og:image:type\" content=\"image\/png\" \/>\n<meta name=\"twitter:card\" content=\"summary_large_image\" \/>\n<script type=\"application\/ld+json\" class=\"yoast-schema-graph\">{\"@context\":\"https:\/\/schema.org\",\"@graph\":[{\"@type\":\"WebPage\",\"@id\":\"https:\/\/sales-ai-agents.com\/tr\/templates\/okr-organizer\/\",\"url\":\"https:\/\/sales-ai-agents.com\/tr\/templates\/okr-organizer\/\",\"name\":\"OKR D\u00fczenleyici \u015eablonu - Sales AI Agents\",\"isPartOf\":{\"@id\":\"https:\/\/sales-ai-agents.com\/#website\"},\"primaryImageOfPage\":{\"@id\":\"https:\/\/sales-ai-agents.com\/tr\/templates\/okr-organizer\/#primaryimage\"},\"image\":{\"@id\":\"https:\/\/sales-ai-agents.com\/tr\/templates\/okr-organizer\/#primaryimage\"},\"thumbnailUrl\":\"https:\/\/sales-ai-agents.com\/wp-content\/uploads\/2022\/09\/OKR-Organizer-Template.png\",\"datePublished\":\"2022-09-23T13:51:33+00:00\",\"dateModified\":\"2024-01-02T11:16:39+00:00\",\"description\":\"Bu pratik d\u00fczenleyiciyi kullanarak tek bir temel hedef i\u00e7in sonu\u00e7 stratejisi olu\u015fturun. Bir\u00e7ok \u00f6l\u00e7\u00fclebilir sonucu listeleyin ve i\u015fleri halletmek i\u00e7in bir \u00e7al\u0131\u015fma stratejisi olu\u015fturun!\",\"inLanguage\":\"tr\",\"potentialAction\":[{\"@type\":\"ReadAction\",\"target\":[\"https:\/\/sales-ai-agents.com\/tr\/templates\/okr-organizer\/\"]}]},{\"@type\":\"ImageObject\",\"inLanguage\":\"tr\",\"@id\":\"https:\/\/sales-ai-agents.com\/tr\/templates\/okr-organizer\/#primaryimage\",\"url\":\"https:\/\/sales-ai-agents.com\/wp-content\/uploads\/2022\/09\/OKR-Organizer-Template.png\",\"contentUrl\":\"https:\/\/sales-ai-agents.com\/wp-content\/uploads\/2022\/09\/OKR-Organizer-Template.png\",\"width\":1700,\"height\":1100},{\"@type\":\"WebSite\",\"@id\":\"https:\/\/sales-ai-agents.com\/#website\",\"url\":\"https:\/\/sales-ai-agents.com\/\",\"name\":\"FuseBase\",\"description\":\"Sales AI Agents - Free Online Collaboration Software for Remote Teams. Build your wikis, client portals and more with the Nimbus Platform collaboration tool ? A perfect space for online work\",\"publisher\":{\"@id\":\"https:\/\/sales-ai-agents.com\/#organization\"},\"potentialAction\":[{\"@type\":\"SearchAction\",\"target\":{\"@type\":\"EntryPoint\",\"urlTemplate\":\"https:\/\/sales-ai-agents.com\/?s={search_term_string}\"},\"query-input\":{\"@type\":\"PropertyValueSpecification\",\"valueRequired\":true,\"valueName\":\"search_term_string\"}}],\"inLanguage\":\"tr\"},{\"@type\":\"Organization\",\"@id\":\"https:\/\/sales-ai-agents.com\/#organization\",\"name\":\"FuseBase\",\"url\":\"https:\/\/sales-ai-agents.com\/\",\"logo\":{\"@type\":\"ImageObject\",\"inLanguage\":\"tr\",\"@id\":\"https:\/\/sales-ai-agents.com\/#\/schema\/logo\/image\/\",\"url\":\"https:\/\/sales-ai-agents.com\/wp-content\/uploads\/2023\/11\/icon-7.svg\",\"contentUrl\":\"https:\/\/sales-ai-agents.com\/wp-content\/uploads\/2023\/11\/icon-7.svg\",\"width\":128,\"height\":128,\"caption\":\"FuseBase\"},\"image\":{\"@id\":\"https:\/\/sales-ai-agents.com\/#\/schema\/logo\/image\/\"}}]}<\/script>\n<!-- \/ Yoast SEO plugin. -->","yoast_head_json":{"title":"OKR D\u00fczenleyici \u015eablonu - Sales AI Agents","description":"Bu pratik d\u00fczenleyiciyi kullanarak tek bir temel hedef i\u00e7in sonu\u00e7 stratejisi olu\u015fturun. Bir\u00e7ok \u00f6l\u00e7\u00fclebilir sonucu listeleyin ve i\u015fleri halletmek i\u00e7in bir \u00e7al\u0131\u015fma stratejisi olu\u015fturun!","robots":{"index":"index","follow":"follow","max-snippet":"max-snippet:-1","max-image-preview":"max-image-preview:large","max-video-preview":"max-video-preview:-1"},"canonical":"https:\/\/sales-ai-agents.com\/tr\/templates\/okr-organizer\/","og_locale":"tr_TR","og_type":"article","og_title":"OKR D\u00fczenleyici \u015eablonu - Sales AI Agents","og_description":"Bu pratik d\u00fczenleyiciyi kullanarak tek bir temel hedef i\u00e7in sonu\u00e7 stratejisi olu\u015fturun. Bir\u00e7ok \u00f6l\u00e7\u00fclebilir sonucu listeleyin ve i\u015fleri halletmek i\u00e7in bir \u00e7al\u0131\u015fma stratejisi olu\u015fturun!","og_url":"https:\/\/sales-ai-agents.com\/tr\/templates\/okr-organizer\/","og_site_name":"Sales AI Agents","article_modified_time":"2024-01-02T11:16:39+00:00","og_image":[{"width":1700,"height":1100,"url":"https:\/\/sales-ai-agents.com\/wp-content\/uploads\/2022\/09\/OKR-Organizer-Template.png","type":"image\/png"}],"twitter_card":"summary_large_image","schema":{"@context":"https:\/\/schema.org","@graph":[{"@type":"WebPage","@id":"https:\/\/sales-ai-agents.com\/tr\/templates\/okr-organizer\/","url":"https:\/\/sales-ai-agents.com\/tr\/templates\/okr-organizer\/","name":"OKR D\u00fczenleyici \u015eablonu - Sales AI Agents","isPartOf":{"@id":"https:\/\/sales-ai-agents.com\/#website"},"primaryImageOfPage":{"@id":"https:\/\/sales-ai-agents.com\/tr\/templates\/okr-organizer\/#primaryimage"},"image":{"@id":"https:\/\/sales-ai-agents.com\/tr\/templates\/okr-organizer\/#primaryimage"},"thumbnailUrl":"https:\/\/sales-ai-agents.com\/wp-content\/uploads\/2022\/09\/OKR-Organizer-Template.png","datePublished":"2022-09-23T13:51:33+00:00","dateModified":"2024-01-02T11:16:39+00:00","description":"Bu pratik d\u00fczenleyiciyi kullanarak tek bir temel hedef i\u00e7in sonu\u00e7 stratejisi olu\u015fturun. Bir\u00e7ok \u00f6l\u00e7\u00fclebilir sonucu listeleyin ve i\u015fleri halletmek i\u00e7in bir \u00e7al\u0131\u015fma stratejisi olu\u015fturun!","inLanguage":"tr","potentialAction":[{"@type":"ReadAction","target":["https:\/\/sales-ai-agents.com\/tr\/templates\/okr-organizer\/"]}]},{"@type":"ImageObject","inLanguage":"tr","@id":"https:\/\/sales-ai-agents.com\/tr\/templates\/okr-organizer\/#primaryimage","url":"https:\/\/sales-ai-agents.com\/wp-content\/uploads\/2022\/09\/OKR-Organizer-Template.png","contentUrl":"https:\/\/sales-ai-agents.com\/wp-content\/uploads\/2022\/09\/OKR-Organizer-Template.png","width":1700,"height":1100},{"@type":"WebSite","@id":"https:\/\/sales-ai-agents.com\/#website","url":"https:\/\/sales-ai-agents.com\/","name":"FuseBase","description":"Sales AI Agents - Free Online Collaboration Software for Remote Teams. Build your wikis, client portals and more with the Nimbus Platform collaboration tool ? A perfect space for online work","publisher":{"@id":"https:\/\/sales-ai-agents.com\/#organization"},"potentialAction":[{"@type":"SearchAction","target":{"@type":"EntryPoint","urlTemplate":"https:\/\/sales-ai-agents.com\/?s={search_term_string}"},"query-input":{"@type":"PropertyValueSpecification","valueRequired":true,"valueName":"search_term_string"}}],"inLanguage":"tr"},{"@type":"Organization","@id":"https:\/\/sales-ai-agents.com\/#organization","name":"FuseBase","url":"https:\/\/sales-ai-agents.com\/","logo":{"@type":"ImageObject","inLanguage":"tr","@id":"https:\/\/sales-ai-agents.com\/#\/schema\/logo\/image\/","url":"https:\/\/sales-ai-agents.com\/wp-content\/uploads\/2023\/11\/icon-7.svg","contentUrl":"https:\/\/sales-ai-agents.com\/wp-content\/uploads\/2023\/11\/icon-7.svg","width":128,"height":128,"caption":"FuseBase"},"image":{"@id":"https:\/\/sales-ai-agents.com\/#\/schema\/logo\/image\/"}}]}},"_links":{"self":[{"href":"https:\/\/sales-ai-agents.com\/tr\/wp-json\/wp\/v2\/product\/58488","targetHints":{"allow":["GET"]}}],"collection":[{"href":"https:\/\/sales-ai-agents.com\/tr\/wp-json\/wp\/v2\/product"}],"about":[{"href":"https:\/\/sales-ai-agents.com\/tr\/wp-json\/wp\/v2\/types\/product"}],"wp:featuredmedia":[{"embeddable":true,"href":"https:\/\/sales-ai-agents.com\/tr\/wp-json\/wp\/v2\/media\/58490"}],"wp:attachment":[{"href":"https:\/\/sales-ai-agents.com\/tr\/wp-json\/wp\/v2\/media?parent=58488"}],"wp:term":[{"taxonomy":"product_brand","embeddable":true,"href":"https:\/\/sales-ai-agents.com\/tr\/wp-json\/wp\/v2\/product_brand?post=58488"},{"taxonomy":"product_cat","embeddable":true,"href":"https:\/\/sales-ai-agents.com\/tr\/wp-json\/wp\/v2\/product_cat?post=58488"},{"taxonomy":"product_tag","embeddable":true,"href":"https:\/\/sales-ai-agents.com\/tr\/wp-json\/wp\/v2\/product_tag?post=58488"}],"curies":[{"name":"wp","href":"https:\/\/api.w.org\/{rel}","templated":true}]}}