{"id":58493,"date":"2022-09-23T13:51:31","date_gmt":"2022-09-23T13:51:31","guid":{"rendered":"https:\/\/sales-ai-agents.com\/templates\/blog-editorial-calendar\/"},"modified":"2023-12-27T14:37:41","modified_gmt":"2023-12-27T14:37:41","slug":"blog-editorial-calendar","status":"publish","type":"product","link":"https:\/\/sales-ai-agents.com\/tr\/templates\/blog-editorial-calendar\/","title":{"rendered":"Blog Editoryal Takvimi"},"content":{"rendered":"<p>&nbsp;<\/p>\n<h2>Blog Editoryal Takvim \u015eablonu<\/h2>\n<p class=\"desc-text\">Editoryal takvimler fikirler \u00fczerinde beyin f\u0131rt\u0131nas\u0131 yapman\u0131za, sonu\u00e7lar\u0131 analiz etmenize ve makale \u00e7\u0131kt\u0131lar\u0131n\u0131 izlemenize yard\u0131mc\u0131 olabilir. Bu y\u00f6netilebilir \u015fablon, teslim tarihlerini takip etmenize yard\u0131mc\u0131 olabilir. Yazarlar\u0131n\u0131z\u0131n ne \u00fczerinde \u00e7al\u0131\u015ft\u0131\u011f\u0131n\u0131 g\u00f6rebilir ve rahat\u00e7a i\u015f da\u011f\u0131l\u0131m\u0131 yapabilirsiniz. D\u00fczenli kalmak, sayfan\u0131z i\u00e7in do\u011fru i\u00e7eri\u011fi olu\u015fturmaya odaklanman\u0131za yard\u0131mc\u0131 olabilir.<\/p>\n<h5>Nas\u0131l kullan\u0131l\u0131r?<\/h5>\n<ul class=\"desc-item_list\">\n<li class=\"desc-item_list__point\">Her sat\u0131rda hikaye fikirlerini listeleyin<\/li>\n<li class=\"desc-item_list__point\">Yay\u0131n i\u00e7in tarih belirleyin<\/li>\n<li class=\"desc-item_list__point\">Her g\u00f6nderinin durumunu takip edin<\/li>\n<li class=\"desc-item_list__point\">Makalenin hangi b\u00f6l\u00fcme ait oldu\u011funa dikkat edin<\/li>\n<li class=\"desc-item_list__point\">Edit\u00f6rleri ve yazarlar\u0131 atay\u0131n<\/li>\n<\/ul>\n","protected":false},"excerpt":{"rendered":"<p>Editoryal takvimler fikirler \u00fczerinde beyin f\u0131rt\u0131nas\u0131 yapman\u0131za, sonu\u00e7lar\u0131 analiz etmenize ve makale \u00e7\u0131kt\u0131lar\u0131n\u0131 izlemenize yard\u0131mc\u0131 olabilir. Bu y\u00f6netilebilir \u015fablon, teslim tarihlerini takip etmenize yard\u0131mc\u0131 olabilir.<\/p>\n","protected":false},"featured_media":58494,"template":"","meta":{"_acf_changed":false,"inline_featured_image":false},"product_brand":[],"product_cat":[250,249],"product_tag":[],"class_list":{"0":"post-58493","1":"product","2":"type-product","3":"status-publish","4":"has-post-thumbnail","6":"product_cat-marketing","7":"product_cat-marketing-content","9":"first","10":"instock","11":"virtual","12":"sold-individually","13":"product-type-simple"},"acf":[],"yoast_head":"<!-- This site is optimized with the Yoast SEO plugin v25.3.1 - https:\/\/yoast.com\/wordpress\/plugins\/seo\/ -->\n<title>Blog Editoryal Takvim \u015eablonu - Sales AI Agents<\/title>\n<meta name=\"description\" content=\"Editoryal takvimler fikirler \u00fczerinde beyin f\u0131rt\u0131nas\u0131 yapman\u0131za, sonu\u00e7lar\u0131 analiz etmenize ve makale \u00e7\u0131kt\u0131lar\u0131n\u0131 izlemenize yard\u0131mc\u0131 olabilir. Bu y\u00f6netilebilir \u015fablon, teslim tarihlerini takip etmenize yard\u0131mc\u0131 olabilir.\" \/>\n<meta name=\"robots\" content=\"index, follow, max-snippet:-1, max-image-preview:large, max-video-preview:-1\" \/>\n<link rel=\"canonical\" href=\"https:\/\/sales-ai-agents.com\/tr\/templates\/blog-editorial-calendar\/\" \/>\n<meta property=\"og:locale\" content=\"tr_TR\" \/>\n<meta property=\"og:type\" content=\"article\" \/>\n<meta property=\"og:title\" content=\"Blog Editoryal Takvim \u015eablonu - Sales AI Agents\" \/>\n<meta property=\"og:description\" content=\"Editoryal takvimler fikirler \u00fczerinde beyin f\u0131rt\u0131nas\u0131 yapman\u0131za, sonu\u00e7lar\u0131 analiz etmenize ve makale \u00e7\u0131kt\u0131lar\u0131n\u0131 izlemenize yard\u0131mc\u0131 olabilir. Bu y\u00f6netilebilir \u015fablon, teslim tarihlerini takip etmenize yard\u0131mc\u0131 olabilir.\" \/>\n<meta property=\"og:url\" content=\"https:\/\/sales-ai-agents.com\/tr\/templates\/blog-editorial-calendar\/\" \/>\n<meta property=\"og:site_name\" content=\"Sales AI Agents\" \/>\n<meta property=\"article:modified_time\" content=\"2023-12-27T14:37:41+00:00\" \/>\n<meta property=\"og:image\" content=\"https:\/\/sales-ai-agents.com\/wp-content\/uploads\/2023\/01\/image-preview120247.png\" \/>\n\t<meta property=\"og:image:width\" content=\"1078\" \/>\n\t<meta property=\"og:image:height\" content=\"760\" \/>\n\t<meta property=\"og:image:type\" content=\"image\/png\" \/>\n<meta name=\"twitter:card\" content=\"summary_large_image\" \/>\n<script type=\"application\/ld+json\" class=\"yoast-schema-graph\">{\"@context\":\"https:\/\/schema.org\",\"@graph\":[{\"@type\":\"WebPage\",\"@id\":\"https:\/\/sales-ai-agents.com\/tr\/templates\/blog-editorial-calendar\/\",\"url\":\"https:\/\/sales-ai-agents.com\/tr\/templates\/blog-editorial-calendar\/\",\"name\":\"Blog Editoryal Takvim \u015eablonu - Sales AI Agents\",\"isPartOf\":{\"@id\":\"https:\/\/sales-ai-agents.com\/#website\"},\"primaryImageOfPage\":{\"@id\":\"https:\/\/sales-ai-agents.com\/tr\/templates\/blog-editorial-calendar\/#primaryimage\"},\"image\":{\"@id\":\"https:\/\/sales-ai-agents.com\/tr\/templates\/blog-editorial-calendar\/#primaryimage\"},\"thumbnailUrl\":\"https:\/\/sales-ai-agents.com\/wp-content\/uploads\/2023\/01\/image-preview120247.png\",\"datePublished\":\"2022-09-23T13:51:31+00:00\",\"dateModified\":\"2023-12-27T14:37:41+00:00\",\"description\":\"Editoryal takvimler fikirler \u00fczerinde beyin f\u0131rt\u0131nas\u0131 yapman\u0131za, sonu\u00e7lar\u0131 analiz etmenize ve makale \u00e7\u0131kt\u0131lar\u0131n\u0131 izlemenize yard\u0131mc\u0131 olabilir. Bu y\u00f6netilebilir \u015fablon, teslim tarihlerini takip etmenize yard\u0131mc\u0131 olabilir.\",\"inLanguage\":\"tr\",\"potentialAction\":[{\"@type\":\"ReadAction\",\"target\":[\"https:\/\/sales-ai-agents.com\/tr\/templates\/blog-editorial-calendar\/\"]}]},{\"@type\":\"ImageObject\",\"inLanguage\":\"tr\",\"@id\":\"https:\/\/sales-ai-agents.com\/tr\/templates\/blog-editorial-calendar\/#primaryimage\",\"url\":\"https:\/\/sales-ai-agents.com\/wp-content\/uploads\/2023\/01\/image-preview120247.png\",\"contentUrl\":\"https:\/\/sales-ai-agents.com\/wp-content\/uploads\/2023\/01\/image-preview120247.png\",\"width\":1078,\"height\":760},{\"@type\":\"WebSite\",\"@id\":\"https:\/\/sales-ai-agents.com\/#website\",\"url\":\"https:\/\/sales-ai-agents.com\/\",\"name\":\"FuseBase\",\"description\":\"Sales AI Agents - Free Online Collaboration Software for Remote Teams. Build your wikis, client portals and more with the Nimbus Platform collaboration tool ? A perfect space for online work\",\"publisher\":{\"@id\":\"https:\/\/sales-ai-agents.com\/#organization\"},\"potentialAction\":[{\"@type\":\"SearchAction\",\"target\":{\"@type\":\"EntryPoint\",\"urlTemplate\":\"https:\/\/sales-ai-agents.com\/?s={search_term_string}\"},\"query-input\":{\"@type\":\"PropertyValueSpecification\",\"valueRequired\":true,\"valueName\":\"search_term_string\"}}],\"inLanguage\":\"tr\"},{\"@type\":\"Organization\",\"@id\":\"https:\/\/sales-ai-agents.com\/#organization\",\"name\":\"FuseBase\",\"url\":\"https:\/\/sales-ai-agents.com\/\",\"logo\":{\"@type\":\"ImageObject\",\"inLanguage\":\"tr\",\"@id\":\"https:\/\/sales-ai-agents.com\/#\/schema\/logo\/image\/\",\"url\":\"https:\/\/sales-ai-agents.com\/wp-content\/uploads\/2023\/11\/icon-7.svg\",\"contentUrl\":\"https:\/\/sales-ai-agents.com\/wp-content\/uploads\/2023\/11\/icon-7.svg\",\"width\":128,\"height\":128,\"caption\":\"FuseBase\"},\"image\":{\"@id\":\"https:\/\/sales-ai-agents.com\/#\/schema\/logo\/image\/\"}}]}<\/script>\n<!-- \/ Yoast SEO plugin. -->","yoast_head_json":{"title":"Blog Editoryal Takvim \u015eablonu - Sales AI Agents","description":"Editoryal takvimler fikirler \u00fczerinde beyin f\u0131rt\u0131nas\u0131 yapman\u0131za, sonu\u00e7lar\u0131 analiz etmenize ve makale \u00e7\u0131kt\u0131lar\u0131n\u0131 izlemenize yard\u0131mc\u0131 olabilir. Bu y\u00f6netilebilir \u015fablon, teslim tarihlerini takip etmenize yard\u0131mc\u0131 olabilir.","robots":{"index":"index","follow":"follow","max-snippet":"max-snippet:-1","max-image-preview":"max-image-preview:large","max-video-preview":"max-video-preview:-1"},"canonical":"https:\/\/sales-ai-agents.com\/tr\/templates\/blog-editorial-calendar\/","og_locale":"tr_TR","og_type":"article","og_title":"Blog Editoryal Takvim \u015eablonu - Sales AI Agents","og_description":"Editoryal takvimler fikirler \u00fczerinde beyin f\u0131rt\u0131nas\u0131 yapman\u0131za, sonu\u00e7lar\u0131 analiz etmenize ve makale \u00e7\u0131kt\u0131lar\u0131n\u0131 izlemenize yard\u0131mc\u0131 olabilir. Bu y\u00f6netilebilir \u015fablon, teslim tarihlerini takip etmenize yard\u0131mc\u0131 olabilir.","og_url":"https:\/\/sales-ai-agents.com\/tr\/templates\/blog-editorial-calendar\/","og_site_name":"Sales AI Agents","article_modified_time":"2023-12-27T14:37:41+00:00","og_image":[{"width":1078,"height":760,"url":"https:\/\/sales-ai-agents.com\/wp-content\/uploads\/2023\/01\/image-preview120247.png","type":"image\/png"}],"twitter_card":"summary_large_image","schema":{"@context":"https:\/\/schema.org","@graph":[{"@type":"WebPage","@id":"https:\/\/sales-ai-agents.com\/tr\/templates\/blog-editorial-calendar\/","url":"https:\/\/sales-ai-agents.com\/tr\/templates\/blog-editorial-calendar\/","name":"Blog Editoryal Takvim \u015eablonu - Sales AI Agents","isPartOf":{"@id":"https:\/\/sales-ai-agents.com\/#website"},"primaryImageOfPage":{"@id":"https:\/\/sales-ai-agents.com\/tr\/templates\/blog-editorial-calendar\/#primaryimage"},"image":{"@id":"https:\/\/sales-ai-agents.com\/tr\/templates\/blog-editorial-calendar\/#primaryimage"},"thumbnailUrl":"https:\/\/sales-ai-agents.com\/wp-content\/uploads\/2023\/01\/image-preview120247.png","datePublished":"2022-09-23T13:51:31+00:00","dateModified":"2023-12-27T14:37:41+00:00","description":"Editoryal takvimler fikirler \u00fczerinde beyin f\u0131rt\u0131nas\u0131 yapman\u0131za, sonu\u00e7lar\u0131 analiz etmenize ve makale \u00e7\u0131kt\u0131lar\u0131n\u0131 izlemenize yard\u0131mc\u0131 olabilir. Bu y\u00f6netilebilir \u015fablon, teslim tarihlerini takip etmenize yard\u0131mc\u0131 olabilir.","inLanguage":"tr","potentialAction":[{"@type":"ReadAction","target":["https:\/\/sales-ai-agents.com\/tr\/templates\/blog-editorial-calendar\/"]}]},{"@type":"ImageObject","inLanguage":"tr","@id":"https:\/\/sales-ai-agents.com\/tr\/templates\/blog-editorial-calendar\/#primaryimage","url":"https:\/\/sales-ai-agents.com\/wp-content\/uploads\/2023\/01\/image-preview120247.png","contentUrl":"https:\/\/sales-ai-agents.com\/wp-content\/uploads\/2023\/01\/image-preview120247.png","width":1078,"height":760},{"@type":"WebSite","@id":"https:\/\/sales-ai-agents.com\/#website","url":"https:\/\/sales-ai-agents.com\/","name":"FuseBase","description":"Sales AI Agents - Free Online Collaboration Software for Remote Teams. Build your wikis, client portals and more with the Nimbus Platform collaboration tool ? A perfect space for online work","publisher":{"@id":"https:\/\/sales-ai-agents.com\/#organization"},"potentialAction":[{"@type":"SearchAction","target":{"@type":"EntryPoint","urlTemplate":"https:\/\/sales-ai-agents.com\/?s={search_term_string}"},"query-input":{"@type":"PropertyValueSpecification","valueRequired":true,"valueName":"search_term_string"}}],"inLanguage":"tr"},{"@type":"Organization","@id":"https:\/\/sales-ai-agents.com\/#organization","name":"FuseBase","url":"https:\/\/sales-ai-agents.com\/","logo":{"@type":"ImageObject","inLanguage":"tr","@id":"https:\/\/sales-ai-agents.com\/#\/schema\/logo\/image\/","url":"https:\/\/sales-ai-agents.com\/wp-content\/uploads\/2023\/11\/icon-7.svg","contentUrl":"https:\/\/sales-ai-agents.com\/wp-content\/uploads\/2023\/11\/icon-7.svg","width":128,"height":128,"caption":"FuseBase"},"image":{"@id":"https:\/\/sales-ai-agents.com\/#\/schema\/logo\/image\/"}}]}},"_links":{"self":[{"href":"https:\/\/sales-ai-agents.com\/tr\/wp-json\/wp\/v2\/product\/58493","targetHints":{"allow":["GET"]}}],"collection":[{"href":"https:\/\/sales-ai-agents.com\/tr\/wp-json\/wp\/v2\/product"}],"about":[{"href":"https:\/\/sales-ai-agents.com\/tr\/wp-json\/wp\/v2\/types\/product"}],"wp:featuredmedia":[{"embeddable":true,"href":"https:\/\/sales-ai-agents.com\/tr\/wp-json\/wp\/v2\/media\/58494"}],"wp:attachment":[{"href":"https:\/\/sales-ai-agents.com\/tr\/wp-json\/wp\/v2\/media?parent=58493"}],"wp:term":[{"taxonomy":"product_brand","embeddable":true,"href":"https:\/\/sales-ai-agents.com\/tr\/wp-json\/wp\/v2\/product_brand?post=58493"},{"taxonomy":"product_cat","embeddable":true,"href":"https:\/\/sales-ai-agents.com\/tr\/wp-json\/wp\/v2\/product_cat?post=58493"},{"taxonomy":"product_tag","embeddable":true,"href":"https:\/\/sales-ai-agents.com\/tr\/wp-json\/wp\/v2\/product_tag?post=58493"}],"curies":[{"name":"wp","href":"https:\/\/api.w.org\/{rel}","templated":true}]}}