{"id":58496,"date":"2022-09-23T13:51:27","date_gmt":"2022-09-23T13:51:27","guid":{"rendered":"https:\/\/sales-ai-agents.com\/templates\/docs-for-engineers\/"},"modified":"2023-12-26T21:04:10","modified_gmt":"2023-12-26T21:04:10","slug":"docs-for-engineers","status":"publish","type":"product","link":"https:\/\/sales-ai-agents.com\/tr\/templates\/docs-for-engineers\/","title":{"rendered":"M\u00fchendisler i\u00e7in Dok\u00fcmanlar"},"content":{"rendered":"<p>&nbsp;<\/p>\n<h2>M\u00fchendisler i\u00e7in Dok\u00fcmanlar \u015eablonu<\/h2>\n<p class=\"desc-text\">M\u00fchendislik ekibinizin bir\u00e7ok farkl\u0131 belgesi varsa, hepsini d\u00fczenlemek i\u00e7in bu \u015fablonu kullan\u0131n! \u0130htiyac\u0131n\u0131z olan her \u015feyi etiketleyin ve her \u015feyi tek bir yerde tutun. Proje notlar\u0131, teknik \u00f6zellikler ve daha fazlas\u0131n\u0131 ekleyebilirsiniz. \u00c7al\u0131\u015fmalar\u0131n\u0131z\u0131 takip etmek i\u00e7in bu belgeyi ekibinizle birlikte kullan\u0131n.<\/p>\n<h5>Nas\u0131l kullan\u0131l\u0131r?<\/h5>\n<ul class=\"desc-item_list\">\n<li class=\"desc-item_list__point\">G\u00f6r\u00fcnt\u00fclemek i\u00e7in \u00f6nemli belgeleri ekleyin<\/li>\n<li class=\"desc-item_list__point\">\u00c7al\u0131\u015f\u0131rken durumu takip edin<\/li>\n<li class=\"desc-item_list__point\">Yarat\u0131c\u0131s\u0131n\u0131 etiketlemek i\u00e7in @mentions kullan\u0131n<\/li>\n<li class=\"desc-item_list__point\">Tablonun alt\u0131ndaki \u00f6nemli proje bilgilerini doldurun<\/li>\n<\/ul>\n","protected":false},"excerpt":{"rendered":"<p>M\u00fchendislik ekibinizin bir\u00e7ok farkl\u0131 belgesi varsa, hepsini d\u00fczenlemek i\u00e7in bu \u015fablonu kullan\u0131n! \u0130htiyac\u0131n\u0131z olan her \u015feyi etiketleyin ve her \u015feyi tek bir yerde tutun.<\/p>\n","protected":false},"featured_media":58497,"template":"","meta":{"_acf_changed":false,"inline_featured_image":false},"product_brand":[],"product_cat":[278],"product_tag":[],"class_list":{"0":"post-58496","1":"product","2":"type-product","3":"status-publish","4":"has-post-thumbnail","6":"product_cat-programmer-engineer","8":"first","9":"instock","10":"virtual","11":"sold-individually","12":"product-type-simple"},"acf":[],"yoast_head":"<!-- This site is optimized with the Yoast SEO plugin v25.3.1 - https:\/\/yoast.com\/wordpress\/plugins\/seo\/ -->\n<title>M\u00fchendisler i\u00e7in Dok\u00fcmanlar \u015eablonu - Sales AI Agents<\/title>\n<meta name=\"description\" content=\"M\u00fchendislik ekibinizin bir\u00e7ok farkl\u0131 belgesi varsa, hepsini d\u00fczenlemek i\u00e7in bu \u015fablonu kullan\u0131n! \u0130htiyac\u0131n\u0131z olan her \u015feyi etiketleyin ve her \u015feyi tek bir yerde tutun.\" \/>\n<meta name=\"robots\" content=\"index, follow, max-snippet:-1, max-image-preview:large, max-video-preview:-1\" \/>\n<link rel=\"canonical\" href=\"https:\/\/sales-ai-agents.com\/tr\/templates\/docs-for-engineers\/\" \/>\n<meta property=\"og:locale\" content=\"tr_TR\" \/>\n<meta property=\"og:type\" content=\"article\" \/>\n<meta property=\"og:title\" content=\"M\u00fchendisler i\u00e7in Dok\u00fcmanlar \u015eablonu - Sales AI Agents\" \/>\n<meta property=\"og:description\" content=\"M\u00fchendislik ekibinizin bir\u00e7ok farkl\u0131 belgesi varsa, hepsini d\u00fczenlemek i\u00e7in bu \u015fablonu kullan\u0131n! \u0130htiyac\u0131n\u0131z olan her \u015feyi etiketleyin ve her \u015feyi tek bir yerde tutun.\" \/>\n<meta property=\"og:url\" content=\"https:\/\/sales-ai-agents.com\/tr\/templates\/docs-for-engineers\/\" \/>\n<meta property=\"og:site_name\" content=\"Sales AI Agents\" \/>\n<meta property=\"article:modified_time\" content=\"2023-12-26T21:04:10+00:00\" \/>\n<meta property=\"og:image\" content=\"https:\/\/sales-ai-agents.com\/wp-content\/uploads\/2022\/09\/Docs-for-Engineers-Template.png\" \/>\n\t<meta property=\"og:image:width\" content=\"1700\" \/>\n\t<meta property=\"og:image:height\" content=\"1100\" \/>\n\t<meta property=\"og:image:type\" content=\"image\/png\" \/>\n<meta name=\"twitter:card\" content=\"summary_large_image\" \/>\n<script type=\"application\/ld+json\" class=\"yoast-schema-graph\">{\"@context\":\"https:\/\/schema.org\",\"@graph\":[{\"@type\":\"WebPage\",\"@id\":\"https:\/\/sales-ai-agents.com\/tr\/templates\/docs-for-engineers\/\",\"url\":\"https:\/\/sales-ai-agents.com\/tr\/templates\/docs-for-engineers\/\",\"name\":\"M\u00fchendisler i\u00e7in Dok\u00fcmanlar \u015eablonu - Sales AI Agents\",\"isPartOf\":{\"@id\":\"https:\/\/sales-ai-agents.com\/#website\"},\"primaryImageOfPage\":{\"@id\":\"https:\/\/sales-ai-agents.com\/tr\/templates\/docs-for-engineers\/#primaryimage\"},\"image\":{\"@id\":\"https:\/\/sales-ai-agents.com\/tr\/templates\/docs-for-engineers\/#primaryimage\"},\"thumbnailUrl\":\"https:\/\/sales-ai-agents.com\/wp-content\/uploads\/2022\/09\/Docs-for-Engineers-Template.png\",\"datePublished\":\"2022-09-23T13:51:27+00:00\",\"dateModified\":\"2023-12-26T21:04:10+00:00\",\"description\":\"M\u00fchendislik ekibinizin bir\u00e7ok farkl\u0131 belgesi varsa, hepsini d\u00fczenlemek i\u00e7in bu \u015fablonu kullan\u0131n! \u0130htiyac\u0131n\u0131z olan her \u015feyi etiketleyin ve her \u015feyi tek bir yerde tutun.\",\"inLanguage\":\"tr\",\"potentialAction\":[{\"@type\":\"ReadAction\",\"target\":[\"https:\/\/sales-ai-agents.com\/tr\/templates\/docs-for-engineers\/\"]}]},{\"@type\":\"ImageObject\",\"inLanguage\":\"tr\",\"@id\":\"https:\/\/sales-ai-agents.com\/tr\/templates\/docs-for-engineers\/#primaryimage\",\"url\":\"https:\/\/sales-ai-agents.com\/wp-content\/uploads\/2022\/09\/Docs-for-Engineers-Template.png\",\"contentUrl\":\"https:\/\/sales-ai-agents.com\/wp-content\/uploads\/2022\/09\/Docs-for-Engineers-Template.png\",\"width\":1700,\"height\":1100},{\"@type\":\"WebSite\",\"@id\":\"https:\/\/sales-ai-agents.com\/#website\",\"url\":\"https:\/\/sales-ai-agents.com\/\",\"name\":\"FuseBase\",\"description\":\"Sales AI Agents - Free Online Collaboration Software for Remote Teams. Build your wikis, client portals and more with the Nimbus Platform collaboration tool ? A perfect space for online work\",\"publisher\":{\"@id\":\"https:\/\/sales-ai-agents.com\/#organization\"},\"potentialAction\":[{\"@type\":\"SearchAction\",\"target\":{\"@type\":\"EntryPoint\",\"urlTemplate\":\"https:\/\/sales-ai-agents.com\/?s={search_term_string}\"},\"query-input\":{\"@type\":\"PropertyValueSpecification\",\"valueRequired\":true,\"valueName\":\"search_term_string\"}}],\"inLanguage\":\"tr\"},{\"@type\":\"Organization\",\"@id\":\"https:\/\/sales-ai-agents.com\/#organization\",\"name\":\"FuseBase\",\"url\":\"https:\/\/sales-ai-agents.com\/\",\"logo\":{\"@type\":\"ImageObject\",\"inLanguage\":\"tr\",\"@id\":\"https:\/\/sales-ai-agents.com\/#\/schema\/logo\/image\/\",\"url\":\"https:\/\/sales-ai-agents.com\/wp-content\/uploads\/2023\/11\/icon-7.svg\",\"contentUrl\":\"https:\/\/sales-ai-agents.com\/wp-content\/uploads\/2023\/11\/icon-7.svg\",\"width\":128,\"height\":128,\"caption\":\"FuseBase\"},\"image\":{\"@id\":\"https:\/\/sales-ai-agents.com\/#\/schema\/logo\/image\/\"}}]}<\/script>\n<!-- \/ Yoast SEO plugin. -->","yoast_head_json":{"title":"M\u00fchendisler i\u00e7in Dok\u00fcmanlar \u015eablonu - Sales AI Agents","description":"M\u00fchendislik ekibinizin bir\u00e7ok farkl\u0131 belgesi varsa, hepsini d\u00fczenlemek i\u00e7in bu \u015fablonu kullan\u0131n! \u0130htiyac\u0131n\u0131z olan her \u015feyi etiketleyin ve her \u015feyi tek bir yerde tutun.","robots":{"index":"index","follow":"follow","max-snippet":"max-snippet:-1","max-image-preview":"max-image-preview:large","max-video-preview":"max-video-preview:-1"},"canonical":"https:\/\/sales-ai-agents.com\/tr\/templates\/docs-for-engineers\/","og_locale":"tr_TR","og_type":"article","og_title":"M\u00fchendisler i\u00e7in Dok\u00fcmanlar \u015eablonu - Sales AI Agents","og_description":"M\u00fchendislik ekibinizin bir\u00e7ok farkl\u0131 belgesi varsa, hepsini d\u00fczenlemek i\u00e7in bu \u015fablonu kullan\u0131n! \u0130htiyac\u0131n\u0131z olan her \u015feyi etiketleyin ve her \u015feyi tek bir yerde tutun.","og_url":"https:\/\/sales-ai-agents.com\/tr\/templates\/docs-for-engineers\/","og_site_name":"Sales AI Agents","article_modified_time":"2023-12-26T21:04:10+00:00","og_image":[{"width":1700,"height":1100,"url":"https:\/\/sales-ai-agents.com\/wp-content\/uploads\/2022\/09\/Docs-for-Engineers-Template.png","type":"image\/png"}],"twitter_card":"summary_large_image","schema":{"@context":"https:\/\/schema.org","@graph":[{"@type":"WebPage","@id":"https:\/\/sales-ai-agents.com\/tr\/templates\/docs-for-engineers\/","url":"https:\/\/sales-ai-agents.com\/tr\/templates\/docs-for-engineers\/","name":"M\u00fchendisler i\u00e7in Dok\u00fcmanlar \u015eablonu - Sales AI Agents","isPartOf":{"@id":"https:\/\/sales-ai-agents.com\/#website"},"primaryImageOfPage":{"@id":"https:\/\/sales-ai-agents.com\/tr\/templates\/docs-for-engineers\/#primaryimage"},"image":{"@id":"https:\/\/sales-ai-agents.com\/tr\/templates\/docs-for-engineers\/#primaryimage"},"thumbnailUrl":"https:\/\/sales-ai-agents.com\/wp-content\/uploads\/2022\/09\/Docs-for-Engineers-Template.png","datePublished":"2022-09-23T13:51:27+00:00","dateModified":"2023-12-26T21:04:10+00:00","description":"M\u00fchendislik ekibinizin bir\u00e7ok farkl\u0131 belgesi varsa, hepsini d\u00fczenlemek i\u00e7in bu \u015fablonu kullan\u0131n! \u0130htiyac\u0131n\u0131z olan her \u015feyi etiketleyin ve her \u015feyi tek bir yerde tutun.","inLanguage":"tr","potentialAction":[{"@type":"ReadAction","target":["https:\/\/sales-ai-agents.com\/tr\/templates\/docs-for-engineers\/"]}]},{"@type":"ImageObject","inLanguage":"tr","@id":"https:\/\/sales-ai-agents.com\/tr\/templates\/docs-for-engineers\/#primaryimage","url":"https:\/\/sales-ai-agents.com\/wp-content\/uploads\/2022\/09\/Docs-for-Engineers-Template.png","contentUrl":"https:\/\/sales-ai-agents.com\/wp-content\/uploads\/2022\/09\/Docs-for-Engineers-Template.png","width":1700,"height":1100},{"@type":"WebSite","@id":"https:\/\/sales-ai-agents.com\/#website","url":"https:\/\/sales-ai-agents.com\/","name":"FuseBase","description":"Sales AI Agents - Free Online Collaboration Software for Remote Teams. Build your wikis, client portals and more with the Nimbus Platform collaboration tool ? A perfect space for online work","publisher":{"@id":"https:\/\/sales-ai-agents.com\/#organization"},"potentialAction":[{"@type":"SearchAction","target":{"@type":"EntryPoint","urlTemplate":"https:\/\/sales-ai-agents.com\/?s={search_term_string}"},"query-input":{"@type":"PropertyValueSpecification","valueRequired":true,"valueName":"search_term_string"}}],"inLanguage":"tr"},{"@type":"Organization","@id":"https:\/\/sales-ai-agents.com\/#organization","name":"FuseBase","url":"https:\/\/sales-ai-agents.com\/","logo":{"@type":"ImageObject","inLanguage":"tr","@id":"https:\/\/sales-ai-agents.com\/#\/schema\/logo\/image\/","url":"https:\/\/sales-ai-agents.com\/wp-content\/uploads\/2023\/11\/icon-7.svg","contentUrl":"https:\/\/sales-ai-agents.com\/wp-content\/uploads\/2023\/11\/icon-7.svg","width":128,"height":128,"caption":"FuseBase"},"image":{"@id":"https:\/\/sales-ai-agents.com\/#\/schema\/logo\/image\/"}}]}},"_links":{"self":[{"href":"https:\/\/sales-ai-agents.com\/tr\/wp-json\/wp\/v2\/product\/58496","targetHints":{"allow":["GET"]}}],"collection":[{"href":"https:\/\/sales-ai-agents.com\/tr\/wp-json\/wp\/v2\/product"}],"about":[{"href":"https:\/\/sales-ai-agents.com\/tr\/wp-json\/wp\/v2\/types\/product"}],"wp:featuredmedia":[{"embeddable":true,"href":"https:\/\/sales-ai-agents.com\/tr\/wp-json\/wp\/v2\/media\/58497"}],"wp:attachment":[{"href":"https:\/\/sales-ai-agents.com\/tr\/wp-json\/wp\/v2\/media?parent=58496"}],"wp:term":[{"taxonomy":"product_brand","embeddable":true,"href":"https:\/\/sales-ai-agents.com\/tr\/wp-json\/wp\/v2\/product_brand?post=58496"},{"taxonomy":"product_cat","embeddable":true,"href":"https:\/\/sales-ai-agents.com\/tr\/wp-json\/wp\/v2\/product_cat?post=58496"},{"taxonomy":"product_tag","embeddable":true,"href":"https:\/\/sales-ai-agents.com\/tr\/wp-json\/wp\/v2\/product_tag?post=58496"}],"curies":[{"name":"wp","href":"https:\/\/api.w.org\/{rel}","templated":true}]}}