{"id":58509,"date":"2022-09-23T13:51:20","date_gmt":"2022-09-23T13:51:20","guid":{"rendered":"https:\/\/sales-ai-agents.com\/templates\/account-plans\/"},"modified":"2023-12-27T14:26:31","modified_gmt":"2023-12-27T14:26:31","slug":"account-plans","status":"publish","type":"product","link":"https:\/\/sales-ai-agents.com\/tr\/templates\/account-plans\/","title":{"rendered":"Hesap Planlar\u0131"},"content":{"rendered":"<p>&nbsp;<\/p>\n<h2>Hesap Planlar\u0131 \u015eablonu<\/h2>\n<p class=\"desc-text\">Herkesi hesap planlar\u0131 konusunda g\u00fcncellemek i\u00e7in bu \u015fablonu ekibinizle payla\u015f\u0131n. Ekibinizdeki herkes ger\u00e7ek zamanl\u0131 d\u00fczenleme ve g\u00fcncelleme ile h\u0131z kazanabilir. Ekibinizin g\u00f6r\u00fcnt\u00fclemesi ve kullanmas\u0131 i\u00e7in verileri dahil edin. Hesap bilgileri i\u00e7in kapsaml\u0131 bir veri taban\u0131 tutarak m\u00fc\u015fterinizle ili\u015fkinizi s\u00fcrd\u00fcrebilir ve etkili planlar olu\u015fturabilirsiniz.<\/p>\n<h5>Nas\u0131l kullan\u0131l\u0131r?<\/h5>\n<ul class=\"desc-item_list\">\n<li class=\"desc-item_list__point\">M\u00fc\u015fterinizin bir \u00f6zetini ekleyin<\/li>\n<li class=\"desc-item_list__point\">\u015eirketlerinin \u00f6nemli ayr\u0131nt\u0131lar\u0131n\u0131 ekleyin<\/li>\n<li class=\"desc-item_list__point\">Sponsorlar\u0131n isimlerini listeleyin<\/li>\n<li class=\"desc-item_list__point\">Sponsorlar\u0131 tan\u0131mlamak i\u00e7in foto\u011fraf ekleyin<\/li>\n<li class=\"desc-item_list__point\">Hat\u0131rlamak i\u00e7in \u00f6nemli notlar ekleyin<\/li>\n<\/ul>\n","protected":false},"excerpt":{"rendered":"<p>Herkesi hesap planlar\u0131 konusunda g\u00fcncellemek i\u00e7in bu \u015fablonu ekibinizle payla\u015f\u0131n. Ger\u00e7ek zamanl\u0131 d\u00fczenleme ve g\u00fcncelleme ile herkesin h\u0131z\u0131na yeti\u015fin.<\/p>\n","protected":false},"featured_media":58510,"template":"","meta":{"_acf_changed":false,"inline_featured_image":false},"product_brand":[],"product_cat":[250,227,254,228],"product_tag":[],"class_list":{"0":"post-58509","1":"product","2":"type-product","3":"status-publish","4":"has-post-thumbnail","6":"product_cat-marketing","7":"product_cat-marketing-clients","8":"product_cat-sales","9":"product_cat-sales-account","10":"collections-client","12":"first","13":"instock","14":"virtual","15":"sold-individually","16":"product-type-simple"},"acf":[],"yoast_head":"<!-- This site is optimized with the Yoast SEO plugin v25.3.1 - https:\/\/yoast.com\/wordpress\/plugins\/seo\/ -->\n<title>Hesap Planlar\u0131 \u015eablonu - Sales AI Agents<\/title>\n<meta name=\"description\" content=\"Herkesi hesap planlar\u0131 konusunda g\u00fcncellemek i\u00e7in bu \u015fablonu ekibinizle payla\u015f\u0131n. Ger\u00e7ek zamanl\u0131 d\u00fczenleme ve g\u00fcncelleme ile herkesin h\u0131z\u0131na yeti\u015fin.\" \/>\n<meta name=\"robots\" content=\"index, follow, max-snippet:-1, max-image-preview:large, max-video-preview:-1\" \/>\n<link rel=\"canonical\" href=\"https:\/\/sales-ai-agents.com\/tr\/templates\/account-plans\/\" \/>\n<meta property=\"og:locale\" content=\"tr_TR\" \/>\n<meta property=\"og:type\" content=\"article\" \/>\n<meta property=\"og:title\" content=\"Hesap Planlar\u0131 \u015eablonu - Sales AI Agents\" \/>\n<meta property=\"og:description\" content=\"Herkesi hesap planlar\u0131 konusunda g\u00fcncellemek i\u00e7in bu \u015fablonu ekibinizle payla\u015f\u0131n. Ger\u00e7ek zamanl\u0131 d\u00fczenleme ve g\u00fcncelleme ile herkesin h\u0131z\u0131na yeti\u015fin.\" \/>\n<meta property=\"og:url\" content=\"https:\/\/sales-ai-agents.com\/tr\/templates\/account-plans\/\" \/>\n<meta property=\"og:site_name\" content=\"Sales AI Agents\" \/>\n<meta property=\"article:modified_time\" content=\"2023-12-27T14:26:31+00:00\" \/>\n<meta property=\"og:image\" content=\"https:\/\/sales-ai-agents.com\/wp-content\/uploads\/2022\/09\/Account-Plans-Template.png\" \/>\n\t<meta property=\"og:image:width\" content=\"1700\" \/>\n\t<meta property=\"og:image:height\" content=\"1100\" \/>\n\t<meta property=\"og:image:type\" content=\"image\/png\" \/>\n<meta name=\"twitter:card\" content=\"summary_large_image\" \/>\n<script type=\"application\/ld+json\" class=\"yoast-schema-graph\">{\"@context\":\"https:\/\/schema.org\",\"@graph\":[{\"@type\":\"WebPage\",\"@id\":\"https:\/\/sales-ai-agents.com\/tr\/templates\/account-plans\/\",\"url\":\"https:\/\/sales-ai-agents.com\/tr\/templates\/account-plans\/\",\"name\":\"Hesap Planlar\u0131 \u015eablonu - Sales AI Agents\",\"isPartOf\":{\"@id\":\"https:\/\/sales-ai-agents.com\/#website\"},\"primaryImageOfPage\":{\"@id\":\"https:\/\/sales-ai-agents.com\/tr\/templates\/account-plans\/#primaryimage\"},\"image\":{\"@id\":\"https:\/\/sales-ai-agents.com\/tr\/templates\/account-plans\/#primaryimage\"},\"thumbnailUrl\":\"https:\/\/sales-ai-agents.com\/wp-content\/uploads\/2022\/09\/Account-Plans-Template.png\",\"datePublished\":\"2022-09-23T13:51:20+00:00\",\"dateModified\":\"2023-12-27T14:26:31+00:00\",\"description\":\"Herkesi hesap planlar\u0131 konusunda g\u00fcncellemek i\u00e7in bu \u015fablonu ekibinizle payla\u015f\u0131n. Ger\u00e7ek zamanl\u0131 d\u00fczenleme ve g\u00fcncelleme ile herkesin h\u0131z\u0131na yeti\u015fin.\",\"inLanguage\":\"tr\",\"potentialAction\":[{\"@type\":\"ReadAction\",\"target\":[\"https:\/\/sales-ai-agents.com\/tr\/templates\/account-plans\/\"]}]},{\"@type\":\"ImageObject\",\"inLanguage\":\"tr\",\"@id\":\"https:\/\/sales-ai-agents.com\/tr\/templates\/account-plans\/#primaryimage\",\"url\":\"https:\/\/sales-ai-agents.com\/wp-content\/uploads\/2022\/09\/Account-Plans-Template.png\",\"contentUrl\":\"https:\/\/sales-ai-agents.com\/wp-content\/uploads\/2022\/09\/Account-Plans-Template.png\",\"width\":1700,\"height\":1100},{\"@type\":\"WebSite\",\"@id\":\"https:\/\/sales-ai-agents.com\/#website\",\"url\":\"https:\/\/sales-ai-agents.com\/\",\"name\":\"FuseBase\",\"description\":\"Sales AI Agents - Free Online Collaboration Software for Remote Teams. Build your wikis, client portals and more with the Nimbus Platform collaboration tool ? A perfect space for online work\",\"publisher\":{\"@id\":\"https:\/\/sales-ai-agents.com\/#organization\"},\"potentialAction\":[{\"@type\":\"SearchAction\",\"target\":{\"@type\":\"EntryPoint\",\"urlTemplate\":\"https:\/\/sales-ai-agents.com\/?s={search_term_string}\"},\"query-input\":{\"@type\":\"PropertyValueSpecification\",\"valueRequired\":true,\"valueName\":\"search_term_string\"}}],\"inLanguage\":\"tr\"},{\"@type\":\"Organization\",\"@id\":\"https:\/\/sales-ai-agents.com\/#organization\",\"name\":\"FuseBase\",\"url\":\"https:\/\/sales-ai-agents.com\/\",\"logo\":{\"@type\":\"ImageObject\",\"inLanguage\":\"tr\",\"@id\":\"https:\/\/sales-ai-agents.com\/#\/schema\/logo\/image\/\",\"url\":\"https:\/\/sales-ai-agents.com\/wp-content\/uploads\/2023\/11\/icon-7.svg\",\"contentUrl\":\"https:\/\/sales-ai-agents.com\/wp-content\/uploads\/2023\/11\/icon-7.svg\",\"width\":128,\"height\":128,\"caption\":\"FuseBase\"},\"image\":{\"@id\":\"https:\/\/sales-ai-agents.com\/#\/schema\/logo\/image\/\"}}]}<\/script>\n<!-- \/ Yoast SEO plugin. -->","yoast_head_json":{"title":"Hesap Planlar\u0131 \u015eablonu - Sales AI Agents","description":"Herkesi hesap planlar\u0131 konusunda g\u00fcncellemek i\u00e7in bu \u015fablonu ekibinizle payla\u015f\u0131n. Ger\u00e7ek zamanl\u0131 d\u00fczenleme ve g\u00fcncelleme ile herkesin h\u0131z\u0131na yeti\u015fin.","robots":{"index":"index","follow":"follow","max-snippet":"max-snippet:-1","max-image-preview":"max-image-preview:large","max-video-preview":"max-video-preview:-1"},"canonical":"https:\/\/sales-ai-agents.com\/tr\/templates\/account-plans\/","og_locale":"tr_TR","og_type":"article","og_title":"Hesap Planlar\u0131 \u015eablonu - Sales AI Agents","og_description":"Herkesi hesap planlar\u0131 konusunda g\u00fcncellemek i\u00e7in bu \u015fablonu ekibinizle payla\u015f\u0131n. Ger\u00e7ek zamanl\u0131 d\u00fczenleme ve g\u00fcncelleme ile herkesin h\u0131z\u0131na yeti\u015fin.","og_url":"https:\/\/sales-ai-agents.com\/tr\/templates\/account-plans\/","og_site_name":"Sales AI Agents","article_modified_time":"2023-12-27T14:26:31+00:00","og_image":[{"width":1700,"height":1100,"url":"https:\/\/sales-ai-agents.com\/wp-content\/uploads\/2022\/09\/Account-Plans-Template.png","type":"image\/png"}],"twitter_card":"summary_large_image","schema":{"@context":"https:\/\/schema.org","@graph":[{"@type":"WebPage","@id":"https:\/\/sales-ai-agents.com\/tr\/templates\/account-plans\/","url":"https:\/\/sales-ai-agents.com\/tr\/templates\/account-plans\/","name":"Hesap Planlar\u0131 \u015eablonu - Sales AI Agents","isPartOf":{"@id":"https:\/\/sales-ai-agents.com\/#website"},"primaryImageOfPage":{"@id":"https:\/\/sales-ai-agents.com\/tr\/templates\/account-plans\/#primaryimage"},"image":{"@id":"https:\/\/sales-ai-agents.com\/tr\/templates\/account-plans\/#primaryimage"},"thumbnailUrl":"https:\/\/sales-ai-agents.com\/wp-content\/uploads\/2022\/09\/Account-Plans-Template.png","datePublished":"2022-09-23T13:51:20+00:00","dateModified":"2023-12-27T14:26:31+00:00","description":"Herkesi hesap planlar\u0131 konusunda g\u00fcncellemek i\u00e7in bu \u015fablonu ekibinizle payla\u015f\u0131n. Ger\u00e7ek zamanl\u0131 d\u00fczenleme ve g\u00fcncelleme ile herkesin h\u0131z\u0131na yeti\u015fin.","inLanguage":"tr","potentialAction":[{"@type":"ReadAction","target":["https:\/\/sales-ai-agents.com\/tr\/templates\/account-plans\/"]}]},{"@type":"ImageObject","inLanguage":"tr","@id":"https:\/\/sales-ai-agents.com\/tr\/templates\/account-plans\/#primaryimage","url":"https:\/\/sales-ai-agents.com\/wp-content\/uploads\/2022\/09\/Account-Plans-Template.png","contentUrl":"https:\/\/sales-ai-agents.com\/wp-content\/uploads\/2022\/09\/Account-Plans-Template.png","width":1700,"height":1100},{"@type":"WebSite","@id":"https:\/\/sales-ai-agents.com\/#website","url":"https:\/\/sales-ai-agents.com\/","name":"FuseBase","description":"Sales AI Agents - Free Online Collaboration Software for Remote Teams. Build your wikis, client portals and more with the Nimbus Platform collaboration tool ? A perfect space for online work","publisher":{"@id":"https:\/\/sales-ai-agents.com\/#organization"},"potentialAction":[{"@type":"SearchAction","target":{"@type":"EntryPoint","urlTemplate":"https:\/\/sales-ai-agents.com\/?s={search_term_string}"},"query-input":{"@type":"PropertyValueSpecification","valueRequired":true,"valueName":"search_term_string"}}],"inLanguage":"tr"},{"@type":"Organization","@id":"https:\/\/sales-ai-agents.com\/#organization","name":"FuseBase","url":"https:\/\/sales-ai-agents.com\/","logo":{"@type":"ImageObject","inLanguage":"tr","@id":"https:\/\/sales-ai-agents.com\/#\/schema\/logo\/image\/","url":"https:\/\/sales-ai-agents.com\/wp-content\/uploads\/2023\/11\/icon-7.svg","contentUrl":"https:\/\/sales-ai-agents.com\/wp-content\/uploads\/2023\/11\/icon-7.svg","width":128,"height":128,"caption":"FuseBase"},"image":{"@id":"https:\/\/sales-ai-agents.com\/#\/schema\/logo\/image\/"}}]}},"_links":{"self":[{"href":"https:\/\/sales-ai-agents.com\/tr\/wp-json\/wp\/v2\/product\/58509","targetHints":{"allow":["GET"]}}],"collection":[{"href":"https:\/\/sales-ai-agents.com\/tr\/wp-json\/wp\/v2\/product"}],"about":[{"href":"https:\/\/sales-ai-agents.com\/tr\/wp-json\/wp\/v2\/types\/product"}],"wp:featuredmedia":[{"embeddable":true,"href":"https:\/\/sales-ai-agents.com\/tr\/wp-json\/wp\/v2\/media\/58510"}],"wp:attachment":[{"href":"https:\/\/sales-ai-agents.com\/tr\/wp-json\/wp\/v2\/media?parent=58509"}],"wp:term":[{"taxonomy":"product_brand","embeddable":true,"href":"https:\/\/sales-ai-agents.com\/tr\/wp-json\/wp\/v2\/product_brand?post=58509"},{"taxonomy":"product_cat","embeddable":true,"href":"https:\/\/sales-ai-agents.com\/tr\/wp-json\/wp\/v2\/product_cat?post=58509"},{"taxonomy":"product_tag","embeddable":true,"href":"https:\/\/sales-ai-agents.com\/tr\/wp-json\/wp\/v2\/product_tag?post=58509"}],"curies":[{"name":"wp","href":"https:\/\/api.w.org\/{rel}","templated":true}]}}