{"id":58512,"date":"2022-09-23T13:51:17","date_gmt":"2022-09-23T13:51:17","guid":{"rendered":"https:\/\/sales-ai-agents.com\/templates\/habit-tracker\/"},"modified":"2024-01-02T14:05:45","modified_gmt":"2024-01-02T14:05:45","slug":"habit-tracker","status":"publish","type":"product","link":"https:\/\/sales-ai-agents.com\/tr\/templates\/habit-tracker\/","title":{"rendered":"Basit Al\u0131\u015fkanl\u0131k Takibi"},"content":{"rendered":"<p>&nbsp;<\/p>\n<h2>Basit Al\u0131\u015fkanl\u0131k Takip \u015eablonu<\/h2>\n<p class=\"desc-text\">Yeni ve sa\u011fl\u0131kl\u0131 al\u0131\u015fkanl\u0131klar edinmek biraz zaman al\u0131r. \u0130ster daha fazla egzersiz yapmak, ister daha erken uyumak veya telefonunuzu daha az kullanmak isteyin, bu al\u0131\u015fkanl\u0131k izleyici yeni aktiviteleri veya kal\u0131plar\u0131 takip etmek i\u00e7in m\u00fckemmeldir. Ay\u0131n her g\u00fcn\u00fc al\u0131\u015fkanl\u0131klar\u0131n\u0131z\u0131 kontrol etmek i\u00e7in tabloyu kullan\u0131n. Kendinizi sorumlu tutun ve hedeflerinize odaklan\u0131n. \u0130lerlemenizi g\u00f6rselle\u015ftirmek ve benimsemek istedi\u011finiz t\u00fcm yeni al\u0131\u015fkanl\u0131klar\u0131 ortaya koymak i\u00e7in bu \u015fablonu kullan\u0131n. Etkili bir planlama yaparak hedeflerinize k\u0131sa s\u00fcrede ula\u015faca\u011f\u0131n\u0131zdan emin olabilirsiniz.<\/p>\n<h5>Nas\u0131l kullan\u0131l\u0131r?<\/h5>\n<ul class=\"desc-item_list\">\n<li class=\"desc-item_list__point\">Takip etti\u011finiz ay\u0131 ekleyin<\/li>\n<li class=\"desc-item_list__point\">Al\u0131\u015fkanl\u0131klar\u0131 tabloda listeleyin<\/li>\n<li class=\"desc-item_list__point\">Ay\u0131n her g\u00fcn\u00fc al\u0131\u015fkanl\u0131klar\u0131n\u0131z\u0131 takip edin<\/li>\n<li class=\"desc-item_list__point\">Al\u0131\u015fkanl\u0131\u011f\u0131n o g\u00fcn kabul edilip edilmedi\u011fini belirtin<\/li>\n<li class=\"desc-item_list__point\">Ay sonunda ilerleme durumunuzu g\u00f6r\u00fcn<\/li>\n<li class=\"desc-item_list__point\">\u0130lerlemenizi de\u011ferlendirin ve yeni hedefler belirleyin<\/li>\n<\/ul>\n","protected":false},"excerpt":{"rendered":"<p>Daha fazla egzersiz yap\u0131n, daha erken yat\u0131n veya telefonunuzu daha az kullan\u0131n, bu al\u0131\u015fkanl\u0131k takip cihaz\u0131 yeni aktiviteler i\u00e7in m\u00fckemmeldir. Her g\u00fcn al\u0131\u015fkanl\u0131klar\u0131n\u0131z\u0131 kontrol etmek i\u00e7in tabloyu kullan\u0131n.<\/p>\n","protected":false},"featured_media":58513,"template":"","meta":{"_acf_changed":false,"inline_featured_image":false},"product_brand":[],"product_cat":[257],"product_tag":[],"class_list":{"0":"post-58512","1":"product","2":"type-product","3":"status-publish","4":"has-post-thumbnail","6":"product_cat-personal","8":"first","9":"instock","10":"virtual","11":"sold-individually","12":"product-type-simple"},"acf":[],"yoast_head":"<!-- This site is optimized with the Yoast SEO plugin v25.3.1 - https:\/\/yoast.com\/wordpress\/plugins\/seo\/ -->\n<title>Basit Al\u0131\u015fkanl\u0131k Takip \u015eablonu - Sales AI Agents<\/title>\n<meta name=\"description\" content=\"Daha fazla egzersiz yap\u0131n, daha erken yat\u0131n veya telefonunuzu daha az kullan\u0131n, bu al\u0131\u015fkanl\u0131k takip cihaz\u0131 yeni aktiviteler i\u00e7in m\u00fckemmeldir. Her g\u00fcn al\u0131\u015fkanl\u0131klar\u0131n\u0131z\u0131 kontrol etmek i\u00e7in tabloyu kullan\u0131n.\" \/>\n<meta name=\"robots\" content=\"index, follow, max-snippet:-1, max-image-preview:large, max-video-preview:-1\" \/>\n<link rel=\"canonical\" href=\"https:\/\/sales-ai-agents.com\/tr\/templates\/habit-tracker\/\" \/>\n<meta property=\"og:locale\" content=\"tr_TR\" \/>\n<meta property=\"og:type\" content=\"article\" \/>\n<meta property=\"og:title\" content=\"Basit Al\u0131\u015fkanl\u0131k Takip \u015eablonu - Sales AI Agents\" \/>\n<meta property=\"og:description\" content=\"Daha fazla egzersiz yap\u0131n, daha erken yat\u0131n veya telefonunuzu daha az kullan\u0131n, bu al\u0131\u015fkanl\u0131k takip cihaz\u0131 yeni aktiviteler i\u00e7in m\u00fckemmeldir. Her g\u00fcn al\u0131\u015fkanl\u0131klar\u0131n\u0131z\u0131 kontrol etmek i\u00e7in tabloyu kullan\u0131n.\" \/>\n<meta property=\"og:url\" content=\"https:\/\/sales-ai-agents.com\/tr\/templates\/habit-tracker\/\" \/>\n<meta property=\"og:site_name\" content=\"Sales AI Agents\" \/>\n<meta property=\"article:modified_time\" content=\"2024-01-02T14:05:45+00:00\" \/>\n<meta property=\"og:image\" content=\"https:\/\/sales-ai-agents.com\/wp-content\/uploads\/2022\/09\/Simple-Habit-Tracker-Template.png\" \/>\n\t<meta property=\"og:image:width\" content=\"1700\" \/>\n\t<meta property=\"og:image:height\" content=\"1100\" \/>\n\t<meta property=\"og:image:type\" content=\"image\/png\" \/>\n<meta name=\"twitter:card\" content=\"summary_large_image\" \/>\n<script type=\"application\/ld+json\" class=\"yoast-schema-graph\">{\"@context\":\"https:\/\/schema.org\",\"@graph\":[{\"@type\":\"WebPage\",\"@id\":\"https:\/\/sales-ai-agents.com\/tr\/templates\/habit-tracker\/\",\"url\":\"https:\/\/sales-ai-agents.com\/tr\/templates\/habit-tracker\/\",\"name\":\"Basit Al\u0131\u015fkanl\u0131k Takip \u015eablonu - Sales AI Agents\",\"isPartOf\":{\"@id\":\"https:\/\/sales-ai-agents.com\/#website\"},\"primaryImageOfPage\":{\"@id\":\"https:\/\/sales-ai-agents.com\/tr\/templates\/habit-tracker\/#primaryimage\"},\"image\":{\"@id\":\"https:\/\/sales-ai-agents.com\/tr\/templates\/habit-tracker\/#primaryimage\"},\"thumbnailUrl\":\"https:\/\/sales-ai-agents.com\/wp-content\/uploads\/2022\/09\/Simple-Habit-Tracker-Template.png\",\"datePublished\":\"2022-09-23T13:51:17+00:00\",\"dateModified\":\"2024-01-02T14:05:45+00:00\",\"description\":\"Daha fazla egzersiz yap\u0131n, daha erken yat\u0131n veya telefonunuzu daha az kullan\u0131n, bu al\u0131\u015fkanl\u0131k takip cihaz\u0131 yeni aktiviteler i\u00e7in m\u00fckemmeldir. Her g\u00fcn al\u0131\u015fkanl\u0131klar\u0131n\u0131z\u0131 kontrol etmek i\u00e7in tabloyu kullan\u0131n.\",\"inLanguage\":\"tr\",\"potentialAction\":[{\"@type\":\"ReadAction\",\"target\":[\"https:\/\/sales-ai-agents.com\/tr\/templates\/habit-tracker\/\"]}]},{\"@type\":\"ImageObject\",\"inLanguage\":\"tr\",\"@id\":\"https:\/\/sales-ai-agents.com\/tr\/templates\/habit-tracker\/#primaryimage\",\"url\":\"https:\/\/sales-ai-agents.com\/wp-content\/uploads\/2022\/09\/Simple-Habit-Tracker-Template.png\",\"contentUrl\":\"https:\/\/sales-ai-agents.com\/wp-content\/uploads\/2022\/09\/Simple-Habit-Tracker-Template.png\",\"width\":1700,\"height\":1100},{\"@type\":\"WebSite\",\"@id\":\"https:\/\/sales-ai-agents.com\/#website\",\"url\":\"https:\/\/sales-ai-agents.com\/\",\"name\":\"FuseBase\",\"description\":\"Sales AI Agents - Free Online Collaboration Software for Remote Teams. Build your wikis, client portals and more with the Nimbus Platform collaboration tool ? A perfect space for online work\",\"publisher\":{\"@id\":\"https:\/\/sales-ai-agents.com\/#organization\"},\"potentialAction\":[{\"@type\":\"SearchAction\",\"target\":{\"@type\":\"EntryPoint\",\"urlTemplate\":\"https:\/\/sales-ai-agents.com\/?s={search_term_string}\"},\"query-input\":{\"@type\":\"PropertyValueSpecification\",\"valueRequired\":true,\"valueName\":\"search_term_string\"}}],\"inLanguage\":\"tr\"},{\"@type\":\"Organization\",\"@id\":\"https:\/\/sales-ai-agents.com\/#organization\",\"name\":\"FuseBase\",\"url\":\"https:\/\/sales-ai-agents.com\/\",\"logo\":{\"@type\":\"ImageObject\",\"inLanguage\":\"tr\",\"@id\":\"https:\/\/sales-ai-agents.com\/#\/schema\/logo\/image\/\",\"url\":\"https:\/\/sales-ai-agents.com\/wp-content\/uploads\/2023\/11\/icon-7.svg\",\"contentUrl\":\"https:\/\/sales-ai-agents.com\/wp-content\/uploads\/2023\/11\/icon-7.svg\",\"width\":128,\"height\":128,\"caption\":\"FuseBase\"},\"image\":{\"@id\":\"https:\/\/sales-ai-agents.com\/#\/schema\/logo\/image\/\"}}]}<\/script>\n<!-- \/ Yoast SEO plugin. -->","yoast_head_json":{"title":"Basit Al\u0131\u015fkanl\u0131k Takip \u015eablonu - Sales AI Agents","description":"Daha fazla egzersiz yap\u0131n, daha erken yat\u0131n veya telefonunuzu daha az kullan\u0131n, bu al\u0131\u015fkanl\u0131k takip cihaz\u0131 yeni aktiviteler i\u00e7in m\u00fckemmeldir. Her g\u00fcn al\u0131\u015fkanl\u0131klar\u0131n\u0131z\u0131 kontrol etmek i\u00e7in tabloyu kullan\u0131n.","robots":{"index":"index","follow":"follow","max-snippet":"max-snippet:-1","max-image-preview":"max-image-preview:large","max-video-preview":"max-video-preview:-1"},"canonical":"https:\/\/sales-ai-agents.com\/tr\/templates\/habit-tracker\/","og_locale":"tr_TR","og_type":"article","og_title":"Basit Al\u0131\u015fkanl\u0131k Takip \u015eablonu - Sales AI Agents","og_description":"Daha fazla egzersiz yap\u0131n, daha erken yat\u0131n veya telefonunuzu daha az kullan\u0131n, bu al\u0131\u015fkanl\u0131k takip cihaz\u0131 yeni aktiviteler i\u00e7in m\u00fckemmeldir. Her g\u00fcn al\u0131\u015fkanl\u0131klar\u0131n\u0131z\u0131 kontrol etmek i\u00e7in tabloyu kullan\u0131n.","og_url":"https:\/\/sales-ai-agents.com\/tr\/templates\/habit-tracker\/","og_site_name":"Sales AI Agents","article_modified_time":"2024-01-02T14:05:45+00:00","og_image":[{"width":1700,"height":1100,"url":"https:\/\/sales-ai-agents.com\/wp-content\/uploads\/2022\/09\/Simple-Habit-Tracker-Template.png","type":"image\/png"}],"twitter_card":"summary_large_image","schema":{"@context":"https:\/\/schema.org","@graph":[{"@type":"WebPage","@id":"https:\/\/sales-ai-agents.com\/tr\/templates\/habit-tracker\/","url":"https:\/\/sales-ai-agents.com\/tr\/templates\/habit-tracker\/","name":"Basit Al\u0131\u015fkanl\u0131k Takip \u015eablonu - Sales AI Agents","isPartOf":{"@id":"https:\/\/sales-ai-agents.com\/#website"},"primaryImageOfPage":{"@id":"https:\/\/sales-ai-agents.com\/tr\/templates\/habit-tracker\/#primaryimage"},"image":{"@id":"https:\/\/sales-ai-agents.com\/tr\/templates\/habit-tracker\/#primaryimage"},"thumbnailUrl":"https:\/\/sales-ai-agents.com\/wp-content\/uploads\/2022\/09\/Simple-Habit-Tracker-Template.png","datePublished":"2022-09-23T13:51:17+00:00","dateModified":"2024-01-02T14:05:45+00:00","description":"Daha fazla egzersiz yap\u0131n, daha erken yat\u0131n veya telefonunuzu daha az kullan\u0131n, bu al\u0131\u015fkanl\u0131k takip cihaz\u0131 yeni aktiviteler i\u00e7in m\u00fckemmeldir. Her g\u00fcn al\u0131\u015fkanl\u0131klar\u0131n\u0131z\u0131 kontrol etmek i\u00e7in tabloyu kullan\u0131n.","inLanguage":"tr","potentialAction":[{"@type":"ReadAction","target":["https:\/\/sales-ai-agents.com\/tr\/templates\/habit-tracker\/"]}]},{"@type":"ImageObject","inLanguage":"tr","@id":"https:\/\/sales-ai-agents.com\/tr\/templates\/habit-tracker\/#primaryimage","url":"https:\/\/sales-ai-agents.com\/wp-content\/uploads\/2022\/09\/Simple-Habit-Tracker-Template.png","contentUrl":"https:\/\/sales-ai-agents.com\/wp-content\/uploads\/2022\/09\/Simple-Habit-Tracker-Template.png","width":1700,"height":1100},{"@type":"WebSite","@id":"https:\/\/sales-ai-agents.com\/#website","url":"https:\/\/sales-ai-agents.com\/","name":"FuseBase","description":"Sales AI Agents - Free Online Collaboration Software for Remote Teams. Build your wikis, client portals and more with the Nimbus Platform collaboration tool ? A perfect space for online work","publisher":{"@id":"https:\/\/sales-ai-agents.com\/#organization"},"potentialAction":[{"@type":"SearchAction","target":{"@type":"EntryPoint","urlTemplate":"https:\/\/sales-ai-agents.com\/?s={search_term_string}"},"query-input":{"@type":"PropertyValueSpecification","valueRequired":true,"valueName":"search_term_string"}}],"inLanguage":"tr"},{"@type":"Organization","@id":"https:\/\/sales-ai-agents.com\/#organization","name":"FuseBase","url":"https:\/\/sales-ai-agents.com\/","logo":{"@type":"ImageObject","inLanguage":"tr","@id":"https:\/\/sales-ai-agents.com\/#\/schema\/logo\/image\/","url":"https:\/\/sales-ai-agents.com\/wp-content\/uploads\/2023\/11\/icon-7.svg","contentUrl":"https:\/\/sales-ai-agents.com\/wp-content\/uploads\/2023\/11\/icon-7.svg","width":128,"height":128,"caption":"FuseBase"},"image":{"@id":"https:\/\/sales-ai-agents.com\/#\/schema\/logo\/image\/"}}]}},"_links":{"self":[{"href":"https:\/\/sales-ai-agents.com\/tr\/wp-json\/wp\/v2\/product\/58512","targetHints":{"allow":["GET"]}}],"collection":[{"href":"https:\/\/sales-ai-agents.com\/tr\/wp-json\/wp\/v2\/product"}],"about":[{"href":"https:\/\/sales-ai-agents.com\/tr\/wp-json\/wp\/v2\/types\/product"}],"wp:featuredmedia":[{"embeddable":true,"href":"https:\/\/sales-ai-agents.com\/tr\/wp-json\/wp\/v2\/media\/58513"}],"wp:attachment":[{"href":"https:\/\/sales-ai-agents.com\/tr\/wp-json\/wp\/v2\/media?parent=58512"}],"wp:term":[{"taxonomy":"product_brand","embeddable":true,"href":"https:\/\/sales-ai-agents.com\/tr\/wp-json\/wp\/v2\/product_brand?post=58512"},{"taxonomy":"product_cat","embeddable":true,"href":"https:\/\/sales-ai-agents.com\/tr\/wp-json\/wp\/v2\/product_cat?post=58512"},{"taxonomy":"product_tag","embeddable":true,"href":"https:\/\/sales-ai-agents.com\/tr\/wp-json\/wp\/v2\/product_tag?post=58512"}],"curies":[{"name":"wp","href":"https:\/\/api.w.org\/{rel}","templated":true}]}}