{"id":58515,"date":"2022-09-23T13:51:01","date_gmt":"2022-09-23T13:51:01","guid":{"rendered":"https:\/\/sales-ai-agents.com\/templates\/course-notes-database\/"},"modified":"2023-12-27T14:49:03","modified_gmt":"2023-12-27T14:49:03","slug":"course-notes-database","status":"publish","type":"product","link":"https:\/\/sales-ai-agents.com\/tr\/templates\/course-notes-database\/","title":{"rendered":"Kurs Notlar\u0131 Veritaban\u0131"},"content":{"rendered":"<p>&nbsp;<\/p>\n<h2>Ders Notlar\u0131 Veritaban\u0131 \u015eablonu<\/h2>\n<p class=\"desc-text\">\u00d6nceden ders notlar\u0131 olu\u015fturmak, derslerinizi daha odakl\u0131 ve bilgilendirici hale getirebilir. Masa\u00fcst\u00fc belgeler denizinde arama yapmak yerine, bu veritaban\u0131n\u0131 t\u00fcm dosyalar\u0131n\u0131z\u0131 y\u00f6netmek i\u00e7in \u00f6zel bir s\u0131n\u0131f teknolojisi arac\u0131 olarak kullan\u0131n. Her s\u0131n\u0131f i\u00e7in kurs belgeleri ekleyin, \u00f6\u011fretim i\u00e7in \u00e7evrimi\u00e7i beyaz tahtan\u0131z\u0131 d\u00fczenleyin ve verileri kategorize etmek i\u00e7in renk kodlu etiketler kullan\u0131n. Notlar\u0131 tek bir yerden kolayca eri\u015filebilir hale getirerek dosyalama ve getirme i\u015flemlerinde zaman kazan\u0131n.<\/p>\n<p>&nbsp;<\/p>\n<h5>Nas\u0131l kullan\u0131l\u0131r?<\/h5>\n<ul class=\"desc-item_list\">\n<li class=\"desc-item_list__point\">Notlar\u0131n\u0131z\u0131n ba\u015fl\u0131\u011f\u0131n\u0131 ekleyin<\/li>\n<li class=\"desc-item_list__point\">Her kurs i\u00e7in renkli etiketler kullan\u0131n<\/li>\n<li class=\"desc-item_list__point\">Ders t\u00fcr\u00fcne g\u00f6re s\u0131n\u0131fland\u0131r\u0131n<\/li>\n<li class=\"desc-item_list__point\">Notlar\u0131n\u0131z\u0131, belgelerinizi ve e\u011fitim materyallerinizi ekleyin<\/li>\n<li class=\"desc-item_list__point\">Ders tarihini ekleyin<\/li>\n<\/ul>\n","protected":false},"excerpt":{"rendered":"<p>Derslerinizi daha odakl\u0131 ve bilgilendirici hale getirmek i\u00e7in ders notlar\u0131 olu\u015fturun. \u0130stedi\u011finiz zaman kolay eri\u015fim i\u00e7in t\u00fcm dosyalar\u0131n\u0131z\u0131 y\u00f6netmek \u00fczere bu \u00fccretsiz veritaban\u0131 \u015fablonunu kullan\u0131n.<\/p>\n","protected":false},"featured_media":58516,"template":"","meta":{"_acf_changed":false,"inline_featured_image":false},"product_brand":[],"product_cat":[267,268],"product_tag":[],"class_list":{"0":"post-58515","1":"product","2":"type-product","3":"status-publish","4":"has-post-thumbnail","6":"product_cat-student","7":"product_cat-teacher","9":"first","10":"instock","11":"virtual","12":"sold-individually","13":"product-type-simple"},"acf":[],"yoast_head":"<!-- This site is optimized with the Yoast SEO plugin v25.3.1 - https:\/\/yoast.com\/wordpress\/plugins\/seo\/ -->\n<title>Ders Notlar\u0131 Veritaban\u0131 \u015eablonu - Sales AI Agents<\/title>\n<meta name=\"description\" content=\"Derslerinizi daha odakl\u0131 ve bilgilendirici hale getirmek i\u00e7in ders notlar\u0131 olu\u015fturun. \u0130stedi\u011finiz zaman kolay eri\u015fim i\u00e7in t\u00fcm dosyalar\u0131n\u0131z\u0131 y\u00f6netmek \u00fczere bu \u00fccretsiz veritaban\u0131 \u015fablonunu kullan\u0131n.\" \/>\n<meta name=\"robots\" content=\"index, follow, max-snippet:-1, max-image-preview:large, max-video-preview:-1\" \/>\n<link rel=\"canonical\" href=\"https:\/\/sales-ai-agents.com\/tr\/templates\/course-notes-database\/\" \/>\n<meta property=\"og:locale\" content=\"tr_TR\" \/>\n<meta property=\"og:type\" content=\"article\" \/>\n<meta property=\"og:title\" content=\"Ders Notlar\u0131 Veritaban\u0131 \u015eablonu - Sales AI Agents\" \/>\n<meta property=\"og:description\" content=\"Derslerinizi daha odakl\u0131 ve bilgilendirici hale getirmek i\u00e7in ders notlar\u0131 olu\u015fturun. \u0130stedi\u011finiz zaman kolay eri\u015fim i\u00e7in t\u00fcm dosyalar\u0131n\u0131z\u0131 y\u00f6netmek \u00fczere bu \u00fccretsiz veritaban\u0131 \u015fablonunu kullan\u0131n.\" \/>\n<meta property=\"og:url\" content=\"https:\/\/sales-ai-agents.com\/tr\/templates\/course-notes-database\/\" \/>\n<meta property=\"og:site_name\" content=\"Sales AI Agents\" \/>\n<meta property=\"article:modified_time\" content=\"2023-12-27T14:49:03+00:00\" \/>\n<meta property=\"og:image\" content=\"https:\/\/sales-ai-agents.com\/wp-content\/uploads\/2023\/01\/image-preview115828.png\" \/>\n\t<meta property=\"og:image:width\" content=\"1078\" \/>\n\t<meta property=\"og:image:height\" content=\"760\" \/>\n\t<meta property=\"og:image:type\" content=\"image\/png\" \/>\n<meta name=\"twitter:card\" content=\"summary_large_image\" \/>\n<script type=\"application\/ld+json\" class=\"yoast-schema-graph\">{\"@context\":\"https:\/\/schema.org\",\"@graph\":[{\"@type\":\"WebPage\",\"@id\":\"https:\/\/sales-ai-agents.com\/tr\/templates\/course-notes-database\/\",\"url\":\"https:\/\/sales-ai-agents.com\/tr\/templates\/course-notes-database\/\",\"name\":\"Ders Notlar\u0131 Veritaban\u0131 \u015eablonu - Sales AI Agents\",\"isPartOf\":{\"@id\":\"https:\/\/sales-ai-agents.com\/#website\"},\"primaryImageOfPage\":{\"@id\":\"https:\/\/sales-ai-agents.com\/tr\/templates\/course-notes-database\/#primaryimage\"},\"image\":{\"@id\":\"https:\/\/sales-ai-agents.com\/tr\/templates\/course-notes-database\/#primaryimage\"},\"thumbnailUrl\":\"https:\/\/sales-ai-agents.com\/wp-content\/uploads\/2023\/01\/image-preview115828.png\",\"datePublished\":\"2022-09-23T13:51:01+00:00\",\"dateModified\":\"2023-12-27T14:49:03+00:00\",\"description\":\"Derslerinizi daha odakl\u0131 ve bilgilendirici hale getirmek i\u00e7in ders notlar\u0131 olu\u015fturun. \u0130stedi\u011finiz zaman kolay eri\u015fim i\u00e7in t\u00fcm dosyalar\u0131n\u0131z\u0131 y\u00f6netmek \u00fczere bu \u00fccretsiz veritaban\u0131 \u015fablonunu kullan\u0131n.\",\"inLanguage\":\"tr\",\"potentialAction\":[{\"@type\":\"ReadAction\",\"target\":[\"https:\/\/sales-ai-agents.com\/tr\/templates\/course-notes-database\/\"]}]},{\"@type\":\"ImageObject\",\"inLanguage\":\"tr\",\"@id\":\"https:\/\/sales-ai-agents.com\/tr\/templates\/course-notes-database\/#primaryimage\",\"url\":\"https:\/\/sales-ai-agents.com\/wp-content\/uploads\/2023\/01\/image-preview115828.png\",\"contentUrl\":\"https:\/\/sales-ai-agents.com\/wp-content\/uploads\/2023\/01\/image-preview115828.png\",\"width\":1078,\"height\":760},{\"@type\":\"WebSite\",\"@id\":\"https:\/\/sales-ai-agents.com\/#website\",\"url\":\"https:\/\/sales-ai-agents.com\/\",\"name\":\"FuseBase\",\"description\":\"Sales AI Agents - Free Online Collaboration Software for Remote Teams. Build your wikis, client portals and more with the Nimbus Platform collaboration tool ? A perfect space for online work\",\"publisher\":{\"@id\":\"https:\/\/sales-ai-agents.com\/#organization\"},\"potentialAction\":[{\"@type\":\"SearchAction\",\"target\":{\"@type\":\"EntryPoint\",\"urlTemplate\":\"https:\/\/sales-ai-agents.com\/?s={search_term_string}\"},\"query-input\":{\"@type\":\"PropertyValueSpecification\",\"valueRequired\":true,\"valueName\":\"search_term_string\"}}],\"inLanguage\":\"tr\"},{\"@type\":\"Organization\",\"@id\":\"https:\/\/sales-ai-agents.com\/#organization\",\"name\":\"FuseBase\",\"url\":\"https:\/\/sales-ai-agents.com\/\",\"logo\":{\"@type\":\"ImageObject\",\"inLanguage\":\"tr\",\"@id\":\"https:\/\/sales-ai-agents.com\/#\/schema\/logo\/image\/\",\"url\":\"https:\/\/sales-ai-agents.com\/wp-content\/uploads\/2023\/11\/icon-7.svg\",\"contentUrl\":\"https:\/\/sales-ai-agents.com\/wp-content\/uploads\/2023\/11\/icon-7.svg\",\"width\":128,\"height\":128,\"caption\":\"FuseBase\"},\"image\":{\"@id\":\"https:\/\/sales-ai-agents.com\/#\/schema\/logo\/image\/\"}}]}<\/script>\n<!-- \/ Yoast SEO plugin. -->","yoast_head_json":{"title":"Ders Notlar\u0131 Veritaban\u0131 \u015eablonu - Sales AI Agents","description":"Derslerinizi daha odakl\u0131 ve bilgilendirici hale getirmek i\u00e7in ders notlar\u0131 olu\u015fturun. \u0130stedi\u011finiz zaman kolay eri\u015fim i\u00e7in t\u00fcm dosyalar\u0131n\u0131z\u0131 y\u00f6netmek \u00fczere bu \u00fccretsiz veritaban\u0131 \u015fablonunu kullan\u0131n.","robots":{"index":"index","follow":"follow","max-snippet":"max-snippet:-1","max-image-preview":"max-image-preview:large","max-video-preview":"max-video-preview:-1"},"canonical":"https:\/\/sales-ai-agents.com\/tr\/templates\/course-notes-database\/","og_locale":"tr_TR","og_type":"article","og_title":"Ders Notlar\u0131 Veritaban\u0131 \u015eablonu - Sales AI Agents","og_description":"Derslerinizi daha odakl\u0131 ve bilgilendirici hale getirmek i\u00e7in ders notlar\u0131 olu\u015fturun. \u0130stedi\u011finiz zaman kolay eri\u015fim i\u00e7in t\u00fcm dosyalar\u0131n\u0131z\u0131 y\u00f6netmek \u00fczere bu \u00fccretsiz veritaban\u0131 \u015fablonunu kullan\u0131n.","og_url":"https:\/\/sales-ai-agents.com\/tr\/templates\/course-notes-database\/","og_site_name":"Sales AI Agents","article_modified_time":"2023-12-27T14:49:03+00:00","og_image":[{"width":1078,"height":760,"url":"https:\/\/sales-ai-agents.com\/wp-content\/uploads\/2023\/01\/image-preview115828.png","type":"image\/png"}],"twitter_card":"summary_large_image","schema":{"@context":"https:\/\/schema.org","@graph":[{"@type":"WebPage","@id":"https:\/\/sales-ai-agents.com\/tr\/templates\/course-notes-database\/","url":"https:\/\/sales-ai-agents.com\/tr\/templates\/course-notes-database\/","name":"Ders Notlar\u0131 Veritaban\u0131 \u015eablonu - Sales AI Agents","isPartOf":{"@id":"https:\/\/sales-ai-agents.com\/#website"},"primaryImageOfPage":{"@id":"https:\/\/sales-ai-agents.com\/tr\/templates\/course-notes-database\/#primaryimage"},"image":{"@id":"https:\/\/sales-ai-agents.com\/tr\/templates\/course-notes-database\/#primaryimage"},"thumbnailUrl":"https:\/\/sales-ai-agents.com\/wp-content\/uploads\/2023\/01\/image-preview115828.png","datePublished":"2022-09-23T13:51:01+00:00","dateModified":"2023-12-27T14:49:03+00:00","description":"Derslerinizi daha odakl\u0131 ve bilgilendirici hale getirmek i\u00e7in ders notlar\u0131 olu\u015fturun. \u0130stedi\u011finiz zaman kolay eri\u015fim i\u00e7in t\u00fcm dosyalar\u0131n\u0131z\u0131 y\u00f6netmek \u00fczere bu \u00fccretsiz veritaban\u0131 \u015fablonunu kullan\u0131n.","inLanguage":"tr","potentialAction":[{"@type":"ReadAction","target":["https:\/\/sales-ai-agents.com\/tr\/templates\/course-notes-database\/"]}]},{"@type":"ImageObject","inLanguage":"tr","@id":"https:\/\/sales-ai-agents.com\/tr\/templates\/course-notes-database\/#primaryimage","url":"https:\/\/sales-ai-agents.com\/wp-content\/uploads\/2023\/01\/image-preview115828.png","contentUrl":"https:\/\/sales-ai-agents.com\/wp-content\/uploads\/2023\/01\/image-preview115828.png","width":1078,"height":760},{"@type":"WebSite","@id":"https:\/\/sales-ai-agents.com\/#website","url":"https:\/\/sales-ai-agents.com\/","name":"FuseBase","description":"Sales AI Agents - Free Online Collaboration Software for Remote Teams. Build your wikis, client portals and more with the Nimbus Platform collaboration tool ? A perfect space for online work","publisher":{"@id":"https:\/\/sales-ai-agents.com\/#organization"},"potentialAction":[{"@type":"SearchAction","target":{"@type":"EntryPoint","urlTemplate":"https:\/\/sales-ai-agents.com\/?s={search_term_string}"},"query-input":{"@type":"PropertyValueSpecification","valueRequired":true,"valueName":"search_term_string"}}],"inLanguage":"tr"},{"@type":"Organization","@id":"https:\/\/sales-ai-agents.com\/#organization","name":"FuseBase","url":"https:\/\/sales-ai-agents.com\/","logo":{"@type":"ImageObject","inLanguage":"tr","@id":"https:\/\/sales-ai-agents.com\/#\/schema\/logo\/image\/","url":"https:\/\/sales-ai-agents.com\/wp-content\/uploads\/2023\/11\/icon-7.svg","contentUrl":"https:\/\/sales-ai-agents.com\/wp-content\/uploads\/2023\/11\/icon-7.svg","width":128,"height":128,"caption":"FuseBase"},"image":{"@id":"https:\/\/sales-ai-agents.com\/#\/schema\/logo\/image\/"}}]}},"_links":{"self":[{"href":"https:\/\/sales-ai-agents.com\/tr\/wp-json\/wp\/v2\/product\/58515","targetHints":{"allow":["GET"]}}],"collection":[{"href":"https:\/\/sales-ai-agents.com\/tr\/wp-json\/wp\/v2\/product"}],"about":[{"href":"https:\/\/sales-ai-agents.com\/tr\/wp-json\/wp\/v2\/types\/product"}],"wp:featuredmedia":[{"embeddable":true,"href":"https:\/\/sales-ai-agents.com\/tr\/wp-json\/wp\/v2\/media\/58516"}],"wp:attachment":[{"href":"https:\/\/sales-ai-agents.com\/tr\/wp-json\/wp\/v2\/media?parent=58515"}],"wp:term":[{"taxonomy":"product_brand","embeddable":true,"href":"https:\/\/sales-ai-agents.com\/tr\/wp-json\/wp\/v2\/product_brand?post=58515"},{"taxonomy":"product_cat","embeddable":true,"href":"https:\/\/sales-ai-agents.com\/tr\/wp-json\/wp\/v2\/product_cat?post=58515"},{"taxonomy":"product_tag","embeddable":true,"href":"https:\/\/sales-ai-agents.com\/tr\/wp-json\/wp\/v2\/product_tag?post=58515"}],"curies":[{"name":"wp","href":"https:\/\/api.w.org\/{rel}","templated":true}]}}