{"id":58524,"date":"2022-09-23T13:50:41","date_gmt":"2022-09-23T13:50:41","guid":{"rendered":"https:\/\/sales-ai-agents.com\/templates\/weekly-status-report\/"},"modified":"2023-12-27T15:35:38","modified_gmt":"2023-12-27T15:35:38","slug":"weekly-status-report","status":"publish","type":"product","link":"https:\/\/sales-ai-agents.com\/tr\/templates\/weekly-status-report\/","title":{"rendered":"Haftal\u0131k Durum Raporu"},"content":{"rendered":"<p>&nbsp;<\/p>\n<h2>Haftal\u0131k Durum Raporu \u015eablonu<\/h2>\n<p class=\"desc-text\">Haftan\u0131z\u0131 g\u00f6zden ge\u00e7irmek ve ilerlemenizi incelemek i\u00e7in bu haftal\u0131k durum raporu \u015fablonunu kullan\u0131n. Ayr\u0131ca gelecek hafta i\u00e7in hedefler belirleyebilir ve gelecekteki g\u00f6rev ve \u00f6devlerin bir listesini olu\u015fturabilirsiniz. \u0130\u015f y\u00fck\u00fcn\u00fcz\u00fc de\u011ferlendirerek ve hedeflerinizi not ederek yeni haftaya haz\u0131rl\u0131kl\u0131 ve odaklanm\u0131\u015f bir \u015fekilde girebilirsiniz.<\/p>\n<h5>Nas\u0131l kullan\u0131l\u0131r?<\/h5>\n<ul class=\"desc-item_list\">\n<li class=\"desc-item_list__point\">O hafta tamamlanan i\u015f ve \u00f6devleri listeleyin<\/li>\n<li class=\"desc-item_list__point\">Devam eden projeleri takip edin<\/li>\n<li class=\"desc-item_list__point\">Mevcut projeler i\u00e7in sonraki ad\u0131mlar\u0131 not edin<\/li>\n<li class=\"desc-item_list__point\">Gelecek hafta i\u00e7in bir g\u00f6rev listesi olu\u015fturun<\/li>\n<li class=\"desc-item_list__point\">\u0130\u015f i\u00e7in hedefleri tan\u0131mlay\u0131n<\/li>\n<\/ul>\n","protected":false},"excerpt":{"rendered":"<p>Haftan\u0131z\u0131 g\u00f6zden ge\u00e7irmek ve ilerlemenizi incelemek i\u00e7in bu durum raporu \u015fablonunu kullan\u0131n. Nimbus ile i\u015f y\u00fck\u00fcn\u00fcz\u00fc de\u011ferlendirin ve hedeflerinizi not edin!<\/p>\n","protected":false},"featured_media":58525,"template":"","meta":{"_acf_changed":false,"inline_featured_image":false},"product_brand":[],"product_cat":[266,218,256],"product_tag":[],"class_list":{"0":"post-58524","1":"product","2":"type-product","3":"status-publish","4":"has-post-thumbnail","6":"product_cat-personal-work","7":"product_cat-operations","8":"product_cat-organizers-planners","10":"first","11":"instock","12":"virtual","13":"sold-individually","14":"product-type-simple"},"acf":[],"yoast_head":"<!-- This site is optimized with the Yoast SEO plugin v25.3.1 - https:\/\/yoast.com\/wordpress\/plugins\/seo\/ -->\n<title>Haftal\u0131k Durum Raporu \u015eablonu - Sales AI Agents<\/title>\n<meta name=\"description\" content=\"Haftan\u0131z\u0131 g\u00f6zden ge\u00e7irmek ve ilerlemenizi incelemek i\u00e7in bu durum raporu \u015fablonunu kullan\u0131n. Nimbus ile i\u015f y\u00fck\u00fcn\u00fcz\u00fc de\u011ferlendirin ve hedeflerinizi not edin!\" \/>\n<meta name=\"robots\" content=\"index, follow, max-snippet:-1, max-image-preview:large, max-video-preview:-1\" \/>\n<link rel=\"canonical\" href=\"https:\/\/sales-ai-agents.com\/tr\/templates\/weekly-status-report\/\" \/>\n<meta property=\"og:locale\" content=\"tr_TR\" \/>\n<meta property=\"og:type\" content=\"article\" \/>\n<meta property=\"og:title\" content=\"Haftal\u0131k Durum Raporu \u015eablonu - Sales AI Agents\" \/>\n<meta property=\"og:description\" content=\"Haftan\u0131z\u0131 g\u00f6zden ge\u00e7irmek ve ilerlemenizi incelemek i\u00e7in bu durum raporu \u015fablonunu kullan\u0131n. Nimbus ile i\u015f y\u00fck\u00fcn\u00fcz\u00fc de\u011ferlendirin ve hedeflerinizi not edin!\" \/>\n<meta property=\"og:url\" content=\"https:\/\/sales-ai-agents.com\/tr\/templates\/weekly-status-report\/\" \/>\n<meta property=\"og:site_name\" content=\"Sales AI Agents\" \/>\n<meta property=\"article:modified_time\" content=\"2023-12-27T15:35:38+00:00\" \/>\n<meta property=\"og:image\" content=\"https:\/\/sales-ai-agents.com\/wp-content\/uploads\/2023\/01\/image-preview115611.png\" \/>\n\t<meta property=\"og:image:width\" content=\"1078\" \/>\n\t<meta property=\"og:image:height\" content=\"1346\" \/>\n\t<meta property=\"og:image:type\" content=\"image\/png\" \/>\n<meta name=\"twitter:card\" content=\"summary_large_image\" \/>\n<script type=\"application\/ld+json\" class=\"yoast-schema-graph\">{\"@context\":\"https:\/\/schema.org\",\"@graph\":[{\"@type\":\"WebPage\",\"@id\":\"https:\/\/sales-ai-agents.com\/tr\/templates\/weekly-status-report\/\",\"url\":\"https:\/\/sales-ai-agents.com\/tr\/templates\/weekly-status-report\/\",\"name\":\"Haftal\u0131k Durum Raporu \u015eablonu - Sales AI Agents\",\"isPartOf\":{\"@id\":\"https:\/\/sales-ai-agents.com\/#website\"},\"primaryImageOfPage\":{\"@id\":\"https:\/\/sales-ai-agents.com\/tr\/templates\/weekly-status-report\/#primaryimage\"},\"image\":{\"@id\":\"https:\/\/sales-ai-agents.com\/tr\/templates\/weekly-status-report\/#primaryimage\"},\"thumbnailUrl\":\"https:\/\/sales-ai-agents.com\/wp-content\/uploads\/2023\/01\/image-preview115611.png\",\"datePublished\":\"2022-09-23T13:50:41+00:00\",\"dateModified\":\"2023-12-27T15:35:38+00:00\",\"description\":\"Haftan\u0131z\u0131 g\u00f6zden ge\u00e7irmek ve ilerlemenizi incelemek i\u00e7in bu durum raporu \u015fablonunu kullan\u0131n. Nimbus ile i\u015f y\u00fck\u00fcn\u00fcz\u00fc de\u011ferlendirin ve hedeflerinizi not edin!\",\"inLanguage\":\"tr\",\"potentialAction\":[{\"@type\":\"ReadAction\",\"target\":[\"https:\/\/sales-ai-agents.com\/tr\/templates\/weekly-status-report\/\"]}]},{\"@type\":\"ImageObject\",\"inLanguage\":\"tr\",\"@id\":\"https:\/\/sales-ai-agents.com\/tr\/templates\/weekly-status-report\/#primaryimage\",\"url\":\"https:\/\/sales-ai-agents.com\/wp-content\/uploads\/2023\/01\/image-preview115611.png\",\"contentUrl\":\"https:\/\/sales-ai-agents.com\/wp-content\/uploads\/2023\/01\/image-preview115611.png\",\"width\":1078,\"height\":1346},{\"@type\":\"WebSite\",\"@id\":\"https:\/\/sales-ai-agents.com\/#website\",\"url\":\"https:\/\/sales-ai-agents.com\/\",\"name\":\"FuseBase\",\"description\":\"Sales AI Agents - Free Online Collaboration Software for Remote Teams. Build your wikis, client portals and more with the Nimbus Platform collaboration tool ? A perfect space for online work\",\"publisher\":{\"@id\":\"https:\/\/sales-ai-agents.com\/#organization\"},\"potentialAction\":[{\"@type\":\"SearchAction\",\"target\":{\"@type\":\"EntryPoint\",\"urlTemplate\":\"https:\/\/sales-ai-agents.com\/?s={search_term_string}\"},\"query-input\":{\"@type\":\"PropertyValueSpecification\",\"valueRequired\":true,\"valueName\":\"search_term_string\"}}],\"inLanguage\":\"tr\"},{\"@type\":\"Organization\",\"@id\":\"https:\/\/sales-ai-agents.com\/#organization\",\"name\":\"FuseBase\",\"url\":\"https:\/\/sales-ai-agents.com\/\",\"logo\":{\"@type\":\"ImageObject\",\"inLanguage\":\"tr\",\"@id\":\"https:\/\/sales-ai-agents.com\/#\/schema\/logo\/image\/\",\"url\":\"https:\/\/sales-ai-agents.com\/wp-content\/uploads\/2023\/11\/icon-7.svg\",\"contentUrl\":\"https:\/\/sales-ai-agents.com\/wp-content\/uploads\/2023\/11\/icon-7.svg\",\"width\":128,\"height\":128,\"caption\":\"FuseBase\"},\"image\":{\"@id\":\"https:\/\/sales-ai-agents.com\/#\/schema\/logo\/image\/\"}}]}<\/script>\n<!-- \/ Yoast SEO plugin. -->","yoast_head_json":{"title":"Haftal\u0131k Durum Raporu \u015eablonu - Sales AI Agents","description":"Haftan\u0131z\u0131 g\u00f6zden ge\u00e7irmek ve ilerlemenizi incelemek i\u00e7in bu durum raporu \u015fablonunu kullan\u0131n. Nimbus ile i\u015f y\u00fck\u00fcn\u00fcz\u00fc de\u011ferlendirin ve hedeflerinizi not edin!","robots":{"index":"index","follow":"follow","max-snippet":"max-snippet:-1","max-image-preview":"max-image-preview:large","max-video-preview":"max-video-preview:-1"},"canonical":"https:\/\/sales-ai-agents.com\/tr\/templates\/weekly-status-report\/","og_locale":"tr_TR","og_type":"article","og_title":"Haftal\u0131k Durum Raporu \u015eablonu - Sales AI Agents","og_description":"Haftan\u0131z\u0131 g\u00f6zden ge\u00e7irmek ve ilerlemenizi incelemek i\u00e7in bu durum raporu \u015fablonunu kullan\u0131n. Nimbus ile i\u015f y\u00fck\u00fcn\u00fcz\u00fc de\u011ferlendirin ve hedeflerinizi not edin!","og_url":"https:\/\/sales-ai-agents.com\/tr\/templates\/weekly-status-report\/","og_site_name":"Sales AI Agents","article_modified_time":"2023-12-27T15:35:38+00:00","og_image":[{"width":1078,"height":1346,"url":"https:\/\/sales-ai-agents.com\/wp-content\/uploads\/2023\/01\/image-preview115611.png","type":"image\/png"}],"twitter_card":"summary_large_image","schema":{"@context":"https:\/\/schema.org","@graph":[{"@type":"WebPage","@id":"https:\/\/sales-ai-agents.com\/tr\/templates\/weekly-status-report\/","url":"https:\/\/sales-ai-agents.com\/tr\/templates\/weekly-status-report\/","name":"Haftal\u0131k Durum Raporu \u015eablonu - Sales AI Agents","isPartOf":{"@id":"https:\/\/sales-ai-agents.com\/#website"},"primaryImageOfPage":{"@id":"https:\/\/sales-ai-agents.com\/tr\/templates\/weekly-status-report\/#primaryimage"},"image":{"@id":"https:\/\/sales-ai-agents.com\/tr\/templates\/weekly-status-report\/#primaryimage"},"thumbnailUrl":"https:\/\/sales-ai-agents.com\/wp-content\/uploads\/2023\/01\/image-preview115611.png","datePublished":"2022-09-23T13:50:41+00:00","dateModified":"2023-12-27T15:35:38+00:00","description":"Haftan\u0131z\u0131 g\u00f6zden ge\u00e7irmek ve ilerlemenizi incelemek i\u00e7in bu durum raporu \u015fablonunu kullan\u0131n. Nimbus ile i\u015f y\u00fck\u00fcn\u00fcz\u00fc de\u011ferlendirin ve hedeflerinizi not edin!","inLanguage":"tr","potentialAction":[{"@type":"ReadAction","target":["https:\/\/sales-ai-agents.com\/tr\/templates\/weekly-status-report\/"]}]},{"@type":"ImageObject","inLanguage":"tr","@id":"https:\/\/sales-ai-agents.com\/tr\/templates\/weekly-status-report\/#primaryimage","url":"https:\/\/sales-ai-agents.com\/wp-content\/uploads\/2023\/01\/image-preview115611.png","contentUrl":"https:\/\/sales-ai-agents.com\/wp-content\/uploads\/2023\/01\/image-preview115611.png","width":1078,"height":1346},{"@type":"WebSite","@id":"https:\/\/sales-ai-agents.com\/#website","url":"https:\/\/sales-ai-agents.com\/","name":"FuseBase","description":"Sales AI Agents - Free Online Collaboration Software for Remote Teams. Build your wikis, client portals and more with the Nimbus Platform collaboration tool ? A perfect space for online work","publisher":{"@id":"https:\/\/sales-ai-agents.com\/#organization"},"potentialAction":[{"@type":"SearchAction","target":{"@type":"EntryPoint","urlTemplate":"https:\/\/sales-ai-agents.com\/?s={search_term_string}"},"query-input":{"@type":"PropertyValueSpecification","valueRequired":true,"valueName":"search_term_string"}}],"inLanguage":"tr"},{"@type":"Organization","@id":"https:\/\/sales-ai-agents.com\/#organization","name":"FuseBase","url":"https:\/\/sales-ai-agents.com\/","logo":{"@type":"ImageObject","inLanguage":"tr","@id":"https:\/\/sales-ai-agents.com\/#\/schema\/logo\/image\/","url":"https:\/\/sales-ai-agents.com\/wp-content\/uploads\/2023\/11\/icon-7.svg","contentUrl":"https:\/\/sales-ai-agents.com\/wp-content\/uploads\/2023\/11\/icon-7.svg","width":128,"height":128,"caption":"FuseBase"},"image":{"@id":"https:\/\/sales-ai-agents.com\/#\/schema\/logo\/image\/"}}]}},"_links":{"self":[{"href":"https:\/\/sales-ai-agents.com\/tr\/wp-json\/wp\/v2\/product\/58524","targetHints":{"allow":["GET"]}}],"collection":[{"href":"https:\/\/sales-ai-agents.com\/tr\/wp-json\/wp\/v2\/product"}],"about":[{"href":"https:\/\/sales-ai-agents.com\/tr\/wp-json\/wp\/v2\/types\/product"}],"wp:featuredmedia":[{"embeddable":true,"href":"https:\/\/sales-ai-agents.com\/tr\/wp-json\/wp\/v2\/media\/58525"}],"wp:attachment":[{"href":"https:\/\/sales-ai-agents.com\/tr\/wp-json\/wp\/v2\/media?parent=58524"}],"wp:term":[{"taxonomy":"product_brand","embeddable":true,"href":"https:\/\/sales-ai-agents.com\/tr\/wp-json\/wp\/v2\/product_brand?post=58524"},{"taxonomy":"product_cat","embeddable":true,"href":"https:\/\/sales-ai-agents.com\/tr\/wp-json\/wp\/v2\/product_cat?post=58524"},{"taxonomy":"product_tag","embeddable":true,"href":"https:\/\/sales-ai-agents.com\/tr\/wp-json\/wp\/v2\/product_tag?post=58524"}],"curies":[{"name":"wp","href":"https:\/\/api.w.org\/{rel}","templated":true}]}}