{"id":58526,"date":"2022-09-23T13:50:38","date_gmt":"2022-09-23T13:50:38","guid":{"rendered":"https:\/\/sales-ai-agents.com\/templates\/okr-by-department\/"},"modified":"2023-12-31T17:53:06","modified_gmt":"2023-12-31T17:53:06","slug":"okr-by-department","status":"publish","type":"product","link":"https:\/\/sales-ai-agents.com\/tr\/templates\/okr-by-department\/","title":{"rendered":"Departmana G\u00f6re OKR"},"content":{"rendered":"<p>&nbsp;<\/p>\n<h2>Departmana G\u00f6re Hedefler ve Temel Sonu\u00e7lar \u015eablonu<\/h2>\n<p class=\"desc-text\">Hedefler ve Temel Sonu\u00e7lar (OKR&#8217;ler) kolay okunabilir olmal\u0131 ve \u00f6l\u00e7\u00fclebilir ba\u015far\u0131 i\u00e7in ad\u0131mlar i\u00e7ermelidir. Bu \u015fablon, bir departman veya ekip i\u00e7indeki hedefleri takip etmenizi sa\u011flar. Kar\u015f\u0131la\u015ft\u0131rma \u00f6l\u00e7\u00fctleri olu\u015fturun ve sizi oraya g\u00f6t\u00fcrecek temel sonu\u00e7lar\u0131 listeleyin. Takipte kal\u0131n ve t\u00fcm ekibinizi g\u00fcncel tutun.<\/p>\n<h5>Nas\u0131l kullan\u0131l\u0131r?<\/h5>\n<ul class=\"desc-item_list\">\n<li class=\"desc-item_list__point\">Temel hedefleri ve sonu\u00e7lar\u0131 tabloda listeleyin<\/li>\n<li class=\"desc-item_list__point\">Ba\u015far\u0131 y\u00fczdesini hesaplay\u0131n<\/li>\n<li class=\"desc-item_list__point\">Her hedef i\u00e7in daha ayr\u0131nt\u0131l\u0131 sonu\u00e7lar\u0131 listeleyin<\/li>\n<li class=\"desc-item_list__point\">Fikirlerinizi departman\u0131n\u0131zla payla\u015f\u0131n<\/li>\n<\/ul>\n","protected":false},"excerpt":{"rendered":"<p>Verimli \u00e7al\u0131\u015fmak ve ba\u015far\u0131ya ula\u015fmak i\u00e7in Hedefleri ve Temel Sonu\u00e7lar\u0131 (OKR&#8217;ler) d\u00fczenleyin. Bu \u015fablon, bir departman veya ekip i\u00e7indeki hedefleri takip etmenizi sa\u011flar.<\/p>\n","protected":false},"featured_media":58527,"template":"","meta":{"_acf_changed":false,"inline_featured_image":false},"product_brand":[],"product_cat":[218,256,231],"product_tag":[],"class_list":{"0":"post-58526","1":"product","2":"type-product","3":"status-publish","4":"has-post-thumbnail","6":"product_cat-operations","7":"product_cat-organizers-planners","8":"product_cat-project-management","10":"first","11":"instock","12":"virtual","13":"sold-individually","14":"product-type-simple"},"acf":[],"yoast_head":"<!-- This site is optimized with the Yoast SEO plugin v25.3.1 - https:\/\/yoast.com\/wordpress\/plugins\/seo\/ -->\n<title>Departmana G\u00f6re OKR \u015eablonu - Sales AI Agents<\/title>\n<meta name=\"description\" content=\"Verimli \u00e7al\u0131\u015fmak ve ba\u015far\u0131ya ula\u015fmak i\u00e7in Hedefleri ve Temel Sonu\u00e7lar\u0131 (OKR&#039;ler) d\u00fczenleyin. Bu \u015fablon, bir ekip i\u00e7indeki hedefleri takip etmenizi sa\u011flar.\" \/>\n<meta name=\"robots\" content=\"index, follow, max-snippet:-1, max-image-preview:large, max-video-preview:-1\" \/>\n<link rel=\"canonical\" href=\"https:\/\/sales-ai-agents.com\/tr\/templates\/okr-by-department\/\" \/>\n<meta property=\"og:locale\" content=\"tr_TR\" \/>\n<meta property=\"og:type\" content=\"article\" \/>\n<meta property=\"og:title\" content=\"Departmana G\u00f6re OKR \u015eablonu - Sales AI Agents\" \/>\n<meta property=\"og:description\" content=\"Verimli \u00e7al\u0131\u015fmak ve ba\u015far\u0131ya ula\u015fmak i\u00e7in Hedefleri ve Temel Sonu\u00e7lar\u0131 (OKR&#039;ler) d\u00fczenleyin. Bu \u015fablon, bir ekip i\u00e7indeki hedefleri takip etmenizi sa\u011flar.\" \/>\n<meta property=\"og:url\" content=\"https:\/\/sales-ai-agents.com\/tr\/templates\/okr-by-department\/\" \/>\n<meta property=\"og:site_name\" content=\"Sales AI Agents\" \/>\n<meta property=\"article:modified_time\" content=\"2023-12-31T17:53:06+00:00\" \/>\n<meta property=\"og:image\" content=\"https:\/\/sales-ai-agents.com\/wp-content\/uploads\/2023\/01\/image-preview115609.png\" \/>\n\t<meta property=\"og:image:width\" content=\"1078\" \/>\n\t<meta property=\"og:image:height\" content=\"1065\" \/>\n\t<meta property=\"og:image:type\" content=\"image\/png\" \/>\n<meta name=\"twitter:card\" content=\"summary_large_image\" \/>\n<script type=\"application\/ld+json\" class=\"yoast-schema-graph\">{\"@context\":\"https:\/\/schema.org\",\"@graph\":[{\"@type\":\"WebPage\",\"@id\":\"https:\/\/sales-ai-agents.com\/tr\/templates\/okr-by-department\/\",\"url\":\"https:\/\/sales-ai-agents.com\/tr\/templates\/okr-by-department\/\",\"name\":\"Departmana G\u00f6re OKR \u015eablonu - Sales AI Agents\",\"isPartOf\":{\"@id\":\"https:\/\/sales-ai-agents.com\/#website\"},\"primaryImageOfPage\":{\"@id\":\"https:\/\/sales-ai-agents.com\/tr\/templates\/okr-by-department\/#primaryimage\"},\"image\":{\"@id\":\"https:\/\/sales-ai-agents.com\/tr\/templates\/okr-by-department\/#primaryimage\"},\"thumbnailUrl\":\"https:\/\/sales-ai-agents.com\/wp-content\/uploads\/2023\/01\/image-preview115609.png\",\"datePublished\":\"2022-09-23T13:50:38+00:00\",\"dateModified\":\"2023-12-31T17:53:06+00:00\",\"description\":\"Verimli \u00e7al\u0131\u015fmak ve ba\u015far\u0131ya ula\u015fmak i\u00e7in Hedefleri ve Temel Sonu\u00e7lar\u0131 (OKR'ler) d\u00fczenleyin. Bu \u015fablon, bir ekip i\u00e7indeki hedefleri takip etmenizi sa\u011flar.\",\"inLanguage\":\"tr\",\"potentialAction\":[{\"@type\":\"ReadAction\",\"target\":[\"https:\/\/sales-ai-agents.com\/tr\/templates\/okr-by-department\/\"]}]},{\"@type\":\"ImageObject\",\"inLanguage\":\"tr\",\"@id\":\"https:\/\/sales-ai-agents.com\/tr\/templates\/okr-by-department\/#primaryimage\",\"url\":\"https:\/\/sales-ai-agents.com\/wp-content\/uploads\/2023\/01\/image-preview115609.png\",\"contentUrl\":\"https:\/\/sales-ai-agents.com\/wp-content\/uploads\/2023\/01\/image-preview115609.png\",\"width\":1078,\"height\":1065},{\"@type\":\"WebSite\",\"@id\":\"https:\/\/sales-ai-agents.com\/#website\",\"url\":\"https:\/\/sales-ai-agents.com\/\",\"name\":\"FuseBase\",\"description\":\"Sales AI Agents - Free Online Collaboration Software for Remote Teams. Build your wikis, client portals and more with the Nimbus Platform collaboration tool ? A perfect space for online work\",\"publisher\":{\"@id\":\"https:\/\/sales-ai-agents.com\/#organization\"},\"potentialAction\":[{\"@type\":\"SearchAction\",\"target\":{\"@type\":\"EntryPoint\",\"urlTemplate\":\"https:\/\/sales-ai-agents.com\/?s={search_term_string}\"},\"query-input\":{\"@type\":\"PropertyValueSpecification\",\"valueRequired\":true,\"valueName\":\"search_term_string\"}}],\"inLanguage\":\"tr\"},{\"@type\":\"Organization\",\"@id\":\"https:\/\/sales-ai-agents.com\/#organization\",\"name\":\"FuseBase\",\"url\":\"https:\/\/sales-ai-agents.com\/\",\"logo\":{\"@type\":\"ImageObject\",\"inLanguage\":\"tr\",\"@id\":\"https:\/\/sales-ai-agents.com\/#\/schema\/logo\/image\/\",\"url\":\"https:\/\/sales-ai-agents.com\/wp-content\/uploads\/2023\/11\/icon-7.svg\",\"contentUrl\":\"https:\/\/sales-ai-agents.com\/wp-content\/uploads\/2023\/11\/icon-7.svg\",\"width\":128,\"height\":128,\"caption\":\"FuseBase\"},\"image\":{\"@id\":\"https:\/\/sales-ai-agents.com\/#\/schema\/logo\/image\/\"}}]}<\/script>\n<!-- \/ Yoast SEO plugin. -->","yoast_head_json":{"title":"Departmana G\u00f6re OKR \u015eablonu - Sales AI Agents","description":"Verimli \u00e7al\u0131\u015fmak ve ba\u015far\u0131ya ula\u015fmak i\u00e7in Hedefleri ve Temel Sonu\u00e7lar\u0131 (OKR'ler) d\u00fczenleyin. Bu \u015fablon, bir ekip i\u00e7indeki hedefleri takip etmenizi sa\u011flar.","robots":{"index":"index","follow":"follow","max-snippet":"max-snippet:-1","max-image-preview":"max-image-preview:large","max-video-preview":"max-video-preview:-1"},"canonical":"https:\/\/sales-ai-agents.com\/tr\/templates\/okr-by-department\/","og_locale":"tr_TR","og_type":"article","og_title":"Departmana G\u00f6re OKR \u015eablonu - Sales AI Agents","og_description":"Verimli \u00e7al\u0131\u015fmak ve ba\u015far\u0131ya ula\u015fmak i\u00e7in Hedefleri ve Temel Sonu\u00e7lar\u0131 (OKR'ler) d\u00fczenleyin. Bu \u015fablon, bir ekip i\u00e7indeki hedefleri takip etmenizi sa\u011flar.","og_url":"https:\/\/sales-ai-agents.com\/tr\/templates\/okr-by-department\/","og_site_name":"Sales AI Agents","article_modified_time":"2023-12-31T17:53:06+00:00","og_image":[{"width":1078,"height":1065,"url":"https:\/\/sales-ai-agents.com\/wp-content\/uploads\/2023\/01\/image-preview115609.png","type":"image\/png"}],"twitter_card":"summary_large_image","schema":{"@context":"https:\/\/schema.org","@graph":[{"@type":"WebPage","@id":"https:\/\/sales-ai-agents.com\/tr\/templates\/okr-by-department\/","url":"https:\/\/sales-ai-agents.com\/tr\/templates\/okr-by-department\/","name":"Departmana G\u00f6re OKR \u015eablonu - Sales AI Agents","isPartOf":{"@id":"https:\/\/sales-ai-agents.com\/#website"},"primaryImageOfPage":{"@id":"https:\/\/sales-ai-agents.com\/tr\/templates\/okr-by-department\/#primaryimage"},"image":{"@id":"https:\/\/sales-ai-agents.com\/tr\/templates\/okr-by-department\/#primaryimage"},"thumbnailUrl":"https:\/\/sales-ai-agents.com\/wp-content\/uploads\/2023\/01\/image-preview115609.png","datePublished":"2022-09-23T13:50:38+00:00","dateModified":"2023-12-31T17:53:06+00:00","description":"Verimli \u00e7al\u0131\u015fmak ve ba\u015far\u0131ya ula\u015fmak i\u00e7in Hedefleri ve Temel Sonu\u00e7lar\u0131 (OKR'ler) d\u00fczenleyin. Bu \u015fablon, bir ekip i\u00e7indeki hedefleri takip etmenizi sa\u011flar.","inLanguage":"tr","potentialAction":[{"@type":"ReadAction","target":["https:\/\/sales-ai-agents.com\/tr\/templates\/okr-by-department\/"]}]},{"@type":"ImageObject","inLanguage":"tr","@id":"https:\/\/sales-ai-agents.com\/tr\/templates\/okr-by-department\/#primaryimage","url":"https:\/\/sales-ai-agents.com\/wp-content\/uploads\/2023\/01\/image-preview115609.png","contentUrl":"https:\/\/sales-ai-agents.com\/wp-content\/uploads\/2023\/01\/image-preview115609.png","width":1078,"height":1065},{"@type":"WebSite","@id":"https:\/\/sales-ai-agents.com\/#website","url":"https:\/\/sales-ai-agents.com\/","name":"FuseBase","description":"Sales AI Agents - Free Online Collaboration Software for Remote Teams. Build your wikis, client portals and more with the Nimbus Platform collaboration tool ? A perfect space for online work","publisher":{"@id":"https:\/\/sales-ai-agents.com\/#organization"},"potentialAction":[{"@type":"SearchAction","target":{"@type":"EntryPoint","urlTemplate":"https:\/\/sales-ai-agents.com\/?s={search_term_string}"},"query-input":{"@type":"PropertyValueSpecification","valueRequired":true,"valueName":"search_term_string"}}],"inLanguage":"tr"},{"@type":"Organization","@id":"https:\/\/sales-ai-agents.com\/#organization","name":"FuseBase","url":"https:\/\/sales-ai-agents.com\/","logo":{"@type":"ImageObject","inLanguage":"tr","@id":"https:\/\/sales-ai-agents.com\/#\/schema\/logo\/image\/","url":"https:\/\/sales-ai-agents.com\/wp-content\/uploads\/2023\/11\/icon-7.svg","contentUrl":"https:\/\/sales-ai-agents.com\/wp-content\/uploads\/2023\/11\/icon-7.svg","width":128,"height":128,"caption":"FuseBase"},"image":{"@id":"https:\/\/sales-ai-agents.com\/#\/schema\/logo\/image\/"}}]}},"_links":{"self":[{"href":"https:\/\/sales-ai-agents.com\/tr\/wp-json\/wp\/v2\/product\/58526","targetHints":{"allow":["GET"]}}],"collection":[{"href":"https:\/\/sales-ai-agents.com\/tr\/wp-json\/wp\/v2\/product"}],"about":[{"href":"https:\/\/sales-ai-agents.com\/tr\/wp-json\/wp\/v2\/types\/product"}],"wp:featuredmedia":[{"embeddable":true,"href":"https:\/\/sales-ai-agents.com\/tr\/wp-json\/wp\/v2\/media\/58527"}],"wp:attachment":[{"href":"https:\/\/sales-ai-agents.com\/tr\/wp-json\/wp\/v2\/media?parent=58526"}],"wp:term":[{"taxonomy":"product_brand","embeddable":true,"href":"https:\/\/sales-ai-agents.com\/tr\/wp-json\/wp\/v2\/product_brand?post=58526"},{"taxonomy":"product_cat","embeddable":true,"href":"https:\/\/sales-ai-agents.com\/tr\/wp-json\/wp\/v2\/product_cat?post=58526"},{"taxonomy":"product_tag","embeddable":true,"href":"https:\/\/sales-ai-agents.com\/tr\/wp-json\/wp\/v2\/product_tag?post=58526"}],"curies":[{"name":"wp","href":"https:\/\/api.w.org\/{rel}","templated":true}]}}