{"id":58528,"date":"2022-09-23T13:50:22","date_gmt":"2022-09-23T13:50:22","guid":{"rendered":"https:\/\/sales-ai-agents.com\/templates\/product-launch-plan\/"},"modified":"2023-12-27T15:09:10","modified_gmt":"2023-12-27T15:09:10","slug":"product-launch-plan","status":"publish","type":"product","link":"https:\/\/sales-ai-agents.com\/tr\/templates\/product-launch-plan\/","title":{"rendered":"\u00dcr\u00fcn Lansman Plan\u0131"},"content":{"rendered":"<p>&nbsp;<\/p>\n<h2>\u00dcr\u00fcn Lansman Plan\u0131 \u015eablonu<\/h2>\n<p class=\"desc-text\">\u00dcr\u00fcn lansman\u0131n\u0131z\u0131 planlarken, ekibinizi ayn\u0131 sayfada bulu\u015fturman\u0131z gerekir. Bir lansman plan\u0131 olu\u015fturmak, fikirlerinizi payda\u015flara ve ekip \u00fcyelerine iletmenize yard\u0131mc\u0131 olabilir. Rakip analizleri de dahil olmak \u00fczere destek plan\u0131n\u0131z\u0131 takip etmek, pazar ara\u015ft\u0131rmas\u0131n\u0131 not etmek ve \u00f6zellikleri a\u00e7\u0131klamak i\u00e7in bu \u015fablonu kullan\u0131n.<\/p>\n<h5>Nas\u0131l kullan\u0131l\u0131r?<\/h5>\n<ul class=\"desc-item_list\">\n<li class=\"desc-item_list__point\">\u00dcyeleri, katk\u0131da bulunanlar\u0131 ve payda\u015flar\u0131 etiketleyin<\/li>\n<li class=\"desc-item_list__point\">Pazar ara\u015ft\u0131rmas\u0131 ve rakip kar\u015f\u0131la\u015ft\u0131rmalar\u0131 ekleyin<\/li>\n<li class=\"desc-item_list__point\">Fiyatland\u0131rma modellerini a\u00e7\u0131klay\u0131n<\/li>\n<li class=\"desc-item_list__point\">Destek planlar\u0131n\u0131 takip edin<\/li>\n<\/ul>\n","protected":false},"excerpt":{"rendered":"<p>\u00dcr\u00fcn lansman\u0131ndan \u00f6nce ekibinizin ayn\u0131 sayfada olmas\u0131n\u0131 sa\u011flay\u0131n. Rakip analizleri, not pazar ara\u015ft\u0131rmas\u0131 ve daha fazlas\u0131yla destek plan\u0131n\u0131z\u0131 takip etmek i\u00e7in bu \u015fablonu kullan\u0131n.<\/p>\n","protected":false},"featured_media":58529,"template":"","meta":{"_acf_changed":false,"inline_featured_image":false},"product_brand":[],"product_cat":[271,252],"product_tag":[],"class_list":{"0":"post-58528","1":"product","2":"type-product","3":"status-publish","4":"has-post-thumbnail","6":"product_cat-product-management","7":"product_cat-product","9":"first","10":"instock","11":"virtual","12":"sold-individually","13":"product-type-simple"},"acf":[],"yoast_head":"<!-- This site is optimized with the Yoast SEO plugin v25.3.1 - https:\/\/yoast.com\/wordpress\/plugins\/seo\/ -->\n<title>\u00dcr\u00fcn Lansman Plan\u0131 \u015eablonu - Sales AI Agents<\/title>\n<meta name=\"description\" content=\"\u00dcr\u00fcn lansman\u0131ndan \u00f6nce ekibinizin ayn\u0131 sayfada olmas\u0131n\u0131 sa\u011flay\u0131n. Destek plan\u0131n\u0131z\u0131 rakip analizleri ve not pazar ara\u015ft\u0131rmas\u0131 ile takip etmek i\u00e7in bu \u015fablonu kullan\u0131n.\" \/>\n<meta name=\"robots\" content=\"index, follow, max-snippet:-1, max-image-preview:large, max-video-preview:-1\" \/>\n<link rel=\"canonical\" href=\"https:\/\/sales-ai-agents.com\/tr\/templates\/product-launch-plan\/\" \/>\n<meta property=\"og:locale\" content=\"tr_TR\" \/>\n<meta property=\"og:type\" content=\"article\" \/>\n<meta property=\"og:title\" content=\"\u00dcr\u00fcn Lansman Plan\u0131 \u015eablonu - Sales AI Agents\" \/>\n<meta property=\"og:description\" content=\"\u00dcr\u00fcn lansman\u0131ndan \u00f6nce ekibinizin ayn\u0131 sayfada olmas\u0131n\u0131 sa\u011flay\u0131n. Destek plan\u0131n\u0131z\u0131 rakip analizleri ve not pazar ara\u015ft\u0131rmas\u0131 ile takip etmek i\u00e7in bu \u015fablonu kullan\u0131n.\" \/>\n<meta property=\"og:url\" content=\"https:\/\/sales-ai-agents.com\/tr\/templates\/product-launch-plan\/\" \/>\n<meta property=\"og:site_name\" content=\"Sales AI Agents\" \/>\n<meta property=\"article:modified_time\" content=\"2023-12-27T15:09:10+00:00\" \/>\n<meta property=\"og:image\" content=\"https:\/\/sales-ai-agents.com\/wp-content\/uploads\/2023\/01\/image-preview115242.png\" \/>\n\t<meta property=\"og:image:width\" content=\"1078\" \/>\n\t<meta property=\"og:image:height\" content=\"4161\" \/>\n\t<meta property=\"og:image:type\" content=\"image\/png\" \/>\n<meta name=\"twitter:card\" content=\"summary_large_image\" \/>\n<script type=\"application\/ld+json\" class=\"yoast-schema-graph\">{\"@context\":\"https:\/\/schema.org\",\"@graph\":[{\"@type\":\"WebPage\",\"@id\":\"https:\/\/sales-ai-agents.com\/tr\/templates\/product-launch-plan\/\",\"url\":\"https:\/\/sales-ai-agents.com\/tr\/templates\/product-launch-plan\/\",\"name\":\"\u00dcr\u00fcn Lansman Plan\u0131 \u015eablonu - Sales AI Agents\",\"isPartOf\":{\"@id\":\"https:\/\/sales-ai-agents.com\/#website\"},\"primaryImageOfPage\":{\"@id\":\"https:\/\/sales-ai-agents.com\/tr\/templates\/product-launch-plan\/#primaryimage\"},\"image\":{\"@id\":\"https:\/\/sales-ai-agents.com\/tr\/templates\/product-launch-plan\/#primaryimage\"},\"thumbnailUrl\":\"https:\/\/sales-ai-agents.com\/wp-content\/uploads\/2023\/01\/image-preview115242.png\",\"datePublished\":\"2022-09-23T13:50:22+00:00\",\"dateModified\":\"2023-12-27T15:09:10+00:00\",\"description\":\"\u00dcr\u00fcn lansman\u0131ndan \u00f6nce ekibinizin ayn\u0131 sayfada olmas\u0131n\u0131 sa\u011flay\u0131n. Destek plan\u0131n\u0131z\u0131 rakip analizleri ve not pazar ara\u015ft\u0131rmas\u0131 ile takip etmek i\u00e7in bu \u015fablonu kullan\u0131n.\",\"inLanguage\":\"tr\",\"potentialAction\":[{\"@type\":\"ReadAction\",\"target\":[\"https:\/\/sales-ai-agents.com\/tr\/templates\/product-launch-plan\/\"]}]},{\"@type\":\"ImageObject\",\"inLanguage\":\"tr\",\"@id\":\"https:\/\/sales-ai-agents.com\/tr\/templates\/product-launch-plan\/#primaryimage\",\"url\":\"https:\/\/sales-ai-agents.com\/wp-content\/uploads\/2023\/01\/image-preview115242.png\",\"contentUrl\":\"https:\/\/sales-ai-agents.com\/wp-content\/uploads\/2023\/01\/image-preview115242.png\",\"width\":1078,\"height\":4161},{\"@type\":\"WebSite\",\"@id\":\"https:\/\/sales-ai-agents.com\/#website\",\"url\":\"https:\/\/sales-ai-agents.com\/\",\"name\":\"FuseBase\",\"description\":\"Sales AI Agents - Free Online Collaboration Software for Remote Teams. Build your wikis, client portals and more with the Nimbus Platform collaboration tool ? A perfect space for online work\",\"publisher\":{\"@id\":\"https:\/\/sales-ai-agents.com\/#organization\"},\"potentialAction\":[{\"@type\":\"SearchAction\",\"target\":{\"@type\":\"EntryPoint\",\"urlTemplate\":\"https:\/\/sales-ai-agents.com\/?s={search_term_string}\"},\"query-input\":{\"@type\":\"PropertyValueSpecification\",\"valueRequired\":true,\"valueName\":\"search_term_string\"}}],\"inLanguage\":\"tr\"},{\"@type\":\"Organization\",\"@id\":\"https:\/\/sales-ai-agents.com\/#organization\",\"name\":\"FuseBase\",\"url\":\"https:\/\/sales-ai-agents.com\/\",\"logo\":{\"@type\":\"ImageObject\",\"inLanguage\":\"tr\",\"@id\":\"https:\/\/sales-ai-agents.com\/#\/schema\/logo\/image\/\",\"url\":\"https:\/\/sales-ai-agents.com\/wp-content\/uploads\/2023\/11\/icon-7.svg\",\"contentUrl\":\"https:\/\/sales-ai-agents.com\/wp-content\/uploads\/2023\/11\/icon-7.svg\",\"width\":128,\"height\":128,\"caption\":\"FuseBase\"},\"image\":{\"@id\":\"https:\/\/sales-ai-agents.com\/#\/schema\/logo\/image\/\"}}]}<\/script>\n<!-- \/ Yoast SEO plugin. -->","yoast_head_json":{"title":"\u00dcr\u00fcn Lansman Plan\u0131 \u015eablonu - Sales AI Agents","description":"\u00dcr\u00fcn lansman\u0131ndan \u00f6nce ekibinizin ayn\u0131 sayfada olmas\u0131n\u0131 sa\u011flay\u0131n. Destek plan\u0131n\u0131z\u0131 rakip analizleri ve not pazar ara\u015ft\u0131rmas\u0131 ile takip etmek i\u00e7in bu \u015fablonu kullan\u0131n.","robots":{"index":"index","follow":"follow","max-snippet":"max-snippet:-1","max-image-preview":"max-image-preview:large","max-video-preview":"max-video-preview:-1"},"canonical":"https:\/\/sales-ai-agents.com\/tr\/templates\/product-launch-plan\/","og_locale":"tr_TR","og_type":"article","og_title":"\u00dcr\u00fcn Lansman Plan\u0131 \u015eablonu - Sales AI Agents","og_description":"\u00dcr\u00fcn lansman\u0131ndan \u00f6nce ekibinizin ayn\u0131 sayfada olmas\u0131n\u0131 sa\u011flay\u0131n. Destek plan\u0131n\u0131z\u0131 rakip analizleri ve not pazar ara\u015ft\u0131rmas\u0131 ile takip etmek i\u00e7in bu \u015fablonu kullan\u0131n.","og_url":"https:\/\/sales-ai-agents.com\/tr\/templates\/product-launch-plan\/","og_site_name":"Sales AI Agents","article_modified_time":"2023-12-27T15:09:10+00:00","og_image":[{"width":1078,"height":4161,"url":"https:\/\/sales-ai-agents.com\/wp-content\/uploads\/2023\/01\/image-preview115242.png","type":"image\/png"}],"twitter_card":"summary_large_image","schema":{"@context":"https:\/\/schema.org","@graph":[{"@type":"WebPage","@id":"https:\/\/sales-ai-agents.com\/tr\/templates\/product-launch-plan\/","url":"https:\/\/sales-ai-agents.com\/tr\/templates\/product-launch-plan\/","name":"\u00dcr\u00fcn Lansman Plan\u0131 \u015eablonu - Sales AI Agents","isPartOf":{"@id":"https:\/\/sales-ai-agents.com\/#website"},"primaryImageOfPage":{"@id":"https:\/\/sales-ai-agents.com\/tr\/templates\/product-launch-plan\/#primaryimage"},"image":{"@id":"https:\/\/sales-ai-agents.com\/tr\/templates\/product-launch-plan\/#primaryimage"},"thumbnailUrl":"https:\/\/sales-ai-agents.com\/wp-content\/uploads\/2023\/01\/image-preview115242.png","datePublished":"2022-09-23T13:50:22+00:00","dateModified":"2023-12-27T15:09:10+00:00","description":"\u00dcr\u00fcn lansman\u0131ndan \u00f6nce ekibinizin ayn\u0131 sayfada olmas\u0131n\u0131 sa\u011flay\u0131n. Destek plan\u0131n\u0131z\u0131 rakip analizleri ve not pazar ara\u015ft\u0131rmas\u0131 ile takip etmek i\u00e7in bu \u015fablonu kullan\u0131n.","inLanguage":"tr","potentialAction":[{"@type":"ReadAction","target":["https:\/\/sales-ai-agents.com\/tr\/templates\/product-launch-plan\/"]}]},{"@type":"ImageObject","inLanguage":"tr","@id":"https:\/\/sales-ai-agents.com\/tr\/templates\/product-launch-plan\/#primaryimage","url":"https:\/\/sales-ai-agents.com\/wp-content\/uploads\/2023\/01\/image-preview115242.png","contentUrl":"https:\/\/sales-ai-agents.com\/wp-content\/uploads\/2023\/01\/image-preview115242.png","width":1078,"height":4161},{"@type":"WebSite","@id":"https:\/\/sales-ai-agents.com\/#website","url":"https:\/\/sales-ai-agents.com\/","name":"FuseBase","description":"Sales AI Agents - Free Online Collaboration Software for Remote Teams. Build your wikis, client portals and more with the Nimbus Platform collaboration tool ? A perfect space for online work","publisher":{"@id":"https:\/\/sales-ai-agents.com\/#organization"},"potentialAction":[{"@type":"SearchAction","target":{"@type":"EntryPoint","urlTemplate":"https:\/\/sales-ai-agents.com\/?s={search_term_string}"},"query-input":{"@type":"PropertyValueSpecification","valueRequired":true,"valueName":"search_term_string"}}],"inLanguage":"tr"},{"@type":"Organization","@id":"https:\/\/sales-ai-agents.com\/#organization","name":"FuseBase","url":"https:\/\/sales-ai-agents.com\/","logo":{"@type":"ImageObject","inLanguage":"tr","@id":"https:\/\/sales-ai-agents.com\/#\/schema\/logo\/image\/","url":"https:\/\/sales-ai-agents.com\/wp-content\/uploads\/2023\/11\/icon-7.svg","contentUrl":"https:\/\/sales-ai-agents.com\/wp-content\/uploads\/2023\/11\/icon-7.svg","width":128,"height":128,"caption":"FuseBase"},"image":{"@id":"https:\/\/sales-ai-agents.com\/#\/schema\/logo\/image\/"}}]}},"_links":{"self":[{"href":"https:\/\/sales-ai-agents.com\/tr\/wp-json\/wp\/v2\/product\/58528","targetHints":{"allow":["GET"]}}],"collection":[{"href":"https:\/\/sales-ai-agents.com\/tr\/wp-json\/wp\/v2\/product"}],"about":[{"href":"https:\/\/sales-ai-agents.com\/tr\/wp-json\/wp\/v2\/types\/product"}],"wp:featuredmedia":[{"embeddable":true,"href":"https:\/\/sales-ai-agents.com\/tr\/wp-json\/wp\/v2\/media\/58529"}],"wp:attachment":[{"href":"https:\/\/sales-ai-agents.com\/tr\/wp-json\/wp\/v2\/media?parent=58528"}],"wp:term":[{"taxonomy":"product_brand","embeddable":true,"href":"https:\/\/sales-ai-agents.com\/tr\/wp-json\/wp\/v2\/product_brand?post=58528"},{"taxonomy":"product_cat","embeddable":true,"href":"https:\/\/sales-ai-agents.com\/tr\/wp-json\/wp\/v2\/product_cat?post=58528"},{"taxonomy":"product_tag","embeddable":true,"href":"https:\/\/sales-ai-agents.com\/tr\/wp-json\/wp\/v2\/product_tag?post=58528"}],"curies":[{"name":"wp","href":"https:\/\/api.w.org\/{rel}","templated":true}]}}