{"id":58530,"date":"2022-09-23T13:50:17","date_gmt":"2022-09-23T13:50:17","guid":{"rendered":"https:\/\/sales-ai-agents.com\/templates\/quarterly-review\/"},"modified":"2023-12-26T21:18:03","modified_gmt":"2023-12-26T21:18:03","slug":"quarterly-review","status":"publish","type":"product","link":"https:\/\/sales-ai-agents.com\/tr\/templates\/quarterly-review\/","title":{"rendered":"\u00dc\u00e7 Ayl\u0131k \u0130nceleme"},"content":{"rendered":"<p>&nbsp;<\/p>\n<h2>\u00dc\u00e7 Ayl\u0131k \u00d6nizleme \u015eablonu<\/h2>\n<p class=\"desc-text\">Bu \u015fablon yard\u0131m\u0131yla ki\u015fisel bir \u00fc\u00e7 ayl\u0131k de\u011ferlendirme yap\u0131n ve hedeflerinizi ve niyetlerinizi nas\u0131l takip etti\u011finizi g\u00f6r\u00fcn. Hedefleriniz, kaynaklar\u0131n\u0131z\u0131n (zaman, enerji, para gibi) nereye gitti\u011fi konusunda fark\u0131ndal\u0131\u011f\u0131n\u0131z\u0131 art\u0131r\u0131n ve davran\u0131\u015f kal\u0131plar\u0131n\u0131z\u0131 belirleyin.<\/p>\n<h5>Nas\u0131l kullan\u0131l\u0131r?<\/h5>\n<ul class=\"desc-item_list\">\n<li class=\"desc-item_list__point\">Ge\u00e7ti\u011fimiz \u00fc\u00e7 ayl\u0131k d\u00f6nemdeki en \u00f6nemli ba\u015far\u0131lar\u0131n\u0131z\u0131 listeleyin<\/li>\n<li class=\"desc-item_list__point\">Ge\u00e7ti\u011fimiz \u00e7eyrek i\u00e7in hedeflerinize bak\u0131n<\/li>\n<li class=\"desc-item_list__point\">E\u011fer bir ya\u015fam plan\u0131n\u0131z varsa, onu okuyun. Revize etmeniz, kald\u0131rman\u0131z veya de\u011fi\u015ftirmeniz gereken bir \u015fey var m\u0131?<\/li>\n<li class=\"desc-item_list__point\">Hedeflerinizi, varsa d\u00fczeltmelerle birlikte bir sonraki planlay\u0131c\u0131n\u0131z\u0131n Y\u0131ll\u0131k Hedefler sayfas\u0131na yeniden yaz\u0131n<\/li>\n<li class=\"desc-item_list__point\">Gelecek \u00e7eyre\u011fin &#8220;b\u00fcy\u00fck ta\u015flar\u0131n\u0131&#8221; planlay\u0131n<\/li>\n<li class=\"desc-item_list__point\">\u0130deal Haftan\u0131z\u0131 deneyimlerinize g\u00f6re d\u00fczenleyin<\/li>\n<li class=\"desc-item_list__point\">G\u00fcnl\u00fck Rit\u00fcellerinizi deneyimlerinize g\u00f6re d\u00fczenleyin<\/li>\n<li class=\"desc-item_list__point\">Yeni planlay\u0131c\u0131n\u0131zdaki G\u00fcnl\u00fck Sayfalara yeni \u00e7eyre\u011fin ilk bir ya da iki haftas\u0131 i\u00e7in tarihleri girin<\/li>\n<\/ul>\n","protected":false},"excerpt":{"rendered":"<p>Bu \u015fablonu kullanarak ki\u015fisel bir \u00fc\u00e7 ayl\u0131k de\u011ferlendirme yap\u0131n. Hedefleriniz ve niyetleriniz konusunda ne kadar ilerledi\u011finizi ve ne kadar kaynak (zaman, para, vb.) harcad\u0131\u011f\u0131n\u0131z\u0131 g\u00f6r\u00fcn.<\/p>\n","protected":false},"featured_media":58531,"template":"","meta":{"_acf_changed":false,"inline_featured_image":false},"product_brand":[],"product_cat":[257,256],"product_tag":[],"class_list":{"0":"post-58530","1":"product","2":"type-product","3":"status-publish","4":"has-post-thumbnail","6":"product_cat-personal","7":"product_cat-organizers-planners","9":"first","10":"instock","11":"virtual","12":"sold-individually","13":"product-type-simple"},"acf":[],"yoast_head":"<!-- This site is optimized with the Yoast SEO plugin v25.3.1 - https:\/\/yoast.com\/wordpress\/plugins\/seo\/ -->\n<title>\u00dc\u00e7 Ayl\u0131k \u0130nceleme \u015eablonu - Sales AI Agents<\/title>\n<meta name=\"description\" content=\"Bu \u015fablonu kullanarak ki\u015fisel bir \u00fc\u00e7 ayl\u0131k de\u011ferlendirme yap\u0131n. Hedef ve niyetlerinizde ne kadar ilerledi\u011finizi ve ne kadar kaynak (zaman, para, vb.) harcad\u0131\u011f\u0131n\u0131z\u0131 g\u00f6r\u00fcn\" \/>\n<meta name=\"robots\" content=\"index, follow, max-snippet:-1, max-image-preview:large, max-video-preview:-1\" \/>\n<link rel=\"canonical\" href=\"https:\/\/sales-ai-agents.com\/tr\/templates\/quarterly-review\/\" \/>\n<meta property=\"og:locale\" content=\"tr_TR\" \/>\n<meta property=\"og:type\" content=\"article\" \/>\n<meta property=\"og:title\" content=\"\u00dc\u00e7 Ayl\u0131k \u0130nceleme \u015eablonu - Sales AI Agents\" \/>\n<meta property=\"og:description\" content=\"Bu \u015fablonu kullanarak ki\u015fisel bir \u00fc\u00e7 ayl\u0131k de\u011ferlendirme yap\u0131n. Hedef ve niyetlerinizde ne kadar ilerledi\u011finizi ve ne kadar kaynak (zaman, para, vb.) harcad\u0131\u011f\u0131n\u0131z\u0131 g\u00f6r\u00fcn\" \/>\n<meta property=\"og:url\" content=\"https:\/\/sales-ai-agents.com\/tr\/templates\/quarterly-review\/\" \/>\n<meta property=\"og:site_name\" content=\"Sales AI Agents\" \/>\n<meta property=\"article:modified_time\" content=\"2023-12-26T21:18:03+00:00\" \/>\n<meta property=\"og:image\" content=\"https:\/\/sales-ai-agents.com\/wp-content\/uploads\/2022\/09\/Quarterly-Review-Template.png\" \/>\n\t<meta property=\"og:image:width\" content=\"1700\" \/>\n\t<meta property=\"og:image:height\" content=\"1100\" \/>\n\t<meta property=\"og:image:type\" content=\"image\/png\" \/>\n<meta name=\"twitter:card\" content=\"summary_large_image\" \/>\n<script type=\"application\/ld+json\" class=\"yoast-schema-graph\">{\"@context\":\"https:\/\/schema.org\",\"@graph\":[{\"@type\":\"WebPage\",\"@id\":\"https:\/\/sales-ai-agents.com\/tr\/templates\/quarterly-review\/\",\"url\":\"https:\/\/sales-ai-agents.com\/tr\/templates\/quarterly-review\/\",\"name\":\"\u00dc\u00e7 Ayl\u0131k \u0130nceleme \u015eablonu - Sales AI Agents\",\"isPartOf\":{\"@id\":\"https:\/\/sales-ai-agents.com\/#website\"},\"primaryImageOfPage\":{\"@id\":\"https:\/\/sales-ai-agents.com\/tr\/templates\/quarterly-review\/#primaryimage\"},\"image\":{\"@id\":\"https:\/\/sales-ai-agents.com\/tr\/templates\/quarterly-review\/#primaryimage\"},\"thumbnailUrl\":\"https:\/\/sales-ai-agents.com\/wp-content\/uploads\/2022\/09\/Quarterly-Review-Template.png\",\"datePublished\":\"2022-09-23T13:50:17+00:00\",\"dateModified\":\"2023-12-26T21:18:03+00:00\",\"description\":\"Bu \u015fablonu kullanarak ki\u015fisel bir \u00fc\u00e7 ayl\u0131k de\u011ferlendirme yap\u0131n. Hedef ve niyetlerinizde ne kadar ilerledi\u011finizi ve ne kadar kaynak (zaman, para, vb.) harcad\u0131\u011f\u0131n\u0131z\u0131 g\u00f6r\u00fcn\",\"inLanguage\":\"tr\",\"potentialAction\":[{\"@type\":\"ReadAction\",\"target\":[\"https:\/\/sales-ai-agents.com\/tr\/templates\/quarterly-review\/\"]}]},{\"@type\":\"ImageObject\",\"inLanguage\":\"tr\",\"@id\":\"https:\/\/sales-ai-agents.com\/tr\/templates\/quarterly-review\/#primaryimage\",\"url\":\"https:\/\/sales-ai-agents.com\/wp-content\/uploads\/2022\/09\/Quarterly-Review-Template.png\",\"contentUrl\":\"https:\/\/sales-ai-agents.com\/wp-content\/uploads\/2022\/09\/Quarterly-Review-Template.png\",\"width\":1700,\"height\":1100},{\"@type\":\"WebSite\",\"@id\":\"https:\/\/sales-ai-agents.com\/#website\",\"url\":\"https:\/\/sales-ai-agents.com\/\",\"name\":\"FuseBase\",\"description\":\"Sales AI Agents - Free Online Collaboration Software for Remote Teams. Build your wikis, client portals and more with the Nimbus Platform collaboration tool ? A perfect space for online work\",\"publisher\":{\"@id\":\"https:\/\/sales-ai-agents.com\/#organization\"},\"potentialAction\":[{\"@type\":\"SearchAction\",\"target\":{\"@type\":\"EntryPoint\",\"urlTemplate\":\"https:\/\/sales-ai-agents.com\/?s={search_term_string}\"},\"query-input\":{\"@type\":\"PropertyValueSpecification\",\"valueRequired\":true,\"valueName\":\"search_term_string\"}}],\"inLanguage\":\"tr\"},{\"@type\":\"Organization\",\"@id\":\"https:\/\/sales-ai-agents.com\/#organization\",\"name\":\"FuseBase\",\"url\":\"https:\/\/sales-ai-agents.com\/\",\"logo\":{\"@type\":\"ImageObject\",\"inLanguage\":\"tr\",\"@id\":\"https:\/\/sales-ai-agents.com\/#\/schema\/logo\/image\/\",\"url\":\"https:\/\/sales-ai-agents.com\/wp-content\/uploads\/2023\/11\/icon-7.svg\",\"contentUrl\":\"https:\/\/sales-ai-agents.com\/wp-content\/uploads\/2023\/11\/icon-7.svg\",\"width\":128,\"height\":128,\"caption\":\"FuseBase\"},\"image\":{\"@id\":\"https:\/\/sales-ai-agents.com\/#\/schema\/logo\/image\/\"}}]}<\/script>\n<!-- \/ Yoast SEO plugin. -->","yoast_head_json":{"title":"\u00dc\u00e7 Ayl\u0131k \u0130nceleme \u015eablonu - Sales AI Agents","description":"Bu \u015fablonu kullanarak ki\u015fisel bir \u00fc\u00e7 ayl\u0131k de\u011ferlendirme yap\u0131n. Hedef ve niyetlerinizde ne kadar ilerledi\u011finizi ve ne kadar kaynak (zaman, para, vb.) harcad\u0131\u011f\u0131n\u0131z\u0131 g\u00f6r\u00fcn","robots":{"index":"index","follow":"follow","max-snippet":"max-snippet:-1","max-image-preview":"max-image-preview:large","max-video-preview":"max-video-preview:-1"},"canonical":"https:\/\/sales-ai-agents.com\/tr\/templates\/quarterly-review\/","og_locale":"tr_TR","og_type":"article","og_title":"\u00dc\u00e7 Ayl\u0131k \u0130nceleme \u015eablonu - Sales AI Agents","og_description":"Bu \u015fablonu kullanarak ki\u015fisel bir \u00fc\u00e7 ayl\u0131k de\u011ferlendirme yap\u0131n. Hedef ve niyetlerinizde ne kadar ilerledi\u011finizi ve ne kadar kaynak (zaman, para, vb.) harcad\u0131\u011f\u0131n\u0131z\u0131 g\u00f6r\u00fcn","og_url":"https:\/\/sales-ai-agents.com\/tr\/templates\/quarterly-review\/","og_site_name":"Sales AI Agents","article_modified_time":"2023-12-26T21:18:03+00:00","og_image":[{"width":1700,"height":1100,"url":"https:\/\/sales-ai-agents.com\/wp-content\/uploads\/2022\/09\/Quarterly-Review-Template.png","type":"image\/png"}],"twitter_card":"summary_large_image","schema":{"@context":"https:\/\/schema.org","@graph":[{"@type":"WebPage","@id":"https:\/\/sales-ai-agents.com\/tr\/templates\/quarterly-review\/","url":"https:\/\/sales-ai-agents.com\/tr\/templates\/quarterly-review\/","name":"\u00dc\u00e7 Ayl\u0131k \u0130nceleme \u015eablonu - Sales AI Agents","isPartOf":{"@id":"https:\/\/sales-ai-agents.com\/#website"},"primaryImageOfPage":{"@id":"https:\/\/sales-ai-agents.com\/tr\/templates\/quarterly-review\/#primaryimage"},"image":{"@id":"https:\/\/sales-ai-agents.com\/tr\/templates\/quarterly-review\/#primaryimage"},"thumbnailUrl":"https:\/\/sales-ai-agents.com\/wp-content\/uploads\/2022\/09\/Quarterly-Review-Template.png","datePublished":"2022-09-23T13:50:17+00:00","dateModified":"2023-12-26T21:18:03+00:00","description":"Bu \u015fablonu kullanarak ki\u015fisel bir \u00fc\u00e7 ayl\u0131k de\u011ferlendirme yap\u0131n. Hedef ve niyetlerinizde ne kadar ilerledi\u011finizi ve ne kadar kaynak (zaman, para, vb.) harcad\u0131\u011f\u0131n\u0131z\u0131 g\u00f6r\u00fcn","inLanguage":"tr","potentialAction":[{"@type":"ReadAction","target":["https:\/\/sales-ai-agents.com\/tr\/templates\/quarterly-review\/"]}]},{"@type":"ImageObject","inLanguage":"tr","@id":"https:\/\/sales-ai-agents.com\/tr\/templates\/quarterly-review\/#primaryimage","url":"https:\/\/sales-ai-agents.com\/wp-content\/uploads\/2022\/09\/Quarterly-Review-Template.png","contentUrl":"https:\/\/sales-ai-agents.com\/wp-content\/uploads\/2022\/09\/Quarterly-Review-Template.png","width":1700,"height":1100},{"@type":"WebSite","@id":"https:\/\/sales-ai-agents.com\/#website","url":"https:\/\/sales-ai-agents.com\/","name":"FuseBase","description":"Sales AI Agents - Free Online Collaboration Software for Remote Teams. Build your wikis, client portals and more with the Nimbus Platform collaboration tool ? A perfect space for online work","publisher":{"@id":"https:\/\/sales-ai-agents.com\/#organization"},"potentialAction":[{"@type":"SearchAction","target":{"@type":"EntryPoint","urlTemplate":"https:\/\/sales-ai-agents.com\/?s={search_term_string}"},"query-input":{"@type":"PropertyValueSpecification","valueRequired":true,"valueName":"search_term_string"}}],"inLanguage":"tr"},{"@type":"Organization","@id":"https:\/\/sales-ai-agents.com\/#organization","name":"FuseBase","url":"https:\/\/sales-ai-agents.com\/","logo":{"@type":"ImageObject","inLanguage":"tr","@id":"https:\/\/sales-ai-agents.com\/#\/schema\/logo\/image\/","url":"https:\/\/sales-ai-agents.com\/wp-content\/uploads\/2023\/11\/icon-7.svg","contentUrl":"https:\/\/sales-ai-agents.com\/wp-content\/uploads\/2023\/11\/icon-7.svg","width":128,"height":128,"caption":"FuseBase"},"image":{"@id":"https:\/\/sales-ai-agents.com\/#\/schema\/logo\/image\/"}}]}},"_links":{"self":[{"href":"https:\/\/sales-ai-agents.com\/tr\/wp-json\/wp\/v2\/product\/58530","targetHints":{"allow":["GET"]}}],"collection":[{"href":"https:\/\/sales-ai-agents.com\/tr\/wp-json\/wp\/v2\/product"}],"about":[{"href":"https:\/\/sales-ai-agents.com\/tr\/wp-json\/wp\/v2\/types\/product"}],"wp:featuredmedia":[{"embeddable":true,"href":"https:\/\/sales-ai-agents.com\/tr\/wp-json\/wp\/v2\/media\/58531"}],"wp:attachment":[{"href":"https:\/\/sales-ai-agents.com\/tr\/wp-json\/wp\/v2\/media?parent=58530"}],"wp:term":[{"taxonomy":"product_brand","embeddable":true,"href":"https:\/\/sales-ai-agents.com\/tr\/wp-json\/wp\/v2\/product_brand?post=58530"},{"taxonomy":"product_cat","embeddable":true,"href":"https:\/\/sales-ai-agents.com\/tr\/wp-json\/wp\/v2\/product_cat?post=58530"},{"taxonomy":"product_tag","embeddable":true,"href":"https:\/\/sales-ai-agents.com\/tr\/wp-json\/wp\/v2\/product_tag?post=58530"}],"curies":[{"name":"wp","href":"https:\/\/api.w.org\/{rel}","templated":true}]}}