{"id":58759,"date":"2022-09-23T13:50:14","date_gmt":"2022-09-23T13:50:14","guid":{"rendered":"https:\/\/sales-ai-agents.com\/templates\/job-applicant-tracker\/"},"modified":"2023-12-27T15:02:48","modified_gmt":"2023-12-27T15:02:48","slug":"job-applicant-tracker","status":"publish","type":"product","link":"https:\/\/sales-ai-agents.com\/tr\/templates\/job-applicant-tracker\/","title":{"rendered":"\u0130\u015f Ba\u015fvurusu Takibi"},"content":{"rendered":"<p>&nbsp;<\/p>\n<h2>\u0130\u015f Ba\u015fvurusu Takip \u015eablonu<\/h2>\n<p class=\"desc-text\">Bu ba\u015fvuru takip \u015fablonu ile kurulu\u015funuzdaki potansiyel adaylar\u0131 organize edebilirsiniz. \u015eablon, i\u015fe al\u0131m s\u00fcrecinin her a\u015famas\u0131 i\u00e7in renk kodlu s\u00fctunlar i\u00e7erir, b\u00f6ylece ba\u015fvuru sahiplerinizi ay\u0131rt edebilirsiniz. Bunlar\u0131 uygun s\u00fctuna yerle\u015ftirin ve ilerledik\u00e7e g\u00fcncelleyin. T\u00fcm verilerinizi \u00f6zelle\u015ftirilebilir tek bir belgede d\u00fczenli tutun, b\u00f6ylece g\u00fcvenle i\u015fe almaya odaklanabilirsiniz.<\/p>\n<h5>Nas\u0131l kullan\u0131l\u0131r?<\/h5>\n<ul class=\"desc-item_list\">\n<li class=\"desc-item_list__point\">S\u00fctunlara ba\u015fvuru sahibi bilgilerini ekleyin<\/li>\n<li class=\"desc-item_list__point\">S\u00fctunlar\u0131 de\u011fi\u015ftirmek i\u00e7in madde i\u015faretlerini s\u00fcr\u00fckleyin<\/li>\n<li class=\"desc-item_list__point\">S\u00fcre\u00e7 boyunca ilerledik\u00e7e ba\u015fvuru sahiplerini g\u00fcncelleyin<\/li>\n<li class=\"desc-item_list__point\">Her ba\u015fvuru sahibi hakk\u0131nda \u00f6nemli notlar ekleyin<\/li>\n<li class=\"desc-item_list__point\">G\u00f6revler ve sonraki ad\u0131mlar olu\u015fturun<\/li>\n<\/ul>\n","protected":false},"excerpt":{"rendered":"<p>Bu ba\u015fvuru takip \u015fablonu ile potansiyel adaylar\u0131 organize edebilirsiniz. \u0130\u015fe al\u0131m s\u00fcrecinin her a\u015famas\u0131n\u0131 tek tek belirleyin ve m\u00fckemmel bir \u00e7al\u0131\u015fan se\u00e7in.<\/p>\n","protected":false},"featured_media":58760,"template":"","meta":{"_acf_changed":false,"inline_featured_image":false},"product_brand":[],"product_cat":[218],"product_tag":[],"class_list":{"0":"post-58759","1":"product","2":"type-product","3":"status-publish","4":"has-post-thumbnail","6":"product_cat-operations","8":"first","9":"instock","10":"virtual","11":"sold-individually","12":"product-type-simple"},"acf":[],"yoast_head":"<!-- This site is optimized with the Yoast SEO plugin v25.3.1 - https:\/\/yoast.com\/wordpress\/plugins\/seo\/ -->\n<title>\u0130\u015f Ba\u015fvurusu Takip \u015eablonu - Sales AI Agents<\/title>\n<meta name=\"description\" content=\"Bu ba\u015fvuru takip \u015fablonu ile potansiyel adaylar\u0131 organize edebilirsiniz. \u0130\u015fe al\u0131m s\u00fcrecinin her a\u015famas\u0131n\u0131 tek tek belirleyin ve m\u00fckemmel bir \u00e7al\u0131\u015fan se\u00e7in.\" \/>\n<meta name=\"robots\" content=\"index, follow, max-snippet:-1, max-image-preview:large, max-video-preview:-1\" \/>\n<link rel=\"canonical\" href=\"https:\/\/sales-ai-agents.com\/tr\/templates\/job-applicant-tracker\/\" \/>\n<meta property=\"og:locale\" content=\"tr_TR\" \/>\n<meta property=\"og:type\" content=\"article\" \/>\n<meta property=\"og:title\" content=\"\u0130\u015f Ba\u015fvurusu Takip \u015eablonu - Sales AI Agents\" \/>\n<meta property=\"og:description\" content=\"Bu ba\u015fvuru takip \u015fablonu ile potansiyel adaylar\u0131 organize edebilirsiniz. \u0130\u015fe al\u0131m s\u00fcrecinin her a\u015famas\u0131n\u0131 tek tek belirleyin ve m\u00fckemmel bir \u00e7al\u0131\u015fan se\u00e7in.\" \/>\n<meta property=\"og:url\" content=\"https:\/\/sales-ai-agents.com\/tr\/templates\/job-applicant-tracker\/\" \/>\n<meta property=\"og:site_name\" content=\"Sales AI Agents\" \/>\n<meta property=\"article:modified_time\" content=\"2023-12-27T15:02:48+00:00\" \/>\n<meta property=\"og:image\" content=\"https:\/\/sales-ai-agents.com\/wp-content\/uploads\/2023\/01\/image-preview115159.png\" \/>\n\t<meta property=\"og:image:width\" content=\"1078\" \/>\n\t<meta property=\"og:image:height\" content=\"3000\" \/>\n\t<meta property=\"og:image:type\" content=\"image\/png\" \/>\n<meta name=\"twitter:card\" content=\"summary_large_image\" \/>\n<script type=\"application\/ld+json\" class=\"yoast-schema-graph\">{\"@context\":\"https:\/\/schema.org\",\"@graph\":[{\"@type\":\"WebPage\",\"@id\":\"https:\/\/sales-ai-agents.com\/tr\/templates\/job-applicant-tracker\/\",\"url\":\"https:\/\/sales-ai-agents.com\/tr\/templates\/job-applicant-tracker\/\",\"name\":\"\u0130\u015f Ba\u015fvurusu Takip \u015eablonu - Sales AI Agents\",\"isPartOf\":{\"@id\":\"https:\/\/sales-ai-agents.com\/#website\"},\"primaryImageOfPage\":{\"@id\":\"https:\/\/sales-ai-agents.com\/tr\/templates\/job-applicant-tracker\/#primaryimage\"},\"image\":{\"@id\":\"https:\/\/sales-ai-agents.com\/tr\/templates\/job-applicant-tracker\/#primaryimage\"},\"thumbnailUrl\":\"https:\/\/sales-ai-agents.com\/wp-content\/uploads\/2023\/01\/image-preview115159.png\",\"datePublished\":\"2022-09-23T13:50:14+00:00\",\"dateModified\":\"2023-12-27T15:02:48+00:00\",\"description\":\"Bu ba\u015fvuru takip \u015fablonu ile potansiyel adaylar\u0131 organize edebilirsiniz. \u0130\u015fe al\u0131m s\u00fcrecinin her a\u015famas\u0131n\u0131 tek tek belirleyin ve m\u00fckemmel bir \u00e7al\u0131\u015fan se\u00e7in.\",\"inLanguage\":\"tr\",\"potentialAction\":[{\"@type\":\"ReadAction\",\"target\":[\"https:\/\/sales-ai-agents.com\/tr\/templates\/job-applicant-tracker\/\"]}]},{\"@type\":\"ImageObject\",\"inLanguage\":\"tr\",\"@id\":\"https:\/\/sales-ai-agents.com\/tr\/templates\/job-applicant-tracker\/#primaryimage\",\"url\":\"https:\/\/sales-ai-agents.com\/wp-content\/uploads\/2023\/01\/image-preview115159.png\",\"contentUrl\":\"https:\/\/sales-ai-agents.com\/wp-content\/uploads\/2023\/01\/image-preview115159.png\",\"width\":1078,\"height\":3000},{\"@type\":\"WebSite\",\"@id\":\"https:\/\/sales-ai-agents.com\/#website\",\"url\":\"https:\/\/sales-ai-agents.com\/\",\"name\":\"FuseBase\",\"description\":\"Sales AI Agents - Free Online Collaboration Software for Remote Teams. Build your wikis, client portals and more with the Nimbus Platform collaboration tool ? A perfect space for online work\",\"publisher\":{\"@id\":\"https:\/\/sales-ai-agents.com\/#organization\"},\"potentialAction\":[{\"@type\":\"SearchAction\",\"target\":{\"@type\":\"EntryPoint\",\"urlTemplate\":\"https:\/\/sales-ai-agents.com\/?s={search_term_string}\"},\"query-input\":{\"@type\":\"PropertyValueSpecification\",\"valueRequired\":true,\"valueName\":\"search_term_string\"}}],\"inLanguage\":\"tr\"},{\"@type\":\"Organization\",\"@id\":\"https:\/\/sales-ai-agents.com\/#organization\",\"name\":\"FuseBase\",\"url\":\"https:\/\/sales-ai-agents.com\/\",\"logo\":{\"@type\":\"ImageObject\",\"inLanguage\":\"tr\",\"@id\":\"https:\/\/sales-ai-agents.com\/#\/schema\/logo\/image\/\",\"url\":\"https:\/\/sales-ai-agents.com\/wp-content\/uploads\/2023\/11\/icon-7.svg\",\"contentUrl\":\"https:\/\/sales-ai-agents.com\/wp-content\/uploads\/2023\/11\/icon-7.svg\",\"width\":128,\"height\":128,\"caption\":\"FuseBase\"},\"image\":{\"@id\":\"https:\/\/sales-ai-agents.com\/#\/schema\/logo\/image\/\"}}]}<\/script>\n<!-- \/ Yoast SEO plugin. -->","yoast_head_json":{"title":"\u0130\u015f Ba\u015fvurusu Takip \u015eablonu - Sales AI Agents","description":"Bu ba\u015fvuru takip \u015fablonu ile potansiyel adaylar\u0131 organize edebilirsiniz. \u0130\u015fe al\u0131m s\u00fcrecinin her a\u015famas\u0131n\u0131 tek tek belirleyin ve m\u00fckemmel bir \u00e7al\u0131\u015fan se\u00e7in.","robots":{"index":"index","follow":"follow","max-snippet":"max-snippet:-1","max-image-preview":"max-image-preview:large","max-video-preview":"max-video-preview:-1"},"canonical":"https:\/\/sales-ai-agents.com\/tr\/templates\/job-applicant-tracker\/","og_locale":"tr_TR","og_type":"article","og_title":"\u0130\u015f Ba\u015fvurusu Takip \u015eablonu - Sales AI Agents","og_description":"Bu ba\u015fvuru takip \u015fablonu ile potansiyel adaylar\u0131 organize edebilirsiniz. \u0130\u015fe al\u0131m s\u00fcrecinin her a\u015famas\u0131n\u0131 tek tek belirleyin ve m\u00fckemmel bir \u00e7al\u0131\u015fan se\u00e7in.","og_url":"https:\/\/sales-ai-agents.com\/tr\/templates\/job-applicant-tracker\/","og_site_name":"Sales AI Agents","article_modified_time":"2023-12-27T15:02:48+00:00","og_image":[{"width":1078,"height":3000,"url":"https:\/\/sales-ai-agents.com\/wp-content\/uploads\/2023\/01\/image-preview115159.png","type":"image\/png"}],"twitter_card":"summary_large_image","schema":{"@context":"https:\/\/schema.org","@graph":[{"@type":"WebPage","@id":"https:\/\/sales-ai-agents.com\/tr\/templates\/job-applicant-tracker\/","url":"https:\/\/sales-ai-agents.com\/tr\/templates\/job-applicant-tracker\/","name":"\u0130\u015f Ba\u015fvurusu Takip \u015eablonu - Sales AI Agents","isPartOf":{"@id":"https:\/\/sales-ai-agents.com\/#website"},"primaryImageOfPage":{"@id":"https:\/\/sales-ai-agents.com\/tr\/templates\/job-applicant-tracker\/#primaryimage"},"image":{"@id":"https:\/\/sales-ai-agents.com\/tr\/templates\/job-applicant-tracker\/#primaryimage"},"thumbnailUrl":"https:\/\/sales-ai-agents.com\/wp-content\/uploads\/2023\/01\/image-preview115159.png","datePublished":"2022-09-23T13:50:14+00:00","dateModified":"2023-12-27T15:02:48+00:00","description":"Bu ba\u015fvuru takip \u015fablonu ile potansiyel adaylar\u0131 organize edebilirsiniz. \u0130\u015fe al\u0131m s\u00fcrecinin her a\u015famas\u0131n\u0131 tek tek belirleyin ve m\u00fckemmel bir \u00e7al\u0131\u015fan se\u00e7in.","inLanguage":"tr","potentialAction":[{"@type":"ReadAction","target":["https:\/\/sales-ai-agents.com\/tr\/templates\/job-applicant-tracker\/"]}]},{"@type":"ImageObject","inLanguage":"tr","@id":"https:\/\/sales-ai-agents.com\/tr\/templates\/job-applicant-tracker\/#primaryimage","url":"https:\/\/sales-ai-agents.com\/wp-content\/uploads\/2023\/01\/image-preview115159.png","contentUrl":"https:\/\/sales-ai-agents.com\/wp-content\/uploads\/2023\/01\/image-preview115159.png","width":1078,"height":3000},{"@type":"WebSite","@id":"https:\/\/sales-ai-agents.com\/#website","url":"https:\/\/sales-ai-agents.com\/","name":"FuseBase","description":"Sales AI Agents - Free Online Collaboration Software for Remote Teams. Build your wikis, client portals and more with the Nimbus Platform collaboration tool ? A perfect space for online work","publisher":{"@id":"https:\/\/sales-ai-agents.com\/#organization"},"potentialAction":[{"@type":"SearchAction","target":{"@type":"EntryPoint","urlTemplate":"https:\/\/sales-ai-agents.com\/?s={search_term_string}"},"query-input":{"@type":"PropertyValueSpecification","valueRequired":true,"valueName":"search_term_string"}}],"inLanguage":"tr"},{"@type":"Organization","@id":"https:\/\/sales-ai-agents.com\/#organization","name":"FuseBase","url":"https:\/\/sales-ai-agents.com\/","logo":{"@type":"ImageObject","inLanguage":"tr","@id":"https:\/\/sales-ai-agents.com\/#\/schema\/logo\/image\/","url":"https:\/\/sales-ai-agents.com\/wp-content\/uploads\/2023\/11\/icon-7.svg","contentUrl":"https:\/\/sales-ai-agents.com\/wp-content\/uploads\/2023\/11\/icon-7.svg","width":128,"height":128,"caption":"FuseBase"},"image":{"@id":"https:\/\/sales-ai-agents.com\/#\/schema\/logo\/image\/"}}]}},"_links":{"self":[{"href":"https:\/\/sales-ai-agents.com\/tr\/wp-json\/wp\/v2\/product\/58759","targetHints":{"allow":["GET"]}}],"collection":[{"href":"https:\/\/sales-ai-agents.com\/tr\/wp-json\/wp\/v2\/product"}],"about":[{"href":"https:\/\/sales-ai-agents.com\/tr\/wp-json\/wp\/v2\/types\/product"}],"wp:featuredmedia":[{"embeddable":true,"href":"https:\/\/sales-ai-agents.com\/tr\/wp-json\/wp\/v2\/media\/58760"}],"wp:attachment":[{"href":"https:\/\/sales-ai-agents.com\/tr\/wp-json\/wp\/v2\/media?parent=58759"}],"wp:term":[{"taxonomy":"product_brand","embeddable":true,"href":"https:\/\/sales-ai-agents.com\/tr\/wp-json\/wp\/v2\/product_brand?post=58759"},{"taxonomy":"product_cat","embeddable":true,"href":"https:\/\/sales-ai-agents.com\/tr\/wp-json\/wp\/v2\/product_cat?post=58759"},{"taxonomy":"product_tag","embeddable":true,"href":"https:\/\/sales-ai-agents.com\/tr\/wp-json\/wp\/v2\/product_tag?post=58759"}],"curies":[{"name":"wp","href":"https:\/\/api.w.org\/{rel}","templated":true}]}}