{"id":58765,"date":"2022-09-23T13:50:10","date_gmt":"2022-09-23T13:50:10","guid":{"rendered":"https:\/\/sales-ai-agents.com\/templates\/project-planning\/"},"modified":"2024-01-02T11:03:51","modified_gmt":"2024-01-02T11:03:51","slug":"project-planning","status":"publish","type":"product","link":"https:\/\/sales-ai-agents.com\/tr\/templates\/project-planning\/","title":{"rendered":"Proje Planlama"},"content":{"rendered":"<p>&nbsp;<\/p>\n<h2>Proje Planlama \u015eablonu<\/h2>\n<p class=\"desc-text\">Bu \u015fablon ile projenizin stratejisini olu\u015fturabilir, kapsam\u0131n\u0131 ve kilometre ta\u015flar\u0131n\u0131 belirleyebilirsiniz. Planlar\u0131n\u0131z\u0131 kolayca uygulayabilmeniz i\u00e7in i\u015finizle ilgili en \u00f6nemli bilgileri d\u00fczenleyin. Son teslim tarihlerini ve ilerlemeyi takip edin ve ekip \u00fcyelerine sorumluluklar verin.<\/p>\n<h5>Nas\u0131l kullan\u0131l\u0131r?<\/h5>\n<ul class=\"desc-item_list\">\n<li class=\"desc-item_list__point\">Ama\u00e7 ve hedefleri a\u00e7\u0131klay\u0131n<\/li>\n<li class=\"desc-item_list__point\">Kilometre ta\u015flar\u0131n\u0131 ve son teslim tarihlerini ekleyin<\/li>\n<li class=\"desc-item_list__point\">Teslim tarihlerinin durumunu takip edin<\/li>\n<li class=\"desc-item_list__point\">Ek ara\u015ft\u0131rma veya belgeleri not edin<\/li>\n<\/ul>\n","protected":false},"excerpt":{"rendered":"<p>Bu \u015fablonla projenizin stratejisini olu\u015fturun, kapsam\u0131n\u0131 ve kilometre ta\u015flar\u0131n\u0131 belirleyin. \u0130\u015finiz i\u00e7in en \u00f6nemli bilgileri d\u00fczenleyin ve planlar\u0131 ger\u00e7ekle\u015ftirin.<\/p>\n","protected":false},"featured_media":58766,"template":"","meta":{"_acf_changed":false,"inline_featured_image":false},"product_brand":[],"product_cat":[218,256,231],"product_tag":[],"class_list":{"0":"post-58765","1":"product","2":"type-product","3":"status-publish","4":"has-post-thumbnail","6":"product_cat-operations","7":"product_cat-organizers-planners","8":"product_cat-project-management","10":"first","11":"instock","12":"virtual","13":"sold-individually","14":"product-type-simple"},"acf":[],"yoast_head":"<!-- This site is optimized with the Yoast SEO plugin v25.3.1 - https:\/\/yoast.com\/wordpress\/plugins\/seo\/ -->\n<title>Proje Planlama \u015eablonu - Sales AI Agents<\/title>\n<meta name=\"description\" content=\"Bu \u015fablonla projenizin stratejisini olu\u015fturun, kapsam\u0131n\u0131 ve kilometre ta\u015flar\u0131n\u0131 belirleyin. Nimbus ile \u00e7al\u0131\u015fman\u0131z i\u00e7in en \u00f6nemli bilgileri d\u00fczenleyin!\" \/>\n<meta name=\"robots\" content=\"index, follow, max-snippet:-1, max-image-preview:large, max-video-preview:-1\" \/>\n<link rel=\"canonical\" href=\"https:\/\/sales-ai-agents.com\/tr\/templates\/project-planning\/\" \/>\n<meta property=\"og:locale\" content=\"tr_TR\" \/>\n<meta property=\"og:type\" content=\"article\" \/>\n<meta property=\"og:title\" content=\"Proje Planlama \u015eablonu - Sales AI Agents\" \/>\n<meta property=\"og:description\" content=\"Bu \u015fablonla projenizin stratejisini olu\u015fturun, kapsam\u0131n\u0131 ve kilometre ta\u015flar\u0131n\u0131 belirleyin. Nimbus ile \u00e7al\u0131\u015fman\u0131z i\u00e7in en \u00f6nemli bilgileri d\u00fczenleyin!\" \/>\n<meta property=\"og:url\" content=\"https:\/\/sales-ai-agents.com\/tr\/templates\/project-planning\/\" \/>\n<meta property=\"og:site_name\" content=\"Sales AI Agents\" \/>\n<meta property=\"article:modified_time\" content=\"2024-01-02T11:03:51+00:00\" \/>\n<meta property=\"og:image\" content=\"https:\/\/sales-ai-agents.com\/wp-content\/uploads\/2023\/01\/image-preview115406.png\" \/>\n\t<meta property=\"og:image:width\" content=\"1078\" \/>\n\t<meta property=\"og:image:height\" content=\"1520\" \/>\n\t<meta property=\"og:image:type\" content=\"image\/png\" \/>\n<meta name=\"twitter:card\" content=\"summary_large_image\" \/>\n<script type=\"application\/ld+json\" class=\"yoast-schema-graph\">{\"@context\":\"https:\/\/schema.org\",\"@graph\":[{\"@type\":\"WebPage\",\"@id\":\"https:\/\/sales-ai-agents.com\/tr\/templates\/project-planning\/\",\"url\":\"https:\/\/sales-ai-agents.com\/tr\/templates\/project-planning\/\",\"name\":\"Proje Planlama \u015eablonu - Sales AI Agents\",\"isPartOf\":{\"@id\":\"https:\/\/sales-ai-agents.com\/#website\"},\"primaryImageOfPage\":{\"@id\":\"https:\/\/sales-ai-agents.com\/tr\/templates\/project-planning\/#primaryimage\"},\"image\":{\"@id\":\"https:\/\/sales-ai-agents.com\/tr\/templates\/project-planning\/#primaryimage\"},\"thumbnailUrl\":\"https:\/\/sales-ai-agents.com\/wp-content\/uploads\/2023\/01\/image-preview115406.png\",\"datePublished\":\"2022-09-23T13:50:10+00:00\",\"dateModified\":\"2024-01-02T11:03:51+00:00\",\"description\":\"Bu \u015fablonla projenizin stratejisini olu\u015fturun, kapsam\u0131n\u0131 ve kilometre ta\u015flar\u0131n\u0131 belirleyin. Nimbus ile \u00e7al\u0131\u015fman\u0131z i\u00e7in en \u00f6nemli bilgileri d\u00fczenleyin!\",\"inLanguage\":\"tr\",\"potentialAction\":[{\"@type\":\"ReadAction\",\"target\":[\"https:\/\/sales-ai-agents.com\/tr\/templates\/project-planning\/\"]}]},{\"@type\":\"ImageObject\",\"inLanguage\":\"tr\",\"@id\":\"https:\/\/sales-ai-agents.com\/tr\/templates\/project-planning\/#primaryimage\",\"url\":\"https:\/\/sales-ai-agents.com\/wp-content\/uploads\/2023\/01\/image-preview115406.png\",\"contentUrl\":\"https:\/\/sales-ai-agents.com\/wp-content\/uploads\/2023\/01\/image-preview115406.png\",\"width\":1078,\"height\":1520},{\"@type\":\"WebSite\",\"@id\":\"https:\/\/sales-ai-agents.com\/#website\",\"url\":\"https:\/\/sales-ai-agents.com\/\",\"name\":\"FuseBase\",\"description\":\"Sales AI Agents - Free Online Collaboration Software for Remote Teams. Build your wikis, client portals and more with the Nimbus Platform collaboration tool ? A perfect space for online work\",\"publisher\":{\"@id\":\"https:\/\/sales-ai-agents.com\/#organization\"},\"potentialAction\":[{\"@type\":\"SearchAction\",\"target\":{\"@type\":\"EntryPoint\",\"urlTemplate\":\"https:\/\/sales-ai-agents.com\/?s={search_term_string}\"},\"query-input\":{\"@type\":\"PropertyValueSpecification\",\"valueRequired\":true,\"valueName\":\"search_term_string\"}}],\"inLanguage\":\"tr\"},{\"@type\":\"Organization\",\"@id\":\"https:\/\/sales-ai-agents.com\/#organization\",\"name\":\"FuseBase\",\"url\":\"https:\/\/sales-ai-agents.com\/\",\"logo\":{\"@type\":\"ImageObject\",\"inLanguage\":\"tr\",\"@id\":\"https:\/\/sales-ai-agents.com\/#\/schema\/logo\/image\/\",\"url\":\"https:\/\/sales-ai-agents.com\/wp-content\/uploads\/2023\/11\/icon-7.svg\",\"contentUrl\":\"https:\/\/sales-ai-agents.com\/wp-content\/uploads\/2023\/11\/icon-7.svg\",\"width\":128,\"height\":128,\"caption\":\"FuseBase\"},\"image\":{\"@id\":\"https:\/\/sales-ai-agents.com\/#\/schema\/logo\/image\/\"}}]}<\/script>\n<!-- \/ Yoast SEO plugin. -->","yoast_head_json":{"title":"Proje Planlama \u015eablonu - Sales AI Agents","description":"Bu \u015fablonla projenizin stratejisini olu\u015fturun, kapsam\u0131n\u0131 ve kilometre ta\u015flar\u0131n\u0131 belirleyin. Nimbus ile \u00e7al\u0131\u015fman\u0131z i\u00e7in en \u00f6nemli bilgileri d\u00fczenleyin!","robots":{"index":"index","follow":"follow","max-snippet":"max-snippet:-1","max-image-preview":"max-image-preview:large","max-video-preview":"max-video-preview:-1"},"canonical":"https:\/\/sales-ai-agents.com\/tr\/templates\/project-planning\/","og_locale":"tr_TR","og_type":"article","og_title":"Proje Planlama \u015eablonu - Sales AI Agents","og_description":"Bu \u015fablonla projenizin stratejisini olu\u015fturun, kapsam\u0131n\u0131 ve kilometre ta\u015flar\u0131n\u0131 belirleyin. Nimbus ile \u00e7al\u0131\u015fman\u0131z i\u00e7in en \u00f6nemli bilgileri d\u00fczenleyin!","og_url":"https:\/\/sales-ai-agents.com\/tr\/templates\/project-planning\/","og_site_name":"Sales AI Agents","article_modified_time":"2024-01-02T11:03:51+00:00","og_image":[{"width":1078,"height":1520,"url":"https:\/\/sales-ai-agents.com\/wp-content\/uploads\/2023\/01\/image-preview115406.png","type":"image\/png"}],"twitter_card":"summary_large_image","schema":{"@context":"https:\/\/schema.org","@graph":[{"@type":"WebPage","@id":"https:\/\/sales-ai-agents.com\/tr\/templates\/project-planning\/","url":"https:\/\/sales-ai-agents.com\/tr\/templates\/project-planning\/","name":"Proje Planlama \u015eablonu - Sales AI Agents","isPartOf":{"@id":"https:\/\/sales-ai-agents.com\/#website"},"primaryImageOfPage":{"@id":"https:\/\/sales-ai-agents.com\/tr\/templates\/project-planning\/#primaryimage"},"image":{"@id":"https:\/\/sales-ai-agents.com\/tr\/templates\/project-planning\/#primaryimage"},"thumbnailUrl":"https:\/\/sales-ai-agents.com\/wp-content\/uploads\/2023\/01\/image-preview115406.png","datePublished":"2022-09-23T13:50:10+00:00","dateModified":"2024-01-02T11:03:51+00:00","description":"Bu \u015fablonla projenizin stratejisini olu\u015fturun, kapsam\u0131n\u0131 ve kilometre ta\u015flar\u0131n\u0131 belirleyin. Nimbus ile \u00e7al\u0131\u015fman\u0131z i\u00e7in en \u00f6nemli bilgileri d\u00fczenleyin!","inLanguage":"tr","potentialAction":[{"@type":"ReadAction","target":["https:\/\/sales-ai-agents.com\/tr\/templates\/project-planning\/"]}]},{"@type":"ImageObject","inLanguage":"tr","@id":"https:\/\/sales-ai-agents.com\/tr\/templates\/project-planning\/#primaryimage","url":"https:\/\/sales-ai-agents.com\/wp-content\/uploads\/2023\/01\/image-preview115406.png","contentUrl":"https:\/\/sales-ai-agents.com\/wp-content\/uploads\/2023\/01\/image-preview115406.png","width":1078,"height":1520},{"@type":"WebSite","@id":"https:\/\/sales-ai-agents.com\/#website","url":"https:\/\/sales-ai-agents.com\/","name":"FuseBase","description":"Sales AI Agents - Free Online Collaboration Software for Remote Teams. Build your wikis, client portals and more with the Nimbus Platform collaboration tool ? A perfect space for online work","publisher":{"@id":"https:\/\/sales-ai-agents.com\/#organization"},"potentialAction":[{"@type":"SearchAction","target":{"@type":"EntryPoint","urlTemplate":"https:\/\/sales-ai-agents.com\/?s={search_term_string}"},"query-input":{"@type":"PropertyValueSpecification","valueRequired":true,"valueName":"search_term_string"}}],"inLanguage":"tr"},{"@type":"Organization","@id":"https:\/\/sales-ai-agents.com\/#organization","name":"FuseBase","url":"https:\/\/sales-ai-agents.com\/","logo":{"@type":"ImageObject","inLanguage":"tr","@id":"https:\/\/sales-ai-agents.com\/#\/schema\/logo\/image\/","url":"https:\/\/sales-ai-agents.com\/wp-content\/uploads\/2023\/11\/icon-7.svg","contentUrl":"https:\/\/sales-ai-agents.com\/wp-content\/uploads\/2023\/11\/icon-7.svg","width":128,"height":128,"caption":"FuseBase"},"image":{"@id":"https:\/\/sales-ai-agents.com\/#\/schema\/logo\/image\/"}}]}},"_links":{"self":[{"href":"https:\/\/sales-ai-agents.com\/tr\/wp-json\/wp\/v2\/product\/58765","targetHints":{"allow":["GET"]}}],"collection":[{"href":"https:\/\/sales-ai-agents.com\/tr\/wp-json\/wp\/v2\/product"}],"about":[{"href":"https:\/\/sales-ai-agents.com\/tr\/wp-json\/wp\/v2\/types\/product"}],"wp:featuredmedia":[{"embeddable":true,"href":"https:\/\/sales-ai-agents.com\/tr\/wp-json\/wp\/v2\/media\/58766"}],"wp:attachment":[{"href":"https:\/\/sales-ai-agents.com\/tr\/wp-json\/wp\/v2\/media?parent=58765"}],"wp:term":[{"taxonomy":"product_brand","embeddable":true,"href":"https:\/\/sales-ai-agents.com\/tr\/wp-json\/wp\/v2\/product_brand?post=58765"},{"taxonomy":"product_cat","embeddable":true,"href":"https:\/\/sales-ai-agents.com\/tr\/wp-json\/wp\/v2\/product_cat?post=58765"},{"taxonomy":"product_tag","embeddable":true,"href":"https:\/\/sales-ai-agents.com\/tr\/wp-json\/wp\/v2\/product_tag?post=58765"}],"curies":[{"name":"wp","href":"https:\/\/api.w.org\/{rel}","templated":true}]}}