{"id":58773,"date":"2022-09-23T13:50:04","date_gmt":"2022-09-23T13:50:04","guid":{"rendered":"https:\/\/sales-ai-agents.com\/templates\/debt-payments\/"},"modified":"2023-12-31T17:06:56","modified_gmt":"2023-12-31T17:06:56","slug":"borc-odemeleri","status":"publish","type":"product","link":"https:\/\/sales-ai-agents.com\/tr\/templates\/borc-odemeleri\/","title":{"rendered":"Bor\u00e7 \u00d6demeleri"},"content":{"rendered":"<p>&nbsp;<\/p>\n<h2>Bor\u00e7 \u00d6demeleri \u015eablonu<\/h2>\n<p class=\"desc-text\">Mali durumunuzu iyile\u015ftirmenin en iyi yolu borcunuzu y\u00f6netmektir. Sahip oldu\u011funuz t\u00fcm bor\u00e7lar\u0131 kolayca takip edin ve h\u0131zl\u0131 bir \u015fekilde \u00f6deyin. Bu \u015fablon, bir bor\u00e7 geri \u00f6deme plan\u0131 olu\u015fturman\u0131za ve kredilerin miktar\u0131n\u0131 ve bakiyesini takip etmenize yard\u0131mc\u0131 olacakt\u0131r.<\/p>\n<h5>Nas\u0131l kullan\u0131l\u0131r?<\/h5>\n<ul class=\"desc-item_list\">\n<li><span data-preserver-spaces=\"true\">Bor\u00e7lu oldu\u011funuz tutar\u0131, faiz oran\u0131n\u0131, minimum \u00f6demeleri, ba\u015flang\u0131\u00e7 ve biti\u015f bakiyesini girin<\/span><\/li>\n<li class=\"desc-item_list__point\">Her \u00f6demeyi tarih, tutar ve kalan bakiyeyi yazarak ekleyin<\/li>\n<li class=\"desc-item_list__point\">Her bir krediniz i\u00e7in \u00f6demelerinizi ve bakiyenizi ayr\u0131 tablolar kullanarak takip edin<\/li>\n<\/ul>\n","protected":false},"excerpt":{"rendered":"<p>Borcunuzu y\u00f6neterek mali durumunuzu iyile\u015ftirin. Bu \u015fablon, bir bor\u00e7 geri \u00f6deme plan\u0131 olu\u015fturman\u0131za ve kredi bakiyenizi takip etmenize yard\u0131mc\u0131 olacakt\u0131r.<\/p>\n","protected":false},"featured_media":58774,"template":"","meta":{"_acf_changed":false,"inline_featured_image":false},"product_brand":[],"product_cat":[257,256,273],"product_tag":[],"class_list":{"0":"post-58773","1":"product","2":"type-product","3":"status-publish","4":"has-post-thumbnail","6":"product_cat-personal","7":"product_cat-organizers-planners","8":"product_cat-personal-money","10":"first","11":"instock","12":"virtual","13":"sold-individually","14":"product-type-simple"},"acf":[],"yoast_head":"<!-- This site is optimized with the Yoast SEO plugin v25.3.1 - https:\/\/yoast.com\/wordpress\/plugins\/seo\/ -->\n<title>Bor\u00e7 \u00d6demeleri \u015eablonu - Sales AI Agents<\/title>\n<meta name=\"description\" content=\"Borcunuzu y\u00f6neterek mali durumunuzu iyile\u015ftirin. Bu \u015fablon, bir bor\u00e7 geri \u00f6deme plan\u0131 olu\u015fturman\u0131za ve kredi bakiyenizi takip etmenize yard\u0131mc\u0131 olacakt\u0131r.\" \/>\n<meta name=\"robots\" content=\"index, follow, max-snippet:-1, max-image-preview:large, max-video-preview:-1\" \/>\n<link rel=\"canonical\" href=\"https:\/\/sales-ai-agents.com\/tr\/templates\/borc-odemeleri\/\" \/>\n<meta property=\"og:locale\" content=\"tr_TR\" \/>\n<meta property=\"og:type\" content=\"article\" \/>\n<meta property=\"og:title\" content=\"Bor\u00e7 \u00d6demeleri \u015eablonu - Sales AI Agents\" \/>\n<meta property=\"og:description\" content=\"Borcunuzu y\u00f6neterek mali durumunuzu iyile\u015ftirin. Bu \u015fablon, bir bor\u00e7 geri \u00f6deme plan\u0131 olu\u015fturman\u0131za ve kredi bakiyenizi takip etmenize yard\u0131mc\u0131 olacakt\u0131r.\" \/>\n<meta property=\"og:url\" content=\"https:\/\/sales-ai-agents.com\/tr\/templates\/borc-odemeleri\/\" \/>\n<meta property=\"og:site_name\" content=\"Sales AI Agents\" \/>\n<meta property=\"article:modified_time\" content=\"2023-12-31T17:06:56+00:00\" \/>\n<meta property=\"og:image\" content=\"https:\/\/sales-ai-agents.com\/wp-content\/uploads\/2023\/01\/image-preview115237.png\" \/>\n\t<meta property=\"og:image:width\" content=\"1078\" \/>\n\t<meta property=\"og:image:height\" content=\"1522\" \/>\n\t<meta property=\"og:image:type\" content=\"image\/png\" \/>\n<meta name=\"twitter:card\" content=\"summary_large_image\" \/>\n<script type=\"application\/ld+json\" class=\"yoast-schema-graph\">{\"@context\":\"https:\/\/schema.org\",\"@graph\":[{\"@type\":\"WebPage\",\"@id\":\"https:\/\/sales-ai-agents.com\/tr\/templates\/borc-odemeleri\/\",\"url\":\"https:\/\/sales-ai-agents.com\/tr\/templates\/borc-odemeleri\/\",\"name\":\"Bor\u00e7 \u00d6demeleri \u015eablonu - Sales AI Agents\",\"isPartOf\":{\"@id\":\"https:\/\/sales-ai-agents.com\/#website\"},\"primaryImageOfPage\":{\"@id\":\"https:\/\/sales-ai-agents.com\/tr\/templates\/borc-odemeleri\/#primaryimage\"},\"image\":{\"@id\":\"https:\/\/sales-ai-agents.com\/tr\/templates\/borc-odemeleri\/#primaryimage\"},\"thumbnailUrl\":\"https:\/\/sales-ai-agents.com\/wp-content\/uploads\/2023\/01\/image-preview115237.png\",\"datePublished\":\"2022-09-23T13:50:04+00:00\",\"dateModified\":\"2023-12-31T17:06:56+00:00\",\"description\":\"Borcunuzu y\u00f6neterek mali durumunuzu iyile\u015ftirin. Bu \u015fablon, bir bor\u00e7 geri \u00f6deme plan\u0131 olu\u015fturman\u0131za ve kredi bakiyenizi takip etmenize yard\u0131mc\u0131 olacakt\u0131r.\",\"inLanguage\":\"tr\",\"potentialAction\":[{\"@type\":\"ReadAction\",\"target\":[\"https:\/\/sales-ai-agents.com\/tr\/templates\/borc-odemeleri\/\"]}]},{\"@type\":\"ImageObject\",\"inLanguage\":\"tr\",\"@id\":\"https:\/\/sales-ai-agents.com\/tr\/templates\/borc-odemeleri\/#primaryimage\",\"url\":\"https:\/\/sales-ai-agents.com\/wp-content\/uploads\/2023\/01\/image-preview115237.png\",\"contentUrl\":\"https:\/\/sales-ai-agents.com\/wp-content\/uploads\/2023\/01\/image-preview115237.png\",\"width\":1078,\"height\":1522},{\"@type\":\"WebSite\",\"@id\":\"https:\/\/sales-ai-agents.com\/#website\",\"url\":\"https:\/\/sales-ai-agents.com\/\",\"name\":\"FuseBase\",\"description\":\"Sales AI Agents - Free Online Collaboration Software for Remote Teams. Build your wikis, client portals and more with the Nimbus Platform collaboration tool ? A perfect space for online work\",\"publisher\":{\"@id\":\"https:\/\/sales-ai-agents.com\/#organization\"},\"potentialAction\":[{\"@type\":\"SearchAction\",\"target\":{\"@type\":\"EntryPoint\",\"urlTemplate\":\"https:\/\/sales-ai-agents.com\/?s={search_term_string}\"},\"query-input\":{\"@type\":\"PropertyValueSpecification\",\"valueRequired\":true,\"valueName\":\"search_term_string\"}}],\"inLanguage\":\"tr\"},{\"@type\":\"Organization\",\"@id\":\"https:\/\/sales-ai-agents.com\/#organization\",\"name\":\"FuseBase\",\"url\":\"https:\/\/sales-ai-agents.com\/\",\"logo\":{\"@type\":\"ImageObject\",\"inLanguage\":\"tr\",\"@id\":\"https:\/\/sales-ai-agents.com\/#\/schema\/logo\/image\/\",\"url\":\"https:\/\/sales-ai-agents.com\/wp-content\/uploads\/2023\/11\/icon-7.svg\",\"contentUrl\":\"https:\/\/sales-ai-agents.com\/wp-content\/uploads\/2023\/11\/icon-7.svg\",\"width\":128,\"height\":128,\"caption\":\"FuseBase\"},\"image\":{\"@id\":\"https:\/\/sales-ai-agents.com\/#\/schema\/logo\/image\/\"}}]}<\/script>\n<!-- \/ Yoast SEO plugin. -->","yoast_head_json":{"title":"Bor\u00e7 \u00d6demeleri \u015eablonu - Sales AI Agents","description":"Borcunuzu y\u00f6neterek mali durumunuzu iyile\u015ftirin. Bu \u015fablon, bir bor\u00e7 geri \u00f6deme plan\u0131 olu\u015fturman\u0131za ve kredi bakiyenizi takip etmenize yard\u0131mc\u0131 olacakt\u0131r.","robots":{"index":"index","follow":"follow","max-snippet":"max-snippet:-1","max-image-preview":"max-image-preview:large","max-video-preview":"max-video-preview:-1"},"canonical":"https:\/\/sales-ai-agents.com\/tr\/templates\/borc-odemeleri\/","og_locale":"tr_TR","og_type":"article","og_title":"Bor\u00e7 \u00d6demeleri \u015eablonu - Sales AI Agents","og_description":"Borcunuzu y\u00f6neterek mali durumunuzu iyile\u015ftirin. Bu \u015fablon, bir bor\u00e7 geri \u00f6deme plan\u0131 olu\u015fturman\u0131za ve kredi bakiyenizi takip etmenize yard\u0131mc\u0131 olacakt\u0131r.","og_url":"https:\/\/sales-ai-agents.com\/tr\/templates\/borc-odemeleri\/","og_site_name":"Sales AI Agents","article_modified_time":"2023-12-31T17:06:56+00:00","og_image":[{"width":1078,"height":1522,"url":"https:\/\/sales-ai-agents.com\/wp-content\/uploads\/2023\/01\/image-preview115237.png","type":"image\/png"}],"twitter_card":"summary_large_image","schema":{"@context":"https:\/\/schema.org","@graph":[{"@type":"WebPage","@id":"https:\/\/sales-ai-agents.com\/tr\/templates\/borc-odemeleri\/","url":"https:\/\/sales-ai-agents.com\/tr\/templates\/borc-odemeleri\/","name":"Bor\u00e7 \u00d6demeleri \u015eablonu - Sales AI Agents","isPartOf":{"@id":"https:\/\/sales-ai-agents.com\/#website"},"primaryImageOfPage":{"@id":"https:\/\/sales-ai-agents.com\/tr\/templates\/borc-odemeleri\/#primaryimage"},"image":{"@id":"https:\/\/sales-ai-agents.com\/tr\/templates\/borc-odemeleri\/#primaryimage"},"thumbnailUrl":"https:\/\/sales-ai-agents.com\/wp-content\/uploads\/2023\/01\/image-preview115237.png","datePublished":"2022-09-23T13:50:04+00:00","dateModified":"2023-12-31T17:06:56+00:00","description":"Borcunuzu y\u00f6neterek mali durumunuzu iyile\u015ftirin. Bu \u015fablon, bir bor\u00e7 geri \u00f6deme plan\u0131 olu\u015fturman\u0131za ve kredi bakiyenizi takip etmenize yard\u0131mc\u0131 olacakt\u0131r.","inLanguage":"tr","potentialAction":[{"@type":"ReadAction","target":["https:\/\/sales-ai-agents.com\/tr\/templates\/borc-odemeleri\/"]}]},{"@type":"ImageObject","inLanguage":"tr","@id":"https:\/\/sales-ai-agents.com\/tr\/templates\/borc-odemeleri\/#primaryimage","url":"https:\/\/sales-ai-agents.com\/wp-content\/uploads\/2023\/01\/image-preview115237.png","contentUrl":"https:\/\/sales-ai-agents.com\/wp-content\/uploads\/2023\/01\/image-preview115237.png","width":1078,"height":1522},{"@type":"WebSite","@id":"https:\/\/sales-ai-agents.com\/#website","url":"https:\/\/sales-ai-agents.com\/","name":"FuseBase","description":"Sales AI Agents - Free Online Collaboration Software for Remote Teams. Build your wikis, client portals and more with the Nimbus Platform collaboration tool ? A perfect space for online work","publisher":{"@id":"https:\/\/sales-ai-agents.com\/#organization"},"potentialAction":[{"@type":"SearchAction","target":{"@type":"EntryPoint","urlTemplate":"https:\/\/sales-ai-agents.com\/?s={search_term_string}"},"query-input":{"@type":"PropertyValueSpecification","valueRequired":true,"valueName":"search_term_string"}}],"inLanguage":"tr"},{"@type":"Organization","@id":"https:\/\/sales-ai-agents.com\/#organization","name":"FuseBase","url":"https:\/\/sales-ai-agents.com\/","logo":{"@type":"ImageObject","inLanguage":"tr","@id":"https:\/\/sales-ai-agents.com\/#\/schema\/logo\/image\/","url":"https:\/\/sales-ai-agents.com\/wp-content\/uploads\/2023\/11\/icon-7.svg","contentUrl":"https:\/\/sales-ai-agents.com\/wp-content\/uploads\/2023\/11\/icon-7.svg","width":128,"height":128,"caption":"FuseBase"},"image":{"@id":"https:\/\/sales-ai-agents.com\/#\/schema\/logo\/image\/"}}]}},"_links":{"self":[{"href":"https:\/\/sales-ai-agents.com\/tr\/wp-json\/wp\/v2\/product\/58773","targetHints":{"allow":["GET"]}}],"collection":[{"href":"https:\/\/sales-ai-agents.com\/tr\/wp-json\/wp\/v2\/product"}],"about":[{"href":"https:\/\/sales-ai-agents.com\/tr\/wp-json\/wp\/v2\/types\/product"}],"wp:featuredmedia":[{"embeddable":true,"href":"https:\/\/sales-ai-agents.com\/tr\/wp-json\/wp\/v2\/media\/58774"}],"wp:attachment":[{"href":"https:\/\/sales-ai-agents.com\/tr\/wp-json\/wp\/v2\/media?parent=58773"}],"wp:term":[{"taxonomy":"product_brand","embeddable":true,"href":"https:\/\/sales-ai-agents.com\/tr\/wp-json\/wp\/v2\/product_brand?post=58773"},{"taxonomy":"product_cat","embeddable":true,"href":"https:\/\/sales-ai-agents.com\/tr\/wp-json\/wp\/v2\/product_cat?post=58773"},{"taxonomy":"product_tag","embeddable":true,"href":"https:\/\/sales-ai-agents.com\/tr\/wp-json\/wp\/v2\/product_tag?post=58773"}],"curies":[{"name":"wp","href":"https:\/\/api.w.org\/{rel}","templated":true}]}}