{"id":58784,"date":"2022-09-23T13:49:58","date_gmt":"2022-09-23T13:49:58","guid":{"rendered":"https:\/\/sales-ai-agents.com\/templates\/simple-meeting-agenda\/"},"modified":"2024-01-02T13:24:11","modified_gmt":"2024-01-02T13:24:11","slug":"simple-meeting-agenda","status":"publish","type":"product","link":"https:\/\/sales-ai-agents.com\/tr\/templates\/simple-meeting-agenda\/","title":{"rendered":"Basit Toplant\u0131 G\u00fcndemi"},"content":{"rendered":"<p>&nbsp;<\/p>\n<h2>Basit Toplant\u0131 G\u00fcndemi \u015eablonu<\/h2>\n<p class=\"desc-text\">Bu toplant\u0131 g\u00fcndemi \u015fablonuyla t\u00fcm ekibinizi bilgilendirin. \u00d6nceden planlama yaparak toplant\u0131lar\u0131n\u0131z\u0131 verimli ve d\u00fczenli tutun. Bu ajanda ile tart\u0131\u015f\u0131lacak \u00f6nemli konular\u0131 d\u00fczenleyebilir ve her konu i\u00e7in gereken s\u00fcreyi not edebilirsiniz. Herkesin haz\u0131r oldu\u011fundan emin olmak i\u00e7in ekibinizle payla\u015f\u0131n.<\/p>\n<h5>Nas\u0131l kullan\u0131l\u0131r:<\/h5>\n<ul class=\"desc-item_list\">\n<li class=\"desc-item_list__point\">Toplant\u0131 ile ilgili ayr\u0131nt\u0131lar\u0131 doldurun<\/li>\n<li class=\"desc-item_list__point\">T\u00fcm kat\u0131l\u0131mc\u0131lar\u0131 etiketleyin<\/li>\n<li class=\"desc-item_list__point\">Tart\u0131\u015fma konular\u0131n\u0131 listeleyin<\/li>\n<li class=\"desc-item_list__point\">Ayr\u0131lan s\u00fcreyi dahil edin<\/li>\n<\/ul>\n","protected":false},"excerpt":{"rendered":"<p>Bu toplant\u0131 g\u00fcndemi \u015fablonuyla t\u00fcm ekibinizi bilgilendirin. Herkesin fikirlerini sunabilmesi i\u00e7in zaman planlamas\u0131 yaparak toplant\u0131lar\u0131n\u0131z\u0131 verimli ve d\u00fczenli tutun.<\/p>\n","protected":false},"featured_media":58785,"template":"","meta":{"_acf_changed":false,"inline_featured_image":false},"product_brand":[],"product_cat":[230,252],"product_tag":[],"class_list":{"0":"post-58784","1":"product","2":"type-product","3":"status-publish","4":"has-post-thumbnail","6":"product_cat-meeting","7":"product_cat-product","9":"first","10":"instock","11":"virtual","12":"sold-individually","13":"product-type-simple"},"acf":[],"yoast_head":"<!-- This site is optimized with the Yoast SEO plugin v25.3.1 - https:\/\/yoast.com\/wordpress\/plugins\/seo\/ -->\n<title>Basit Toplant\u0131 G\u00fcndemi \u015eablonu - Sales AI Agents<\/title>\n<meta name=\"description\" content=\"Bu toplant\u0131 g\u00fcndemi \u015fablonuyla t\u00fcm ekibinizi bilgilendirin. Herkesin fikirlerini sunabilmesi i\u00e7in zaman planlamas\u0131 yaparak toplant\u0131lar\u0131n\u0131z\u0131 verimli ve d\u00fczenli tutun.\" \/>\n<meta name=\"robots\" content=\"index, follow, max-snippet:-1, max-image-preview:large, max-video-preview:-1\" \/>\n<link rel=\"canonical\" href=\"https:\/\/sales-ai-agents.com\/tr\/templates\/simple-meeting-agenda\/\" \/>\n<meta property=\"og:locale\" content=\"tr_TR\" \/>\n<meta property=\"og:type\" content=\"article\" \/>\n<meta property=\"og:title\" content=\"Basit Toplant\u0131 G\u00fcndemi \u015eablonu - Sales AI Agents\" \/>\n<meta property=\"og:description\" content=\"Bu toplant\u0131 g\u00fcndemi \u015fablonuyla t\u00fcm ekibinizi bilgilendirin. Herkesin fikirlerini sunabilmesi i\u00e7in zaman planlamas\u0131 yaparak toplant\u0131lar\u0131n\u0131z\u0131 verimli ve d\u00fczenli tutun.\" \/>\n<meta property=\"og:url\" content=\"https:\/\/sales-ai-agents.com\/tr\/templates\/simple-meeting-agenda\/\" \/>\n<meta property=\"og:site_name\" content=\"Sales AI Agents\" \/>\n<meta property=\"article:modified_time\" content=\"2024-01-02T13:24:11+00:00\" \/>\n<meta property=\"og:image\" content=\"https:\/\/sales-ai-agents.com\/wp-content\/uploads\/2022\/09\/Simple-Meeting-Agenda-Template.png\" \/>\n\t<meta property=\"og:image:width\" content=\"1700\" \/>\n\t<meta property=\"og:image:height\" content=\"1100\" \/>\n\t<meta property=\"og:image:type\" content=\"image\/png\" \/>\n<meta name=\"twitter:card\" content=\"summary_large_image\" \/>\n<script type=\"application\/ld+json\" class=\"yoast-schema-graph\">{\"@context\":\"https:\/\/schema.org\",\"@graph\":[{\"@type\":\"WebPage\",\"@id\":\"https:\/\/sales-ai-agents.com\/tr\/templates\/simple-meeting-agenda\/\",\"url\":\"https:\/\/sales-ai-agents.com\/tr\/templates\/simple-meeting-agenda\/\",\"name\":\"Basit Toplant\u0131 G\u00fcndemi \u015eablonu - Sales AI Agents\",\"isPartOf\":{\"@id\":\"https:\/\/sales-ai-agents.com\/#website\"},\"primaryImageOfPage\":{\"@id\":\"https:\/\/sales-ai-agents.com\/tr\/templates\/simple-meeting-agenda\/#primaryimage\"},\"image\":{\"@id\":\"https:\/\/sales-ai-agents.com\/tr\/templates\/simple-meeting-agenda\/#primaryimage\"},\"thumbnailUrl\":\"https:\/\/sales-ai-agents.com\/wp-content\/uploads\/2022\/09\/Simple-Meeting-Agenda-Template.png\",\"datePublished\":\"2022-09-23T13:49:58+00:00\",\"dateModified\":\"2024-01-02T13:24:11+00:00\",\"description\":\"Bu toplant\u0131 g\u00fcndemi \u015fablonuyla t\u00fcm ekibinizi bilgilendirin. Herkesin fikirlerini sunabilmesi i\u00e7in zaman planlamas\u0131 yaparak toplant\u0131lar\u0131n\u0131z\u0131 verimli ve d\u00fczenli tutun.\",\"inLanguage\":\"tr\",\"potentialAction\":[{\"@type\":\"ReadAction\",\"target\":[\"https:\/\/sales-ai-agents.com\/tr\/templates\/simple-meeting-agenda\/\"]}]},{\"@type\":\"ImageObject\",\"inLanguage\":\"tr\",\"@id\":\"https:\/\/sales-ai-agents.com\/tr\/templates\/simple-meeting-agenda\/#primaryimage\",\"url\":\"https:\/\/sales-ai-agents.com\/wp-content\/uploads\/2022\/09\/Simple-Meeting-Agenda-Template.png\",\"contentUrl\":\"https:\/\/sales-ai-agents.com\/wp-content\/uploads\/2022\/09\/Simple-Meeting-Agenda-Template.png\",\"width\":1700,\"height\":1100},{\"@type\":\"WebSite\",\"@id\":\"https:\/\/sales-ai-agents.com\/#website\",\"url\":\"https:\/\/sales-ai-agents.com\/\",\"name\":\"FuseBase\",\"description\":\"Sales AI Agents - Free Online Collaboration Software for Remote Teams. Build your wikis, client portals and more with the Nimbus Platform collaboration tool ? A perfect space for online work\",\"publisher\":{\"@id\":\"https:\/\/sales-ai-agents.com\/#organization\"},\"potentialAction\":[{\"@type\":\"SearchAction\",\"target\":{\"@type\":\"EntryPoint\",\"urlTemplate\":\"https:\/\/sales-ai-agents.com\/?s={search_term_string}\"},\"query-input\":{\"@type\":\"PropertyValueSpecification\",\"valueRequired\":true,\"valueName\":\"search_term_string\"}}],\"inLanguage\":\"tr\"},{\"@type\":\"Organization\",\"@id\":\"https:\/\/sales-ai-agents.com\/#organization\",\"name\":\"FuseBase\",\"url\":\"https:\/\/sales-ai-agents.com\/\",\"logo\":{\"@type\":\"ImageObject\",\"inLanguage\":\"tr\",\"@id\":\"https:\/\/sales-ai-agents.com\/#\/schema\/logo\/image\/\",\"url\":\"https:\/\/sales-ai-agents.com\/wp-content\/uploads\/2023\/11\/icon-7.svg\",\"contentUrl\":\"https:\/\/sales-ai-agents.com\/wp-content\/uploads\/2023\/11\/icon-7.svg\",\"width\":128,\"height\":128,\"caption\":\"FuseBase\"},\"image\":{\"@id\":\"https:\/\/sales-ai-agents.com\/#\/schema\/logo\/image\/\"}}]}<\/script>\n<!-- \/ Yoast SEO plugin. -->","yoast_head_json":{"title":"Basit Toplant\u0131 G\u00fcndemi \u015eablonu - Sales AI Agents","description":"Bu toplant\u0131 g\u00fcndemi \u015fablonuyla t\u00fcm ekibinizi bilgilendirin. Herkesin fikirlerini sunabilmesi i\u00e7in zaman planlamas\u0131 yaparak toplant\u0131lar\u0131n\u0131z\u0131 verimli ve d\u00fczenli tutun.","robots":{"index":"index","follow":"follow","max-snippet":"max-snippet:-1","max-image-preview":"max-image-preview:large","max-video-preview":"max-video-preview:-1"},"canonical":"https:\/\/sales-ai-agents.com\/tr\/templates\/simple-meeting-agenda\/","og_locale":"tr_TR","og_type":"article","og_title":"Basit Toplant\u0131 G\u00fcndemi \u015eablonu - Sales AI Agents","og_description":"Bu toplant\u0131 g\u00fcndemi \u015fablonuyla t\u00fcm ekibinizi bilgilendirin. Herkesin fikirlerini sunabilmesi i\u00e7in zaman planlamas\u0131 yaparak toplant\u0131lar\u0131n\u0131z\u0131 verimli ve d\u00fczenli tutun.","og_url":"https:\/\/sales-ai-agents.com\/tr\/templates\/simple-meeting-agenda\/","og_site_name":"Sales AI Agents","article_modified_time":"2024-01-02T13:24:11+00:00","og_image":[{"width":1700,"height":1100,"url":"https:\/\/sales-ai-agents.com\/wp-content\/uploads\/2022\/09\/Simple-Meeting-Agenda-Template.png","type":"image\/png"}],"twitter_card":"summary_large_image","schema":{"@context":"https:\/\/schema.org","@graph":[{"@type":"WebPage","@id":"https:\/\/sales-ai-agents.com\/tr\/templates\/simple-meeting-agenda\/","url":"https:\/\/sales-ai-agents.com\/tr\/templates\/simple-meeting-agenda\/","name":"Basit Toplant\u0131 G\u00fcndemi \u015eablonu - Sales AI Agents","isPartOf":{"@id":"https:\/\/sales-ai-agents.com\/#website"},"primaryImageOfPage":{"@id":"https:\/\/sales-ai-agents.com\/tr\/templates\/simple-meeting-agenda\/#primaryimage"},"image":{"@id":"https:\/\/sales-ai-agents.com\/tr\/templates\/simple-meeting-agenda\/#primaryimage"},"thumbnailUrl":"https:\/\/sales-ai-agents.com\/wp-content\/uploads\/2022\/09\/Simple-Meeting-Agenda-Template.png","datePublished":"2022-09-23T13:49:58+00:00","dateModified":"2024-01-02T13:24:11+00:00","description":"Bu toplant\u0131 g\u00fcndemi \u015fablonuyla t\u00fcm ekibinizi bilgilendirin. Herkesin fikirlerini sunabilmesi i\u00e7in zaman planlamas\u0131 yaparak toplant\u0131lar\u0131n\u0131z\u0131 verimli ve d\u00fczenli tutun.","inLanguage":"tr","potentialAction":[{"@type":"ReadAction","target":["https:\/\/sales-ai-agents.com\/tr\/templates\/simple-meeting-agenda\/"]}]},{"@type":"ImageObject","inLanguage":"tr","@id":"https:\/\/sales-ai-agents.com\/tr\/templates\/simple-meeting-agenda\/#primaryimage","url":"https:\/\/sales-ai-agents.com\/wp-content\/uploads\/2022\/09\/Simple-Meeting-Agenda-Template.png","contentUrl":"https:\/\/sales-ai-agents.com\/wp-content\/uploads\/2022\/09\/Simple-Meeting-Agenda-Template.png","width":1700,"height":1100},{"@type":"WebSite","@id":"https:\/\/sales-ai-agents.com\/#website","url":"https:\/\/sales-ai-agents.com\/","name":"FuseBase","description":"Sales AI Agents - Free Online Collaboration Software for Remote Teams. Build your wikis, client portals and more with the Nimbus Platform collaboration tool ? A perfect space for online work","publisher":{"@id":"https:\/\/sales-ai-agents.com\/#organization"},"potentialAction":[{"@type":"SearchAction","target":{"@type":"EntryPoint","urlTemplate":"https:\/\/sales-ai-agents.com\/?s={search_term_string}"},"query-input":{"@type":"PropertyValueSpecification","valueRequired":true,"valueName":"search_term_string"}}],"inLanguage":"tr"},{"@type":"Organization","@id":"https:\/\/sales-ai-agents.com\/#organization","name":"FuseBase","url":"https:\/\/sales-ai-agents.com\/","logo":{"@type":"ImageObject","inLanguage":"tr","@id":"https:\/\/sales-ai-agents.com\/#\/schema\/logo\/image\/","url":"https:\/\/sales-ai-agents.com\/wp-content\/uploads\/2023\/11\/icon-7.svg","contentUrl":"https:\/\/sales-ai-agents.com\/wp-content\/uploads\/2023\/11\/icon-7.svg","width":128,"height":128,"caption":"FuseBase"},"image":{"@id":"https:\/\/sales-ai-agents.com\/#\/schema\/logo\/image\/"}}]}},"_links":{"self":[{"href":"https:\/\/sales-ai-agents.com\/tr\/wp-json\/wp\/v2\/product\/58784","targetHints":{"allow":["GET"]}}],"collection":[{"href":"https:\/\/sales-ai-agents.com\/tr\/wp-json\/wp\/v2\/product"}],"about":[{"href":"https:\/\/sales-ai-agents.com\/tr\/wp-json\/wp\/v2\/types\/product"}],"wp:featuredmedia":[{"embeddable":true,"href":"https:\/\/sales-ai-agents.com\/tr\/wp-json\/wp\/v2\/media\/58785"}],"wp:attachment":[{"href":"https:\/\/sales-ai-agents.com\/tr\/wp-json\/wp\/v2\/media?parent=58784"}],"wp:term":[{"taxonomy":"product_brand","embeddable":true,"href":"https:\/\/sales-ai-agents.com\/tr\/wp-json\/wp\/v2\/product_brand?post=58784"},{"taxonomy":"product_cat","embeddable":true,"href":"https:\/\/sales-ai-agents.com\/tr\/wp-json\/wp\/v2\/product_cat?post=58784"},{"taxonomy":"product_tag","embeddable":true,"href":"https:\/\/sales-ai-agents.com\/tr\/wp-json\/wp\/v2\/product_tag?post=58784"}],"curies":[{"name":"wp","href":"https:\/\/api.w.org\/{rel}","templated":true}]}}