{"id":58787,"date":"2022-09-23T13:49:55","date_gmt":"2022-09-23T13:49:55","guid":{"rendered":"https:\/\/sales-ai-agents.com\/templates\/expense-tracker\/"},"modified":"2023-12-27T15:46:25","modified_gmt":"2023-12-27T15:46:25","slug":"expense-tracker","status":"publish","type":"product","link":"https:\/\/sales-ai-agents.com\/tr\/templates\/expense-tracker\/","title":{"rendered":"Gider Takibi"},"content":{"rendered":"<p>&nbsp;<\/p>\n<h2>Gider Takip \u015eablonu<\/h2>\n<p class=\"desc-text\">Mali durum y\u00f6netimi s\u00f6z konusu oldu\u011funda b\u00fct\u00e7eleme \u00e7ok \u00f6nemlidir. Paran\u0131z\u0131n nereye gitti\u011fini takip ederek tasarruf hedeflerinize ula\u015ft\u0131\u011f\u0131n\u0131zdan emin olun. Giderlerinizi ve faturalar\u0131n\u0131z\u0131 g\u00f6zden ka\u00e7\u0131rmamak i\u00e7in gider takip \u015fablonumuzu deneyin. \u00d6demelerinizi ve harcamalar\u0131n\u0131z\u0131 kaydetmek i\u00e7in bu \u015fablonu kullan\u0131n. Her \u015feyi kategorize etmenize yard\u0131mc\u0131 olmak i\u00e7in onay kutular\u0131 ekledik. Harcamalar\u0131n\u0131z\u0131 takip edin, b\u00f6ylece al\u0131\u015fkanl\u0131klar\u0131n\u0131z\u0131 de\u011ferlendirebilir ve tasarruf edebilirsiniz. Hedeflerinize k\u0131sa s\u00fcrede ula\u015facaks\u0131n\u0131z.<\/p>\n<h5>Nas\u0131l kullan\u0131l\u0131r?<\/h5>\n<ul class=\"desc-item_list\">\n<li class=\"desc-item_list__point\">Her sat\u0131n alma i\u015fleminin tarihini ekleyin<\/li>\n<li class=\"desc-item_list__point\">Harcamay\u0131 a\u00e7\u0131klay\u0131n<\/li>\n<li class=\"desc-item_list__point\">Harcanan para miktar\u0131n\u0131 belirtiniz<\/li>\n<li class=\"desc-item_list__point\">Sat\u0131n alma t\u00fcr\u00fcn\u00fc kategorize etmek i\u00e7in bir kutuyu i\u015faretleyin<\/li>\n<li class=\"desc-item_list__point\">Harcamay\u0131 &#8220;\u0130htiya\u00e7&#8221; veya &#8220;\u0130stek&#8221; olarak kategorize edin<\/li>\n<\/ul>\n","protected":false},"excerpt":{"rendered":"<p>Bu \u00fccretsiz \u015fablon ile b\u00fct\u00e7enizi takip edin ve mali durumunuzu y\u00f6netin. Paran\u0131z\u0131n nereye gitti\u011fini kontrol ederek tasarruf hedeflerinize ula\u015ft\u0131\u011f\u0131n\u0131zdan emin olun.<\/p>\n","protected":false},"featured_media":58788,"template":"","meta":{"_acf_changed":false,"inline_featured_image":false},"product_brand":[],"product_cat":[257,256,273],"product_tag":[],"class_list":{"0":"post-58787","1":"product","2":"type-product","3":"status-publish","4":"has-post-thumbnail","6":"product_cat-personal","7":"product_cat-organizers-planners","8":"product_cat-personal-money","10":"first","11":"instock","12":"virtual","13":"sold-individually","14":"product-type-simple"},"acf":[],"yoast_head":"<!-- This site is optimized with the Yoast SEO plugin v25.3.1 - https:\/\/yoast.com\/wordpress\/plugins\/seo\/ -->\n<title>Gider Takip \u015eablonu - Sales AI Agents<\/title>\n<meta name=\"description\" content=\"Bu \u00fccretsiz \u015fablon ile b\u00fct\u00e7enizi takip edin ve mali durumunuzu y\u00f6netin. Paran\u0131z\u0131n nereye gitti\u011fini kontrol ederek tasarruf hedeflerinize ula\u015ft\u0131\u011f\u0131n\u0131zdan emin olun.\" \/>\n<meta name=\"robots\" content=\"index, follow, max-snippet:-1, max-image-preview:large, max-video-preview:-1\" \/>\n<link rel=\"canonical\" href=\"https:\/\/sales-ai-agents.com\/tr\/templates\/expense-tracker\/\" \/>\n<meta property=\"og:locale\" content=\"tr_TR\" \/>\n<meta property=\"og:type\" content=\"article\" \/>\n<meta property=\"og:title\" content=\"Gider Takip \u015eablonu - Sales AI Agents\" \/>\n<meta property=\"og:description\" content=\"Bu \u00fccretsiz \u015fablon ile b\u00fct\u00e7enizi takip edin ve mali durumunuzu y\u00f6netin. Paran\u0131z\u0131n nereye gitti\u011fini kontrol ederek tasarruf hedeflerinize ula\u015ft\u0131\u011f\u0131n\u0131zdan emin olun.\" \/>\n<meta property=\"og:url\" content=\"https:\/\/sales-ai-agents.com\/tr\/templates\/expense-tracker\/\" \/>\n<meta property=\"og:site_name\" content=\"Sales AI Agents\" \/>\n<meta property=\"article:modified_time\" content=\"2023-12-27T15:46:25+00:00\" \/>\n<meta property=\"og:image\" content=\"https:\/\/sales-ai-agents.com\/wp-content\/uploads\/2023\/01\/image-preview115531.png\" \/>\n\t<meta property=\"og:image:width\" content=\"1078\" \/>\n\t<meta property=\"og:image:height\" content=\"1206\" \/>\n\t<meta property=\"og:image:type\" content=\"image\/png\" \/>\n<meta name=\"twitter:card\" content=\"summary_large_image\" \/>\n<script type=\"application\/ld+json\" class=\"yoast-schema-graph\">{\"@context\":\"https:\/\/schema.org\",\"@graph\":[{\"@type\":\"WebPage\",\"@id\":\"https:\/\/sales-ai-agents.com\/tr\/templates\/expense-tracker\/\",\"url\":\"https:\/\/sales-ai-agents.com\/tr\/templates\/expense-tracker\/\",\"name\":\"Gider Takip \u015eablonu - Sales AI Agents\",\"isPartOf\":{\"@id\":\"https:\/\/sales-ai-agents.com\/#website\"},\"primaryImageOfPage\":{\"@id\":\"https:\/\/sales-ai-agents.com\/tr\/templates\/expense-tracker\/#primaryimage\"},\"image\":{\"@id\":\"https:\/\/sales-ai-agents.com\/tr\/templates\/expense-tracker\/#primaryimage\"},\"thumbnailUrl\":\"https:\/\/sales-ai-agents.com\/wp-content\/uploads\/2023\/01\/image-preview115531.png\",\"datePublished\":\"2022-09-23T13:49:55+00:00\",\"dateModified\":\"2023-12-27T15:46:25+00:00\",\"description\":\"Bu \u00fccretsiz \u015fablon ile b\u00fct\u00e7enizi takip edin ve mali durumunuzu y\u00f6netin. Paran\u0131z\u0131n nereye gitti\u011fini kontrol ederek tasarruf hedeflerinize ula\u015ft\u0131\u011f\u0131n\u0131zdan emin olun.\",\"inLanguage\":\"tr\",\"potentialAction\":[{\"@type\":\"ReadAction\",\"target\":[\"https:\/\/sales-ai-agents.com\/tr\/templates\/expense-tracker\/\"]}]},{\"@type\":\"ImageObject\",\"inLanguage\":\"tr\",\"@id\":\"https:\/\/sales-ai-agents.com\/tr\/templates\/expense-tracker\/#primaryimage\",\"url\":\"https:\/\/sales-ai-agents.com\/wp-content\/uploads\/2023\/01\/image-preview115531.png\",\"contentUrl\":\"https:\/\/sales-ai-agents.com\/wp-content\/uploads\/2023\/01\/image-preview115531.png\",\"width\":1078,\"height\":1206},{\"@type\":\"WebSite\",\"@id\":\"https:\/\/sales-ai-agents.com\/#website\",\"url\":\"https:\/\/sales-ai-agents.com\/\",\"name\":\"FuseBase\",\"description\":\"Sales AI Agents - Free Online Collaboration Software for Remote Teams. Build your wikis, client portals and more with the Nimbus Platform collaboration tool ? A perfect space for online work\",\"publisher\":{\"@id\":\"https:\/\/sales-ai-agents.com\/#organization\"},\"potentialAction\":[{\"@type\":\"SearchAction\",\"target\":{\"@type\":\"EntryPoint\",\"urlTemplate\":\"https:\/\/sales-ai-agents.com\/?s={search_term_string}\"},\"query-input\":{\"@type\":\"PropertyValueSpecification\",\"valueRequired\":true,\"valueName\":\"search_term_string\"}}],\"inLanguage\":\"tr\"},{\"@type\":\"Organization\",\"@id\":\"https:\/\/sales-ai-agents.com\/#organization\",\"name\":\"FuseBase\",\"url\":\"https:\/\/sales-ai-agents.com\/\",\"logo\":{\"@type\":\"ImageObject\",\"inLanguage\":\"tr\",\"@id\":\"https:\/\/sales-ai-agents.com\/#\/schema\/logo\/image\/\",\"url\":\"https:\/\/sales-ai-agents.com\/wp-content\/uploads\/2023\/11\/icon-7.svg\",\"contentUrl\":\"https:\/\/sales-ai-agents.com\/wp-content\/uploads\/2023\/11\/icon-7.svg\",\"width\":128,\"height\":128,\"caption\":\"FuseBase\"},\"image\":{\"@id\":\"https:\/\/sales-ai-agents.com\/#\/schema\/logo\/image\/\"}}]}<\/script>\n<!-- \/ Yoast SEO plugin. -->","yoast_head_json":{"title":"Gider Takip \u015eablonu - Sales AI Agents","description":"Bu \u00fccretsiz \u015fablon ile b\u00fct\u00e7enizi takip edin ve mali durumunuzu y\u00f6netin. Paran\u0131z\u0131n nereye gitti\u011fini kontrol ederek tasarruf hedeflerinize ula\u015ft\u0131\u011f\u0131n\u0131zdan emin olun.","robots":{"index":"index","follow":"follow","max-snippet":"max-snippet:-1","max-image-preview":"max-image-preview:large","max-video-preview":"max-video-preview:-1"},"canonical":"https:\/\/sales-ai-agents.com\/tr\/templates\/expense-tracker\/","og_locale":"tr_TR","og_type":"article","og_title":"Gider Takip \u015eablonu - Sales AI Agents","og_description":"Bu \u00fccretsiz \u015fablon ile b\u00fct\u00e7enizi takip edin ve mali durumunuzu y\u00f6netin. Paran\u0131z\u0131n nereye gitti\u011fini kontrol ederek tasarruf hedeflerinize ula\u015ft\u0131\u011f\u0131n\u0131zdan emin olun.","og_url":"https:\/\/sales-ai-agents.com\/tr\/templates\/expense-tracker\/","og_site_name":"Sales AI Agents","article_modified_time":"2023-12-27T15:46:25+00:00","og_image":[{"width":1078,"height":1206,"url":"https:\/\/sales-ai-agents.com\/wp-content\/uploads\/2023\/01\/image-preview115531.png","type":"image\/png"}],"twitter_card":"summary_large_image","schema":{"@context":"https:\/\/schema.org","@graph":[{"@type":"WebPage","@id":"https:\/\/sales-ai-agents.com\/tr\/templates\/expense-tracker\/","url":"https:\/\/sales-ai-agents.com\/tr\/templates\/expense-tracker\/","name":"Gider Takip \u015eablonu - Sales AI Agents","isPartOf":{"@id":"https:\/\/sales-ai-agents.com\/#website"},"primaryImageOfPage":{"@id":"https:\/\/sales-ai-agents.com\/tr\/templates\/expense-tracker\/#primaryimage"},"image":{"@id":"https:\/\/sales-ai-agents.com\/tr\/templates\/expense-tracker\/#primaryimage"},"thumbnailUrl":"https:\/\/sales-ai-agents.com\/wp-content\/uploads\/2023\/01\/image-preview115531.png","datePublished":"2022-09-23T13:49:55+00:00","dateModified":"2023-12-27T15:46:25+00:00","description":"Bu \u00fccretsiz \u015fablon ile b\u00fct\u00e7enizi takip edin ve mali durumunuzu y\u00f6netin. Paran\u0131z\u0131n nereye gitti\u011fini kontrol ederek tasarruf hedeflerinize ula\u015ft\u0131\u011f\u0131n\u0131zdan emin olun.","inLanguage":"tr","potentialAction":[{"@type":"ReadAction","target":["https:\/\/sales-ai-agents.com\/tr\/templates\/expense-tracker\/"]}]},{"@type":"ImageObject","inLanguage":"tr","@id":"https:\/\/sales-ai-agents.com\/tr\/templates\/expense-tracker\/#primaryimage","url":"https:\/\/sales-ai-agents.com\/wp-content\/uploads\/2023\/01\/image-preview115531.png","contentUrl":"https:\/\/sales-ai-agents.com\/wp-content\/uploads\/2023\/01\/image-preview115531.png","width":1078,"height":1206},{"@type":"WebSite","@id":"https:\/\/sales-ai-agents.com\/#website","url":"https:\/\/sales-ai-agents.com\/","name":"FuseBase","description":"Sales AI Agents - Free Online Collaboration Software for Remote Teams. Build your wikis, client portals and more with the Nimbus Platform collaboration tool ? A perfect space for online work","publisher":{"@id":"https:\/\/sales-ai-agents.com\/#organization"},"potentialAction":[{"@type":"SearchAction","target":{"@type":"EntryPoint","urlTemplate":"https:\/\/sales-ai-agents.com\/?s={search_term_string}"},"query-input":{"@type":"PropertyValueSpecification","valueRequired":true,"valueName":"search_term_string"}}],"inLanguage":"tr"},{"@type":"Organization","@id":"https:\/\/sales-ai-agents.com\/#organization","name":"FuseBase","url":"https:\/\/sales-ai-agents.com\/","logo":{"@type":"ImageObject","inLanguage":"tr","@id":"https:\/\/sales-ai-agents.com\/#\/schema\/logo\/image\/","url":"https:\/\/sales-ai-agents.com\/wp-content\/uploads\/2023\/11\/icon-7.svg","contentUrl":"https:\/\/sales-ai-agents.com\/wp-content\/uploads\/2023\/11\/icon-7.svg","width":128,"height":128,"caption":"FuseBase"},"image":{"@id":"https:\/\/sales-ai-agents.com\/#\/schema\/logo\/image\/"}}]}},"_links":{"self":[{"href":"https:\/\/sales-ai-agents.com\/tr\/wp-json\/wp\/v2\/product\/58787","targetHints":{"allow":["GET"]}}],"collection":[{"href":"https:\/\/sales-ai-agents.com\/tr\/wp-json\/wp\/v2\/product"}],"about":[{"href":"https:\/\/sales-ai-agents.com\/tr\/wp-json\/wp\/v2\/types\/product"}],"wp:featuredmedia":[{"embeddable":true,"href":"https:\/\/sales-ai-agents.com\/tr\/wp-json\/wp\/v2\/media\/58788"}],"wp:attachment":[{"href":"https:\/\/sales-ai-agents.com\/tr\/wp-json\/wp\/v2\/media?parent=58787"}],"wp:term":[{"taxonomy":"product_brand","embeddable":true,"href":"https:\/\/sales-ai-agents.com\/tr\/wp-json\/wp\/v2\/product_brand?post=58787"},{"taxonomy":"product_cat","embeddable":true,"href":"https:\/\/sales-ai-agents.com\/tr\/wp-json\/wp\/v2\/product_cat?post=58787"},{"taxonomy":"product_tag","embeddable":true,"href":"https:\/\/sales-ai-agents.com\/tr\/wp-json\/wp\/v2\/product_tag?post=58787"}],"curies":[{"name":"wp","href":"https:\/\/api.w.org\/{rel}","templated":true}]}}