{"id":58790,"date":"2022-09-23T13:49:20","date_gmt":"2022-09-23T13:49:20","guid":{"rendered":"https:\/\/sales-ai-agents.com\/templates\/job-search-tracking\/"},"modified":"2024-01-02T13:35:14","modified_gmt":"2024-01-02T13:35:14","slug":"job-search-tracking","status":"publish","type":"product","link":"https:\/\/sales-ai-agents.com\/tr\/templates\/job-search-tracking\/","title":{"rendered":"\u0130\u015f Arama Takibi"},"content":{"rendered":"<p>&nbsp;<\/p>\n<h2>\u0130\u015f Arama Takip \u015eablonu<\/h2>\n<p class=\"desc-text\">\u0130\u015f ba\u015fvurusunda bulunmak birka\u00e7 ba\u015fvuru ve birden fazla i\u015f g\u00f6r\u00fc\u015fmesi turunu i\u00e7erebilir. S\u00fcreci yap\u0131land\u0131r\u0131lm\u0131\u015f tutmak i\u00e7in, \u00f6nemli i\u015f arama bilgileri i\u00e7in bu \u015fablondan yararlan\u0131n. A\u00e7\u0131k rolleri ve ba\u015fvurular\u0131 takip edin ve \u015firket ve pozisyon hakk\u0131nda ana ayr\u0131nt\u0131lar i\u00e7in tabloyu kullan\u0131n.<\/p>\n<h5>Nas\u0131l kullan\u0131l\u0131r?<\/h5>\n<ul class=\"desc-item_list\">\n<li class=\"desc-item_list__point\">\u0130\u015fe al\u0131m s\u00fcre\u00e7lerine ili\u015fkin notlar ekleyin<\/li>\n<li class=\"desc-item_list__point\">\u015eirket boyutunu ve giri\u015f konumunu se\u00e7in<\/li>\n<li class=\"desc-item_list__point\">\u00d6nemli ba\u011flant\u0131lar ekleyin<\/li>\n<li class=\"desc-item_list__point\">Takipleri izlemek i\u00e7in kullan\u0131\u015fl\u0131 bir onay kutusu kullan\u0131n<\/li>\n<\/ul>\n","protected":false},"excerpt":{"rendered":"<p>\u00d6nemli i\u015f arama bilgileri i\u00e7in bu \u00fccretsiz \u015fablonu kullan\u0131n. Sizin i\u00e7in do\u011fru i\u015fi se\u00e7mek i\u00e7in nereye ba\u015fvuru g\u00f6nderdi\u011finizi ve hangi m\u00fclakatlar\u0131 ge\u00e7ti\u011finizi takip edin.<\/p>\n","protected":false},"featured_media":58791,"template":"","meta":{"_acf_changed":false,"inline_featured_image":false},"product_brand":[],"product_cat":[266,267],"product_tag":[],"class_list":{"0":"post-58790","1":"product","2":"type-product","3":"status-publish","4":"has-post-thumbnail","6":"product_cat-personal-work","7":"product_cat-student","9":"first","10":"instock","11":"virtual","12":"sold-individually","13":"product-type-simple"},"acf":[],"yoast_head":"<!-- This site is optimized with the Yoast SEO plugin v25.3.1 - https:\/\/yoast.com\/wordpress\/plugins\/seo\/ -->\n<title>\u0130\u015f Arama Takip \u015eablonu - Sales AI Agents<\/title>\n<meta name=\"description\" content=\"\u00d6nemli i\u015f arama bilgileri i\u00e7in bu \u00fccretsiz \u015fablonu kullan\u0131n. Nimbus ile nereye ba\u015fvuru g\u00f6nderdi\u011finizi ve hangi m\u00fclakatlar\u0131 ge\u00e7ti\u011finizi takip edin!\" \/>\n<meta name=\"robots\" content=\"index, follow, max-snippet:-1, max-image-preview:large, max-video-preview:-1\" \/>\n<link rel=\"canonical\" href=\"https:\/\/sales-ai-agents.com\/tr\/templates\/job-search-tracking\/\" \/>\n<meta property=\"og:locale\" content=\"tr_TR\" \/>\n<meta property=\"og:type\" content=\"article\" \/>\n<meta property=\"og:title\" content=\"\u0130\u015f Arama Takip \u015eablonu - Sales AI Agents\" \/>\n<meta property=\"og:description\" content=\"\u00d6nemli i\u015f arama bilgileri i\u00e7in bu \u00fccretsiz \u015fablonu kullan\u0131n. Nimbus ile nereye ba\u015fvuru g\u00f6nderdi\u011finizi ve hangi m\u00fclakatlar\u0131 ge\u00e7ti\u011finizi takip edin!\" \/>\n<meta property=\"og:url\" content=\"https:\/\/sales-ai-agents.com\/tr\/templates\/job-search-tracking\/\" \/>\n<meta property=\"og:site_name\" content=\"Sales AI Agents\" \/>\n<meta property=\"article:modified_time\" content=\"2024-01-02T13:35:14+00:00\" \/>\n<meta property=\"og:image\" content=\"https:\/\/sales-ai-agents.com\/wp-content\/uploads\/2023\/01\/image-preview115529.png\" \/>\n\t<meta property=\"og:image:width\" content=\"1078\" \/>\n\t<meta property=\"og:image:height\" content=\"760\" \/>\n\t<meta property=\"og:image:type\" content=\"image\/png\" \/>\n<meta name=\"twitter:card\" content=\"summary_large_image\" \/>\n<script type=\"application\/ld+json\" class=\"yoast-schema-graph\">{\"@context\":\"https:\/\/schema.org\",\"@graph\":[{\"@type\":\"WebPage\",\"@id\":\"https:\/\/sales-ai-agents.com\/tr\/templates\/job-search-tracking\/\",\"url\":\"https:\/\/sales-ai-agents.com\/tr\/templates\/job-search-tracking\/\",\"name\":\"\u0130\u015f Arama Takip \u015eablonu - Sales AI Agents\",\"isPartOf\":{\"@id\":\"https:\/\/sales-ai-agents.com\/#website\"},\"primaryImageOfPage\":{\"@id\":\"https:\/\/sales-ai-agents.com\/tr\/templates\/job-search-tracking\/#primaryimage\"},\"image\":{\"@id\":\"https:\/\/sales-ai-agents.com\/tr\/templates\/job-search-tracking\/#primaryimage\"},\"thumbnailUrl\":\"https:\/\/sales-ai-agents.com\/wp-content\/uploads\/2023\/01\/image-preview115529.png\",\"datePublished\":\"2022-09-23T13:49:20+00:00\",\"dateModified\":\"2024-01-02T13:35:14+00:00\",\"description\":\"\u00d6nemli i\u015f arama bilgileri i\u00e7in bu \u00fccretsiz \u015fablonu kullan\u0131n. Nimbus ile nereye ba\u015fvuru g\u00f6nderdi\u011finizi ve hangi m\u00fclakatlar\u0131 ge\u00e7ti\u011finizi takip edin!\",\"inLanguage\":\"tr\",\"potentialAction\":[{\"@type\":\"ReadAction\",\"target\":[\"https:\/\/sales-ai-agents.com\/tr\/templates\/job-search-tracking\/\"]}]},{\"@type\":\"ImageObject\",\"inLanguage\":\"tr\",\"@id\":\"https:\/\/sales-ai-agents.com\/tr\/templates\/job-search-tracking\/#primaryimage\",\"url\":\"https:\/\/sales-ai-agents.com\/wp-content\/uploads\/2023\/01\/image-preview115529.png\",\"contentUrl\":\"https:\/\/sales-ai-agents.com\/wp-content\/uploads\/2023\/01\/image-preview115529.png\",\"width\":1078,\"height\":760},{\"@type\":\"WebSite\",\"@id\":\"https:\/\/sales-ai-agents.com\/#website\",\"url\":\"https:\/\/sales-ai-agents.com\/\",\"name\":\"FuseBase\",\"description\":\"Sales AI Agents - Free Online Collaboration Software for Remote Teams. Build your wikis, client portals and more with the Nimbus Platform collaboration tool ? A perfect space for online work\",\"publisher\":{\"@id\":\"https:\/\/sales-ai-agents.com\/#organization\"},\"potentialAction\":[{\"@type\":\"SearchAction\",\"target\":{\"@type\":\"EntryPoint\",\"urlTemplate\":\"https:\/\/sales-ai-agents.com\/?s={search_term_string}\"},\"query-input\":{\"@type\":\"PropertyValueSpecification\",\"valueRequired\":true,\"valueName\":\"search_term_string\"}}],\"inLanguage\":\"tr\"},{\"@type\":\"Organization\",\"@id\":\"https:\/\/sales-ai-agents.com\/#organization\",\"name\":\"FuseBase\",\"url\":\"https:\/\/sales-ai-agents.com\/\",\"logo\":{\"@type\":\"ImageObject\",\"inLanguage\":\"tr\",\"@id\":\"https:\/\/sales-ai-agents.com\/#\/schema\/logo\/image\/\",\"url\":\"https:\/\/sales-ai-agents.com\/wp-content\/uploads\/2023\/11\/icon-7.svg\",\"contentUrl\":\"https:\/\/sales-ai-agents.com\/wp-content\/uploads\/2023\/11\/icon-7.svg\",\"width\":128,\"height\":128,\"caption\":\"FuseBase\"},\"image\":{\"@id\":\"https:\/\/sales-ai-agents.com\/#\/schema\/logo\/image\/\"}}]}<\/script>\n<!-- \/ Yoast SEO plugin. -->","yoast_head_json":{"title":"\u0130\u015f Arama Takip \u015eablonu - Sales AI Agents","description":"\u00d6nemli i\u015f arama bilgileri i\u00e7in bu \u00fccretsiz \u015fablonu kullan\u0131n. Nimbus ile nereye ba\u015fvuru g\u00f6nderdi\u011finizi ve hangi m\u00fclakatlar\u0131 ge\u00e7ti\u011finizi takip edin!","robots":{"index":"index","follow":"follow","max-snippet":"max-snippet:-1","max-image-preview":"max-image-preview:large","max-video-preview":"max-video-preview:-1"},"canonical":"https:\/\/sales-ai-agents.com\/tr\/templates\/job-search-tracking\/","og_locale":"tr_TR","og_type":"article","og_title":"\u0130\u015f Arama Takip \u015eablonu - Sales AI Agents","og_description":"\u00d6nemli i\u015f arama bilgileri i\u00e7in bu \u00fccretsiz \u015fablonu kullan\u0131n. Nimbus ile nereye ba\u015fvuru g\u00f6nderdi\u011finizi ve hangi m\u00fclakatlar\u0131 ge\u00e7ti\u011finizi takip edin!","og_url":"https:\/\/sales-ai-agents.com\/tr\/templates\/job-search-tracking\/","og_site_name":"Sales AI Agents","article_modified_time":"2024-01-02T13:35:14+00:00","og_image":[{"width":1078,"height":760,"url":"https:\/\/sales-ai-agents.com\/wp-content\/uploads\/2023\/01\/image-preview115529.png","type":"image\/png"}],"twitter_card":"summary_large_image","schema":{"@context":"https:\/\/schema.org","@graph":[{"@type":"WebPage","@id":"https:\/\/sales-ai-agents.com\/tr\/templates\/job-search-tracking\/","url":"https:\/\/sales-ai-agents.com\/tr\/templates\/job-search-tracking\/","name":"\u0130\u015f Arama Takip \u015eablonu - Sales AI Agents","isPartOf":{"@id":"https:\/\/sales-ai-agents.com\/#website"},"primaryImageOfPage":{"@id":"https:\/\/sales-ai-agents.com\/tr\/templates\/job-search-tracking\/#primaryimage"},"image":{"@id":"https:\/\/sales-ai-agents.com\/tr\/templates\/job-search-tracking\/#primaryimage"},"thumbnailUrl":"https:\/\/sales-ai-agents.com\/wp-content\/uploads\/2023\/01\/image-preview115529.png","datePublished":"2022-09-23T13:49:20+00:00","dateModified":"2024-01-02T13:35:14+00:00","description":"\u00d6nemli i\u015f arama bilgileri i\u00e7in bu \u00fccretsiz \u015fablonu kullan\u0131n. Nimbus ile nereye ba\u015fvuru g\u00f6nderdi\u011finizi ve hangi m\u00fclakatlar\u0131 ge\u00e7ti\u011finizi takip edin!","inLanguage":"tr","potentialAction":[{"@type":"ReadAction","target":["https:\/\/sales-ai-agents.com\/tr\/templates\/job-search-tracking\/"]}]},{"@type":"ImageObject","inLanguage":"tr","@id":"https:\/\/sales-ai-agents.com\/tr\/templates\/job-search-tracking\/#primaryimage","url":"https:\/\/sales-ai-agents.com\/wp-content\/uploads\/2023\/01\/image-preview115529.png","contentUrl":"https:\/\/sales-ai-agents.com\/wp-content\/uploads\/2023\/01\/image-preview115529.png","width":1078,"height":760},{"@type":"WebSite","@id":"https:\/\/sales-ai-agents.com\/#website","url":"https:\/\/sales-ai-agents.com\/","name":"FuseBase","description":"Sales AI Agents - Free Online Collaboration Software for Remote Teams. Build your wikis, client portals and more with the Nimbus Platform collaboration tool ? A perfect space for online work","publisher":{"@id":"https:\/\/sales-ai-agents.com\/#organization"},"potentialAction":[{"@type":"SearchAction","target":{"@type":"EntryPoint","urlTemplate":"https:\/\/sales-ai-agents.com\/?s={search_term_string}"},"query-input":{"@type":"PropertyValueSpecification","valueRequired":true,"valueName":"search_term_string"}}],"inLanguage":"tr"},{"@type":"Organization","@id":"https:\/\/sales-ai-agents.com\/#organization","name":"FuseBase","url":"https:\/\/sales-ai-agents.com\/","logo":{"@type":"ImageObject","inLanguage":"tr","@id":"https:\/\/sales-ai-agents.com\/#\/schema\/logo\/image\/","url":"https:\/\/sales-ai-agents.com\/wp-content\/uploads\/2023\/11\/icon-7.svg","contentUrl":"https:\/\/sales-ai-agents.com\/wp-content\/uploads\/2023\/11\/icon-7.svg","width":128,"height":128,"caption":"FuseBase"},"image":{"@id":"https:\/\/sales-ai-agents.com\/#\/schema\/logo\/image\/"}}]}},"_links":{"self":[{"href":"https:\/\/sales-ai-agents.com\/tr\/wp-json\/wp\/v2\/product\/58790","targetHints":{"allow":["GET"]}}],"collection":[{"href":"https:\/\/sales-ai-agents.com\/tr\/wp-json\/wp\/v2\/product"}],"about":[{"href":"https:\/\/sales-ai-agents.com\/tr\/wp-json\/wp\/v2\/types\/product"}],"wp:featuredmedia":[{"embeddable":true,"href":"https:\/\/sales-ai-agents.com\/tr\/wp-json\/wp\/v2\/media\/58791"}],"wp:attachment":[{"href":"https:\/\/sales-ai-agents.com\/tr\/wp-json\/wp\/v2\/media?parent=58790"}],"wp:term":[{"taxonomy":"product_brand","embeddable":true,"href":"https:\/\/sales-ai-agents.com\/tr\/wp-json\/wp\/v2\/product_brand?post=58790"},{"taxonomy":"product_cat","embeddable":true,"href":"https:\/\/sales-ai-agents.com\/tr\/wp-json\/wp\/v2\/product_cat?post=58790"},{"taxonomy":"product_tag","embeddable":true,"href":"https:\/\/sales-ai-agents.com\/tr\/wp-json\/wp\/v2\/product_tag?post=58790"}],"curies":[{"name":"wp","href":"https:\/\/api.w.org\/{rel}","templated":true}]}}