{"id":58793,"date":"2022-09-23T13:49:18","date_gmt":"2022-09-23T13:49:18","guid":{"rendered":"https:\/\/sales-ai-agents.com\/templates\/agile-retrospective\/"},"modified":"2023-12-31T18:02:29","modified_gmt":"2023-12-31T18:02:29","slug":"agile-retrospective","status":"publish","type":"product","link":"https:\/\/sales-ai-agents.com\/tr\/templates\/agile-retrospective\/","title":{"rendered":"\u00c7evik Retrospektif"},"content":{"rendered":"<p>&nbsp;<\/p>\n<h2>\u00c7evik Retrospektif \u015eablonu<\/h2>\n<p class=\"desc-text\">Bu \u015fablon, \u00e7evik ekiplerin projelerinde nelerin i\u015fe yarad\u0131\u011f\u0131n\u0131 takip etmeleri i\u00e7in kullan\u0131labilir. Buna ek olarak, neyin etkili olmad\u0131\u011f\u0131n\u0131 kaydedin ve ekibinizin ne \u00f6\u011frendi\u011fine dair bilgileri ekleyin. En altta, harika bir i\u015f i\u00e7in ekibinizi kutlamak ve \u00f6zel olarak bahsetmek i\u00e7in bir b\u00f6l\u00fcm var.<\/p>\n<h5>Nas\u0131l kullan\u0131l\u0131r?<\/h5>\n<ul class=\"desc-item_list\">\n<li class=\"desc-item_list__point\">Etiket ekibi \u00fcyeleri<\/li>\n<li class=\"desc-item_list__point\">Projenin nas\u0131l gitti\u011fini d\u00fc\u015f\u00fcn\u00fcn<\/li>\n<li class=\"desc-item_list__point\">Neyin etkili oldu\u011fu ve neyin i\u015fe yaramad\u0131\u011f\u0131 hakk\u0131nda ayr\u0131nt\u0131lar\u0131 doldurun<\/li>\n<li class=\"desc-item_list__point\">\u00c7\u0131kar\u0131lan \u00f6nemli dersleri dahil edin<\/li>\n<li class=\"desc-item_list__point\">Ekip \u00fcyelerini tebrik edin ve ba\u015far\u0131lar\u0131n\u0131 kutlay\u0131n<\/li>\n<\/ul>\n","protected":false},"excerpt":{"rendered":"<p>\u00c7evik sistem \u00fczerinde \u00e7al\u0131\u015f\u0131yorsan\u0131z &#8211; projelerinizi takip etmek i\u00e7in bu \u015fablonu kullan\u0131n T\u00fcm sonu\u00e7lar\u0131 ve retrospektif i\u00e7in t\u00fcm bilgileri kaydedin!<\/p>\n","protected":false},"featured_media":58794,"template":"","meta":{"_acf_changed":false,"inline_featured_image":false},"product_brand":[],"product_cat":[256,278,231],"product_tag":[],"class_list":{"0":"post-58793","1":"product","2":"type-product","3":"status-publish","4":"has-post-thumbnail","6":"product_cat-organizers-planners","7":"product_cat-programmer-engineer","8":"product_cat-project-management","9":"collections-team","11":"first","12":"instock","13":"virtual","14":"sold-individually","15":"product-type-simple"},"acf":[],"yoast_head":"<!-- This site is optimized with the Yoast SEO plugin v25.3.1 - https:\/\/yoast.com\/wordpress\/plugins\/seo\/ -->\n<title>\u00c7evik Retrospektif \u015eablonu - Sales AI Agents<\/title>\n<meta name=\"description\" content=\"\u00c7evik sistem \u00fczerinde \u00e7al\u0131\u015f\u0131yorsan\u0131z - projelerinizi takip etmek i\u00e7in bu \u015fablonu kullan\u0131n T\u00fcm sonu\u00e7lar\u0131 ve retrospektif i\u00e7in t\u00fcm bilgileri kaydedin!\" \/>\n<meta name=\"robots\" content=\"index, follow, max-snippet:-1, max-image-preview:large, max-video-preview:-1\" \/>\n<link rel=\"canonical\" href=\"https:\/\/sales-ai-agents.com\/tr\/templates\/agile-retrospective\/\" \/>\n<meta property=\"og:locale\" content=\"tr_TR\" \/>\n<meta property=\"og:type\" content=\"article\" \/>\n<meta property=\"og:title\" content=\"\u00c7evik Retrospektif \u015eablonu - Sales AI Agents\" \/>\n<meta property=\"og:description\" content=\"\u00c7evik sistem \u00fczerinde \u00e7al\u0131\u015f\u0131yorsan\u0131z - projelerinizi takip etmek i\u00e7in bu \u015fablonu kullan\u0131n T\u00fcm sonu\u00e7lar\u0131 ve retrospektif i\u00e7in t\u00fcm bilgileri kaydedin!\" \/>\n<meta property=\"og:url\" content=\"https:\/\/sales-ai-agents.com\/tr\/templates\/agile-retrospective\/\" \/>\n<meta property=\"og:site_name\" content=\"Sales AI Agents\" \/>\n<meta property=\"article:modified_time\" content=\"2023-12-31T18:02:29+00:00\" \/>\n<meta property=\"og:image\" content=\"https:\/\/sales-ai-agents.com\/wp-content\/uploads\/2023\/01\/image-preview115120.png\" \/>\n\t<meta property=\"og:image:width\" content=\"1078\" \/>\n\t<meta property=\"og:image:height\" content=\"760\" \/>\n\t<meta property=\"og:image:type\" content=\"image\/png\" \/>\n<meta name=\"twitter:card\" content=\"summary_large_image\" \/>\n<script type=\"application\/ld+json\" class=\"yoast-schema-graph\">{\"@context\":\"https:\/\/schema.org\",\"@graph\":[{\"@type\":\"WebPage\",\"@id\":\"https:\/\/sales-ai-agents.com\/tr\/templates\/agile-retrospective\/\",\"url\":\"https:\/\/sales-ai-agents.com\/tr\/templates\/agile-retrospective\/\",\"name\":\"\u00c7evik Retrospektif \u015eablonu - Sales AI Agents\",\"isPartOf\":{\"@id\":\"https:\/\/sales-ai-agents.com\/#website\"},\"primaryImageOfPage\":{\"@id\":\"https:\/\/sales-ai-agents.com\/tr\/templates\/agile-retrospective\/#primaryimage\"},\"image\":{\"@id\":\"https:\/\/sales-ai-agents.com\/tr\/templates\/agile-retrospective\/#primaryimage\"},\"thumbnailUrl\":\"https:\/\/sales-ai-agents.com\/wp-content\/uploads\/2023\/01\/image-preview115120.png\",\"datePublished\":\"2022-09-23T13:49:18+00:00\",\"dateModified\":\"2023-12-31T18:02:29+00:00\",\"description\":\"\u00c7evik sistem \u00fczerinde \u00e7al\u0131\u015f\u0131yorsan\u0131z - projelerinizi takip etmek i\u00e7in bu \u015fablonu kullan\u0131n T\u00fcm sonu\u00e7lar\u0131 ve retrospektif i\u00e7in t\u00fcm bilgileri kaydedin!\",\"inLanguage\":\"tr\",\"potentialAction\":[{\"@type\":\"ReadAction\",\"target\":[\"https:\/\/sales-ai-agents.com\/tr\/templates\/agile-retrospective\/\"]}]},{\"@type\":\"ImageObject\",\"inLanguage\":\"tr\",\"@id\":\"https:\/\/sales-ai-agents.com\/tr\/templates\/agile-retrospective\/#primaryimage\",\"url\":\"https:\/\/sales-ai-agents.com\/wp-content\/uploads\/2023\/01\/image-preview115120.png\",\"contentUrl\":\"https:\/\/sales-ai-agents.com\/wp-content\/uploads\/2023\/01\/image-preview115120.png\",\"width\":1078,\"height\":760},{\"@type\":\"WebSite\",\"@id\":\"https:\/\/sales-ai-agents.com\/#website\",\"url\":\"https:\/\/sales-ai-agents.com\/\",\"name\":\"FuseBase\",\"description\":\"Sales AI Agents - Free Online Collaboration Software for Remote Teams. Build your wikis, client portals and more with the Nimbus Platform collaboration tool ? A perfect space for online work\",\"publisher\":{\"@id\":\"https:\/\/sales-ai-agents.com\/#organization\"},\"potentialAction\":[{\"@type\":\"SearchAction\",\"target\":{\"@type\":\"EntryPoint\",\"urlTemplate\":\"https:\/\/sales-ai-agents.com\/?s={search_term_string}\"},\"query-input\":{\"@type\":\"PropertyValueSpecification\",\"valueRequired\":true,\"valueName\":\"search_term_string\"}}],\"inLanguage\":\"tr\"},{\"@type\":\"Organization\",\"@id\":\"https:\/\/sales-ai-agents.com\/#organization\",\"name\":\"FuseBase\",\"url\":\"https:\/\/sales-ai-agents.com\/\",\"logo\":{\"@type\":\"ImageObject\",\"inLanguage\":\"tr\",\"@id\":\"https:\/\/sales-ai-agents.com\/#\/schema\/logo\/image\/\",\"url\":\"https:\/\/sales-ai-agents.com\/wp-content\/uploads\/2023\/11\/icon-7.svg\",\"contentUrl\":\"https:\/\/sales-ai-agents.com\/wp-content\/uploads\/2023\/11\/icon-7.svg\",\"width\":128,\"height\":128,\"caption\":\"FuseBase\"},\"image\":{\"@id\":\"https:\/\/sales-ai-agents.com\/#\/schema\/logo\/image\/\"}}]}<\/script>\n<!-- \/ Yoast SEO plugin. -->","yoast_head_json":{"title":"\u00c7evik Retrospektif \u015eablonu - Sales AI Agents","description":"\u00c7evik sistem \u00fczerinde \u00e7al\u0131\u015f\u0131yorsan\u0131z - projelerinizi takip etmek i\u00e7in bu \u015fablonu kullan\u0131n T\u00fcm sonu\u00e7lar\u0131 ve retrospektif i\u00e7in t\u00fcm bilgileri kaydedin!","robots":{"index":"index","follow":"follow","max-snippet":"max-snippet:-1","max-image-preview":"max-image-preview:large","max-video-preview":"max-video-preview:-1"},"canonical":"https:\/\/sales-ai-agents.com\/tr\/templates\/agile-retrospective\/","og_locale":"tr_TR","og_type":"article","og_title":"\u00c7evik Retrospektif \u015eablonu - Sales AI Agents","og_description":"\u00c7evik sistem \u00fczerinde \u00e7al\u0131\u015f\u0131yorsan\u0131z - projelerinizi takip etmek i\u00e7in bu \u015fablonu kullan\u0131n T\u00fcm sonu\u00e7lar\u0131 ve retrospektif i\u00e7in t\u00fcm bilgileri kaydedin!","og_url":"https:\/\/sales-ai-agents.com\/tr\/templates\/agile-retrospective\/","og_site_name":"Sales AI Agents","article_modified_time":"2023-12-31T18:02:29+00:00","og_image":[{"width":1078,"height":760,"url":"https:\/\/sales-ai-agents.com\/wp-content\/uploads\/2023\/01\/image-preview115120.png","type":"image\/png"}],"twitter_card":"summary_large_image","schema":{"@context":"https:\/\/schema.org","@graph":[{"@type":"WebPage","@id":"https:\/\/sales-ai-agents.com\/tr\/templates\/agile-retrospective\/","url":"https:\/\/sales-ai-agents.com\/tr\/templates\/agile-retrospective\/","name":"\u00c7evik Retrospektif \u015eablonu - Sales AI Agents","isPartOf":{"@id":"https:\/\/sales-ai-agents.com\/#website"},"primaryImageOfPage":{"@id":"https:\/\/sales-ai-agents.com\/tr\/templates\/agile-retrospective\/#primaryimage"},"image":{"@id":"https:\/\/sales-ai-agents.com\/tr\/templates\/agile-retrospective\/#primaryimage"},"thumbnailUrl":"https:\/\/sales-ai-agents.com\/wp-content\/uploads\/2023\/01\/image-preview115120.png","datePublished":"2022-09-23T13:49:18+00:00","dateModified":"2023-12-31T18:02:29+00:00","description":"\u00c7evik sistem \u00fczerinde \u00e7al\u0131\u015f\u0131yorsan\u0131z - projelerinizi takip etmek i\u00e7in bu \u015fablonu kullan\u0131n T\u00fcm sonu\u00e7lar\u0131 ve retrospektif i\u00e7in t\u00fcm bilgileri kaydedin!","inLanguage":"tr","potentialAction":[{"@type":"ReadAction","target":["https:\/\/sales-ai-agents.com\/tr\/templates\/agile-retrospective\/"]}]},{"@type":"ImageObject","inLanguage":"tr","@id":"https:\/\/sales-ai-agents.com\/tr\/templates\/agile-retrospective\/#primaryimage","url":"https:\/\/sales-ai-agents.com\/wp-content\/uploads\/2023\/01\/image-preview115120.png","contentUrl":"https:\/\/sales-ai-agents.com\/wp-content\/uploads\/2023\/01\/image-preview115120.png","width":1078,"height":760},{"@type":"WebSite","@id":"https:\/\/sales-ai-agents.com\/#website","url":"https:\/\/sales-ai-agents.com\/","name":"FuseBase","description":"Sales AI Agents - Free Online Collaboration Software for Remote Teams. Build your wikis, client portals and more with the Nimbus Platform collaboration tool ? A perfect space for online work","publisher":{"@id":"https:\/\/sales-ai-agents.com\/#organization"},"potentialAction":[{"@type":"SearchAction","target":{"@type":"EntryPoint","urlTemplate":"https:\/\/sales-ai-agents.com\/?s={search_term_string}"},"query-input":{"@type":"PropertyValueSpecification","valueRequired":true,"valueName":"search_term_string"}}],"inLanguage":"tr"},{"@type":"Organization","@id":"https:\/\/sales-ai-agents.com\/#organization","name":"FuseBase","url":"https:\/\/sales-ai-agents.com\/","logo":{"@type":"ImageObject","inLanguage":"tr","@id":"https:\/\/sales-ai-agents.com\/#\/schema\/logo\/image\/","url":"https:\/\/sales-ai-agents.com\/wp-content\/uploads\/2023\/11\/icon-7.svg","contentUrl":"https:\/\/sales-ai-agents.com\/wp-content\/uploads\/2023\/11\/icon-7.svg","width":128,"height":128,"caption":"FuseBase"},"image":{"@id":"https:\/\/sales-ai-agents.com\/#\/schema\/logo\/image\/"}}]}},"_links":{"self":[{"href":"https:\/\/sales-ai-agents.com\/tr\/wp-json\/wp\/v2\/product\/58793","targetHints":{"allow":["GET"]}}],"collection":[{"href":"https:\/\/sales-ai-agents.com\/tr\/wp-json\/wp\/v2\/product"}],"about":[{"href":"https:\/\/sales-ai-agents.com\/tr\/wp-json\/wp\/v2\/types\/product"}],"wp:featuredmedia":[{"embeddable":true,"href":"https:\/\/sales-ai-agents.com\/tr\/wp-json\/wp\/v2\/media\/58794"}],"wp:attachment":[{"href":"https:\/\/sales-ai-agents.com\/tr\/wp-json\/wp\/v2\/media?parent=58793"}],"wp:term":[{"taxonomy":"product_brand","embeddable":true,"href":"https:\/\/sales-ai-agents.com\/tr\/wp-json\/wp\/v2\/product_brand?post=58793"},{"taxonomy":"product_cat","embeddable":true,"href":"https:\/\/sales-ai-agents.com\/tr\/wp-json\/wp\/v2\/product_cat?post=58793"},{"taxonomy":"product_tag","embeddable":true,"href":"https:\/\/sales-ai-agents.com\/tr\/wp-json\/wp\/v2\/product_tag?post=58793"}],"curies":[{"name":"wp","href":"https:\/\/api.w.org\/{rel}","templated":true}]}}