{"id":58798,"date":"2022-09-23T13:49:15","date_gmt":"2022-09-23T13:49:15","guid":{"rendered":"https:\/\/sales-ai-agents.com\/templates\/goals-signals-and-measures\/"},"modified":"2023-12-26T15:43:43","modified_gmt":"2023-12-26T15:43:43","slug":"goals-signals-and-measures","status":"publish","type":"product","link":"https:\/\/sales-ai-agents.com\/tr\/templates\/goals-signals-and-measures\/","title":{"rendered":"Hedefler, Sinyaller ve \u00d6nlemler"},"content":{"rendered":"<p>&nbsp;<\/p>\n<h2>Hedefler, Sinyaller ve \u00d6nlemler \u015eablonu<\/h2>\n<p class=\"desc-text\">Etkili bir planlama yapmak i\u00e7in hedefler belirleyebilir, sinyalleri tan\u0131mlayabilir ve ilerlemeyi \u00f6l\u00e7mek i\u00e7in metrikler olu\u015fturabilirsiniz. Bu \u015fablon, ekibiniz i\u00e7in daha b\u00fcy\u00fck hedeflere odaklanman\u0131za yard\u0131mc\u0131 olur. Bu hedefleri akl\u0131n\u0131zda tutarak, sizi hedeflerinize yakla\u015ft\u0131racak sinyallerin haritas\u0131n\u0131 \u00e7\u0131karabilirsiniz. Belirli sinyalleri ve \u00f6l\u00e7\u00fcmleri hedefleyerek daha b\u00fcy\u00fck, kapsay\u0131c\u0131 hedeflerinize ula\u015ft\u0131\u011f\u0131n\u0131zdan emin olabilirsiniz.<\/p>\n<h5>Nas\u0131l kullan\u0131l\u0131r?<\/h5>\n<ul class=\"desc-item_list\">\n<li class=\"desc-item_list__point\">Projeniz i\u00e7in yol g\u00f6sterici bir ilke belirleyin<\/li>\n<li class=\"desc-item_list__point\">Ula\u015fmak istedi\u011finiz hedefleri belirleyin<\/li>\n<li class=\"desc-item_list__point\">Ekip \u00fcyeleriyle beyin f\u0131rt\u0131nas\u0131<\/li>\n<li class=\"desc-item_list__point\">Ba\u015far\u0131lar i\u00e7in sinyalleri listeleyin<\/li>\n<li class=\"desc-item_list__point\">Spesifik \u00f6l\u00e7\u00fcmler sa\u011flay\u0131n<\/li>\n<\/ul>\n","protected":false},"excerpt":{"rendered":"<p>Etkili bir planlama yapmak i\u00e7in hedefler belirleyebilir, sinyalleri tan\u0131mlayabilir ve ilerlemeyi \u00f6l\u00e7mek i\u00e7in metrikler olu\u015fturabilirsiniz. Bu \u015fablon daha b\u00fcy\u00fck hedeflere odaklanman\u0131za yard\u0131mc\u0131 olur.<\/p>\n","protected":false},"featured_media":58799,"template":"","meta":{"_acf_changed":false,"inline_featured_image":false},"product_brand":[],"product_cat":[250,262,231],"product_tag":[],"class_list":{"0":"post-58798","1":"product","2":"type-product","3":"status-publish","4":"has-post-thumbnail","6":"product_cat-marketing","7":"product_cat-marketing-strategy","8":"product_cat-project-management","10":"first","11":"instock","12":"virtual","13":"sold-individually","14":"product-type-simple"},"acf":[],"yoast_head":"<!-- This site is optimized with the Yoast SEO plugin v25.3.1 - https:\/\/yoast.com\/wordpress\/plugins\/seo\/ -->\n<title>Hedefler, Sinyaller ve Tedbirler \u015eablonu - Sales AI Agents<\/title>\n<meta name=\"description\" content=\"Etkili bir planlama yapmak i\u00e7in hedefler belirleyebilir, sinyalleri tan\u0131mlayabilir ve ilerlemeyi \u00f6l\u00e7mek i\u00e7in metrikler olu\u015fturabilirsiniz. Bu \u015fablon daha b\u00fcy\u00fck hedeflere odaklanman\u0131za yard\u0131mc\u0131 olur.\" \/>\n<meta name=\"robots\" content=\"index, follow, max-snippet:-1, max-image-preview:large, max-video-preview:-1\" \/>\n<link rel=\"canonical\" href=\"https:\/\/sales-ai-agents.com\/tr\/templates\/goals-signals-and-measures\/\" \/>\n<meta property=\"og:locale\" content=\"tr_TR\" \/>\n<meta property=\"og:type\" content=\"article\" \/>\n<meta property=\"og:title\" content=\"Hedefler, Sinyaller ve Tedbirler \u015eablonu - Sales AI Agents\" \/>\n<meta property=\"og:description\" content=\"Etkili bir planlama yapmak i\u00e7in hedefler belirleyebilir, sinyalleri tan\u0131mlayabilir ve ilerlemeyi \u00f6l\u00e7mek i\u00e7in metrikler olu\u015fturabilirsiniz. Bu \u015fablon daha b\u00fcy\u00fck hedeflere odaklanman\u0131za yard\u0131mc\u0131 olur.\" \/>\n<meta property=\"og:url\" content=\"https:\/\/sales-ai-agents.com\/tr\/templates\/goals-signals-and-measures\/\" \/>\n<meta property=\"og:site_name\" content=\"Sales AI Agents\" \/>\n<meta property=\"article:modified_time\" content=\"2023-12-26T15:43:43+00:00\" \/>\n<meta property=\"og:image\" content=\"https:\/\/sales-ai-agents.com\/wp-content\/uploads\/2022\/09\/Goals-Signals-and-Measures-Template.png\" \/>\n\t<meta property=\"og:image:width\" content=\"1700\" \/>\n\t<meta property=\"og:image:height\" content=\"1100\" \/>\n\t<meta property=\"og:image:type\" content=\"image\/png\" \/>\n<meta name=\"twitter:card\" content=\"summary_large_image\" \/>\n<script type=\"application\/ld+json\" class=\"yoast-schema-graph\">{\"@context\":\"https:\/\/schema.org\",\"@graph\":[{\"@type\":\"WebPage\",\"@id\":\"https:\/\/sales-ai-agents.com\/tr\/templates\/goals-signals-and-measures\/\",\"url\":\"https:\/\/sales-ai-agents.com\/tr\/templates\/goals-signals-and-measures\/\",\"name\":\"Hedefler, Sinyaller ve Tedbirler \u015eablonu - Sales AI Agents\",\"isPartOf\":{\"@id\":\"https:\/\/sales-ai-agents.com\/#website\"},\"primaryImageOfPage\":{\"@id\":\"https:\/\/sales-ai-agents.com\/tr\/templates\/goals-signals-and-measures\/#primaryimage\"},\"image\":{\"@id\":\"https:\/\/sales-ai-agents.com\/tr\/templates\/goals-signals-and-measures\/#primaryimage\"},\"thumbnailUrl\":\"https:\/\/sales-ai-agents.com\/wp-content\/uploads\/2022\/09\/Goals-Signals-and-Measures-Template.png\",\"datePublished\":\"2022-09-23T13:49:15+00:00\",\"dateModified\":\"2023-12-26T15:43:43+00:00\",\"description\":\"Etkili bir planlama yapmak i\u00e7in hedefler belirleyebilir, sinyalleri tan\u0131mlayabilir ve ilerlemeyi \u00f6l\u00e7mek i\u00e7in metrikler olu\u015fturabilirsiniz. Bu \u015fablon daha b\u00fcy\u00fck hedeflere odaklanman\u0131za yard\u0131mc\u0131 olur.\",\"inLanguage\":\"tr\",\"potentialAction\":[{\"@type\":\"ReadAction\",\"target\":[\"https:\/\/sales-ai-agents.com\/tr\/templates\/goals-signals-and-measures\/\"]}]},{\"@type\":\"ImageObject\",\"inLanguage\":\"tr\",\"@id\":\"https:\/\/sales-ai-agents.com\/tr\/templates\/goals-signals-and-measures\/#primaryimage\",\"url\":\"https:\/\/sales-ai-agents.com\/wp-content\/uploads\/2022\/09\/Goals-Signals-and-Measures-Template.png\",\"contentUrl\":\"https:\/\/sales-ai-agents.com\/wp-content\/uploads\/2022\/09\/Goals-Signals-and-Measures-Template.png\",\"width\":1700,\"height\":1100,\"caption\":\"To plan effectively, you can set goals, identify signals, and build metrics to measure progress.\"},{\"@type\":\"WebSite\",\"@id\":\"https:\/\/sales-ai-agents.com\/#website\",\"url\":\"https:\/\/sales-ai-agents.com\/\",\"name\":\"FuseBase\",\"description\":\"Sales AI Agents - Free Online Collaboration Software for Remote Teams. Build your wikis, client portals and more with the Nimbus Platform collaboration tool ? A perfect space for online work\",\"publisher\":{\"@id\":\"https:\/\/sales-ai-agents.com\/#organization\"},\"potentialAction\":[{\"@type\":\"SearchAction\",\"target\":{\"@type\":\"EntryPoint\",\"urlTemplate\":\"https:\/\/sales-ai-agents.com\/?s={search_term_string}\"},\"query-input\":{\"@type\":\"PropertyValueSpecification\",\"valueRequired\":true,\"valueName\":\"search_term_string\"}}],\"inLanguage\":\"tr\"},{\"@type\":\"Organization\",\"@id\":\"https:\/\/sales-ai-agents.com\/#organization\",\"name\":\"FuseBase\",\"url\":\"https:\/\/sales-ai-agents.com\/\",\"logo\":{\"@type\":\"ImageObject\",\"inLanguage\":\"tr\",\"@id\":\"https:\/\/sales-ai-agents.com\/#\/schema\/logo\/image\/\",\"url\":\"https:\/\/sales-ai-agents.com\/wp-content\/uploads\/2023\/11\/icon-7.svg\",\"contentUrl\":\"https:\/\/sales-ai-agents.com\/wp-content\/uploads\/2023\/11\/icon-7.svg\",\"width\":128,\"height\":128,\"caption\":\"FuseBase\"},\"image\":{\"@id\":\"https:\/\/sales-ai-agents.com\/#\/schema\/logo\/image\/\"}}]}<\/script>\n<!-- \/ Yoast SEO plugin. -->","yoast_head_json":{"title":"Hedefler, Sinyaller ve Tedbirler \u015eablonu - Sales AI Agents","description":"Etkili bir planlama yapmak i\u00e7in hedefler belirleyebilir, sinyalleri tan\u0131mlayabilir ve ilerlemeyi \u00f6l\u00e7mek i\u00e7in metrikler olu\u015fturabilirsiniz. Bu \u015fablon daha b\u00fcy\u00fck hedeflere odaklanman\u0131za yard\u0131mc\u0131 olur.","robots":{"index":"index","follow":"follow","max-snippet":"max-snippet:-1","max-image-preview":"max-image-preview:large","max-video-preview":"max-video-preview:-1"},"canonical":"https:\/\/sales-ai-agents.com\/tr\/templates\/goals-signals-and-measures\/","og_locale":"tr_TR","og_type":"article","og_title":"Hedefler, Sinyaller ve Tedbirler \u015eablonu - Sales AI Agents","og_description":"Etkili bir planlama yapmak i\u00e7in hedefler belirleyebilir, sinyalleri tan\u0131mlayabilir ve ilerlemeyi \u00f6l\u00e7mek i\u00e7in metrikler olu\u015fturabilirsiniz. Bu \u015fablon daha b\u00fcy\u00fck hedeflere odaklanman\u0131za yard\u0131mc\u0131 olur.","og_url":"https:\/\/sales-ai-agents.com\/tr\/templates\/goals-signals-and-measures\/","og_site_name":"Sales AI Agents","article_modified_time":"2023-12-26T15:43:43+00:00","og_image":[{"width":1700,"height":1100,"url":"https:\/\/sales-ai-agents.com\/wp-content\/uploads\/2022\/09\/Goals-Signals-and-Measures-Template.png","type":"image\/png"}],"twitter_card":"summary_large_image","schema":{"@context":"https:\/\/schema.org","@graph":[{"@type":"WebPage","@id":"https:\/\/sales-ai-agents.com\/tr\/templates\/goals-signals-and-measures\/","url":"https:\/\/sales-ai-agents.com\/tr\/templates\/goals-signals-and-measures\/","name":"Hedefler, Sinyaller ve Tedbirler \u015eablonu - Sales AI Agents","isPartOf":{"@id":"https:\/\/sales-ai-agents.com\/#website"},"primaryImageOfPage":{"@id":"https:\/\/sales-ai-agents.com\/tr\/templates\/goals-signals-and-measures\/#primaryimage"},"image":{"@id":"https:\/\/sales-ai-agents.com\/tr\/templates\/goals-signals-and-measures\/#primaryimage"},"thumbnailUrl":"https:\/\/sales-ai-agents.com\/wp-content\/uploads\/2022\/09\/Goals-Signals-and-Measures-Template.png","datePublished":"2022-09-23T13:49:15+00:00","dateModified":"2023-12-26T15:43:43+00:00","description":"Etkili bir planlama yapmak i\u00e7in hedefler belirleyebilir, sinyalleri tan\u0131mlayabilir ve ilerlemeyi \u00f6l\u00e7mek i\u00e7in metrikler olu\u015fturabilirsiniz. Bu \u015fablon daha b\u00fcy\u00fck hedeflere odaklanman\u0131za yard\u0131mc\u0131 olur.","inLanguage":"tr","potentialAction":[{"@type":"ReadAction","target":["https:\/\/sales-ai-agents.com\/tr\/templates\/goals-signals-and-measures\/"]}]},{"@type":"ImageObject","inLanguage":"tr","@id":"https:\/\/sales-ai-agents.com\/tr\/templates\/goals-signals-and-measures\/#primaryimage","url":"https:\/\/sales-ai-agents.com\/wp-content\/uploads\/2022\/09\/Goals-Signals-and-Measures-Template.png","contentUrl":"https:\/\/sales-ai-agents.com\/wp-content\/uploads\/2022\/09\/Goals-Signals-and-Measures-Template.png","width":1700,"height":1100,"caption":"To plan effectively, you can set goals, identify signals, and build metrics to measure progress."},{"@type":"WebSite","@id":"https:\/\/sales-ai-agents.com\/#website","url":"https:\/\/sales-ai-agents.com\/","name":"FuseBase","description":"Sales AI Agents - Free Online Collaboration Software for Remote Teams. Build your wikis, client portals and more with the Nimbus Platform collaboration tool ? A perfect space for online work","publisher":{"@id":"https:\/\/sales-ai-agents.com\/#organization"},"potentialAction":[{"@type":"SearchAction","target":{"@type":"EntryPoint","urlTemplate":"https:\/\/sales-ai-agents.com\/?s={search_term_string}"},"query-input":{"@type":"PropertyValueSpecification","valueRequired":true,"valueName":"search_term_string"}}],"inLanguage":"tr"},{"@type":"Organization","@id":"https:\/\/sales-ai-agents.com\/#organization","name":"FuseBase","url":"https:\/\/sales-ai-agents.com\/","logo":{"@type":"ImageObject","inLanguage":"tr","@id":"https:\/\/sales-ai-agents.com\/#\/schema\/logo\/image\/","url":"https:\/\/sales-ai-agents.com\/wp-content\/uploads\/2023\/11\/icon-7.svg","contentUrl":"https:\/\/sales-ai-agents.com\/wp-content\/uploads\/2023\/11\/icon-7.svg","width":128,"height":128,"caption":"FuseBase"},"image":{"@id":"https:\/\/sales-ai-agents.com\/#\/schema\/logo\/image\/"}}]}},"_links":{"self":[{"href":"https:\/\/sales-ai-agents.com\/tr\/wp-json\/wp\/v2\/product\/58798","targetHints":{"allow":["GET"]}}],"collection":[{"href":"https:\/\/sales-ai-agents.com\/tr\/wp-json\/wp\/v2\/product"}],"about":[{"href":"https:\/\/sales-ai-agents.com\/tr\/wp-json\/wp\/v2\/types\/product"}],"wp:featuredmedia":[{"embeddable":true,"href":"https:\/\/sales-ai-agents.com\/tr\/wp-json\/wp\/v2\/media\/58799"}],"wp:attachment":[{"href":"https:\/\/sales-ai-agents.com\/tr\/wp-json\/wp\/v2\/media?parent=58798"}],"wp:term":[{"taxonomy":"product_brand","embeddable":true,"href":"https:\/\/sales-ai-agents.com\/tr\/wp-json\/wp\/v2\/product_brand?post=58798"},{"taxonomy":"product_cat","embeddable":true,"href":"https:\/\/sales-ai-agents.com\/tr\/wp-json\/wp\/v2\/product_cat?post=58798"},{"taxonomy":"product_tag","embeddable":true,"href":"https:\/\/sales-ai-agents.com\/tr\/wp-json\/wp\/v2\/product_tag?post=58798"}],"curies":[{"name":"wp","href":"https:\/\/api.w.org\/{rel}","templated":true}]}}