{"id":58801,"date":"2022-09-23T13:49:12","date_gmt":"2022-09-23T13:49:12","guid":{"rendered":"https:\/\/sales-ai-agents.com\/templates\/decision-making-record\/"},"modified":"2023-12-27T19:47:30","modified_gmt":"2023-12-27T19:47:30","slug":"decision-making-record","status":"publish","type":"product","link":"https:\/\/sales-ai-agents.com\/tr\/templates\/decision-making-record\/","title":{"rendered":"Karar Alma Kayd\u0131"},"content":{"rendered":"<p>&nbsp;<\/p>\n<h2>Karar Verme Kayd\u0131 \u015eablonu<\/h2>\n<p class=\"desc-text\">B\u00fcy\u00fck bir karar vermeniz gerekiyorsa, art\u0131lar\u0131 ve eksileri tartmak size yard\u0131mc\u0131 olabilir. Bu \u015fablonu kullanarak bir karar\u0131n art\u0131lar\u0131n\u0131 ve eksilerini belirleyin ve her birine \u00f6nemine g\u00f6re bir de\u011fer atay\u0131n. Daha fazla yard\u0131ma ihtiyac\u0131n\u0131z varsa, sorununuz ve se\u00e7enekleriniz hakk\u0131nda verilen baz\u0131 sorular\u0131 yan\u0131tlay\u0131n. \u00c7\u00f6z\u00fcm\u00fcn sizin i\u00e7in do\u011fru olup olmad\u0131\u011f\u0131n\u0131 g\u00f6rmek i\u00e7in duygular\u0131n\u0131z\u0131 de\u011ferlendirin.<\/p>\n<h5>Nas\u0131l kullan\u0131l\u0131r?<\/h5>\n<ul class=\"desc-item_list\">\n<li class=\"desc-item_list__point\">Art\u0131lar\u0131 ve eksileri bir say\u0131 de\u011feri ile listeleyin<\/li>\n<li class=\"desc-item_list__point\">Her bir art\u0131, eksi ve de\u011feri toplay\u0131n<\/li>\n<li class=\"desc-item_list__point\">Sorun ve olas\u0131 kararlar \u00fczerine d\u00fc\u015f\u00fcnmek<\/li>\n<li class=\"desc-item_list__point\">Bir se\u00e7im yaparken duygular\u0131n\u0131za dikkat edin<\/li>\n<\/ul>\n","protected":false},"excerpt":{"rendered":"<p>\u00d6nemli bir karar vermek i\u00e7in art\u0131lar\u0131 ve eksileri tart\u0131n. Bu \u015fablonla art\u0131lar\u0131 ve eksileri belirleyin ve her bir noktaya \u00f6nemine g\u00f6re bir de\u011fer atay\u0131n.<\/p>\n","protected":false},"featured_media":58802,"template":"","meta":{"_acf_changed":false,"inline_featured_image":false},"product_brand":[],"product_cat":[218,231],"product_tag":[],"class_list":{"0":"post-58801","1":"product","2":"type-product","3":"status-publish","4":"has-post-thumbnail","6":"product_cat-operations","7":"product_cat-project-management","9":"first","10":"instock","11":"virtual","12":"sold-individually","13":"product-type-simple"},"acf":[],"yoast_head":"<!-- This site is optimized with the Yoast SEO plugin v25.3.1 - https:\/\/yoast.com\/wordpress\/plugins\/seo\/ -->\n<title>Karar Alma Tutana\u011f\u0131 \u015eablonu - Sales AI Agents<\/title>\n<meta name=\"description\" content=\"\u00d6nemli bir karar vermek i\u00e7in art\u0131lar\u0131 ve eksileri tart\u0131n. Bu \u015fablonla art\u0131lar\u0131 ve eksileri belirleyin ve her bir noktaya \u00f6nemine g\u00f6re bir de\u011fer atay\u0131n.\" \/>\n<meta name=\"robots\" content=\"index, follow, max-snippet:-1, max-image-preview:large, max-video-preview:-1\" \/>\n<link rel=\"canonical\" href=\"https:\/\/sales-ai-agents.com\/tr\/templates\/decision-making-record\/\" \/>\n<meta property=\"og:locale\" content=\"tr_TR\" \/>\n<meta property=\"og:type\" content=\"article\" \/>\n<meta property=\"og:title\" content=\"Karar Alma Tutana\u011f\u0131 \u015eablonu - Sales AI Agents\" \/>\n<meta property=\"og:description\" content=\"\u00d6nemli bir karar vermek i\u00e7in art\u0131lar\u0131 ve eksileri tart\u0131n. Bu \u015fablonla art\u0131lar\u0131 ve eksileri belirleyin ve her bir noktaya \u00f6nemine g\u00f6re bir de\u011fer atay\u0131n.\" \/>\n<meta property=\"og:url\" content=\"https:\/\/sales-ai-agents.com\/tr\/templates\/decision-making-record\/\" \/>\n<meta property=\"og:site_name\" content=\"Sales AI Agents\" \/>\n<meta property=\"article:modified_time\" content=\"2023-12-27T19:47:30+00:00\" \/>\n<meta property=\"og:image\" content=\"https:\/\/sales-ai-agents.com\/wp-content\/uploads\/2023\/01\/image-preview115115.png\" \/>\n\t<meta property=\"og:image:width\" content=\"1078\" \/>\n\t<meta property=\"og:image:height\" content=\"1585\" \/>\n\t<meta property=\"og:image:type\" content=\"image\/png\" \/>\n<meta name=\"twitter:card\" content=\"summary_large_image\" \/>\n<script type=\"application\/ld+json\" class=\"yoast-schema-graph\">{\"@context\":\"https:\/\/schema.org\",\"@graph\":[{\"@type\":\"WebPage\",\"@id\":\"https:\/\/sales-ai-agents.com\/tr\/templates\/decision-making-record\/\",\"url\":\"https:\/\/sales-ai-agents.com\/tr\/templates\/decision-making-record\/\",\"name\":\"Karar Alma Tutana\u011f\u0131 \u015eablonu - Sales AI Agents\",\"isPartOf\":{\"@id\":\"https:\/\/sales-ai-agents.com\/#website\"},\"primaryImageOfPage\":{\"@id\":\"https:\/\/sales-ai-agents.com\/tr\/templates\/decision-making-record\/#primaryimage\"},\"image\":{\"@id\":\"https:\/\/sales-ai-agents.com\/tr\/templates\/decision-making-record\/#primaryimage\"},\"thumbnailUrl\":\"https:\/\/sales-ai-agents.com\/wp-content\/uploads\/2023\/01\/image-preview115115.png\",\"datePublished\":\"2022-09-23T13:49:12+00:00\",\"dateModified\":\"2023-12-27T19:47:30+00:00\",\"description\":\"\u00d6nemli bir karar vermek i\u00e7in art\u0131lar\u0131 ve eksileri tart\u0131n. Bu \u015fablonla art\u0131lar\u0131 ve eksileri belirleyin ve her bir noktaya \u00f6nemine g\u00f6re bir de\u011fer atay\u0131n.\",\"inLanguage\":\"tr\",\"potentialAction\":[{\"@type\":\"ReadAction\",\"target\":[\"https:\/\/sales-ai-agents.com\/tr\/templates\/decision-making-record\/\"]}]},{\"@type\":\"ImageObject\",\"inLanguage\":\"tr\",\"@id\":\"https:\/\/sales-ai-agents.com\/tr\/templates\/decision-making-record\/#primaryimage\",\"url\":\"https:\/\/sales-ai-agents.com\/wp-content\/uploads\/2023\/01\/image-preview115115.png\",\"contentUrl\":\"https:\/\/sales-ai-agents.com\/wp-content\/uploads\/2023\/01\/image-preview115115.png\",\"width\":1078,\"height\":1585},{\"@type\":\"WebSite\",\"@id\":\"https:\/\/sales-ai-agents.com\/#website\",\"url\":\"https:\/\/sales-ai-agents.com\/\",\"name\":\"FuseBase\",\"description\":\"Sales AI Agents - Free Online Collaboration Software for Remote Teams. Build your wikis, client portals and more with the Nimbus Platform collaboration tool ? A perfect space for online work\",\"publisher\":{\"@id\":\"https:\/\/sales-ai-agents.com\/#organization\"},\"potentialAction\":[{\"@type\":\"SearchAction\",\"target\":{\"@type\":\"EntryPoint\",\"urlTemplate\":\"https:\/\/sales-ai-agents.com\/?s={search_term_string}\"},\"query-input\":{\"@type\":\"PropertyValueSpecification\",\"valueRequired\":true,\"valueName\":\"search_term_string\"}}],\"inLanguage\":\"tr\"},{\"@type\":\"Organization\",\"@id\":\"https:\/\/sales-ai-agents.com\/#organization\",\"name\":\"FuseBase\",\"url\":\"https:\/\/sales-ai-agents.com\/\",\"logo\":{\"@type\":\"ImageObject\",\"inLanguage\":\"tr\",\"@id\":\"https:\/\/sales-ai-agents.com\/#\/schema\/logo\/image\/\",\"url\":\"https:\/\/sales-ai-agents.com\/wp-content\/uploads\/2023\/11\/icon-7.svg\",\"contentUrl\":\"https:\/\/sales-ai-agents.com\/wp-content\/uploads\/2023\/11\/icon-7.svg\",\"width\":128,\"height\":128,\"caption\":\"FuseBase\"},\"image\":{\"@id\":\"https:\/\/sales-ai-agents.com\/#\/schema\/logo\/image\/\"}}]}<\/script>\n<!-- \/ Yoast SEO plugin. -->","yoast_head_json":{"title":"Karar Alma Tutana\u011f\u0131 \u015eablonu - Sales AI Agents","description":"\u00d6nemli bir karar vermek i\u00e7in art\u0131lar\u0131 ve eksileri tart\u0131n. Bu \u015fablonla art\u0131lar\u0131 ve eksileri belirleyin ve her bir noktaya \u00f6nemine g\u00f6re bir de\u011fer atay\u0131n.","robots":{"index":"index","follow":"follow","max-snippet":"max-snippet:-1","max-image-preview":"max-image-preview:large","max-video-preview":"max-video-preview:-1"},"canonical":"https:\/\/sales-ai-agents.com\/tr\/templates\/decision-making-record\/","og_locale":"tr_TR","og_type":"article","og_title":"Karar Alma Tutana\u011f\u0131 \u015eablonu - Sales AI Agents","og_description":"\u00d6nemli bir karar vermek i\u00e7in art\u0131lar\u0131 ve eksileri tart\u0131n. Bu \u015fablonla art\u0131lar\u0131 ve eksileri belirleyin ve her bir noktaya \u00f6nemine g\u00f6re bir de\u011fer atay\u0131n.","og_url":"https:\/\/sales-ai-agents.com\/tr\/templates\/decision-making-record\/","og_site_name":"Sales AI Agents","article_modified_time":"2023-12-27T19:47:30+00:00","og_image":[{"width":1078,"height":1585,"url":"https:\/\/sales-ai-agents.com\/wp-content\/uploads\/2023\/01\/image-preview115115.png","type":"image\/png"}],"twitter_card":"summary_large_image","schema":{"@context":"https:\/\/schema.org","@graph":[{"@type":"WebPage","@id":"https:\/\/sales-ai-agents.com\/tr\/templates\/decision-making-record\/","url":"https:\/\/sales-ai-agents.com\/tr\/templates\/decision-making-record\/","name":"Karar Alma Tutana\u011f\u0131 \u015eablonu - Sales AI Agents","isPartOf":{"@id":"https:\/\/sales-ai-agents.com\/#website"},"primaryImageOfPage":{"@id":"https:\/\/sales-ai-agents.com\/tr\/templates\/decision-making-record\/#primaryimage"},"image":{"@id":"https:\/\/sales-ai-agents.com\/tr\/templates\/decision-making-record\/#primaryimage"},"thumbnailUrl":"https:\/\/sales-ai-agents.com\/wp-content\/uploads\/2023\/01\/image-preview115115.png","datePublished":"2022-09-23T13:49:12+00:00","dateModified":"2023-12-27T19:47:30+00:00","description":"\u00d6nemli bir karar vermek i\u00e7in art\u0131lar\u0131 ve eksileri tart\u0131n. Bu \u015fablonla art\u0131lar\u0131 ve eksileri belirleyin ve her bir noktaya \u00f6nemine g\u00f6re bir de\u011fer atay\u0131n.","inLanguage":"tr","potentialAction":[{"@type":"ReadAction","target":["https:\/\/sales-ai-agents.com\/tr\/templates\/decision-making-record\/"]}]},{"@type":"ImageObject","inLanguage":"tr","@id":"https:\/\/sales-ai-agents.com\/tr\/templates\/decision-making-record\/#primaryimage","url":"https:\/\/sales-ai-agents.com\/wp-content\/uploads\/2023\/01\/image-preview115115.png","contentUrl":"https:\/\/sales-ai-agents.com\/wp-content\/uploads\/2023\/01\/image-preview115115.png","width":1078,"height":1585},{"@type":"WebSite","@id":"https:\/\/sales-ai-agents.com\/#website","url":"https:\/\/sales-ai-agents.com\/","name":"FuseBase","description":"Sales AI Agents - Free Online Collaboration Software for Remote Teams. Build your wikis, client portals and more with the Nimbus Platform collaboration tool ? A perfect space for online work","publisher":{"@id":"https:\/\/sales-ai-agents.com\/#organization"},"potentialAction":[{"@type":"SearchAction","target":{"@type":"EntryPoint","urlTemplate":"https:\/\/sales-ai-agents.com\/?s={search_term_string}"},"query-input":{"@type":"PropertyValueSpecification","valueRequired":true,"valueName":"search_term_string"}}],"inLanguage":"tr"},{"@type":"Organization","@id":"https:\/\/sales-ai-agents.com\/#organization","name":"FuseBase","url":"https:\/\/sales-ai-agents.com\/","logo":{"@type":"ImageObject","inLanguage":"tr","@id":"https:\/\/sales-ai-agents.com\/#\/schema\/logo\/image\/","url":"https:\/\/sales-ai-agents.com\/wp-content\/uploads\/2023\/11\/icon-7.svg","contentUrl":"https:\/\/sales-ai-agents.com\/wp-content\/uploads\/2023\/11\/icon-7.svg","width":128,"height":128,"caption":"FuseBase"},"image":{"@id":"https:\/\/sales-ai-agents.com\/#\/schema\/logo\/image\/"}}]}},"_links":{"self":[{"href":"https:\/\/sales-ai-agents.com\/tr\/wp-json\/wp\/v2\/product\/58801","targetHints":{"allow":["GET"]}}],"collection":[{"href":"https:\/\/sales-ai-agents.com\/tr\/wp-json\/wp\/v2\/product"}],"about":[{"href":"https:\/\/sales-ai-agents.com\/tr\/wp-json\/wp\/v2\/types\/product"}],"wp:featuredmedia":[{"embeddable":true,"href":"https:\/\/sales-ai-agents.com\/tr\/wp-json\/wp\/v2\/media\/58802"}],"wp:attachment":[{"href":"https:\/\/sales-ai-agents.com\/tr\/wp-json\/wp\/v2\/media?parent=58801"}],"wp:term":[{"taxonomy":"product_brand","embeddable":true,"href":"https:\/\/sales-ai-agents.com\/tr\/wp-json\/wp\/v2\/product_brand?post=58801"},{"taxonomy":"product_cat","embeddable":true,"href":"https:\/\/sales-ai-agents.com\/tr\/wp-json\/wp\/v2\/product_cat?post=58801"},{"taxonomy":"product_tag","embeddable":true,"href":"https:\/\/sales-ai-agents.com\/tr\/wp-json\/wp\/v2\/product_tag?post=58801"}],"curies":[{"name":"wp","href":"https:\/\/api.w.org\/{rel}","templated":true}]}}