{"id":58805,"date":"2022-09-23T13:49:09","date_gmt":"2022-09-23T13:49:09","guid":{"rendered":"https:\/\/sales-ai-agents.com\/templates\/syllabus\/"},"modified":"2024-01-02T11:01:26","modified_gmt":"2024-01-02T11:01:26","slug":"syllabus","status":"publish","type":"product","link":"https:\/\/sales-ai-agents.com\/tr\/templates\/syllabus\/","title":{"rendered":"Ders Program\u0131"},"content":{"rendered":"<p>&nbsp;<\/p>\n<h2>Ders Program\u0131 \u015eablonu<\/h2>\n<p class=\"desc-text\">Bilgilendirici bir ders izlencesi, \u00f6\u011frencilerin dersin hedeflerini ve beklentilerini anlamalar\u0131na yard\u0131mc\u0131 olur. Bir ders program\u0131, s\u0131nav tarihleri, not d\u00f6k\u00fcmleri ve gerekli okumalar gibi temel ayr\u0131nt\u0131lar\u0131 i\u00e7erir. \u00d6\u011frencilerinizle \u00f6nemli bilgileri payla\u015fmak i\u00e7in g\u00f6z al\u0131c\u0131 bir ders program\u0131 haz\u0131rlay\u0131n. Ger\u00e7ek zamanl\u0131 g\u00fcncellemeleri payla\u015fabilmeleri ve \u00f6\u011frenmeyi verimli, i\u015fbirli\u011fine dayal\u0131 ve kolay hale getirebilmeleri i\u00e7in onlara en iyi \u00f6\u011frenim uygulamas\u0131na eri\u015fim sa\u011flay\u0131n.<\/p>\n<h5>Nas\u0131l kullan\u0131l\u0131r?<\/h5>\n<ul class=\"desc-item_list\">\n<li class=\"desc-item_list__point\">\u00d6nemli ileti\u015fim bilgilerini ekleyin<\/li>\n<li class=\"desc-item_list__point\">Okumalar\u0131 \u00f6zelle\u015ftirilebilir tabloda listeleme<\/li>\n<li class=\"desc-item_list__point\">Kurs i\u00e7in bir program olu\u015fturun ve s\u0131n\u0131f ara\u00e7lar\u0131m\u0131z\u0131 kullan\u0131n<\/li>\n<li class=\"desc-item_list__point\">Programlanan her \u00f6\u011feyi t\u00fcr\u00fcne g\u00f6re etiketleyin<\/li>\n<li class=\"desc-item_list__point\">Not d\u00f6k\u00fcmlerini dahil edin<\/li>\n<\/ul>\n","protected":false},"excerpt":{"rendered":"<p>Kurs hedeflerini ve beklentilerini g\u00f6stermek i\u00e7in bilgilendirici bir ders program\u0131 olu\u015fturun. Bu \u015fablon ile \u00f6\u011frenciler i\u00e7in kolayca g\u00f6z al\u0131c\u0131 bir ders program\u0131 olu\u015fturabilirsiniz.<\/p>\n","protected":false},"featured_media":58806,"template":"","meta":{"_acf_changed":false,"inline_featured_image":false},"product_brand":[],"product_cat":[267,268],"product_tag":[],"class_list":{"0":"post-58805","1":"product","2":"type-product","3":"status-publish","4":"has-post-thumbnail","6":"product_cat-student","7":"product_cat-teacher","9":"first","10":"instock","11":"virtual","12":"sold-individually","13":"product-type-simple"},"acf":[],"yoast_head":"<!-- This site is optimized with the Yoast SEO plugin v25.3.1 - https:\/\/yoast.com\/wordpress\/plugins\/seo\/ -->\n<title>Ders Program\u0131 \u015eablonu - Sales AI Agents<\/title>\n<meta name=\"description\" content=\"Kurs hedeflerini ve beklentilerini g\u00f6stermek i\u00e7in bilgilendirici bir ders program\u0131 olu\u015fturun. Bu \u015fablon ile \u00f6\u011frenciler i\u00e7in kolayca g\u00f6z al\u0131c\u0131 bir ders program\u0131 olu\u015fturabilirsiniz.\" \/>\n<meta name=\"robots\" content=\"index, follow, max-snippet:-1, max-image-preview:large, max-video-preview:-1\" \/>\n<link rel=\"canonical\" href=\"https:\/\/sales-ai-agents.com\/tr\/templates\/syllabus\/\" \/>\n<meta property=\"og:locale\" content=\"tr_TR\" \/>\n<meta property=\"og:type\" content=\"article\" \/>\n<meta property=\"og:title\" content=\"Ders Program\u0131 \u015eablonu - Sales AI Agents\" \/>\n<meta property=\"og:description\" content=\"Kurs hedeflerini ve beklentilerini g\u00f6stermek i\u00e7in bilgilendirici bir ders program\u0131 olu\u015fturun. Bu \u015fablon ile \u00f6\u011frenciler i\u00e7in kolayca g\u00f6z al\u0131c\u0131 bir ders program\u0131 olu\u015fturabilirsiniz.\" \/>\n<meta property=\"og:url\" content=\"https:\/\/sales-ai-agents.com\/tr\/templates\/syllabus\/\" \/>\n<meta property=\"og:site_name\" content=\"Sales AI Agents\" \/>\n<meta property=\"article:modified_time\" content=\"2024-01-02T11:01:26+00:00\" \/>\n<meta property=\"og:image\" content=\"https:\/\/sales-ai-agents.com\/wp-content\/uploads\/2023\/01\/image-preview115112.png\" \/>\n\t<meta property=\"og:image:width\" content=\"1078\" \/>\n\t<meta property=\"og:image:height\" content=\"2500\" \/>\n\t<meta property=\"og:image:type\" content=\"image\/png\" \/>\n<meta name=\"twitter:card\" content=\"summary_large_image\" \/>\n<script type=\"application\/ld+json\" class=\"yoast-schema-graph\">{\"@context\":\"https:\/\/schema.org\",\"@graph\":[{\"@type\":\"WebPage\",\"@id\":\"https:\/\/sales-ai-agents.com\/tr\/templates\/syllabus\/\",\"url\":\"https:\/\/sales-ai-agents.com\/tr\/templates\/syllabus\/\",\"name\":\"Ders Program\u0131 \u015eablonu - Sales AI Agents\",\"isPartOf\":{\"@id\":\"https:\/\/sales-ai-agents.com\/#website\"},\"primaryImageOfPage\":{\"@id\":\"https:\/\/sales-ai-agents.com\/tr\/templates\/syllabus\/#primaryimage\"},\"image\":{\"@id\":\"https:\/\/sales-ai-agents.com\/tr\/templates\/syllabus\/#primaryimage\"},\"thumbnailUrl\":\"https:\/\/sales-ai-agents.com\/wp-content\/uploads\/2023\/01\/image-preview115112.png\",\"datePublished\":\"2022-09-23T13:49:09+00:00\",\"dateModified\":\"2024-01-02T11:01:26+00:00\",\"description\":\"Kurs hedeflerini ve beklentilerini g\u00f6stermek i\u00e7in bilgilendirici bir ders program\u0131 olu\u015fturun. Bu \u015fablon ile \u00f6\u011frenciler i\u00e7in kolayca g\u00f6z al\u0131c\u0131 bir ders program\u0131 olu\u015fturabilirsiniz.\",\"inLanguage\":\"tr\",\"potentialAction\":[{\"@type\":\"ReadAction\",\"target\":[\"https:\/\/sales-ai-agents.com\/tr\/templates\/syllabus\/\"]}]},{\"@type\":\"ImageObject\",\"inLanguage\":\"tr\",\"@id\":\"https:\/\/sales-ai-agents.com\/tr\/templates\/syllabus\/#primaryimage\",\"url\":\"https:\/\/sales-ai-agents.com\/wp-content\/uploads\/2023\/01\/image-preview115112.png\",\"contentUrl\":\"https:\/\/sales-ai-agents.com\/wp-content\/uploads\/2023\/01\/image-preview115112.png\",\"width\":1078,\"height\":2500},{\"@type\":\"WebSite\",\"@id\":\"https:\/\/sales-ai-agents.com\/#website\",\"url\":\"https:\/\/sales-ai-agents.com\/\",\"name\":\"FuseBase\",\"description\":\"Sales AI Agents - Free Online Collaboration Software for Remote Teams. Build your wikis, client portals and more with the Nimbus Platform collaboration tool ? A perfect space for online work\",\"publisher\":{\"@id\":\"https:\/\/sales-ai-agents.com\/#organization\"},\"potentialAction\":[{\"@type\":\"SearchAction\",\"target\":{\"@type\":\"EntryPoint\",\"urlTemplate\":\"https:\/\/sales-ai-agents.com\/?s={search_term_string}\"},\"query-input\":{\"@type\":\"PropertyValueSpecification\",\"valueRequired\":true,\"valueName\":\"search_term_string\"}}],\"inLanguage\":\"tr\"},{\"@type\":\"Organization\",\"@id\":\"https:\/\/sales-ai-agents.com\/#organization\",\"name\":\"FuseBase\",\"url\":\"https:\/\/sales-ai-agents.com\/\",\"logo\":{\"@type\":\"ImageObject\",\"inLanguage\":\"tr\",\"@id\":\"https:\/\/sales-ai-agents.com\/#\/schema\/logo\/image\/\",\"url\":\"https:\/\/sales-ai-agents.com\/wp-content\/uploads\/2023\/11\/icon-7.svg\",\"contentUrl\":\"https:\/\/sales-ai-agents.com\/wp-content\/uploads\/2023\/11\/icon-7.svg\",\"width\":128,\"height\":128,\"caption\":\"FuseBase\"},\"image\":{\"@id\":\"https:\/\/sales-ai-agents.com\/#\/schema\/logo\/image\/\"}}]}<\/script>\n<!-- \/ Yoast SEO plugin. -->","yoast_head_json":{"title":"Ders Program\u0131 \u015eablonu - Sales AI Agents","description":"Kurs hedeflerini ve beklentilerini g\u00f6stermek i\u00e7in bilgilendirici bir ders program\u0131 olu\u015fturun. Bu \u015fablon ile \u00f6\u011frenciler i\u00e7in kolayca g\u00f6z al\u0131c\u0131 bir ders program\u0131 olu\u015fturabilirsiniz.","robots":{"index":"index","follow":"follow","max-snippet":"max-snippet:-1","max-image-preview":"max-image-preview:large","max-video-preview":"max-video-preview:-1"},"canonical":"https:\/\/sales-ai-agents.com\/tr\/templates\/syllabus\/","og_locale":"tr_TR","og_type":"article","og_title":"Ders Program\u0131 \u015eablonu - Sales AI Agents","og_description":"Kurs hedeflerini ve beklentilerini g\u00f6stermek i\u00e7in bilgilendirici bir ders program\u0131 olu\u015fturun. Bu \u015fablon ile \u00f6\u011frenciler i\u00e7in kolayca g\u00f6z al\u0131c\u0131 bir ders program\u0131 olu\u015fturabilirsiniz.","og_url":"https:\/\/sales-ai-agents.com\/tr\/templates\/syllabus\/","og_site_name":"Sales AI Agents","article_modified_time":"2024-01-02T11:01:26+00:00","og_image":[{"width":1078,"height":2500,"url":"https:\/\/sales-ai-agents.com\/wp-content\/uploads\/2023\/01\/image-preview115112.png","type":"image\/png"}],"twitter_card":"summary_large_image","schema":{"@context":"https:\/\/schema.org","@graph":[{"@type":"WebPage","@id":"https:\/\/sales-ai-agents.com\/tr\/templates\/syllabus\/","url":"https:\/\/sales-ai-agents.com\/tr\/templates\/syllabus\/","name":"Ders Program\u0131 \u015eablonu - Sales AI Agents","isPartOf":{"@id":"https:\/\/sales-ai-agents.com\/#website"},"primaryImageOfPage":{"@id":"https:\/\/sales-ai-agents.com\/tr\/templates\/syllabus\/#primaryimage"},"image":{"@id":"https:\/\/sales-ai-agents.com\/tr\/templates\/syllabus\/#primaryimage"},"thumbnailUrl":"https:\/\/sales-ai-agents.com\/wp-content\/uploads\/2023\/01\/image-preview115112.png","datePublished":"2022-09-23T13:49:09+00:00","dateModified":"2024-01-02T11:01:26+00:00","description":"Kurs hedeflerini ve beklentilerini g\u00f6stermek i\u00e7in bilgilendirici bir ders program\u0131 olu\u015fturun. Bu \u015fablon ile \u00f6\u011frenciler i\u00e7in kolayca g\u00f6z al\u0131c\u0131 bir ders program\u0131 olu\u015fturabilirsiniz.","inLanguage":"tr","potentialAction":[{"@type":"ReadAction","target":["https:\/\/sales-ai-agents.com\/tr\/templates\/syllabus\/"]}]},{"@type":"ImageObject","inLanguage":"tr","@id":"https:\/\/sales-ai-agents.com\/tr\/templates\/syllabus\/#primaryimage","url":"https:\/\/sales-ai-agents.com\/wp-content\/uploads\/2023\/01\/image-preview115112.png","contentUrl":"https:\/\/sales-ai-agents.com\/wp-content\/uploads\/2023\/01\/image-preview115112.png","width":1078,"height":2500},{"@type":"WebSite","@id":"https:\/\/sales-ai-agents.com\/#website","url":"https:\/\/sales-ai-agents.com\/","name":"FuseBase","description":"Sales AI Agents - Free Online Collaboration Software for Remote Teams. Build your wikis, client portals and more with the Nimbus Platform collaboration tool ? A perfect space for online work","publisher":{"@id":"https:\/\/sales-ai-agents.com\/#organization"},"potentialAction":[{"@type":"SearchAction","target":{"@type":"EntryPoint","urlTemplate":"https:\/\/sales-ai-agents.com\/?s={search_term_string}"},"query-input":{"@type":"PropertyValueSpecification","valueRequired":true,"valueName":"search_term_string"}}],"inLanguage":"tr"},{"@type":"Organization","@id":"https:\/\/sales-ai-agents.com\/#organization","name":"FuseBase","url":"https:\/\/sales-ai-agents.com\/","logo":{"@type":"ImageObject","inLanguage":"tr","@id":"https:\/\/sales-ai-agents.com\/#\/schema\/logo\/image\/","url":"https:\/\/sales-ai-agents.com\/wp-content\/uploads\/2023\/11\/icon-7.svg","contentUrl":"https:\/\/sales-ai-agents.com\/wp-content\/uploads\/2023\/11\/icon-7.svg","width":128,"height":128,"caption":"FuseBase"},"image":{"@id":"https:\/\/sales-ai-agents.com\/#\/schema\/logo\/image\/"}}]}},"_links":{"self":[{"href":"https:\/\/sales-ai-agents.com\/tr\/wp-json\/wp\/v2\/product\/58805","targetHints":{"allow":["GET"]}}],"collection":[{"href":"https:\/\/sales-ai-agents.com\/tr\/wp-json\/wp\/v2\/product"}],"about":[{"href":"https:\/\/sales-ai-agents.com\/tr\/wp-json\/wp\/v2\/types\/product"}],"wp:featuredmedia":[{"embeddable":true,"href":"https:\/\/sales-ai-agents.com\/tr\/wp-json\/wp\/v2\/media\/58806"}],"wp:attachment":[{"href":"https:\/\/sales-ai-agents.com\/tr\/wp-json\/wp\/v2\/media?parent=58805"}],"wp:term":[{"taxonomy":"product_brand","embeddable":true,"href":"https:\/\/sales-ai-agents.com\/tr\/wp-json\/wp\/v2\/product_brand?post=58805"},{"taxonomy":"product_cat","embeddable":true,"href":"https:\/\/sales-ai-agents.com\/tr\/wp-json\/wp\/v2\/product_cat?post=58805"},{"taxonomy":"product_tag","embeddable":true,"href":"https:\/\/sales-ai-agents.com\/tr\/wp-json\/wp\/v2\/product_tag?post=58805"}],"curies":[{"name":"wp","href":"https:\/\/api.w.org\/{rel}","templated":true}]}}