{"id":58809,"date":"2022-09-23T13:48:07","date_gmt":"2022-09-23T13:48:07","guid":{"rendered":"https:\/\/sales-ai-agents.com\/templates\/portfolio\/"},"modified":"2023-12-26T15:54:43","modified_gmt":"2023-12-26T15:54:43","slug":"portfolio","status":"publish","type":"product","link":"https:\/\/sales-ai-agents.com\/tr\/templates\/portfolio\/","title":{"rendered":"Portf\u00f6y"},"content":{"rendered":"<p>&nbsp;<\/p>\n<h2>Portf\u00f6y \u015eablonu<\/h2>\n<p class=\"desc-text\">Bu portf\u00f6y \u015fablonu, becerileriniz ve i\u015f \u00f6rnekleriniz i\u00e7in tek bir yerde kolayca bir a\u00e7\u0131l\u0131\u015f sayfas\u0131 olu\u015fturman\u0131z\u0131 sa\u011flayan bir t\u00fcr yarat\u0131c\u0131 \u00f6zge\u00e7mi\u015f. En iyi \u00e7al\u0131\u015fmalar\u0131n\u0131z\u0131 d\u00fczenlemek ve sergilemek i\u00e7in bu \u015fablonu kullan\u0131n ve bunlar\u0131 potansiyel m\u00fc\u015fterilerle payla\u015f\u0131n.<\/p>\n<h5>Nas\u0131l kullan\u0131l\u0131r?<\/h5>\n<ul class=\"desc-item_list\">\n<li class=\"desc-item_list__point\">Kendinizle ilgili ayr\u0131nt\u0131lar\u0131 doldurun<\/li>\n<li class=\"desc-item_list__point\">Becerilerinizi ekleyin<\/li>\n<li class=\"desc-item_list__point\">\u00d6zge\u00e7mi\u015finizi ekleyin<\/li>\n<li class=\"desc-item_list__point\">Ba\u015far\u0131lar\u0131n\u0131z\u0131 payla\u015f\u0131n<\/li>\n<li class=\"desc-item_list__point\">Ayr\u0131nt\u0131l\u0131 a\u00e7\u0131klamalar i\u00e7eren ayr\u0131 notlar\u0131 birbirine ba\u011flayarak projeleriniz hakk\u0131nda daha fazla ayr\u0131nt\u0131 verin<\/li>\n<li class=\"desc-item_list__point\">Notu herkese a\u00e7\u0131k hale getirin ve hepsi bir arada portf\u00f6y\u00fcn\u00fcz\u00fcn ba\u011flant\u0131s\u0131n\u0131 payla\u015f\u0131n<\/li>\n<\/ul>\n","protected":false},"excerpt":{"rendered":"<p>Bu \u00fccretsiz kullan\u0131\u015fl\u0131 \u015fablonla m\u00fckemmel portf\u00f6y\u00fcn\u00fcz\u00fc olu\u015fturun. En iyi \u00e7al\u0131\u015fmalar\u0131n\u0131z\u0131 d\u00fczenleyin, sergileyin ve i\u015f almak i\u00e7in potansiyel m\u00fc\u015fterilerinizle payla\u015f\u0131n!<\/p>\n","protected":false},"featured_media":58810,"template":"","meta":{"_acf_changed":false,"inline_featured_image":false},"product_brand":[],"product_cat":[257,266,267,251],"product_tag":[],"class_list":{"0":"post-58809","1":"product","2":"type-product","3":"status-publish","4":"has-post-thumbnail","6":"product_cat-personal","7":"product_cat-personal-work","8":"product_cat-student","9":"product_cat-designer","11":"first","12":"instock","13":"virtual","14":"sold-individually","15":"product-type-simple"},"acf":[],"yoast_head":"<!-- This site is optimized with the Yoast SEO plugin v25.3.1 - https:\/\/yoast.com\/wordpress\/plugins\/seo\/ -->\n<title>Portf\u00f6y \u015eablonu - Sales AI Agents<\/title>\n<meta name=\"description\" content=\"Bu \u00fccretsiz kullan\u0131\u015fl\u0131 \u015fablonla m\u00fckemmel portf\u00f6y\u00fcn\u00fcz\u00fc olu\u015fturun. En iyi \u00e7al\u0131\u015fmalar\u0131n\u0131z\u0131 d\u00fczenleyin, sergileyin ve i\u015f almak i\u00e7in potansiyel m\u00fc\u015fterilerinizle payla\u015f\u0131n!\" \/>\n<meta name=\"robots\" content=\"index, follow, max-snippet:-1, max-image-preview:large, max-video-preview:-1\" \/>\n<link rel=\"canonical\" href=\"https:\/\/sales-ai-agents.com\/tr\/templates\/portfolio\/\" \/>\n<meta property=\"og:locale\" content=\"tr_TR\" \/>\n<meta property=\"og:type\" content=\"article\" \/>\n<meta property=\"og:title\" content=\"Portf\u00f6y \u015eablonu - Sales AI Agents\" \/>\n<meta property=\"og:description\" content=\"Bu \u00fccretsiz kullan\u0131\u015fl\u0131 \u015fablonla m\u00fckemmel portf\u00f6y\u00fcn\u00fcz\u00fc olu\u015fturun. En iyi \u00e7al\u0131\u015fmalar\u0131n\u0131z\u0131 d\u00fczenleyin, sergileyin ve i\u015f almak i\u00e7in potansiyel m\u00fc\u015fterilerinizle payla\u015f\u0131n!\" \/>\n<meta property=\"og:url\" content=\"https:\/\/sales-ai-agents.com\/tr\/templates\/portfolio\/\" \/>\n<meta property=\"og:site_name\" content=\"Sales AI Agents\" \/>\n<meta property=\"article:modified_time\" content=\"2023-12-26T15:54:43+00:00\" \/>\n<meta property=\"og:image\" content=\"https:\/\/sales-ai-agents.com\/wp-content\/uploads\/2023\/01\/image-preview114606.png\" \/>\n\t<meta property=\"og:image:width\" content=\"1078\" \/>\n\t<meta property=\"og:image:height\" content=\"2414\" \/>\n\t<meta property=\"og:image:type\" content=\"image\/png\" \/>\n<meta name=\"twitter:card\" content=\"summary_large_image\" \/>\n<script type=\"application\/ld+json\" class=\"yoast-schema-graph\">{\"@context\":\"https:\/\/schema.org\",\"@graph\":[{\"@type\":\"WebPage\",\"@id\":\"https:\/\/sales-ai-agents.com\/tr\/templates\/portfolio\/\",\"url\":\"https:\/\/sales-ai-agents.com\/tr\/templates\/portfolio\/\",\"name\":\"Portf\u00f6y \u015eablonu - Sales AI Agents\",\"isPartOf\":{\"@id\":\"https:\/\/sales-ai-agents.com\/#website\"},\"primaryImageOfPage\":{\"@id\":\"https:\/\/sales-ai-agents.com\/tr\/templates\/portfolio\/#primaryimage\"},\"image\":{\"@id\":\"https:\/\/sales-ai-agents.com\/tr\/templates\/portfolio\/#primaryimage\"},\"thumbnailUrl\":\"https:\/\/sales-ai-agents.com\/wp-content\/uploads\/2023\/01\/image-preview114606.png\",\"datePublished\":\"2022-09-23T13:48:07+00:00\",\"dateModified\":\"2023-12-26T15:54:43+00:00\",\"description\":\"Bu \u00fccretsiz kullan\u0131\u015fl\u0131 \u015fablonla m\u00fckemmel portf\u00f6y\u00fcn\u00fcz\u00fc olu\u015fturun. En iyi \u00e7al\u0131\u015fmalar\u0131n\u0131z\u0131 d\u00fczenleyin, sergileyin ve i\u015f almak i\u00e7in potansiyel m\u00fc\u015fterilerinizle payla\u015f\u0131n!\",\"inLanguage\":\"tr\",\"potentialAction\":[{\"@type\":\"ReadAction\",\"target\":[\"https:\/\/sales-ai-agents.com\/tr\/templates\/portfolio\/\"]}]},{\"@type\":\"ImageObject\",\"inLanguage\":\"tr\",\"@id\":\"https:\/\/sales-ai-agents.com\/tr\/templates\/portfolio\/#primaryimage\",\"url\":\"https:\/\/sales-ai-agents.com\/wp-content\/uploads\/2023\/01\/image-preview114606.png\",\"contentUrl\":\"https:\/\/sales-ai-agents.com\/wp-content\/uploads\/2023\/01\/image-preview114606.png\",\"width\":1078,\"height\":2414},{\"@type\":\"WebSite\",\"@id\":\"https:\/\/sales-ai-agents.com\/#website\",\"url\":\"https:\/\/sales-ai-agents.com\/\",\"name\":\"FuseBase\",\"description\":\"Sales AI Agents - Free Online Collaboration Software for Remote Teams. Build your wikis, client portals and more with the Nimbus Platform collaboration tool ? A perfect space for online work\",\"publisher\":{\"@id\":\"https:\/\/sales-ai-agents.com\/#organization\"},\"potentialAction\":[{\"@type\":\"SearchAction\",\"target\":{\"@type\":\"EntryPoint\",\"urlTemplate\":\"https:\/\/sales-ai-agents.com\/?s={search_term_string}\"},\"query-input\":{\"@type\":\"PropertyValueSpecification\",\"valueRequired\":true,\"valueName\":\"search_term_string\"}}],\"inLanguage\":\"tr\"},{\"@type\":\"Organization\",\"@id\":\"https:\/\/sales-ai-agents.com\/#organization\",\"name\":\"FuseBase\",\"url\":\"https:\/\/sales-ai-agents.com\/\",\"logo\":{\"@type\":\"ImageObject\",\"inLanguage\":\"tr\",\"@id\":\"https:\/\/sales-ai-agents.com\/#\/schema\/logo\/image\/\",\"url\":\"https:\/\/sales-ai-agents.com\/wp-content\/uploads\/2023\/11\/icon-7.svg\",\"contentUrl\":\"https:\/\/sales-ai-agents.com\/wp-content\/uploads\/2023\/11\/icon-7.svg\",\"width\":128,\"height\":128,\"caption\":\"FuseBase\"},\"image\":{\"@id\":\"https:\/\/sales-ai-agents.com\/#\/schema\/logo\/image\/\"}}]}<\/script>\n<!-- \/ Yoast SEO plugin. -->","yoast_head_json":{"title":"Portf\u00f6y \u015eablonu - Sales AI Agents","description":"Bu \u00fccretsiz kullan\u0131\u015fl\u0131 \u015fablonla m\u00fckemmel portf\u00f6y\u00fcn\u00fcz\u00fc olu\u015fturun. En iyi \u00e7al\u0131\u015fmalar\u0131n\u0131z\u0131 d\u00fczenleyin, sergileyin ve i\u015f almak i\u00e7in potansiyel m\u00fc\u015fterilerinizle payla\u015f\u0131n!","robots":{"index":"index","follow":"follow","max-snippet":"max-snippet:-1","max-image-preview":"max-image-preview:large","max-video-preview":"max-video-preview:-1"},"canonical":"https:\/\/sales-ai-agents.com\/tr\/templates\/portfolio\/","og_locale":"tr_TR","og_type":"article","og_title":"Portf\u00f6y \u015eablonu - Sales AI Agents","og_description":"Bu \u00fccretsiz kullan\u0131\u015fl\u0131 \u015fablonla m\u00fckemmel portf\u00f6y\u00fcn\u00fcz\u00fc olu\u015fturun. En iyi \u00e7al\u0131\u015fmalar\u0131n\u0131z\u0131 d\u00fczenleyin, sergileyin ve i\u015f almak i\u00e7in potansiyel m\u00fc\u015fterilerinizle payla\u015f\u0131n!","og_url":"https:\/\/sales-ai-agents.com\/tr\/templates\/portfolio\/","og_site_name":"Sales AI Agents","article_modified_time":"2023-12-26T15:54:43+00:00","og_image":[{"width":1078,"height":2414,"url":"https:\/\/sales-ai-agents.com\/wp-content\/uploads\/2023\/01\/image-preview114606.png","type":"image\/png"}],"twitter_card":"summary_large_image","schema":{"@context":"https:\/\/schema.org","@graph":[{"@type":"WebPage","@id":"https:\/\/sales-ai-agents.com\/tr\/templates\/portfolio\/","url":"https:\/\/sales-ai-agents.com\/tr\/templates\/portfolio\/","name":"Portf\u00f6y \u015eablonu - Sales AI Agents","isPartOf":{"@id":"https:\/\/sales-ai-agents.com\/#website"},"primaryImageOfPage":{"@id":"https:\/\/sales-ai-agents.com\/tr\/templates\/portfolio\/#primaryimage"},"image":{"@id":"https:\/\/sales-ai-agents.com\/tr\/templates\/portfolio\/#primaryimage"},"thumbnailUrl":"https:\/\/sales-ai-agents.com\/wp-content\/uploads\/2023\/01\/image-preview114606.png","datePublished":"2022-09-23T13:48:07+00:00","dateModified":"2023-12-26T15:54:43+00:00","description":"Bu \u00fccretsiz kullan\u0131\u015fl\u0131 \u015fablonla m\u00fckemmel portf\u00f6y\u00fcn\u00fcz\u00fc olu\u015fturun. En iyi \u00e7al\u0131\u015fmalar\u0131n\u0131z\u0131 d\u00fczenleyin, sergileyin ve i\u015f almak i\u00e7in potansiyel m\u00fc\u015fterilerinizle payla\u015f\u0131n!","inLanguage":"tr","potentialAction":[{"@type":"ReadAction","target":["https:\/\/sales-ai-agents.com\/tr\/templates\/portfolio\/"]}]},{"@type":"ImageObject","inLanguage":"tr","@id":"https:\/\/sales-ai-agents.com\/tr\/templates\/portfolio\/#primaryimage","url":"https:\/\/sales-ai-agents.com\/wp-content\/uploads\/2023\/01\/image-preview114606.png","contentUrl":"https:\/\/sales-ai-agents.com\/wp-content\/uploads\/2023\/01\/image-preview114606.png","width":1078,"height":2414},{"@type":"WebSite","@id":"https:\/\/sales-ai-agents.com\/#website","url":"https:\/\/sales-ai-agents.com\/","name":"FuseBase","description":"Sales AI Agents - Free Online Collaboration Software for Remote Teams. Build your wikis, client portals and more with the Nimbus Platform collaboration tool ? A perfect space for online work","publisher":{"@id":"https:\/\/sales-ai-agents.com\/#organization"},"potentialAction":[{"@type":"SearchAction","target":{"@type":"EntryPoint","urlTemplate":"https:\/\/sales-ai-agents.com\/?s={search_term_string}"},"query-input":{"@type":"PropertyValueSpecification","valueRequired":true,"valueName":"search_term_string"}}],"inLanguage":"tr"},{"@type":"Organization","@id":"https:\/\/sales-ai-agents.com\/#organization","name":"FuseBase","url":"https:\/\/sales-ai-agents.com\/","logo":{"@type":"ImageObject","inLanguage":"tr","@id":"https:\/\/sales-ai-agents.com\/#\/schema\/logo\/image\/","url":"https:\/\/sales-ai-agents.com\/wp-content\/uploads\/2023\/11\/icon-7.svg","contentUrl":"https:\/\/sales-ai-agents.com\/wp-content\/uploads\/2023\/11\/icon-7.svg","width":128,"height":128,"caption":"FuseBase"},"image":{"@id":"https:\/\/sales-ai-agents.com\/#\/schema\/logo\/image\/"}}]}},"_links":{"self":[{"href":"https:\/\/sales-ai-agents.com\/tr\/wp-json\/wp\/v2\/product\/58809","targetHints":{"allow":["GET"]}}],"collection":[{"href":"https:\/\/sales-ai-agents.com\/tr\/wp-json\/wp\/v2\/product"}],"about":[{"href":"https:\/\/sales-ai-agents.com\/tr\/wp-json\/wp\/v2\/types\/product"}],"wp:featuredmedia":[{"embeddable":true,"href":"https:\/\/sales-ai-agents.com\/tr\/wp-json\/wp\/v2\/media\/58810"}],"wp:attachment":[{"href":"https:\/\/sales-ai-agents.com\/tr\/wp-json\/wp\/v2\/media?parent=58809"}],"wp:term":[{"taxonomy":"product_brand","embeddable":true,"href":"https:\/\/sales-ai-agents.com\/tr\/wp-json\/wp\/v2\/product_brand?post=58809"},{"taxonomy":"product_cat","embeddable":true,"href":"https:\/\/sales-ai-agents.com\/tr\/wp-json\/wp\/v2\/product_cat?post=58809"},{"taxonomy":"product_tag","embeddable":true,"href":"https:\/\/sales-ai-agents.com\/tr\/wp-json\/wp\/v2\/product_tag?post=58809"}],"curies":[{"name":"wp","href":"https:\/\/api.w.org\/{rel}","templated":true}]}}