{"id":58812,"date":"2022-09-23T13:48:04","date_gmt":"2022-09-23T13:48:04","guid":{"rendered":"https:\/\/sales-ai-agents.com\/templates\/christmas-menu-planner\/"},"modified":"2024-01-02T11:50:58","modified_gmt":"2024-01-02T11:50:58","slug":"christmas-menu-planner","status":"publish","type":"product","link":"https:\/\/sales-ai-agents.com\/tr\/templates\/christmas-menu-planner\/","title":{"rendered":"Noel Men\u00fc Planlay\u0131c\u0131s\u0131"},"content":{"rendered":"<p>&nbsp;<\/p>\n<h2>Noel Men\u00fcs\u00fc Planlay\u0131c\u0131 \u015eablonu<\/h2>\n<p class=\"desc-text\">Bu \u015fablon Noel haftas\u0131 yemeklerinizi planlamak i\u00e7in m\u00fckemmeldir. Men\u00fcy\u00fc planlay\u0131n ve tatillerde rahat olun!<br \/>\nHaftan\u0131n her g\u00fcn\u00fc farkl\u0131 bir renkle etiketlenmi\u015ftir, b\u00f6ylece onlar\u0131 kolayca ay\u0131rabilirsiniz. \u015eablonun alt k\u0131sm\u0131nda kullan\u0131\u015fl\u0131 bir al\u0131\u015fveri\u015f listesi bile bulunmaktad\u0131r. Bu \u015fablonu kullanarak Noel haftas\u0131 i\u00e7in yemek planlar\u0131n\u0131z\u0131n haz\u0131r oldu\u011fundan emin olabilirsiniz.<\/p>\n<h5>Nas\u0131l kullan\u0131l\u0131r?<\/h5>\n<ul class=\"desc-item_list\">\n<li class=\"desc-item_list__point\">Noel haftas\u0131n\u0131n her g\u00fcn\u00fc i\u00e7in \u00f6\u011f\u00fcnleri doldurun<\/li>\n<li class=\"desc-item_list__point\">Denemek i\u00e7in tariflere veya restoranlara ba\u011flant\u0131lar ekleyin<\/li>\n<li class=\"desc-item_list__point\">Son tabloya notlar ekleyin<\/li>\n<li class=\"desc-item_list__point\">Tarifleriniz i\u00e7in bir al\u0131\u015fveri\u015f listesi olu\u015fturun<\/li>\n<\/ul>\n","protected":false},"excerpt":{"rendered":"<p>Bu \u015fablon Noel haftas\u0131 yemeklerinizi planlamak i\u00e7in m\u00fckemmeldir. Birka\u00e7 g\u00fcnl\u00fck yemekler d\u00fc\u015f\u00fcn\u00fcn, bir al\u0131\u015fveri\u015f listesi haz\u0131rlay\u0131n ve tatilin tad\u0131n\u0131 sorunsuzca \u00e7\u0131kar\u0131n!<\/p>\n","protected":false},"featured_media":58813,"template":"","meta":{"_acf_changed":false,"inline_featured_image":false},"product_brand":[],"product_cat":[260,259,276],"product_tag":[],"class_list":{"0":"post-58812","1":"product","2":"type-product","3":"status-publish","4":"has-post-thumbnail","6":"product_cat-events","7":"product_cat-personal-health","8":"product_cat-holidays-planning","10":"first","11":"instock","12":"virtual","13":"sold-individually","14":"product-type-simple"},"acf":[],"yoast_head":"<!-- This site is optimized with the Yoast SEO plugin v25.3.1 - https:\/\/yoast.com\/wordpress\/plugins\/seo\/ -->\n<title>Noel Men\u00fcs\u00fc Planlay\u0131c\u0131 \u015eablonu - Sales AI Agents<\/title>\n<meta name=\"description\" content=\"Bu \u015fablon Noel haftas\u0131 yemeklerinizi planlamak i\u00e7in m\u00fckemmeldir. Birka\u00e7 g\u00fcn i\u00e7in yemek d\u00fc\u015f\u00fcn\u00fcn, bir al\u0131\u015fveri\u015f listesi haz\u0131rlay\u0131n ve tatilinizin tad\u0131n\u0131 \u00e7\u0131kar\u0131n!\" \/>\n<meta name=\"robots\" content=\"index, follow, max-snippet:-1, max-image-preview:large, max-video-preview:-1\" \/>\n<link rel=\"canonical\" href=\"https:\/\/sales-ai-agents.com\/tr\/templates\/christmas-menu-planner\/\" \/>\n<meta property=\"og:locale\" content=\"tr_TR\" \/>\n<meta property=\"og:type\" content=\"article\" \/>\n<meta property=\"og:title\" content=\"Noel Men\u00fcs\u00fc Planlay\u0131c\u0131 \u015eablonu - Sales AI Agents\" \/>\n<meta property=\"og:description\" content=\"Bu \u015fablon Noel haftas\u0131 yemeklerinizi planlamak i\u00e7in m\u00fckemmeldir. Birka\u00e7 g\u00fcn i\u00e7in yemek d\u00fc\u015f\u00fcn\u00fcn, bir al\u0131\u015fveri\u015f listesi haz\u0131rlay\u0131n ve tatilinizin tad\u0131n\u0131 \u00e7\u0131kar\u0131n!\" \/>\n<meta property=\"og:url\" content=\"https:\/\/sales-ai-agents.com\/tr\/templates\/christmas-menu-planner\/\" \/>\n<meta property=\"og:site_name\" content=\"Sales AI Agents\" \/>\n<meta property=\"article:modified_time\" content=\"2024-01-02T11:50:58+00:00\" \/>\n<meta property=\"og:image\" content=\"https:\/\/sales-ai-agents.com\/wp-content\/uploads\/2023\/01\/image-preview114736.png\" \/>\n\t<meta property=\"og:image:width\" content=\"1078\" \/>\n\t<meta property=\"og:image:height\" content=\"1473\" \/>\n\t<meta property=\"og:image:type\" content=\"image\/png\" \/>\n<meta name=\"twitter:card\" content=\"summary_large_image\" \/>\n<script type=\"application\/ld+json\" class=\"yoast-schema-graph\">{\"@context\":\"https:\/\/schema.org\",\"@graph\":[{\"@type\":\"WebPage\",\"@id\":\"https:\/\/sales-ai-agents.com\/tr\/templates\/christmas-menu-planner\/\",\"url\":\"https:\/\/sales-ai-agents.com\/tr\/templates\/christmas-menu-planner\/\",\"name\":\"Noel Men\u00fcs\u00fc Planlay\u0131c\u0131 \u015eablonu - Sales AI Agents\",\"isPartOf\":{\"@id\":\"https:\/\/sales-ai-agents.com\/#website\"},\"primaryImageOfPage\":{\"@id\":\"https:\/\/sales-ai-agents.com\/tr\/templates\/christmas-menu-planner\/#primaryimage\"},\"image\":{\"@id\":\"https:\/\/sales-ai-agents.com\/tr\/templates\/christmas-menu-planner\/#primaryimage\"},\"thumbnailUrl\":\"https:\/\/sales-ai-agents.com\/wp-content\/uploads\/2023\/01\/image-preview114736.png\",\"datePublished\":\"2022-09-23T13:48:04+00:00\",\"dateModified\":\"2024-01-02T11:50:58+00:00\",\"description\":\"Bu \u015fablon Noel haftas\u0131 yemeklerinizi planlamak i\u00e7in m\u00fckemmeldir. Birka\u00e7 g\u00fcn i\u00e7in yemek d\u00fc\u015f\u00fcn\u00fcn, bir al\u0131\u015fveri\u015f listesi haz\u0131rlay\u0131n ve tatilinizin tad\u0131n\u0131 \u00e7\u0131kar\u0131n!\",\"inLanguage\":\"tr\",\"potentialAction\":[{\"@type\":\"ReadAction\",\"target\":[\"https:\/\/sales-ai-agents.com\/tr\/templates\/christmas-menu-planner\/\"]}]},{\"@type\":\"ImageObject\",\"inLanguage\":\"tr\",\"@id\":\"https:\/\/sales-ai-agents.com\/tr\/templates\/christmas-menu-planner\/#primaryimage\",\"url\":\"https:\/\/sales-ai-agents.com\/wp-content\/uploads\/2023\/01\/image-preview114736.png\",\"contentUrl\":\"https:\/\/sales-ai-agents.com\/wp-content\/uploads\/2023\/01\/image-preview114736.png\",\"width\":1078,\"height\":1473},{\"@type\":\"WebSite\",\"@id\":\"https:\/\/sales-ai-agents.com\/#website\",\"url\":\"https:\/\/sales-ai-agents.com\/\",\"name\":\"FuseBase\",\"description\":\"Sales AI Agents - Free Online Collaboration Software for Remote Teams. Build your wikis, client portals and more with the Nimbus Platform collaboration tool ? A perfect space for online work\",\"publisher\":{\"@id\":\"https:\/\/sales-ai-agents.com\/#organization\"},\"potentialAction\":[{\"@type\":\"SearchAction\",\"target\":{\"@type\":\"EntryPoint\",\"urlTemplate\":\"https:\/\/sales-ai-agents.com\/?s={search_term_string}\"},\"query-input\":{\"@type\":\"PropertyValueSpecification\",\"valueRequired\":true,\"valueName\":\"search_term_string\"}}],\"inLanguage\":\"tr\"},{\"@type\":\"Organization\",\"@id\":\"https:\/\/sales-ai-agents.com\/#organization\",\"name\":\"FuseBase\",\"url\":\"https:\/\/sales-ai-agents.com\/\",\"logo\":{\"@type\":\"ImageObject\",\"inLanguage\":\"tr\",\"@id\":\"https:\/\/sales-ai-agents.com\/#\/schema\/logo\/image\/\",\"url\":\"https:\/\/sales-ai-agents.com\/wp-content\/uploads\/2023\/11\/icon-7.svg\",\"contentUrl\":\"https:\/\/sales-ai-agents.com\/wp-content\/uploads\/2023\/11\/icon-7.svg\",\"width\":128,\"height\":128,\"caption\":\"FuseBase\"},\"image\":{\"@id\":\"https:\/\/sales-ai-agents.com\/#\/schema\/logo\/image\/\"}}]}<\/script>\n<!-- \/ Yoast SEO plugin. -->","yoast_head_json":{"title":"Noel Men\u00fcs\u00fc Planlay\u0131c\u0131 \u015eablonu - Sales AI Agents","description":"Bu \u015fablon Noel haftas\u0131 yemeklerinizi planlamak i\u00e7in m\u00fckemmeldir. Birka\u00e7 g\u00fcn i\u00e7in yemek d\u00fc\u015f\u00fcn\u00fcn, bir al\u0131\u015fveri\u015f listesi haz\u0131rlay\u0131n ve tatilinizin tad\u0131n\u0131 \u00e7\u0131kar\u0131n!","robots":{"index":"index","follow":"follow","max-snippet":"max-snippet:-1","max-image-preview":"max-image-preview:large","max-video-preview":"max-video-preview:-1"},"canonical":"https:\/\/sales-ai-agents.com\/tr\/templates\/christmas-menu-planner\/","og_locale":"tr_TR","og_type":"article","og_title":"Noel Men\u00fcs\u00fc Planlay\u0131c\u0131 \u015eablonu - Sales AI Agents","og_description":"Bu \u015fablon Noel haftas\u0131 yemeklerinizi planlamak i\u00e7in m\u00fckemmeldir. Birka\u00e7 g\u00fcn i\u00e7in yemek d\u00fc\u015f\u00fcn\u00fcn, bir al\u0131\u015fveri\u015f listesi haz\u0131rlay\u0131n ve tatilinizin tad\u0131n\u0131 \u00e7\u0131kar\u0131n!","og_url":"https:\/\/sales-ai-agents.com\/tr\/templates\/christmas-menu-planner\/","og_site_name":"Sales AI Agents","article_modified_time":"2024-01-02T11:50:58+00:00","og_image":[{"width":1078,"height":1473,"url":"https:\/\/sales-ai-agents.com\/wp-content\/uploads\/2023\/01\/image-preview114736.png","type":"image\/png"}],"twitter_card":"summary_large_image","schema":{"@context":"https:\/\/schema.org","@graph":[{"@type":"WebPage","@id":"https:\/\/sales-ai-agents.com\/tr\/templates\/christmas-menu-planner\/","url":"https:\/\/sales-ai-agents.com\/tr\/templates\/christmas-menu-planner\/","name":"Noel Men\u00fcs\u00fc Planlay\u0131c\u0131 \u015eablonu - Sales AI Agents","isPartOf":{"@id":"https:\/\/sales-ai-agents.com\/#website"},"primaryImageOfPage":{"@id":"https:\/\/sales-ai-agents.com\/tr\/templates\/christmas-menu-planner\/#primaryimage"},"image":{"@id":"https:\/\/sales-ai-agents.com\/tr\/templates\/christmas-menu-planner\/#primaryimage"},"thumbnailUrl":"https:\/\/sales-ai-agents.com\/wp-content\/uploads\/2023\/01\/image-preview114736.png","datePublished":"2022-09-23T13:48:04+00:00","dateModified":"2024-01-02T11:50:58+00:00","description":"Bu \u015fablon Noel haftas\u0131 yemeklerinizi planlamak i\u00e7in m\u00fckemmeldir. Birka\u00e7 g\u00fcn i\u00e7in yemek d\u00fc\u015f\u00fcn\u00fcn, bir al\u0131\u015fveri\u015f listesi haz\u0131rlay\u0131n ve tatilinizin tad\u0131n\u0131 \u00e7\u0131kar\u0131n!","inLanguage":"tr","potentialAction":[{"@type":"ReadAction","target":["https:\/\/sales-ai-agents.com\/tr\/templates\/christmas-menu-planner\/"]}]},{"@type":"ImageObject","inLanguage":"tr","@id":"https:\/\/sales-ai-agents.com\/tr\/templates\/christmas-menu-planner\/#primaryimage","url":"https:\/\/sales-ai-agents.com\/wp-content\/uploads\/2023\/01\/image-preview114736.png","contentUrl":"https:\/\/sales-ai-agents.com\/wp-content\/uploads\/2023\/01\/image-preview114736.png","width":1078,"height":1473},{"@type":"WebSite","@id":"https:\/\/sales-ai-agents.com\/#website","url":"https:\/\/sales-ai-agents.com\/","name":"FuseBase","description":"Sales AI Agents - Free Online Collaboration Software for Remote Teams. Build your wikis, client portals and more with the Nimbus Platform collaboration tool ? A perfect space for online work","publisher":{"@id":"https:\/\/sales-ai-agents.com\/#organization"},"potentialAction":[{"@type":"SearchAction","target":{"@type":"EntryPoint","urlTemplate":"https:\/\/sales-ai-agents.com\/?s={search_term_string}"},"query-input":{"@type":"PropertyValueSpecification","valueRequired":true,"valueName":"search_term_string"}}],"inLanguage":"tr"},{"@type":"Organization","@id":"https:\/\/sales-ai-agents.com\/#organization","name":"FuseBase","url":"https:\/\/sales-ai-agents.com\/","logo":{"@type":"ImageObject","inLanguage":"tr","@id":"https:\/\/sales-ai-agents.com\/#\/schema\/logo\/image\/","url":"https:\/\/sales-ai-agents.com\/wp-content\/uploads\/2023\/11\/icon-7.svg","contentUrl":"https:\/\/sales-ai-agents.com\/wp-content\/uploads\/2023\/11\/icon-7.svg","width":128,"height":128,"caption":"FuseBase"},"image":{"@id":"https:\/\/sales-ai-agents.com\/#\/schema\/logo\/image\/"}}]}},"_links":{"self":[{"href":"https:\/\/sales-ai-agents.com\/tr\/wp-json\/wp\/v2\/product\/58812","targetHints":{"allow":["GET"]}}],"collection":[{"href":"https:\/\/sales-ai-agents.com\/tr\/wp-json\/wp\/v2\/product"}],"about":[{"href":"https:\/\/sales-ai-agents.com\/tr\/wp-json\/wp\/v2\/types\/product"}],"wp:featuredmedia":[{"embeddable":true,"href":"https:\/\/sales-ai-agents.com\/tr\/wp-json\/wp\/v2\/media\/58813"}],"wp:attachment":[{"href":"https:\/\/sales-ai-agents.com\/tr\/wp-json\/wp\/v2\/media?parent=58812"}],"wp:term":[{"taxonomy":"product_brand","embeddable":true,"href":"https:\/\/sales-ai-agents.com\/tr\/wp-json\/wp\/v2\/product_brand?post=58812"},{"taxonomy":"product_cat","embeddable":true,"href":"https:\/\/sales-ai-agents.com\/tr\/wp-json\/wp\/v2\/product_cat?post=58812"},{"taxonomy":"product_tag","embeddable":true,"href":"https:\/\/sales-ai-agents.com\/tr\/wp-json\/wp\/v2\/product_tag?post=58812"}],"curies":[{"name":"wp","href":"https:\/\/api.w.org\/{rel}","templated":true}]}}