{"id":58821,"date":"2022-09-23T13:47:56","date_gmt":"2022-09-23T13:47:56","guid":{"rendered":"https:\/\/sales-ai-agents.com\/templates\/discovery-requirements\/"},"modified":"2023-12-27T14:13:52","modified_gmt":"2023-12-27T14:13:52","slug":"discovery-requirements","status":"publish","type":"product","link":"https:\/\/sales-ai-agents.com\/tr\/templates\/discovery-requirements\/","title":{"rendered":"Ke\u015fif Gereklilikleri"},"content":{"rendered":"<p>&nbsp;<\/p>\n<h2>Ke\u015fif Gereksinimleri \u015eablonu<\/h2>\n<p class=\"desc-text\">\u00dcr\u00fcn ekipleri, herkes i\u015fbirli\u011fi yapabildi\u011finde, beyin f\u0131rt\u0131nas\u0131 yapabildi\u011finde ve birlikte planlar olu\u015fturabildi\u011finde en iyi \u015fekilde \u00e7al\u0131\u015f\u0131r. Bu \u015fablonu, siz ve ekibinizin \u00fcr\u00fcn\u00fcn\u00fcz\u00fcn gereksinimlerini tan\u0131mlamak i\u00e7in birlikte \u00e7al\u0131\u015fabilmeniz i\u00e7in sa\u011flad\u0131k. Herkesin katk\u0131da bulunabilmesi i\u00e7in \u00fcyeleri etiketleyin ve onlarla payla\u015f\u0131n. T\u00fcm fikirlerinizi ve verilerinizi d\u00fczenlemek i\u00e7in tamamen i\u015flevsel tablolar\u0131 kullan\u0131n. Renk kodlu etiketlerimizi ve y\u00fczde \u00e7ubuklar\u0131m\u0131z\u0131 kullanarak i\u015finizi kolayl\u0131kla takip edin. Bu g\u00f6rsel olarak \u00e7ekici \u015fablonla t\u00fcm gereksinimlerinizi ortaya koyun.<\/p>\n<h5>Nas\u0131l kullan\u0131l\u0131r?<\/h5>\n<ul class=\"desc-item_list\">\n<li class=\"desc-item_list__point\">Ekip \u00fcyeleri ve payda\u015flar ekleyin<\/li>\n<li class=\"desc-item_list__point\">\u00d6\u011felerden olu\u015fan bir kontrol listesi olu\u015fturun<\/li>\n<li class=\"desc-item_list__point\">Temel metrikleri tan\u0131mlay\u0131n<\/li>\n<li class=\"desc-item_list__point\">Tablolar\u0131 fikirlerle doldurun<\/li>\n<li class=\"desc-item_list__point\">Tarihler ekleyin ve m\u00fc\u015fteri geri bildirimlerini dahil edin<\/li>\n<\/ul>\n","protected":false},"excerpt":{"rendered":"<p>Proje gereksinimlerini \u00fcr\u00fcn ekibinizle birlikte tan\u0131mlay\u0131n ve tart\u0131\u015f\u0131n. Bu \u00fccretsiz \u015fablon temel metrikleri, payda\u015flar\u0131, ana g\u00f6revleri ve daha fazlas\u0131n\u0131 tan\u0131mlamaya yard\u0131mc\u0131 olacakt\u0131r.<\/p>\n","protected":false},"featured_media":58822,"template":"","meta":{"_acf_changed":false,"inline_featured_image":false},"product_brand":[],"product_cat":[271,252],"product_tag":[],"class_list":{"0":"post-58821","1":"product","2":"type-product","3":"status-publish","4":"has-post-thumbnail","6":"product_cat-product-management","7":"product_cat-product","9":"first","10":"instock","11":"virtual","12":"sold-individually","13":"product-type-simple"},"acf":[],"yoast_head":"<!-- This site is optimized with the Yoast SEO plugin v25.3.1 - https:\/\/yoast.com\/wordpress\/plugins\/seo\/ -->\n<title>Gereksinimleri Tan\u0131mla \u015eablonu - Sales AI Agents<\/title>\n<meta name=\"description\" content=\"Proje gereksinimlerini \u00fcr\u00fcn ekibinizle birlikte tan\u0131mlay\u0131n ve tart\u0131\u015f\u0131n. Bu \u00fccretsiz \u015fablon temel metrikleri, payda\u015flar\u0131, ana g\u00f6revleri ve daha fazlas\u0131n\u0131 tan\u0131mlamaya yard\u0131mc\u0131 olacakt\u0131r.\" \/>\n<meta name=\"robots\" content=\"index, follow, max-snippet:-1, max-image-preview:large, max-video-preview:-1\" \/>\n<link rel=\"canonical\" href=\"https:\/\/sales-ai-agents.com\/tr\/templates\/discovery-requirements\/\" \/>\n<meta property=\"og:locale\" content=\"tr_TR\" \/>\n<meta property=\"og:type\" content=\"article\" \/>\n<meta property=\"og:title\" content=\"Gereksinimleri Tan\u0131mla \u015eablonu - Sales AI Agents\" \/>\n<meta property=\"og:description\" content=\"Proje gereksinimlerini \u00fcr\u00fcn ekibinizle birlikte tan\u0131mlay\u0131n ve tart\u0131\u015f\u0131n. Bu \u00fccretsiz \u015fablon temel metrikleri, payda\u015flar\u0131, ana g\u00f6revleri ve daha fazlas\u0131n\u0131 tan\u0131mlamaya yard\u0131mc\u0131 olacakt\u0131r.\" \/>\n<meta property=\"og:url\" content=\"https:\/\/sales-ai-agents.com\/tr\/templates\/discovery-requirements\/\" \/>\n<meta property=\"og:site_name\" content=\"Sales AI Agents\" \/>\n<meta property=\"article:modified_time\" content=\"2023-12-27T14:13:52+00:00\" \/>\n<meta property=\"og:image\" content=\"https:\/\/sales-ai-agents.com\/wp-content\/uploads\/2022\/09\/Discovery-Requirements-Template.png\" \/>\n\t<meta property=\"og:image:width\" content=\"1700\" \/>\n\t<meta property=\"og:image:height\" content=\"1100\" \/>\n\t<meta property=\"og:image:type\" content=\"image\/png\" \/>\n<meta name=\"twitter:card\" content=\"summary_large_image\" \/>\n<script type=\"application\/ld+json\" class=\"yoast-schema-graph\">{\"@context\":\"https:\/\/schema.org\",\"@graph\":[{\"@type\":\"WebPage\",\"@id\":\"https:\/\/sales-ai-agents.com\/tr\/templates\/discovery-requirements\/\",\"url\":\"https:\/\/sales-ai-agents.com\/tr\/templates\/discovery-requirements\/\",\"name\":\"Gereksinimleri Tan\u0131mla \u015eablonu - Sales AI Agents\",\"isPartOf\":{\"@id\":\"https:\/\/sales-ai-agents.com\/#website\"},\"primaryImageOfPage\":{\"@id\":\"https:\/\/sales-ai-agents.com\/tr\/templates\/discovery-requirements\/#primaryimage\"},\"image\":{\"@id\":\"https:\/\/sales-ai-agents.com\/tr\/templates\/discovery-requirements\/#primaryimage\"},\"thumbnailUrl\":\"https:\/\/sales-ai-agents.com\/wp-content\/uploads\/2022\/09\/Discovery-Requirements-Template.png\",\"datePublished\":\"2022-09-23T13:47:56+00:00\",\"dateModified\":\"2023-12-27T14:13:52+00:00\",\"description\":\"Proje gereksinimlerini \u00fcr\u00fcn ekibinizle birlikte tan\u0131mlay\u0131n ve tart\u0131\u015f\u0131n. Bu \u00fccretsiz \u015fablon temel metrikleri, payda\u015flar\u0131, ana g\u00f6revleri ve daha fazlas\u0131n\u0131 tan\u0131mlamaya yard\u0131mc\u0131 olacakt\u0131r.\",\"inLanguage\":\"tr\",\"potentialAction\":[{\"@type\":\"ReadAction\",\"target\":[\"https:\/\/sales-ai-agents.com\/tr\/templates\/discovery-requirements\/\"]}]},{\"@type\":\"ImageObject\",\"inLanguage\":\"tr\",\"@id\":\"https:\/\/sales-ai-agents.com\/tr\/templates\/discovery-requirements\/#primaryimage\",\"url\":\"https:\/\/sales-ai-agents.com\/wp-content\/uploads\/2022\/09\/Discovery-Requirements-Template.png\",\"contentUrl\":\"https:\/\/sales-ai-agents.com\/wp-content\/uploads\/2022\/09\/Discovery-Requirements-Template.png\",\"width\":1700,\"height\":1100},{\"@type\":\"WebSite\",\"@id\":\"https:\/\/sales-ai-agents.com\/#website\",\"url\":\"https:\/\/sales-ai-agents.com\/\",\"name\":\"FuseBase\",\"description\":\"Sales AI Agents - Free Online Collaboration Software for Remote Teams. Build your wikis, client portals and more with the Nimbus Platform collaboration tool ? A perfect space for online work\",\"publisher\":{\"@id\":\"https:\/\/sales-ai-agents.com\/#organization\"},\"potentialAction\":[{\"@type\":\"SearchAction\",\"target\":{\"@type\":\"EntryPoint\",\"urlTemplate\":\"https:\/\/sales-ai-agents.com\/?s={search_term_string}\"},\"query-input\":{\"@type\":\"PropertyValueSpecification\",\"valueRequired\":true,\"valueName\":\"search_term_string\"}}],\"inLanguage\":\"tr\"},{\"@type\":\"Organization\",\"@id\":\"https:\/\/sales-ai-agents.com\/#organization\",\"name\":\"FuseBase\",\"url\":\"https:\/\/sales-ai-agents.com\/\",\"logo\":{\"@type\":\"ImageObject\",\"inLanguage\":\"tr\",\"@id\":\"https:\/\/sales-ai-agents.com\/#\/schema\/logo\/image\/\",\"url\":\"https:\/\/sales-ai-agents.com\/wp-content\/uploads\/2023\/11\/icon-7.svg\",\"contentUrl\":\"https:\/\/sales-ai-agents.com\/wp-content\/uploads\/2023\/11\/icon-7.svg\",\"width\":128,\"height\":128,\"caption\":\"FuseBase\"},\"image\":{\"@id\":\"https:\/\/sales-ai-agents.com\/#\/schema\/logo\/image\/\"}}]}<\/script>\n<!-- \/ Yoast SEO plugin. -->","yoast_head_json":{"title":"Gereksinimleri Tan\u0131mla \u015eablonu - Sales AI Agents","description":"Proje gereksinimlerini \u00fcr\u00fcn ekibinizle birlikte tan\u0131mlay\u0131n ve tart\u0131\u015f\u0131n. Bu \u00fccretsiz \u015fablon temel metrikleri, payda\u015flar\u0131, ana g\u00f6revleri ve daha fazlas\u0131n\u0131 tan\u0131mlamaya yard\u0131mc\u0131 olacakt\u0131r.","robots":{"index":"index","follow":"follow","max-snippet":"max-snippet:-1","max-image-preview":"max-image-preview:large","max-video-preview":"max-video-preview:-1"},"canonical":"https:\/\/sales-ai-agents.com\/tr\/templates\/discovery-requirements\/","og_locale":"tr_TR","og_type":"article","og_title":"Gereksinimleri Tan\u0131mla \u015eablonu - Sales AI Agents","og_description":"Proje gereksinimlerini \u00fcr\u00fcn ekibinizle birlikte tan\u0131mlay\u0131n ve tart\u0131\u015f\u0131n. Bu \u00fccretsiz \u015fablon temel metrikleri, payda\u015flar\u0131, ana g\u00f6revleri ve daha fazlas\u0131n\u0131 tan\u0131mlamaya yard\u0131mc\u0131 olacakt\u0131r.","og_url":"https:\/\/sales-ai-agents.com\/tr\/templates\/discovery-requirements\/","og_site_name":"Sales AI Agents","article_modified_time":"2023-12-27T14:13:52+00:00","og_image":[{"width":1700,"height":1100,"url":"https:\/\/sales-ai-agents.com\/wp-content\/uploads\/2022\/09\/Discovery-Requirements-Template.png","type":"image\/png"}],"twitter_card":"summary_large_image","schema":{"@context":"https:\/\/schema.org","@graph":[{"@type":"WebPage","@id":"https:\/\/sales-ai-agents.com\/tr\/templates\/discovery-requirements\/","url":"https:\/\/sales-ai-agents.com\/tr\/templates\/discovery-requirements\/","name":"Gereksinimleri Tan\u0131mla \u015eablonu - Sales AI Agents","isPartOf":{"@id":"https:\/\/sales-ai-agents.com\/#website"},"primaryImageOfPage":{"@id":"https:\/\/sales-ai-agents.com\/tr\/templates\/discovery-requirements\/#primaryimage"},"image":{"@id":"https:\/\/sales-ai-agents.com\/tr\/templates\/discovery-requirements\/#primaryimage"},"thumbnailUrl":"https:\/\/sales-ai-agents.com\/wp-content\/uploads\/2022\/09\/Discovery-Requirements-Template.png","datePublished":"2022-09-23T13:47:56+00:00","dateModified":"2023-12-27T14:13:52+00:00","description":"Proje gereksinimlerini \u00fcr\u00fcn ekibinizle birlikte tan\u0131mlay\u0131n ve tart\u0131\u015f\u0131n. Bu \u00fccretsiz \u015fablon temel metrikleri, payda\u015flar\u0131, ana g\u00f6revleri ve daha fazlas\u0131n\u0131 tan\u0131mlamaya yard\u0131mc\u0131 olacakt\u0131r.","inLanguage":"tr","potentialAction":[{"@type":"ReadAction","target":["https:\/\/sales-ai-agents.com\/tr\/templates\/discovery-requirements\/"]}]},{"@type":"ImageObject","inLanguage":"tr","@id":"https:\/\/sales-ai-agents.com\/tr\/templates\/discovery-requirements\/#primaryimage","url":"https:\/\/sales-ai-agents.com\/wp-content\/uploads\/2022\/09\/Discovery-Requirements-Template.png","contentUrl":"https:\/\/sales-ai-agents.com\/wp-content\/uploads\/2022\/09\/Discovery-Requirements-Template.png","width":1700,"height":1100},{"@type":"WebSite","@id":"https:\/\/sales-ai-agents.com\/#website","url":"https:\/\/sales-ai-agents.com\/","name":"FuseBase","description":"Sales AI Agents - Free Online Collaboration Software for Remote Teams. Build your wikis, client portals and more with the Nimbus Platform collaboration tool ? A perfect space for online work","publisher":{"@id":"https:\/\/sales-ai-agents.com\/#organization"},"potentialAction":[{"@type":"SearchAction","target":{"@type":"EntryPoint","urlTemplate":"https:\/\/sales-ai-agents.com\/?s={search_term_string}"},"query-input":{"@type":"PropertyValueSpecification","valueRequired":true,"valueName":"search_term_string"}}],"inLanguage":"tr"},{"@type":"Organization","@id":"https:\/\/sales-ai-agents.com\/#organization","name":"FuseBase","url":"https:\/\/sales-ai-agents.com\/","logo":{"@type":"ImageObject","inLanguage":"tr","@id":"https:\/\/sales-ai-agents.com\/#\/schema\/logo\/image\/","url":"https:\/\/sales-ai-agents.com\/wp-content\/uploads\/2023\/11\/icon-7.svg","contentUrl":"https:\/\/sales-ai-agents.com\/wp-content\/uploads\/2023\/11\/icon-7.svg","width":128,"height":128,"caption":"FuseBase"},"image":{"@id":"https:\/\/sales-ai-agents.com\/#\/schema\/logo\/image\/"}}]}},"_links":{"self":[{"href":"https:\/\/sales-ai-agents.com\/tr\/wp-json\/wp\/v2\/product\/58821","targetHints":{"allow":["GET"]}}],"collection":[{"href":"https:\/\/sales-ai-agents.com\/tr\/wp-json\/wp\/v2\/product"}],"about":[{"href":"https:\/\/sales-ai-agents.com\/tr\/wp-json\/wp\/v2\/types\/product"}],"wp:featuredmedia":[{"embeddable":true,"href":"https:\/\/sales-ai-agents.com\/tr\/wp-json\/wp\/v2\/media\/58822"}],"wp:attachment":[{"href":"https:\/\/sales-ai-agents.com\/tr\/wp-json\/wp\/v2\/media?parent=58821"}],"wp:term":[{"taxonomy":"product_brand","embeddable":true,"href":"https:\/\/sales-ai-agents.com\/tr\/wp-json\/wp\/v2\/product_brand?post=58821"},{"taxonomy":"product_cat","embeddable":true,"href":"https:\/\/sales-ai-agents.com\/tr\/wp-json\/wp\/v2\/product_cat?post=58821"},{"taxonomy":"product_tag","embeddable":true,"href":"https:\/\/sales-ai-agents.com\/tr\/wp-json\/wp\/v2\/product_tag?post=58821"}],"curies":[{"name":"wp","href":"https:\/\/api.w.org\/{rel}","templated":true}]}}