{"id":58825,"date":"2022-09-23T13:47:53","date_gmt":"2022-09-23T13:47:53","guid":{"rendered":"https:\/\/sales-ai-agents.com\/templates\/simple-event-budget\/"},"modified":"2023-12-31T17:02:40","modified_gmt":"2023-12-31T17:02:40","slug":"simple-event-budget","status":"publish","type":"product","link":"https:\/\/sales-ai-agents.com\/tr\/templates\/simple-event-budget\/","title":{"rendered":"Basit Etkinlik B\u00fct\u00e7esi"},"content":{"rendered":"<p>&nbsp;<\/p>\n<h2>Basit Etkinlik B\u00fct\u00e7esi \u015eablonu<\/h2>\n<p class=\"desc-text\">Bu basit \u015fablonun okunmas\u0131 ve kullan\u0131m\u0131 kolayd\u0131r. Harcamalar\u0131n\u0131z\u0131 planlayarak fazla harcama yapmad\u0131\u011f\u0131n\u0131zdan emin olabilirsiniz. Bu b\u00fct\u00e7e ile maliyetlerinizi takip edebilirsiniz. Sat\u0131n alaca\u011f\u0131n\u0131z \u00fcr\u00fcnleri listeleyin ve toplam fiyat\u0131 toplay\u0131n. Tutar\u0131n b\u00fct\u00e7eniz dahilinde oldu\u011fundan emin olun. \u0130mkanlar\u0131n\u0131z\u0131n d\u0131\u015f\u0131nda harcama yapmamak i\u00e7in harcamalar\u0131n\u0131z\u0131 buna g\u00f6re planlay\u0131n.<\/p>\n<h5>Nas\u0131l kullan\u0131l\u0131r:<\/h5>\n<ul class=\"desc-item_list\">\n<li class=\"desc-item_list__point\">Farkl\u0131 kategorileri ve harcamalar\u0131 listeleyin<\/li>\n<li class=\"desc-item_list__point\">Her bir \u00fcr\u00fcn i\u00e7in fiyatlar\u0131 ara\u015ft\u0131r\u0131n<\/li>\n<li class=\"desc-item_list__point\">Beklenen maliyetleri dahil edin<\/li>\n<li class=\"desc-item_list__point\">Beklenen maliyetlerin sizin maliyetleriniz dahilinde oldu\u011fundan emin olun<\/li>\n<li class=\"desc-item_list__point\">Bu b\u00fct\u00e7eyi bir rehber olarak kullan\u0131n<\/li>\n<\/ul>\n","protected":false},"excerpt":{"rendered":"<p>Maliyetlerinizi takip edin ve etkinlik b\u00fct\u00e7esini fazla harcamay\u0131n. Bu \u00fccretsiz \u015fablon yiyecek, i\u00e7ecek ve e\u011flence harcamalar\u0131n\u0131z\u0131 planlaman\u0131za yard\u0131mc\u0131 olacak!<\/p>\n","protected":false},"featured_media":58826,"template":"","meta":{"_acf_changed":false,"inline_featured_image":false},"product_brand":[],"product_cat":[260],"product_tag":[],"class_list":{"0":"post-58825","1":"product","2":"type-product","3":"status-publish","4":"has-post-thumbnail","6":"product_cat-events","8":"first","9":"instock","10":"virtual","11":"sold-individually","12":"product-type-simple"},"acf":[],"yoast_head":"<!-- This site is optimized with the Yoast SEO plugin v25.3.1 - https:\/\/yoast.com\/wordpress\/plugins\/seo\/ -->\n<title>Basit Etkinlik B\u00fct\u00e7esi \u015eablonu - Sales AI Agents<\/title>\n<meta name=\"description\" content=\"Maliyetlerinizi takip edin ve etkinlik b\u00fct\u00e7esini fazla harcamay\u0131n. Bu \u00fccretsiz \u015fablon yiyecek, i\u00e7ecek ve e\u011flence harcamalar\u0131n\u0131z\u0131 planlaman\u0131za yard\u0131mc\u0131 olacak!\" \/>\n<meta name=\"robots\" content=\"index, follow, max-snippet:-1, max-image-preview:large, max-video-preview:-1\" \/>\n<link rel=\"canonical\" href=\"https:\/\/sales-ai-agents.com\/tr\/templates\/simple-event-budget\/\" \/>\n<meta property=\"og:locale\" content=\"tr_TR\" \/>\n<meta property=\"og:type\" content=\"article\" \/>\n<meta property=\"og:title\" content=\"Basit Etkinlik B\u00fct\u00e7esi \u015eablonu - Sales AI Agents\" \/>\n<meta property=\"og:description\" content=\"Maliyetlerinizi takip edin ve etkinlik b\u00fct\u00e7esini fazla harcamay\u0131n. Bu \u00fccretsiz \u015fablon yiyecek, i\u00e7ecek ve e\u011flence harcamalar\u0131n\u0131z\u0131 planlaman\u0131za yard\u0131mc\u0131 olacak!\" \/>\n<meta property=\"og:url\" content=\"https:\/\/sales-ai-agents.com\/tr\/templates\/simple-event-budget\/\" \/>\n<meta property=\"og:site_name\" content=\"Sales AI Agents\" \/>\n<meta property=\"article:modified_time\" content=\"2023-12-31T17:02:40+00:00\" \/>\n<meta property=\"og:image\" content=\"https:\/\/sales-ai-agents.com\/wp-content\/uploads\/2022\/09\/Simple-Event-Budget-Template.png\" \/>\n\t<meta property=\"og:image:width\" content=\"1700\" \/>\n\t<meta property=\"og:image:height\" content=\"1100\" \/>\n\t<meta property=\"og:image:type\" content=\"image\/png\" \/>\n<meta name=\"twitter:card\" content=\"summary_large_image\" \/>\n<script type=\"application\/ld+json\" class=\"yoast-schema-graph\">{\"@context\":\"https:\/\/schema.org\",\"@graph\":[{\"@type\":\"WebPage\",\"@id\":\"https:\/\/sales-ai-agents.com\/tr\/templates\/simple-event-budget\/\",\"url\":\"https:\/\/sales-ai-agents.com\/tr\/templates\/simple-event-budget\/\",\"name\":\"Basit Etkinlik B\u00fct\u00e7esi \u015eablonu - Sales AI Agents\",\"isPartOf\":{\"@id\":\"https:\/\/sales-ai-agents.com\/#website\"},\"primaryImageOfPage\":{\"@id\":\"https:\/\/sales-ai-agents.com\/tr\/templates\/simple-event-budget\/#primaryimage\"},\"image\":{\"@id\":\"https:\/\/sales-ai-agents.com\/tr\/templates\/simple-event-budget\/#primaryimage\"},\"thumbnailUrl\":\"https:\/\/sales-ai-agents.com\/wp-content\/uploads\/2022\/09\/Simple-Event-Budget-Template.png\",\"datePublished\":\"2022-09-23T13:47:53+00:00\",\"dateModified\":\"2023-12-31T17:02:40+00:00\",\"description\":\"Maliyetlerinizi takip edin ve etkinlik b\u00fct\u00e7esini fazla harcamay\u0131n. Bu \u00fccretsiz \u015fablon yiyecek, i\u00e7ecek ve e\u011flence harcamalar\u0131n\u0131z\u0131 planlaman\u0131za yard\u0131mc\u0131 olacak!\",\"inLanguage\":\"tr\",\"potentialAction\":[{\"@type\":\"ReadAction\",\"target\":[\"https:\/\/sales-ai-agents.com\/tr\/templates\/simple-event-budget\/\"]}]},{\"@type\":\"ImageObject\",\"inLanguage\":\"tr\",\"@id\":\"https:\/\/sales-ai-agents.com\/tr\/templates\/simple-event-budget\/#primaryimage\",\"url\":\"https:\/\/sales-ai-agents.com\/wp-content\/uploads\/2022\/09\/Simple-Event-Budget-Template.png\",\"contentUrl\":\"https:\/\/sales-ai-agents.com\/wp-content\/uploads\/2022\/09\/Simple-Event-Budget-Template.png\",\"width\":1700,\"height\":1100},{\"@type\":\"WebSite\",\"@id\":\"https:\/\/sales-ai-agents.com\/#website\",\"url\":\"https:\/\/sales-ai-agents.com\/\",\"name\":\"FuseBase\",\"description\":\"Sales AI Agents - Free Online Collaboration Software for Remote Teams. Build your wikis, client portals and more with the Nimbus Platform collaboration tool ? A perfect space for online work\",\"publisher\":{\"@id\":\"https:\/\/sales-ai-agents.com\/#organization\"},\"potentialAction\":[{\"@type\":\"SearchAction\",\"target\":{\"@type\":\"EntryPoint\",\"urlTemplate\":\"https:\/\/sales-ai-agents.com\/?s={search_term_string}\"},\"query-input\":{\"@type\":\"PropertyValueSpecification\",\"valueRequired\":true,\"valueName\":\"search_term_string\"}}],\"inLanguage\":\"tr\"},{\"@type\":\"Organization\",\"@id\":\"https:\/\/sales-ai-agents.com\/#organization\",\"name\":\"FuseBase\",\"url\":\"https:\/\/sales-ai-agents.com\/\",\"logo\":{\"@type\":\"ImageObject\",\"inLanguage\":\"tr\",\"@id\":\"https:\/\/sales-ai-agents.com\/#\/schema\/logo\/image\/\",\"url\":\"https:\/\/sales-ai-agents.com\/wp-content\/uploads\/2023\/11\/icon-7.svg\",\"contentUrl\":\"https:\/\/sales-ai-agents.com\/wp-content\/uploads\/2023\/11\/icon-7.svg\",\"width\":128,\"height\":128,\"caption\":\"FuseBase\"},\"image\":{\"@id\":\"https:\/\/sales-ai-agents.com\/#\/schema\/logo\/image\/\"}}]}<\/script>\n<!-- \/ Yoast SEO plugin. -->","yoast_head_json":{"title":"Basit Etkinlik B\u00fct\u00e7esi \u015eablonu - Sales AI Agents","description":"Maliyetlerinizi takip edin ve etkinlik b\u00fct\u00e7esini fazla harcamay\u0131n. Bu \u00fccretsiz \u015fablon yiyecek, i\u00e7ecek ve e\u011flence harcamalar\u0131n\u0131z\u0131 planlaman\u0131za yard\u0131mc\u0131 olacak!","robots":{"index":"index","follow":"follow","max-snippet":"max-snippet:-1","max-image-preview":"max-image-preview:large","max-video-preview":"max-video-preview:-1"},"canonical":"https:\/\/sales-ai-agents.com\/tr\/templates\/simple-event-budget\/","og_locale":"tr_TR","og_type":"article","og_title":"Basit Etkinlik B\u00fct\u00e7esi \u015eablonu - Sales AI Agents","og_description":"Maliyetlerinizi takip edin ve etkinlik b\u00fct\u00e7esini fazla harcamay\u0131n. Bu \u00fccretsiz \u015fablon yiyecek, i\u00e7ecek ve e\u011flence harcamalar\u0131n\u0131z\u0131 planlaman\u0131za yard\u0131mc\u0131 olacak!","og_url":"https:\/\/sales-ai-agents.com\/tr\/templates\/simple-event-budget\/","og_site_name":"Sales AI Agents","article_modified_time":"2023-12-31T17:02:40+00:00","og_image":[{"width":1700,"height":1100,"url":"https:\/\/sales-ai-agents.com\/wp-content\/uploads\/2022\/09\/Simple-Event-Budget-Template.png","type":"image\/png"}],"twitter_card":"summary_large_image","schema":{"@context":"https:\/\/schema.org","@graph":[{"@type":"WebPage","@id":"https:\/\/sales-ai-agents.com\/tr\/templates\/simple-event-budget\/","url":"https:\/\/sales-ai-agents.com\/tr\/templates\/simple-event-budget\/","name":"Basit Etkinlik B\u00fct\u00e7esi \u015eablonu - Sales AI Agents","isPartOf":{"@id":"https:\/\/sales-ai-agents.com\/#website"},"primaryImageOfPage":{"@id":"https:\/\/sales-ai-agents.com\/tr\/templates\/simple-event-budget\/#primaryimage"},"image":{"@id":"https:\/\/sales-ai-agents.com\/tr\/templates\/simple-event-budget\/#primaryimage"},"thumbnailUrl":"https:\/\/sales-ai-agents.com\/wp-content\/uploads\/2022\/09\/Simple-Event-Budget-Template.png","datePublished":"2022-09-23T13:47:53+00:00","dateModified":"2023-12-31T17:02:40+00:00","description":"Maliyetlerinizi takip edin ve etkinlik b\u00fct\u00e7esini fazla harcamay\u0131n. Bu \u00fccretsiz \u015fablon yiyecek, i\u00e7ecek ve e\u011flence harcamalar\u0131n\u0131z\u0131 planlaman\u0131za yard\u0131mc\u0131 olacak!","inLanguage":"tr","potentialAction":[{"@type":"ReadAction","target":["https:\/\/sales-ai-agents.com\/tr\/templates\/simple-event-budget\/"]}]},{"@type":"ImageObject","inLanguage":"tr","@id":"https:\/\/sales-ai-agents.com\/tr\/templates\/simple-event-budget\/#primaryimage","url":"https:\/\/sales-ai-agents.com\/wp-content\/uploads\/2022\/09\/Simple-Event-Budget-Template.png","contentUrl":"https:\/\/sales-ai-agents.com\/wp-content\/uploads\/2022\/09\/Simple-Event-Budget-Template.png","width":1700,"height":1100},{"@type":"WebSite","@id":"https:\/\/sales-ai-agents.com\/#website","url":"https:\/\/sales-ai-agents.com\/","name":"FuseBase","description":"Sales AI Agents - Free Online Collaboration Software for Remote Teams. Build your wikis, client portals and more with the Nimbus Platform collaboration tool ? A perfect space for online work","publisher":{"@id":"https:\/\/sales-ai-agents.com\/#organization"},"potentialAction":[{"@type":"SearchAction","target":{"@type":"EntryPoint","urlTemplate":"https:\/\/sales-ai-agents.com\/?s={search_term_string}"},"query-input":{"@type":"PropertyValueSpecification","valueRequired":true,"valueName":"search_term_string"}}],"inLanguage":"tr"},{"@type":"Organization","@id":"https:\/\/sales-ai-agents.com\/#organization","name":"FuseBase","url":"https:\/\/sales-ai-agents.com\/","logo":{"@type":"ImageObject","inLanguage":"tr","@id":"https:\/\/sales-ai-agents.com\/#\/schema\/logo\/image\/","url":"https:\/\/sales-ai-agents.com\/wp-content\/uploads\/2023\/11\/icon-7.svg","contentUrl":"https:\/\/sales-ai-agents.com\/wp-content\/uploads\/2023\/11\/icon-7.svg","width":128,"height":128,"caption":"FuseBase"},"image":{"@id":"https:\/\/sales-ai-agents.com\/#\/schema\/logo\/image\/"}}]}},"_links":{"self":[{"href":"https:\/\/sales-ai-agents.com\/tr\/wp-json\/wp\/v2\/product\/58825","targetHints":{"allow":["GET"]}}],"collection":[{"href":"https:\/\/sales-ai-agents.com\/tr\/wp-json\/wp\/v2\/product"}],"about":[{"href":"https:\/\/sales-ai-agents.com\/tr\/wp-json\/wp\/v2\/types\/product"}],"wp:featuredmedia":[{"embeddable":true,"href":"https:\/\/sales-ai-agents.com\/tr\/wp-json\/wp\/v2\/media\/58826"}],"wp:attachment":[{"href":"https:\/\/sales-ai-agents.com\/tr\/wp-json\/wp\/v2\/media?parent=58825"}],"wp:term":[{"taxonomy":"product_brand","embeddable":true,"href":"https:\/\/sales-ai-agents.com\/tr\/wp-json\/wp\/v2\/product_brand?post=58825"},{"taxonomy":"product_cat","embeddable":true,"href":"https:\/\/sales-ai-agents.com\/tr\/wp-json\/wp\/v2\/product_cat?post=58825"},{"taxonomy":"product_tag","embeddable":true,"href":"https:\/\/sales-ai-agents.com\/tr\/wp-json\/wp\/v2\/product_tag?post=58825"}],"curies":[{"name":"wp","href":"https:\/\/api.w.org\/{rel}","templated":true}]}}