{"id":58829,"date":"2022-09-23T13:47:47","date_gmt":"2022-09-23T13:47:47","guid":{"rendered":"https:\/\/sales-ai-agents.com\/templates\/brainstorming\/"},"modified":"2023-12-31T16:41:23","modified_gmt":"2023-12-31T16:41:23","slug":"brainstorming","status":"publish","type":"product","link":"https:\/\/sales-ai-agents.com\/tr\/templates\/brainstorming\/","title":{"rendered":"Beyin F\u0131rt\u0131nas\u0131"},"content":{"rendered":"<p>&nbsp;<\/p>\n<h2>Beyin F\u0131rt\u0131nas\u0131Beyin F\u0131rt\u0131nas\u0131 \u015eablonu<\/h2>\n<p class=\"desc-text\">Beyin f\u0131rt\u0131nas\u0131, bir sorunu veya soruyu \u00e7\u00f6zmek i\u00e7in bir fikir ak\u0131\u015f\u0131 yarat\u0131r. Bu beyin f\u0131rt\u0131nas\u0131 \u015fablonu ile farkl\u0131 sorular \u00fcretebilirsiniz. Her soru i\u00e7in olas\u0131 yan\u0131tlar\u0131 analiz edin ve listeleyin. \u015eablonu ekibinizle payla\u015f\u0131n ve herkesin d\u00fc\u015f\u00fcncelerini toplay\u0131n. Etkili bir \u015fekilde beyin f\u0131rt\u0131nas\u0131 yapmak ele\u015ftirel d\u00fc\u015f\u00fcnme becerilerinizi harekete ge\u00e7irebilir ve size taze bir fikir ak\u0131\u015f\u0131 sa\u011flayabilir.<\/p>\n<h5>Nas\u0131l kullan\u0131l\u0131r:<\/h5>\n<ul class=\"desc-item_list\">\n<li class=\"desc-item_list__point\">Yan\u0131tlanacak olas\u0131 sorular\u0131 d\u00fc\u015f\u00fcn\u00fcn<\/li>\n<li class=\"desc-item_list__point\">Olas\u0131 \u00e7\u00f6z\u00fcmleri listeleyin<\/li>\n<li class=\"desc-item_list__point\">Ekibinizle payla\u015f\u0131n<\/li>\n<li class=\"desc-item_list__point\">Herkesin fikirlerini dahil edin<\/li>\n<li class=\"desc-item_list__point\">Beyin f\u0131rt\u0131nas\u0131na dayal\u0131 \u00e7\u00f6z\u00fcmler \u00fcretin<\/li>\n<\/ul>\n","protected":false},"excerpt":{"rendered":"<p>Beyin f\u0131rt\u0131nas\u0131, bir sorunu veya soruyu \u00e7\u00f6zmek i\u00e7in bir fikir ak\u0131\u015f\u0131 yarat\u0131r. Bu beyin f\u0131rt\u0131nas\u0131 \u015fablonu ile farkl\u0131 sorular ve d\u00fc\u015f\u00fcnceler \u00fcretin.<\/p>\n","protected":false},"featured_media":58830,"template":"","meta":{"_acf_changed":false,"inline_featured_image":false},"product_brand":[],"product_cat":[250,231],"product_tag":[],"class_list":{"0":"post-58829","1":"product","2":"type-product","3":"status-publish","4":"has-post-thumbnail","6":"product_cat-marketing","7":"product_cat-project-management","8":"collections-team","10":"first","11":"instock","12":"virtual","13":"sold-individually","14":"product-type-simple"},"acf":[],"yoast_head":"<!-- This site is optimized with the Yoast SEO plugin v25.3.1 - https:\/\/yoast.com\/wordpress\/plugins\/seo\/ -->\n<title>Beyin F\u0131rt\u0131nas\u0131 \u015eablonu - Sales AI Agents<\/title>\n<meta name=\"description\" content=\"Beyin f\u0131rt\u0131nas\u0131, bir sorunu veya soruyu \u00e7\u00f6zmek i\u00e7in bir fikir ak\u0131\u015f\u0131 yarat\u0131r. Bu beyin f\u0131rt\u0131nas\u0131 \u015fablonu ile farkl\u0131 sorular ve d\u00fc\u015f\u00fcnceler \u00fcretin.\" \/>\n<meta name=\"robots\" content=\"index, follow, max-snippet:-1, max-image-preview:large, max-video-preview:-1\" \/>\n<link rel=\"canonical\" href=\"https:\/\/sales-ai-agents.com\/tr\/templates\/brainstorming\/\" \/>\n<meta property=\"og:locale\" content=\"tr_TR\" \/>\n<meta property=\"og:type\" content=\"article\" \/>\n<meta property=\"og:title\" content=\"Beyin F\u0131rt\u0131nas\u0131 \u015eablonu - Sales AI Agents\" \/>\n<meta property=\"og:description\" content=\"Beyin f\u0131rt\u0131nas\u0131, bir sorunu veya soruyu \u00e7\u00f6zmek i\u00e7in bir fikir ak\u0131\u015f\u0131 yarat\u0131r. Bu beyin f\u0131rt\u0131nas\u0131 \u015fablonu ile farkl\u0131 sorular ve d\u00fc\u015f\u00fcnceler \u00fcretin.\" \/>\n<meta property=\"og:url\" content=\"https:\/\/sales-ai-agents.com\/tr\/templates\/brainstorming\/\" \/>\n<meta property=\"og:site_name\" content=\"Sales AI Agents\" \/>\n<meta property=\"article:modified_time\" content=\"2023-12-31T16:41:23+00:00\" \/>\n<meta property=\"og:image\" content=\"https:\/\/sales-ai-agents.com\/wp-content\/uploads\/2022\/09\/Brainstorming-Template.png\" \/>\n\t<meta property=\"og:image:width\" content=\"1700\" \/>\n\t<meta property=\"og:image:height\" content=\"1100\" \/>\n\t<meta property=\"og:image:type\" content=\"image\/png\" \/>\n<meta name=\"twitter:card\" content=\"summary_large_image\" \/>\n<script type=\"application\/ld+json\" class=\"yoast-schema-graph\">{\"@context\":\"https:\/\/schema.org\",\"@graph\":[{\"@type\":\"WebPage\",\"@id\":\"https:\/\/sales-ai-agents.com\/tr\/templates\/brainstorming\/\",\"url\":\"https:\/\/sales-ai-agents.com\/tr\/templates\/brainstorming\/\",\"name\":\"Beyin F\u0131rt\u0131nas\u0131 \u015eablonu - Sales AI Agents\",\"isPartOf\":{\"@id\":\"https:\/\/sales-ai-agents.com\/#website\"},\"primaryImageOfPage\":{\"@id\":\"https:\/\/sales-ai-agents.com\/tr\/templates\/brainstorming\/#primaryimage\"},\"image\":{\"@id\":\"https:\/\/sales-ai-agents.com\/tr\/templates\/brainstorming\/#primaryimage\"},\"thumbnailUrl\":\"https:\/\/sales-ai-agents.com\/wp-content\/uploads\/2022\/09\/Brainstorming-Template.png\",\"datePublished\":\"2022-09-23T13:47:47+00:00\",\"dateModified\":\"2023-12-31T16:41:23+00:00\",\"description\":\"Beyin f\u0131rt\u0131nas\u0131, bir sorunu veya soruyu \u00e7\u00f6zmek i\u00e7in bir fikir ak\u0131\u015f\u0131 yarat\u0131r. Bu beyin f\u0131rt\u0131nas\u0131 \u015fablonu ile farkl\u0131 sorular ve d\u00fc\u015f\u00fcnceler \u00fcretin.\",\"inLanguage\":\"tr\",\"potentialAction\":[{\"@type\":\"ReadAction\",\"target\":[\"https:\/\/sales-ai-agents.com\/tr\/templates\/brainstorming\/\"]}]},{\"@type\":\"ImageObject\",\"inLanguage\":\"tr\",\"@id\":\"https:\/\/sales-ai-agents.com\/tr\/templates\/brainstorming\/#primaryimage\",\"url\":\"https:\/\/sales-ai-agents.com\/wp-content\/uploads\/2022\/09\/Brainstorming-Template.png\",\"contentUrl\":\"https:\/\/sales-ai-agents.com\/wp-content\/uploads\/2022\/09\/Brainstorming-Template.png\",\"width\":1700,\"height\":1100},{\"@type\":\"WebSite\",\"@id\":\"https:\/\/sales-ai-agents.com\/#website\",\"url\":\"https:\/\/sales-ai-agents.com\/\",\"name\":\"FuseBase\",\"description\":\"Sales AI Agents - Free Online Collaboration Software for Remote Teams. Build your wikis, client portals and more with the Nimbus Platform collaboration tool ? A perfect space for online work\",\"publisher\":{\"@id\":\"https:\/\/sales-ai-agents.com\/#organization\"},\"potentialAction\":[{\"@type\":\"SearchAction\",\"target\":{\"@type\":\"EntryPoint\",\"urlTemplate\":\"https:\/\/sales-ai-agents.com\/?s={search_term_string}\"},\"query-input\":{\"@type\":\"PropertyValueSpecification\",\"valueRequired\":true,\"valueName\":\"search_term_string\"}}],\"inLanguage\":\"tr\"},{\"@type\":\"Organization\",\"@id\":\"https:\/\/sales-ai-agents.com\/#organization\",\"name\":\"FuseBase\",\"url\":\"https:\/\/sales-ai-agents.com\/\",\"logo\":{\"@type\":\"ImageObject\",\"inLanguage\":\"tr\",\"@id\":\"https:\/\/sales-ai-agents.com\/#\/schema\/logo\/image\/\",\"url\":\"https:\/\/sales-ai-agents.com\/wp-content\/uploads\/2023\/11\/icon-7.svg\",\"contentUrl\":\"https:\/\/sales-ai-agents.com\/wp-content\/uploads\/2023\/11\/icon-7.svg\",\"width\":128,\"height\":128,\"caption\":\"FuseBase\"},\"image\":{\"@id\":\"https:\/\/sales-ai-agents.com\/#\/schema\/logo\/image\/\"}}]}<\/script>\n<!-- \/ Yoast SEO plugin. -->","yoast_head_json":{"title":"Beyin F\u0131rt\u0131nas\u0131 \u015eablonu - Sales AI Agents","description":"Beyin f\u0131rt\u0131nas\u0131, bir sorunu veya soruyu \u00e7\u00f6zmek i\u00e7in bir fikir ak\u0131\u015f\u0131 yarat\u0131r. Bu beyin f\u0131rt\u0131nas\u0131 \u015fablonu ile farkl\u0131 sorular ve d\u00fc\u015f\u00fcnceler \u00fcretin.","robots":{"index":"index","follow":"follow","max-snippet":"max-snippet:-1","max-image-preview":"max-image-preview:large","max-video-preview":"max-video-preview:-1"},"canonical":"https:\/\/sales-ai-agents.com\/tr\/templates\/brainstorming\/","og_locale":"tr_TR","og_type":"article","og_title":"Beyin F\u0131rt\u0131nas\u0131 \u015eablonu - Sales AI Agents","og_description":"Beyin f\u0131rt\u0131nas\u0131, bir sorunu veya soruyu \u00e7\u00f6zmek i\u00e7in bir fikir ak\u0131\u015f\u0131 yarat\u0131r. Bu beyin f\u0131rt\u0131nas\u0131 \u015fablonu ile farkl\u0131 sorular ve d\u00fc\u015f\u00fcnceler \u00fcretin.","og_url":"https:\/\/sales-ai-agents.com\/tr\/templates\/brainstorming\/","og_site_name":"Sales AI Agents","article_modified_time":"2023-12-31T16:41:23+00:00","og_image":[{"width":1700,"height":1100,"url":"https:\/\/sales-ai-agents.com\/wp-content\/uploads\/2022\/09\/Brainstorming-Template.png","type":"image\/png"}],"twitter_card":"summary_large_image","schema":{"@context":"https:\/\/schema.org","@graph":[{"@type":"WebPage","@id":"https:\/\/sales-ai-agents.com\/tr\/templates\/brainstorming\/","url":"https:\/\/sales-ai-agents.com\/tr\/templates\/brainstorming\/","name":"Beyin F\u0131rt\u0131nas\u0131 \u015eablonu - Sales AI Agents","isPartOf":{"@id":"https:\/\/sales-ai-agents.com\/#website"},"primaryImageOfPage":{"@id":"https:\/\/sales-ai-agents.com\/tr\/templates\/brainstorming\/#primaryimage"},"image":{"@id":"https:\/\/sales-ai-agents.com\/tr\/templates\/brainstorming\/#primaryimage"},"thumbnailUrl":"https:\/\/sales-ai-agents.com\/wp-content\/uploads\/2022\/09\/Brainstorming-Template.png","datePublished":"2022-09-23T13:47:47+00:00","dateModified":"2023-12-31T16:41:23+00:00","description":"Beyin f\u0131rt\u0131nas\u0131, bir sorunu veya soruyu \u00e7\u00f6zmek i\u00e7in bir fikir ak\u0131\u015f\u0131 yarat\u0131r. Bu beyin f\u0131rt\u0131nas\u0131 \u015fablonu ile farkl\u0131 sorular ve d\u00fc\u015f\u00fcnceler \u00fcretin.","inLanguage":"tr","potentialAction":[{"@type":"ReadAction","target":["https:\/\/sales-ai-agents.com\/tr\/templates\/brainstorming\/"]}]},{"@type":"ImageObject","inLanguage":"tr","@id":"https:\/\/sales-ai-agents.com\/tr\/templates\/brainstorming\/#primaryimage","url":"https:\/\/sales-ai-agents.com\/wp-content\/uploads\/2022\/09\/Brainstorming-Template.png","contentUrl":"https:\/\/sales-ai-agents.com\/wp-content\/uploads\/2022\/09\/Brainstorming-Template.png","width":1700,"height":1100},{"@type":"WebSite","@id":"https:\/\/sales-ai-agents.com\/#website","url":"https:\/\/sales-ai-agents.com\/","name":"FuseBase","description":"Sales AI Agents - Free Online Collaboration Software for Remote Teams. Build your wikis, client portals and more with the Nimbus Platform collaboration tool ? A perfect space for online work","publisher":{"@id":"https:\/\/sales-ai-agents.com\/#organization"},"potentialAction":[{"@type":"SearchAction","target":{"@type":"EntryPoint","urlTemplate":"https:\/\/sales-ai-agents.com\/?s={search_term_string}"},"query-input":{"@type":"PropertyValueSpecification","valueRequired":true,"valueName":"search_term_string"}}],"inLanguage":"tr"},{"@type":"Organization","@id":"https:\/\/sales-ai-agents.com\/#organization","name":"FuseBase","url":"https:\/\/sales-ai-agents.com\/","logo":{"@type":"ImageObject","inLanguage":"tr","@id":"https:\/\/sales-ai-agents.com\/#\/schema\/logo\/image\/","url":"https:\/\/sales-ai-agents.com\/wp-content\/uploads\/2023\/11\/icon-7.svg","contentUrl":"https:\/\/sales-ai-agents.com\/wp-content\/uploads\/2023\/11\/icon-7.svg","width":128,"height":128,"caption":"FuseBase"},"image":{"@id":"https:\/\/sales-ai-agents.com\/#\/schema\/logo\/image\/"}}]}},"_links":{"self":[{"href":"https:\/\/sales-ai-agents.com\/tr\/wp-json\/wp\/v2\/product\/58829","targetHints":{"allow":["GET"]}}],"collection":[{"href":"https:\/\/sales-ai-agents.com\/tr\/wp-json\/wp\/v2\/product"}],"about":[{"href":"https:\/\/sales-ai-agents.com\/tr\/wp-json\/wp\/v2\/types\/product"}],"wp:featuredmedia":[{"embeddable":true,"href":"https:\/\/sales-ai-agents.com\/tr\/wp-json\/wp\/v2\/media\/58830"}],"wp:attachment":[{"href":"https:\/\/sales-ai-agents.com\/tr\/wp-json\/wp\/v2\/media?parent=58829"}],"wp:term":[{"taxonomy":"product_brand","embeddable":true,"href":"https:\/\/sales-ai-agents.com\/tr\/wp-json\/wp\/v2\/product_brand?post=58829"},{"taxonomy":"product_cat","embeddable":true,"href":"https:\/\/sales-ai-agents.com\/tr\/wp-json\/wp\/v2\/product_cat?post=58829"},{"taxonomy":"product_tag","embeddable":true,"href":"https:\/\/sales-ai-agents.com\/tr\/wp-json\/wp\/v2\/product_tag?post=58829"}],"curies":[{"name":"wp","href":"https:\/\/api.w.org\/{rel}","templated":true}]}}