{"id":58832,"date":"2022-09-23T13:47:41","date_gmt":"2022-09-23T13:47:41","guid":{"rendered":"https:\/\/sales-ai-agents.com\/templates\/onboarding-process\/"},"modified":"2023-12-26T21:13:04","modified_gmt":"2023-12-26T21:13:04","slug":"onboarding-process","status":"publish","type":"product","link":"https:\/\/sales-ai-agents.com\/tr\/templates\/onboarding-process\/","title":{"rendered":"\u0130\u015fe Al\u0131m S\u00fcreci"},"content":{"rendered":"<p>&nbsp;<\/p>\n<h2>\u0130\u015fe Al\u0131m S\u00fcreci \u015eablonu<\/h2>\n<p class=\"desc-text\">\u0130\u015fe al\u0131\u015ft\u0131rma bir\u00e7ok ad\u0131m i\u00e7erir. Yeni bir \u00e7al\u0131\u015fan\u0131n \u015firkete yerle\u015fmesi yakla\u015f\u0131k \u00fc\u00e7 ay s\u00fcrebilir. Bu kontrol listesi ile hi\u00e7bir temel g\u00f6revi atlamad\u0131\u011f\u0131n\u0131zdan emin olun. \u0130lk i\u015f teklifinden ba\u015flayarak i\u015fteki ilk \u00fc\u00e7 aya kadar \u00f6nemli eylemleri listeler. Tablo, her b\u00f6l\u00fcm\u00fc daha kolay tan\u0131mlaman\u0131za yard\u0131mc\u0131 olmak i\u00e7in renk kodludur.<\/p>\n<h5>Nas\u0131l kullan\u0131l\u0131r:<\/h5>\n<ul class=\"desc-item_list\">\n<li class=\"desc-item_list__point\">\u0130\u015fe al\u0131\u015ft\u0131rma s\u00fcrecindeki \u00f6nemli ad\u0131mlar\u0131 listeleyin<\/li>\n<li class=\"desc-item_list__point\">Aktionen vor dem Starttermin einbeziehen<\/li>\n<li class=\"desc-item_list__point\">\u0130lk haftadan ilk \u00fc\u00e7 aya kadar olan ad\u0131mlar\u0131 ekleyin<\/li>\n<li class=\"desc-item_list__point\">Tamamlanan \u00f6\u011feleri kontrol edin<\/li>\n<\/ul>\n","protected":false},"excerpt":{"rendered":"<p>\u0130\u015fe al\u0131m bir\u00e7ok ad\u0131m i\u00e7erir. Ba\u015flang\u0131\u00e7 tarihinden \u00f6nceki eylemler, g\u00f6revler ve daha fazlas\u0131n\u0131 i\u00e7eren bu \u00fccretsiz kontrol listesi ile hi\u00e7bir temel g\u00f6revi atlamad\u0131\u011f\u0131n\u0131zdan emin olun.<\/p>\n","protected":false},"featured_media":58833,"template":"","meta":{"_acf_changed":false,"inline_featured_image":false},"product_brand":[],"product_cat":[218],"product_tag":[],"class_list":{"0":"post-58832","1":"product","2":"type-product","3":"status-publish","4":"has-post-thumbnail","6":"product_cat-operations","8":"first","9":"instock","10":"virtual","11":"sold-individually","12":"product-type-simple"},"acf":[],"yoast_head":"<!-- This site is optimized with the Yoast SEO plugin v25.3.1 - https:\/\/yoast.com\/wordpress\/plugins\/seo\/ -->\n<title>\u0130\u015fe Al\u0131m S\u00fcreci \u015eablonu - Sales AI Agents<\/title>\n<meta name=\"description\" content=\"\u0130\u015fe al\u0131m bir\u00e7ok ad\u0131m i\u00e7erir. Ba\u015flang\u0131\u00e7 tarihinden \u00f6nceki eylemler ve g\u00f6revler de dahil olmak \u00fczere bu \u00fccretsiz kontrol listesi ile hi\u00e7bir temel g\u00f6revi ka\u00e7\u0131rmad\u0131\u011f\u0131n\u0131zdan emin olun.\" \/>\n<meta name=\"robots\" content=\"index, follow, max-snippet:-1, max-image-preview:large, max-video-preview:-1\" \/>\n<link rel=\"canonical\" href=\"https:\/\/sales-ai-agents.com\/tr\/templates\/onboarding-process\/\" \/>\n<meta property=\"og:locale\" content=\"tr_TR\" \/>\n<meta property=\"og:type\" content=\"article\" \/>\n<meta property=\"og:title\" content=\"\u0130\u015fe Al\u0131m S\u00fcreci \u015eablonu - Sales AI Agents\" \/>\n<meta property=\"og:description\" content=\"\u0130\u015fe al\u0131m bir\u00e7ok ad\u0131m i\u00e7erir. Ba\u015flang\u0131\u00e7 tarihinden \u00f6nceki eylemler ve g\u00f6revler de dahil olmak \u00fczere bu \u00fccretsiz kontrol listesi ile hi\u00e7bir temel g\u00f6revi ka\u00e7\u0131rmad\u0131\u011f\u0131n\u0131zdan emin olun.\" \/>\n<meta property=\"og:url\" content=\"https:\/\/sales-ai-agents.com\/tr\/templates\/onboarding-process\/\" \/>\n<meta property=\"og:site_name\" content=\"Sales AI Agents\" \/>\n<meta property=\"article:modified_time\" content=\"2023-12-26T21:13:04+00:00\" \/>\n<meta property=\"og:image\" content=\"https:\/\/sales-ai-agents.com\/wp-content\/uploads\/2023\/01\/image-preview114410.png\" \/>\n\t<meta property=\"og:image:width\" content=\"1078\" \/>\n\t<meta property=\"og:image:height\" content=\"760\" \/>\n\t<meta property=\"og:image:type\" content=\"image\/png\" \/>\n<meta name=\"twitter:card\" content=\"summary_large_image\" \/>\n<script type=\"application\/ld+json\" class=\"yoast-schema-graph\">{\"@context\":\"https:\/\/schema.org\",\"@graph\":[{\"@type\":\"WebPage\",\"@id\":\"https:\/\/sales-ai-agents.com\/tr\/templates\/onboarding-process\/\",\"url\":\"https:\/\/sales-ai-agents.com\/tr\/templates\/onboarding-process\/\",\"name\":\"\u0130\u015fe Al\u0131m S\u00fcreci \u015eablonu - Sales AI Agents\",\"isPartOf\":{\"@id\":\"https:\/\/sales-ai-agents.com\/#website\"},\"primaryImageOfPage\":{\"@id\":\"https:\/\/sales-ai-agents.com\/tr\/templates\/onboarding-process\/#primaryimage\"},\"image\":{\"@id\":\"https:\/\/sales-ai-agents.com\/tr\/templates\/onboarding-process\/#primaryimage\"},\"thumbnailUrl\":\"https:\/\/sales-ai-agents.com\/wp-content\/uploads\/2023\/01\/image-preview114410.png\",\"datePublished\":\"2022-09-23T13:47:41+00:00\",\"dateModified\":\"2023-12-26T21:13:04+00:00\",\"description\":\"\u0130\u015fe al\u0131m bir\u00e7ok ad\u0131m i\u00e7erir. Ba\u015flang\u0131\u00e7 tarihinden \u00f6nceki eylemler ve g\u00f6revler de dahil olmak \u00fczere bu \u00fccretsiz kontrol listesi ile hi\u00e7bir temel g\u00f6revi ka\u00e7\u0131rmad\u0131\u011f\u0131n\u0131zdan emin olun.\",\"inLanguage\":\"tr\",\"potentialAction\":[{\"@type\":\"ReadAction\",\"target\":[\"https:\/\/sales-ai-agents.com\/tr\/templates\/onboarding-process\/\"]}]},{\"@type\":\"ImageObject\",\"inLanguage\":\"tr\",\"@id\":\"https:\/\/sales-ai-agents.com\/tr\/templates\/onboarding-process\/#primaryimage\",\"url\":\"https:\/\/sales-ai-agents.com\/wp-content\/uploads\/2023\/01\/image-preview114410.png\",\"contentUrl\":\"https:\/\/sales-ai-agents.com\/wp-content\/uploads\/2023\/01\/image-preview114410.png\",\"width\":1078,\"height\":760},{\"@type\":\"WebSite\",\"@id\":\"https:\/\/sales-ai-agents.com\/#website\",\"url\":\"https:\/\/sales-ai-agents.com\/\",\"name\":\"FuseBase\",\"description\":\"Sales AI Agents - Free Online Collaboration Software for Remote Teams. Build your wikis, client portals and more with the Nimbus Platform collaboration tool ? A perfect space for online work\",\"publisher\":{\"@id\":\"https:\/\/sales-ai-agents.com\/#organization\"},\"potentialAction\":[{\"@type\":\"SearchAction\",\"target\":{\"@type\":\"EntryPoint\",\"urlTemplate\":\"https:\/\/sales-ai-agents.com\/?s={search_term_string}\"},\"query-input\":{\"@type\":\"PropertyValueSpecification\",\"valueRequired\":true,\"valueName\":\"search_term_string\"}}],\"inLanguage\":\"tr\"},{\"@type\":\"Organization\",\"@id\":\"https:\/\/sales-ai-agents.com\/#organization\",\"name\":\"FuseBase\",\"url\":\"https:\/\/sales-ai-agents.com\/\",\"logo\":{\"@type\":\"ImageObject\",\"inLanguage\":\"tr\",\"@id\":\"https:\/\/sales-ai-agents.com\/#\/schema\/logo\/image\/\",\"url\":\"https:\/\/sales-ai-agents.com\/wp-content\/uploads\/2023\/11\/icon-7.svg\",\"contentUrl\":\"https:\/\/sales-ai-agents.com\/wp-content\/uploads\/2023\/11\/icon-7.svg\",\"width\":128,\"height\":128,\"caption\":\"FuseBase\"},\"image\":{\"@id\":\"https:\/\/sales-ai-agents.com\/#\/schema\/logo\/image\/\"}}]}<\/script>\n<!-- \/ Yoast SEO plugin. -->","yoast_head_json":{"title":"\u0130\u015fe Al\u0131m S\u00fcreci \u015eablonu - Sales AI Agents","description":"\u0130\u015fe al\u0131m bir\u00e7ok ad\u0131m i\u00e7erir. Ba\u015flang\u0131\u00e7 tarihinden \u00f6nceki eylemler ve g\u00f6revler de dahil olmak \u00fczere bu \u00fccretsiz kontrol listesi ile hi\u00e7bir temel g\u00f6revi ka\u00e7\u0131rmad\u0131\u011f\u0131n\u0131zdan emin olun.","robots":{"index":"index","follow":"follow","max-snippet":"max-snippet:-1","max-image-preview":"max-image-preview:large","max-video-preview":"max-video-preview:-1"},"canonical":"https:\/\/sales-ai-agents.com\/tr\/templates\/onboarding-process\/","og_locale":"tr_TR","og_type":"article","og_title":"\u0130\u015fe Al\u0131m S\u00fcreci \u015eablonu - Sales AI Agents","og_description":"\u0130\u015fe al\u0131m bir\u00e7ok ad\u0131m i\u00e7erir. Ba\u015flang\u0131\u00e7 tarihinden \u00f6nceki eylemler ve g\u00f6revler de dahil olmak \u00fczere bu \u00fccretsiz kontrol listesi ile hi\u00e7bir temel g\u00f6revi ka\u00e7\u0131rmad\u0131\u011f\u0131n\u0131zdan emin olun.","og_url":"https:\/\/sales-ai-agents.com\/tr\/templates\/onboarding-process\/","og_site_name":"Sales AI Agents","article_modified_time":"2023-12-26T21:13:04+00:00","og_image":[{"width":1078,"height":760,"url":"https:\/\/sales-ai-agents.com\/wp-content\/uploads\/2023\/01\/image-preview114410.png","type":"image\/png"}],"twitter_card":"summary_large_image","schema":{"@context":"https:\/\/schema.org","@graph":[{"@type":"WebPage","@id":"https:\/\/sales-ai-agents.com\/tr\/templates\/onboarding-process\/","url":"https:\/\/sales-ai-agents.com\/tr\/templates\/onboarding-process\/","name":"\u0130\u015fe Al\u0131m S\u00fcreci \u015eablonu - Sales AI Agents","isPartOf":{"@id":"https:\/\/sales-ai-agents.com\/#website"},"primaryImageOfPage":{"@id":"https:\/\/sales-ai-agents.com\/tr\/templates\/onboarding-process\/#primaryimage"},"image":{"@id":"https:\/\/sales-ai-agents.com\/tr\/templates\/onboarding-process\/#primaryimage"},"thumbnailUrl":"https:\/\/sales-ai-agents.com\/wp-content\/uploads\/2023\/01\/image-preview114410.png","datePublished":"2022-09-23T13:47:41+00:00","dateModified":"2023-12-26T21:13:04+00:00","description":"\u0130\u015fe al\u0131m bir\u00e7ok ad\u0131m i\u00e7erir. Ba\u015flang\u0131\u00e7 tarihinden \u00f6nceki eylemler ve g\u00f6revler de dahil olmak \u00fczere bu \u00fccretsiz kontrol listesi ile hi\u00e7bir temel g\u00f6revi ka\u00e7\u0131rmad\u0131\u011f\u0131n\u0131zdan emin olun.","inLanguage":"tr","potentialAction":[{"@type":"ReadAction","target":["https:\/\/sales-ai-agents.com\/tr\/templates\/onboarding-process\/"]}]},{"@type":"ImageObject","inLanguage":"tr","@id":"https:\/\/sales-ai-agents.com\/tr\/templates\/onboarding-process\/#primaryimage","url":"https:\/\/sales-ai-agents.com\/wp-content\/uploads\/2023\/01\/image-preview114410.png","contentUrl":"https:\/\/sales-ai-agents.com\/wp-content\/uploads\/2023\/01\/image-preview114410.png","width":1078,"height":760},{"@type":"WebSite","@id":"https:\/\/sales-ai-agents.com\/#website","url":"https:\/\/sales-ai-agents.com\/","name":"FuseBase","description":"Sales AI Agents - Free Online Collaboration Software for Remote Teams. Build your wikis, client portals and more with the Nimbus Platform collaboration tool ? A perfect space for online work","publisher":{"@id":"https:\/\/sales-ai-agents.com\/#organization"},"potentialAction":[{"@type":"SearchAction","target":{"@type":"EntryPoint","urlTemplate":"https:\/\/sales-ai-agents.com\/?s={search_term_string}"},"query-input":{"@type":"PropertyValueSpecification","valueRequired":true,"valueName":"search_term_string"}}],"inLanguage":"tr"},{"@type":"Organization","@id":"https:\/\/sales-ai-agents.com\/#organization","name":"FuseBase","url":"https:\/\/sales-ai-agents.com\/","logo":{"@type":"ImageObject","inLanguage":"tr","@id":"https:\/\/sales-ai-agents.com\/#\/schema\/logo\/image\/","url":"https:\/\/sales-ai-agents.com\/wp-content\/uploads\/2023\/11\/icon-7.svg","contentUrl":"https:\/\/sales-ai-agents.com\/wp-content\/uploads\/2023\/11\/icon-7.svg","width":128,"height":128,"caption":"FuseBase"},"image":{"@id":"https:\/\/sales-ai-agents.com\/#\/schema\/logo\/image\/"}}]}},"_links":{"self":[{"href":"https:\/\/sales-ai-agents.com\/tr\/wp-json\/wp\/v2\/product\/58832","targetHints":{"allow":["GET"]}}],"collection":[{"href":"https:\/\/sales-ai-agents.com\/tr\/wp-json\/wp\/v2\/product"}],"about":[{"href":"https:\/\/sales-ai-agents.com\/tr\/wp-json\/wp\/v2\/types\/product"}],"wp:featuredmedia":[{"embeddable":true,"href":"https:\/\/sales-ai-agents.com\/tr\/wp-json\/wp\/v2\/media\/58833"}],"wp:attachment":[{"href":"https:\/\/sales-ai-agents.com\/tr\/wp-json\/wp\/v2\/media?parent=58832"}],"wp:term":[{"taxonomy":"product_brand","embeddable":true,"href":"https:\/\/sales-ai-agents.com\/tr\/wp-json\/wp\/v2\/product_brand?post=58832"},{"taxonomy":"product_cat","embeddable":true,"href":"https:\/\/sales-ai-agents.com\/tr\/wp-json\/wp\/v2\/product_cat?post=58832"},{"taxonomy":"product_tag","embeddable":true,"href":"https:\/\/sales-ai-agents.com\/tr\/wp-json\/wp\/v2\/product_tag?post=58832"}],"curies":[{"name":"wp","href":"https:\/\/api.w.org\/{rel}","templated":true}]}}