{"id":59081,"date":"2022-09-23T13:47:30","date_gmt":"2022-09-23T13:47:30","guid":{"rendered":"https:\/\/sales-ai-agents.com\/templates\/passwords\/"},"modified":"2023-12-31T17:45:52","modified_gmt":"2023-12-31T17:45:52","slug":"passwords","status":"publish","type":"product","link":"https:\/\/sales-ai-agents.com\/tr\/templates\/passwords\/","title":{"rendered":"\u015eifreler"},"content":{"rendered":"<p>&nbsp;<\/p>\n<h2>\u015eifreler \u015eablonu<\/h2>\n<p class=\"desc-text\">Birden fazla hesap ve profil mi y\u00f6netiyorsunuz? \u00d6nemli parolalar\u0131 ve kullan\u0131c\u0131 adlar\u0131n\u0131 hat\u0131rlamak i\u00e7in yaln\u0131zca haf\u0131zan\u0131za g\u00fcvenmeyin. Bilgilerinizi takip etmek i\u00e7in bu \u015fablonu kullan\u0131n. Hassas verilerinizin yaln\u0131zca sizin kullan\u0131m\u0131n\u0131za a\u00e7\u0131k olmas\u0131 i\u00e7in bu \u015fablona eri\u015fimi kontrol edin. Hesaplar\u0131n\u0131z\u0131n kilitlenmesine son verin ve bilgilerinizi tek bir g\u00fcvenli yerde d\u00fczenleyin.<\/p>\n<h5>Nas\u0131l kullan\u0131l\u0131r:<\/h5>\n<ul class=\"desc-item_list\">\n<li class=\"desc-item_list__point\">Her ayr\u0131 hesap i\u00e7in tablolar\u0131 kullan\u0131n<\/li>\n<li class=\"desc-item_list__point\">Kullan\u0131c\u0131 adlar\u0131 ve parolalar ekleyin<\/li>\n<li class=\"desc-item_list__point\">Web sitesi ve giri\u015f sayfalar\u0131na ba\u011flant\u0131<\/li>\n<li class=\"desc-item_list__point\">Her giri\u015fle ba\u011flant\u0131l\u0131 e-postay\u0131 yaz\u0131n<\/li>\n<li class=\"desc-item_list__point\">Gerekirse not ekleyin<\/li>\n<\/ul>\n","protected":false},"excerpt":{"rendered":"<p>\u00d6nemli parolalar\u0131 ve kullan\u0131c\u0131 adlar\u0131n\u0131 hat\u0131rlamak i\u00e7in yaln\u0131zca haf\u0131zan\u0131za g\u00fcvenmeyin. Bilgilerinizi takip etmek ve hesaplar\u0131n\u0131za giri\u015f yapmak i\u00e7in bu \u015fablonu kullan\u0131n.<\/p>\n","protected":false},"featured_media":59082,"template":"","meta":{"_acf_changed":false,"inline_featured_image":false},"product_brand":[],"product_cat":[257,256],"product_tag":[],"class_list":{"0":"post-59081","1":"product","2":"type-product","3":"status-publish","4":"has-post-thumbnail","6":"product_cat-personal","7":"product_cat-organizers-planners","9":"first","10":"instock","11":"virtual","12":"sold-individually","13":"product-type-simple"},"acf":[],"yoast_head":"<!-- This site is optimized with the Yoast SEO plugin v25.3.1 - https:\/\/yoast.com\/wordpress\/plugins\/seo\/ -->\n<title>\u015eifreler \u015eablonu - Sales AI Agents<\/title>\n<meta name=\"description\" content=\"\u00d6nemli parolalar\u0131 ve kullan\u0131c\u0131 adlar\u0131n\u0131 hat\u0131rlamak i\u00e7in yaln\u0131zca haf\u0131zan\u0131za g\u00fcvenmeyin. Bilgilerinizi takip etmek i\u00e7in bu \u015fablonu kullan\u0131n!\" \/>\n<meta name=\"robots\" content=\"index, follow, max-snippet:-1, max-image-preview:large, max-video-preview:-1\" \/>\n<link rel=\"canonical\" href=\"https:\/\/sales-ai-agents.com\/tr\/templates\/passwords\/\" \/>\n<meta property=\"og:locale\" content=\"tr_TR\" \/>\n<meta property=\"og:type\" content=\"article\" \/>\n<meta property=\"og:title\" content=\"\u015eifreler \u015eablonu - Sales AI Agents\" \/>\n<meta property=\"og:description\" content=\"\u00d6nemli parolalar\u0131 ve kullan\u0131c\u0131 adlar\u0131n\u0131 hat\u0131rlamak i\u00e7in yaln\u0131zca haf\u0131zan\u0131za g\u00fcvenmeyin. Bilgilerinizi takip etmek i\u00e7in bu \u015fablonu kullan\u0131n!\" \/>\n<meta property=\"og:url\" content=\"https:\/\/sales-ai-agents.com\/tr\/templates\/passwords\/\" \/>\n<meta property=\"og:site_name\" content=\"Sales AI Agents\" \/>\n<meta property=\"article:modified_time\" content=\"2023-12-31T17:45:52+00:00\" \/>\n<meta property=\"og:image\" content=\"https:\/\/sales-ai-agents.com\/wp-content\/uploads\/2023\/01\/image-preview115555.png\" \/>\n\t<meta property=\"og:image:width\" content=\"1078\" \/>\n\t<meta property=\"og:image:height\" content=\"893\" \/>\n\t<meta property=\"og:image:type\" content=\"image\/png\" \/>\n<meta name=\"twitter:card\" content=\"summary_large_image\" \/>\n<script type=\"application\/ld+json\" class=\"yoast-schema-graph\">{\"@context\":\"https:\/\/schema.org\",\"@graph\":[{\"@type\":\"WebPage\",\"@id\":\"https:\/\/sales-ai-agents.com\/tr\/templates\/passwords\/\",\"url\":\"https:\/\/sales-ai-agents.com\/tr\/templates\/passwords\/\",\"name\":\"\u015eifreler \u015eablonu - Sales AI Agents\",\"isPartOf\":{\"@id\":\"https:\/\/sales-ai-agents.com\/#website\"},\"primaryImageOfPage\":{\"@id\":\"https:\/\/sales-ai-agents.com\/tr\/templates\/passwords\/#primaryimage\"},\"image\":{\"@id\":\"https:\/\/sales-ai-agents.com\/tr\/templates\/passwords\/#primaryimage\"},\"thumbnailUrl\":\"https:\/\/sales-ai-agents.com\/wp-content\/uploads\/2023\/01\/image-preview115555.png\",\"datePublished\":\"2022-09-23T13:47:30+00:00\",\"dateModified\":\"2023-12-31T17:45:52+00:00\",\"description\":\"\u00d6nemli parolalar\u0131 ve kullan\u0131c\u0131 adlar\u0131n\u0131 hat\u0131rlamak i\u00e7in yaln\u0131zca haf\u0131zan\u0131za g\u00fcvenmeyin. Bilgilerinizi takip etmek i\u00e7in bu \u015fablonu kullan\u0131n!\",\"inLanguage\":\"tr\",\"potentialAction\":[{\"@type\":\"ReadAction\",\"target\":[\"https:\/\/sales-ai-agents.com\/tr\/templates\/passwords\/\"]}]},{\"@type\":\"ImageObject\",\"inLanguage\":\"tr\",\"@id\":\"https:\/\/sales-ai-agents.com\/tr\/templates\/passwords\/#primaryimage\",\"url\":\"https:\/\/sales-ai-agents.com\/wp-content\/uploads\/2023\/01\/image-preview115555.png\",\"contentUrl\":\"https:\/\/sales-ai-agents.com\/wp-content\/uploads\/2023\/01\/image-preview115555.png\",\"width\":1078,\"height\":893},{\"@type\":\"WebSite\",\"@id\":\"https:\/\/sales-ai-agents.com\/#website\",\"url\":\"https:\/\/sales-ai-agents.com\/\",\"name\":\"FuseBase\",\"description\":\"Sales AI Agents - Free Online Collaboration Software for Remote Teams. Build your wikis, client portals and more with the Nimbus Platform collaboration tool ? A perfect space for online work\",\"publisher\":{\"@id\":\"https:\/\/sales-ai-agents.com\/#organization\"},\"potentialAction\":[{\"@type\":\"SearchAction\",\"target\":{\"@type\":\"EntryPoint\",\"urlTemplate\":\"https:\/\/sales-ai-agents.com\/?s={search_term_string}\"},\"query-input\":{\"@type\":\"PropertyValueSpecification\",\"valueRequired\":true,\"valueName\":\"search_term_string\"}}],\"inLanguage\":\"tr\"},{\"@type\":\"Organization\",\"@id\":\"https:\/\/sales-ai-agents.com\/#organization\",\"name\":\"FuseBase\",\"url\":\"https:\/\/sales-ai-agents.com\/\",\"logo\":{\"@type\":\"ImageObject\",\"inLanguage\":\"tr\",\"@id\":\"https:\/\/sales-ai-agents.com\/#\/schema\/logo\/image\/\",\"url\":\"https:\/\/sales-ai-agents.com\/wp-content\/uploads\/2023\/11\/icon-7.svg\",\"contentUrl\":\"https:\/\/sales-ai-agents.com\/wp-content\/uploads\/2023\/11\/icon-7.svg\",\"width\":128,\"height\":128,\"caption\":\"FuseBase\"},\"image\":{\"@id\":\"https:\/\/sales-ai-agents.com\/#\/schema\/logo\/image\/\"}}]}<\/script>\n<!-- \/ Yoast SEO plugin. -->","yoast_head_json":{"title":"\u015eifreler \u015eablonu - Sales AI Agents","description":"\u00d6nemli parolalar\u0131 ve kullan\u0131c\u0131 adlar\u0131n\u0131 hat\u0131rlamak i\u00e7in yaln\u0131zca haf\u0131zan\u0131za g\u00fcvenmeyin. Bilgilerinizi takip etmek i\u00e7in bu \u015fablonu kullan\u0131n!","robots":{"index":"index","follow":"follow","max-snippet":"max-snippet:-1","max-image-preview":"max-image-preview:large","max-video-preview":"max-video-preview:-1"},"canonical":"https:\/\/sales-ai-agents.com\/tr\/templates\/passwords\/","og_locale":"tr_TR","og_type":"article","og_title":"\u015eifreler \u015eablonu - Sales AI Agents","og_description":"\u00d6nemli parolalar\u0131 ve kullan\u0131c\u0131 adlar\u0131n\u0131 hat\u0131rlamak i\u00e7in yaln\u0131zca haf\u0131zan\u0131za g\u00fcvenmeyin. Bilgilerinizi takip etmek i\u00e7in bu \u015fablonu kullan\u0131n!","og_url":"https:\/\/sales-ai-agents.com\/tr\/templates\/passwords\/","og_site_name":"Sales AI Agents","article_modified_time":"2023-12-31T17:45:52+00:00","og_image":[{"width":1078,"height":893,"url":"https:\/\/sales-ai-agents.com\/wp-content\/uploads\/2023\/01\/image-preview115555.png","type":"image\/png"}],"twitter_card":"summary_large_image","schema":{"@context":"https:\/\/schema.org","@graph":[{"@type":"WebPage","@id":"https:\/\/sales-ai-agents.com\/tr\/templates\/passwords\/","url":"https:\/\/sales-ai-agents.com\/tr\/templates\/passwords\/","name":"\u015eifreler \u015eablonu - Sales AI Agents","isPartOf":{"@id":"https:\/\/sales-ai-agents.com\/#website"},"primaryImageOfPage":{"@id":"https:\/\/sales-ai-agents.com\/tr\/templates\/passwords\/#primaryimage"},"image":{"@id":"https:\/\/sales-ai-agents.com\/tr\/templates\/passwords\/#primaryimage"},"thumbnailUrl":"https:\/\/sales-ai-agents.com\/wp-content\/uploads\/2023\/01\/image-preview115555.png","datePublished":"2022-09-23T13:47:30+00:00","dateModified":"2023-12-31T17:45:52+00:00","description":"\u00d6nemli parolalar\u0131 ve kullan\u0131c\u0131 adlar\u0131n\u0131 hat\u0131rlamak i\u00e7in yaln\u0131zca haf\u0131zan\u0131za g\u00fcvenmeyin. Bilgilerinizi takip etmek i\u00e7in bu \u015fablonu kullan\u0131n!","inLanguage":"tr","potentialAction":[{"@type":"ReadAction","target":["https:\/\/sales-ai-agents.com\/tr\/templates\/passwords\/"]}]},{"@type":"ImageObject","inLanguage":"tr","@id":"https:\/\/sales-ai-agents.com\/tr\/templates\/passwords\/#primaryimage","url":"https:\/\/sales-ai-agents.com\/wp-content\/uploads\/2023\/01\/image-preview115555.png","contentUrl":"https:\/\/sales-ai-agents.com\/wp-content\/uploads\/2023\/01\/image-preview115555.png","width":1078,"height":893},{"@type":"WebSite","@id":"https:\/\/sales-ai-agents.com\/#website","url":"https:\/\/sales-ai-agents.com\/","name":"FuseBase","description":"Sales AI Agents - Free Online Collaboration Software for Remote Teams. Build your wikis, client portals and more with the Nimbus Platform collaboration tool ? A perfect space for online work","publisher":{"@id":"https:\/\/sales-ai-agents.com\/#organization"},"potentialAction":[{"@type":"SearchAction","target":{"@type":"EntryPoint","urlTemplate":"https:\/\/sales-ai-agents.com\/?s={search_term_string}"},"query-input":{"@type":"PropertyValueSpecification","valueRequired":true,"valueName":"search_term_string"}}],"inLanguage":"tr"},{"@type":"Organization","@id":"https:\/\/sales-ai-agents.com\/#organization","name":"FuseBase","url":"https:\/\/sales-ai-agents.com\/","logo":{"@type":"ImageObject","inLanguage":"tr","@id":"https:\/\/sales-ai-agents.com\/#\/schema\/logo\/image\/","url":"https:\/\/sales-ai-agents.com\/wp-content\/uploads\/2023\/11\/icon-7.svg","contentUrl":"https:\/\/sales-ai-agents.com\/wp-content\/uploads\/2023\/11\/icon-7.svg","width":128,"height":128,"caption":"FuseBase"},"image":{"@id":"https:\/\/sales-ai-agents.com\/#\/schema\/logo\/image\/"}}]}},"_links":{"self":[{"href":"https:\/\/sales-ai-agents.com\/tr\/wp-json\/wp\/v2\/product\/59081","targetHints":{"allow":["GET"]}}],"collection":[{"href":"https:\/\/sales-ai-agents.com\/tr\/wp-json\/wp\/v2\/product"}],"about":[{"href":"https:\/\/sales-ai-agents.com\/tr\/wp-json\/wp\/v2\/types\/product"}],"wp:featuredmedia":[{"embeddable":true,"href":"https:\/\/sales-ai-agents.com\/tr\/wp-json\/wp\/v2\/media\/59082"}],"wp:attachment":[{"href":"https:\/\/sales-ai-agents.com\/tr\/wp-json\/wp\/v2\/media?parent=59081"}],"wp:term":[{"taxonomy":"product_brand","embeddable":true,"href":"https:\/\/sales-ai-agents.com\/tr\/wp-json\/wp\/v2\/product_brand?post=59081"},{"taxonomy":"product_cat","embeddable":true,"href":"https:\/\/sales-ai-agents.com\/tr\/wp-json\/wp\/v2\/product_cat?post=59081"},{"taxonomy":"product_tag","embeddable":true,"href":"https:\/\/sales-ai-agents.com\/tr\/wp-json\/wp\/v2\/product_tag?post=59081"}],"curies":[{"name":"wp","href":"https:\/\/api.w.org\/{rel}","templated":true}]}}