{"id":60923,"date":"2022-09-23T13:47:27","date_gmt":"2022-09-23T13:47:27","guid":{"rendered":"https:\/\/sales-ai-agents.com\/templates\/four-quadrants-of-time-management\/"},"modified":"2023-12-31T16:28:10","modified_gmt":"2023-12-31T16:28:10","slug":"four-quadrants-of-time-management","status":"publish","type":"product","link":"https:\/\/sales-ai-agents.com\/tr\/templates\/four-quadrants-of-time-management\/","title":{"rendered":"Zaman Y\u00f6netiminin D\u00f6rt \u00c7eyre\u011fi"},"content":{"rendered":"<p>&nbsp;<\/p>\n<h2>Zaman Y\u00f6netiminin D\u00f6rt \u00c7eyre\u011fi \u015eablonu<\/h2>\n<p class=\"desc-text\">Zaman\u0131 verimli bir \u015fekilde y\u00f6netmek, verimli \u00e7al\u0131\u015fmak i\u00e7in gereklidir. Zaman y\u00f6netimi \u015fablonumuzu kullanarak ertelemekten ve yanl\u0131\u015f g\u00f6revler \u00fczerinde \u00e7al\u0131\u015fmaktan ka\u00e7\u0131n\u0131n. Bu \u015fablonda zaman\u0131 d\u00fczenlemek i\u00e7in d\u00f6rt tablo bulunmaktad\u0131r. Acil sorumluluklarla ba\u015flay\u0131n ve ard\u0131ndan dikkat da\u011f\u0131t\u0131c\u0131 ve \u00f6nemsiz \u00f6\u011feleri tan\u0131mlay\u0131n. En acil konulardan ba\u015flayarak i\u015finiz i\u00e7in bir hiyerar\u015fi olu\u015fturmak i\u00e7in bu \u015fablonu kullan\u0131n. En \u00f6nemli g\u00f6revlere odaklan\u0131rken zamandan tasarruf edeceksiniz.<\/p>\n<h5>Nas\u0131l kullan\u0131l\u0131r:<\/h5>\n<ul class=\"desc-item_list\">\n<li class=\"desc-item_list__point\">\u0130lk tabloda acil konular\u0131 listeleyin<\/li>\n<li class=\"desc-item_list__point\">Aceleye getirilmi\u015f son tarihleri ve \u00f6nemli revizyonlar\u0131 ekleyin<\/li>\n<li class=\"desc-item_list__point\">\u0130kinci tabloya daha az \u00f6nemli i\u015fleri ekleyin<\/li>\n<li class=\"desc-item_list__point\">Dikkat da\u011f\u0131t\u0131c\u0131 unsurlar\u0131 kategorize etmek i\u00e7in \u00fc\u00e7\u00fcnc\u00fc tabloyu kullan\u0131n<\/li>\n<li class=\"desc-item_list__point\">Son tablodaki \u00f6nemsiz veya israf edilen g\u00f6revleri not edin<\/li>\n<\/ul>\n","protected":false},"excerpt":{"rendered":"<p>Zaman\u0131 verimli bir \u015fekilde y\u00f6netmek, verimli \u00e7al\u0131\u015fmak i\u00e7in gereklidir. Zaman y\u00f6netimi \u015fablonumuzu kullanarak ertelemekten ve yanl\u0131\u015f g\u00f6revler \u00fczerinde \u00e7al\u0131\u015fmaktan ka\u00e7\u0131n\u0131n.<\/p>\n","protected":false},"featured_media":60924,"template":"","meta":{"_acf_changed":false,"inline_featured_image":false},"product_brand":[],"product_cat":[257,256],"product_tag":[],"class_list":{"0":"post-60923","1":"product","2":"type-product","3":"status-publish","4":"has-post-thumbnail","6":"product_cat-personal","7":"product_cat-organizers-planners","9":"first","10":"instock","11":"virtual","12":"sold-individually","13":"product-type-simple"},"acf":[],"yoast_head":"<!-- This site is optimized with the Yoast SEO plugin v25.3.1 - https:\/\/yoast.com\/wordpress\/plugins\/seo\/ -->\n<title>Zaman Y\u00f6netiminin D\u00f6rt \u00c7eyre\u011fi \u015eablonu - Sales AI Agents<\/title>\n<meta name=\"description\" content=\"Zaman\u0131 verimli bir \u015fekilde y\u00f6netmek, verimli \u00e7al\u0131\u015fmak i\u00e7in gereklidir. Zaman y\u00f6netimi \u015fablonumuzu kullanarak ertelemekten ve yanl\u0131\u015f g\u00f6revler \u00fczerinde \u00e7al\u0131\u015fmaktan ka\u00e7\u0131n\u0131n.\" \/>\n<meta name=\"robots\" content=\"index, follow, max-snippet:-1, max-image-preview:large, max-video-preview:-1\" \/>\n<link rel=\"canonical\" href=\"https:\/\/sales-ai-agents.com\/tr\/templates\/four-quadrants-of-time-management\/\" \/>\n<meta property=\"og:locale\" content=\"tr_TR\" \/>\n<meta property=\"og:type\" content=\"article\" \/>\n<meta property=\"og:title\" content=\"Zaman Y\u00f6netiminin D\u00f6rt \u00c7eyre\u011fi \u015eablonu - Sales AI Agents\" \/>\n<meta property=\"og:description\" content=\"Zaman\u0131 verimli bir \u015fekilde y\u00f6netmek, verimli \u00e7al\u0131\u015fmak i\u00e7in gereklidir. Zaman y\u00f6netimi \u015fablonumuzu kullanarak ertelemekten ve yanl\u0131\u015f g\u00f6revler \u00fczerinde \u00e7al\u0131\u015fmaktan ka\u00e7\u0131n\u0131n.\" \/>\n<meta property=\"og:url\" content=\"https:\/\/sales-ai-agents.com\/tr\/templates\/four-quadrants-of-time-management\/\" \/>\n<meta property=\"og:site_name\" content=\"Sales AI Agents\" \/>\n<meta property=\"article:modified_time\" content=\"2023-12-31T16:28:10+00:00\" \/>\n<meta property=\"og:image\" content=\"https:\/\/sales-ai-agents.com\/wp-content\/uploads\/2023\/01\/image-preview115458.png\" \/>\n\t<meta property=\"og:image:width\" content=\"1078\" \/>\n\t<meta property=\"og:image:height\" content=\"760\" \/>\n\t<meta property=\"og:image:type\" content=\"image\/png\" \/>\n<meta name=\"twitter:card\" content=\"summary_large_image\" \/>\n<script type=\"application\/ld+json\" class=\"yoast-schema-graph\">{\"@context\":\"https:\/\/schema.org\",\"@graph\":[{\"@type\":\"WebPage\",\"@id\":\"https:\/\/sales-ai-agents.com\/tr\/templates\/four-quadrants-of-time-management\/\",\"url\":\"https:\/\/sales-ai-agents.com\/tr\/templates\/four-quadrants-of-time-management\/\",\"name\":\"Zaman Y\u00f6netiminin D\u00f6rt \u00c7eyre\u011fi \u015eablonu - Sales AI Agents\",\"isPartOf\":{\"@id\":\"https:\/\/sales-ai-agents.com\/#website\"},\"primaryImageOfPage\":{\"@id\":\"https:\/\/sales-ai-agents.com\/tr\/templates\/four-quadrants-of-time-management\/#primaryimage\"},\"image\":{\"@id\":\"https:\/\/sales-ai-agents.com\/tr\/templates\/four-quadrants-of-time-management\/#primaryimage\"},\"thumbnailUrl\":\"https:\/\/sales-ai-agents.com\/wp-content\/uploads\/2023\/01\/image-preview115458.png\",\"datePublished\":\"2022-09-23T13:47:27+00:00\",\"dateModified\":\"2023-12-31T16:28:10+00:00\",\"description\":\"Zaman\u0131 verimli bir \u015fekilde y\u00f6netmek, verimli \u00e7al\u0131\u015fmak i\u00e7in gereklidir. Zaman y\u00f6netimi \u015fablonumuzu kullanarak ertelemekten ve yanl\u0131\u015f g\u00f6revler \u00fczerinde \u00e7al\u0131\u015fmaktan ka\u00e7\u0131n\u0131n.\",\"inLanguage\":\"tr\",\"potentialAction\":[{\"@type\":\"ReadAction\",\"target\":[\"https:\/\/sales-ai-agents.com\/tr\/templates\/four-quadrants-of-time-management\/\"]}]},{\"@type\":\"ImageObject\",\"inLanguage\":\"tr\",\"@id\":\"https:\/\/sales-ai-agents.com\/tr\/templates\/four-quadrants-of-time-management\/#primaryimage\",\"url\":\"https:\/\/sales-ai-agents.com\/wp-content\/uploads\/2023\/01\/image-preview115458.png\",\"contentUrl\":\"https:\/\/sales-ai-agents.com\/wp-content\/uploads\/2023\/01\/image-preview115458.png\",\"width\":1078,\"height\":760},{\"@type\":\"WebSite\",\"@id\":\"https:\/\/sales-ai-agents.com\/#website\",\"url\":\"https:\/\/sales-ai-agents.com\/\",\"name\":\"FuseBase\",\"description\":\"Sales AI Agents - Free Online Collaboration Software for Remote Teams. Build your wikis, client portals and more with the Nimbus Platform collaboration tool ? A perfect space for online work\",\"publisher\":{\"@id\":\"https:\/\/sales-ai-agents.com\/#organization\"},\"potentialAction\":[{\"@type\":\"SearchAction\",\"target\":{\"@type\":\"EntryPoint\",\"urlTemplate\":\"https:\/\/sales-ai-agents.com\/?s={search_term_string}\"},\"query-input\":{\"@type\":\"PropertyValueSpecification\",\"valueRequired\":true,\"valueName\":\"search_term_string\"}}],\"inLanguage\":\"tr\"},{\"@type\":\"Organization\",\"@id\":\"https:\/\/sales-ai-agents.com\/#organization\",\"name\":\"FuseBase\",\"url\":\"https:\/\/sales-ai-agents.com\/\",\"logo\":{\"@type\":\"ImageObject\",\"inLanguage\":\"tr\",\"@id\":\"https:\/\/sales-ai-agents.com\/#\/schema\/logo\/image\/\",\"url\":\"https:\/\/sales-ai-agents.com\/wp-content\/uploads\/2023\/11\/icon-7.svg\",\"contentUrl\":\"https:\/\/sales-ai-agents.com\/wp-content\/uploads\/2023\/11\/icon-7.svg\",\"width\":128,\"height\":128,\"caption\":\"FuseBase\"},\"image\":{\"@id\":\"https:\/\/sales-ai-agents.com\/#\/schema\/logo\/image\/\"}}]}<\/script>\n<!-- \/ Yoast SEO plugin. -->","yoast_head_json":{"title":"Zaman Y\u00f6netiminin D\u00f6rt \u00c7eyre\u011fi \u015eablonu - Sales AI Agents","description":"Zaman\u0131 verimli bir \u015fekilde y\u00f6netmek, verimli \u00e7al\u0131\u015fmak i\u00e7in gereklidir. Zaman y\u00f6netimi \u015fablonumuzu kullanarak ertelemekten ve yanl\u0131\u015f g\u00f6revler \u00fczerinde \u00e7al\u0131\u015fmaktan ka\u00e7\u0131n\u0131n.","robots":{"index":"index","follow":"follow","max-snippet":"max-snippet:-1","max-image-preview":"max-image-preview:large","max-video-preview":"max-video-preview:-1"},"canonical":"https:\/\/sales-ai-agents.com\/tr\/templates\/four-quadrants-of-time-management\/","og_locale":"tr_TR","og_type":"article","og_title":"Zaman Y\u00f6netiminin D\u00f6rt \u00c7eyre\u011fi \u015eablonu - Sales AI Agents","og_description":"Zaman\u0131 verimli bir \u015fekilde y\u00f6netmek, verimli \u00e7al\u0131\u015fmak i\u00e7in gereklidir. Zaman y\u00f6netimi \u015fablonumuzu kullanarak ertelemekten ve yanl\u0131\u015f g\u00f6revler \u00fczerinde \u00e7al\u0131\u015fmaktan ka\u00e7\u0131n\u0131n.","og_url":"https:\/\/sales-ai-agents.com\/tr\/templates\/four-quadrants-of-time-management\/","og_site_name":"Sales AI Agents","article_modified_time":"2023-12-31T16:28:10+00:00","og_image":[{"width":1078,"height":760,"url":"https:\/\/sales-ai-agents.com\/wp-content\/uploads\/2023\/01\/image-preview115458.png","type":"image\/png"}],"twitter_card":"summary_large_image","schema":{"@context":"https:\/\/schema.org","@graph":[{"@type":"WebPage","@id":"https:\/\/sales-ai-agents.com\/tr\/templates\/four-quadrants-of-time-management\/","url":"https:\/\/sales-ai-agents.com\/tr\/templates\/four-quadrants-of-time-management\/","name":"Zaman Y\u00f6netiminin D\u00f6rt \u00c7eyre\u011fi \u015eablonu - Sales AI Agents","isPartOf":{"@id":"https:\/\/sales-ai-agents.com\/#website"},"primaryImageOfPage":{"@id":"https:\/\/sales-ai-agents.com\/tr\/templates\/four-quadrants-of-time-management\/#primaryimage"},"image":{"@id":"https:\/\/sales-ai-agents.com\/tr\/templates\/four-quadrants-of-time-management\/#primaryimage"},"thumbnailUrl":"https:\/\/sales-ai-agents.com\/wp-content\/uploads\/2023\/01\/image-preview115458.png","datePublished":"2022-09-23T13:47:27+00:00","dateModified":"2023-12-31T16:28:10+00:00","description":"Zaman\u0131 verimli bir \u015fekilde y\u00f6netmek, verimli \u00e7al\u0131\u015fmak i\u00e7in gereklidir. Zaman y\u00f6netimi \u015fablonumuzu kullanarak ertelemekten ve yanl\u0131\u015f g\u00f6revler \u00fczerinde \u00e7al\u0131\u015fmaktan ka\u00e7\u0131n\u0131n.","inLanguage":"tr","potentialAction":[{"@type":"ReadAction","target":["https:\/\/sales-ai-agents.com\/tr\/templates\/four-quadrants-of-time-management\/"]}]},{"@type":"ImageObject","inLanguage":"tr","@id":"https:\/\/sales-ai-agents.com\/tr\/templates\/four-quadrants-of-time-management\/#primaryimage","url":"https:\/\/sales-ai-agents.com\/wp-content\/uploads\/2023\/01\/image-preview115458.png","contentUrl":"https:\/\/sales-ai-agents.com\/wp-content\/uploads\/2023\/01\/image-preview115458.png","width":1078,"height":760},{"@type":"WebSite","@id":"https:\/\/sales-ai-agents.com\/#website","url":"https:\/\/sales-ai-agents.com\/","name":"FuseBase","description":"Sales AI Agents - Free Online Collaboration Software for Remote Teams. Build your wikis, client portals and more with the Nimbus Platform collaboration tool ? A perfect space for online work","publisher":{"@id":"https:\/\/sales-ai-agents.com\/#organization"},"potentialAction":[{"@type":"SearchAction","target":{"@type":"EntryPoint","urlTemplate":"https:\/\/sales-ai-agents.com\/?s={search_term_string}"},"query-input":{"@type":"PropertyValueSpecification","valueRequired":true,"valueName":"search_term_string"}}],"inLanguage":"tr"},{"@type":"Organization","@id":"https:\/\/sales-ai-agents.com\/#organization","name":"FuseBase","url":"https:\/\/sales-ai-agents.com\/","logo":{"@type":"ImageObject","inLanguage":"tr","@id":"https:\/\/sales-ai-agents.com\/#\/schema\/logo\/image\/","url":"https:\/\/sales-ai-agents.com\/wp-content\/uploads\/2023\/11\/icon-7.svg","contentUrl":"https:\/\/sales-ai-agents.com\/wp-content\/uploads\/2023\/11\/icon-7.svg","width":128,"height":128,"caption":"FuseBase"},"image":{"@id":"https:\/\/sales-ai-agents.com\/#\/schema\/logo\/image\/"}}]}},"_links":{"self":[{"href":"https:\/\/sales-ai-agents.com\/tr\/wp-json\/wp\/v2\/product\/60923","targetHints":{"allow":["GET"]}}],"collection":[{"href":"https:\/\/sales-ai-agents.com\/tr\/wp-json\/wp\/v2\/product"}],"about":[{"href":"https:\/\/sales-ai-agents.com\/tr\/wp-json\/wp\/v2\/types\/product"}],"wp:featuredmedia":[{"embeddable":true,"href":"https:\/\/sales-ai-agents.com\/tr\/wp-json\/wp\/v2\/media\/60924"}],"wp:attachment":[{"href":"https:\/\/sales-ai-agents.com\/tr\/wp-json\/wp\/v2\/media?parent=60923"}],"wp:term":[{"taxonomy":"product_brand","embeddable":true,"href":"https:\/\/sales-ai-agents.com\/tr\/wp-json\/wp\/v2\/product_brand?post=60923"},{"taxonomy":"product_cat","embeddable":true,"href":"https:\/\/sales-ai-agents.com\/tr\/wp-json\/wp\/v2\/product_cat?post=60923"},{"taxonomy":"product_tag","embeddable":true,"href":"https:\/\/sales-ai-agents.com\/tr\/wp-json\/wp\/v2\/product_tag?post=60923"}],"curies":[{"name":"wp","href":"https:\/\/api.w.org\/{rel}","templated":true}]}}