{"id":60928,"date":"2022-09-23T13:47:24","date_gmt":"2022-09-23T13:47:24","guid":{"rendered":"https:\/\/sales-ai-agents.com\/templates\/life-trajectory-dashboard\/"},"modified":"2024-01-02T13:06:59","modified_gmt":"2024-01-02T13:06:59","slug":"life-trajectory-dashboard","status":"publish","type":"product","link":"https:\/\/sales-ai-agents.com\/tr\/templates\/life-trajectory-dashboard\/","title":{"rendered":"Ya\u015fam Y\u00f6r\u00fcngesi G\u00f6sterge Tablosu"},"content":{"rendered":"<p>&nbsp;<\/p>\n<h2>Ya\u015fam Y\u00f6r\u00fcngesi G\u00f6sterge Tablosu \u015eablonu<\/h2>\n<p class=\"desc-text\">G\u00f6sterge tablosu, projelere g\u00f6rsel bir genel bak\u0131\u015f sa\u011flar. \u00c7\u00f6z\u00fclmemi\u015f sorunlar\u0131n durumunu h\u0131zl\u0131 bir \u015fekilde g\u00f6rmek i\u00e7in bu ya\u015fam y\u00f6r\u00fcngesi panosunu kullan\u0131n. \u015eablon, atanan ki\u015fi, son tarihler, mevcut durum ve en iyi ve en k\u00f6t\u00fc durumlar i\u00e7in alan i\u00e7eren bir g\u00f6rev listesini birle\u015ftirir.<\/p>\n<h5>Nas\u0131l kullan\u0131l\u0131r:<\/h5>\n<ul class=\"desc-item_list\">\n<li class=\"desc-item_list__point\">Her bir vaka i\u00e7in en k\u00f6t\u00fc ve en iyi sonucu g\u00f6steren tabloyu doldurun.<\/li>\n<li class=\"desc-item_list__point\">\u0130lerleme g\u00f6stergesini 0 ile 100 aras\u0131nda hareket ettirin; %0 en k\u00f6t\u00fc durum ve %100 en iyi durum anlam\u0131na gelir.<\/li>\n<\/ul>\n","protected":false},"excerpt":{"rendered":"<p>Bu \u015fablon, projelerinize g\u00f6rsel bir genel bak\u0131\u015f elde etmenize yard\u0131mc\u0131 olabilir. \u00c7\u00f6z\u00fclmemi\u015f sorunlar\u0131n durumunu ve daha fazlas\u0131n\u0131 h\u0131zl\u0131 bir \u015fekilde g\u00f6rmek i\u00e7in bu ya\u015fam y\u00f6r\u00fcngesi kontrol panelini kullan\u0131n.<\/p>\n","protected":false},"featured_media":60931,"template":"","meta":{"_acf_changed":false,"inline_featured_image":false},"product_brand":[],"product_cat":[257,256],"product_tag":[],"class_list":{"0":"post-60928","1":"product","2":"type-product","3":"status-publish","4":"has-post-thumbnail","6":"product_cat-personal","7":"product_cat-organizers-planners","9":"first","10":"instock","11":"virtual","12":"sold-individually","13":"product-type-simple"},"acf":[],"yoast_head":"<!-- This site is optimized with the Yoast SEO plugin v25.3.1 - https:\/\/yoast.com\/wordpress\/plugins\/seo\/ -->\n<title>Ya\u015fam y\u00f6r\u00fcngesi g\u00f6sterge tablosu \u015eablonu - Sales AI Agents<\/title>\n<meta name=\"description\" content=\"Bu \u015fablon, projelerinize g\u00f6rsel bir genel bak\u0131\u015f elde etmenize yard\u0131mc\u0131 olabilir. \u00c7\u00f6z\u00fclmemi\u015f sorunlar\u0131n durumunu ve daha fazlas\u0131n\u0131 h\u0131zl\u0131 bir \u015fekilde g\u00f6rmek i\u00e7in bu ya\u015fam y\u00f6r\u00fcngesi panosunu kullan\u0131n\" \/>\n<meta name=\"robots\" content=\"index, follow, max-snippet:-1, max-image-preview:large, max-video-preview:-1\" \/>\n<link rel=\"canonical\" href=\"https:\/\/sales-ai-agents.com\/tr\/templates\/life-trajectory-dashboard\/\" \/>\n<meta property=\"og:locale\" content=\"tr_TR\" \/>\n<meta property=\"og:type\" content=\"article\" \/>\n<meta property=\"og:title\" content=\"Ya\u015fam y\u00f6r\u00fcngesi g\u00f6sterge tablosu \u015eablonu - Sales AI Agents\" \/>\n<meta property=\"og:description\" content=\"Bu \u015fablon, projelerinize g\u00f6rsel bir genel bak\u0131\u015f elde etmenize yard\u0131mc\u0131 olabilir. \u00c7\u00f6z\u00fclmemi\u015f sorunlar\u0131n durumunu ve daha fazlas\u0131n\u0131 h\u0131zl\u0131 bir \u015fekilde g\u00f6rmek i\u00e7in bu ya\u015fam y\u00f6r\u00fcngesi panosunu kullan\u0131n\" \/>\n<meta property=\"og:url\" content=\"https:\/\/sales-ai-agents.com\/tr\/templates\/life-trajectory-dashboard\/\" \/>\n<meta property=\"og:site_name\" content=\"Sales AI Agents\" \/>\n<meta property=\"article:modified_time\" content=\"2024-01-02T13:06:59+00:00\" \/>\n<meta property=\"og:image\" content=\"https:\/\/sales-ai-agents.com\/wp-content\/uploads\/2022\/09\/Life-Trajectory-Dashboard-Template-2.png\" \/>\n\t<meta property=\"og:image:width\" content=\"1700\" \/>\n\t<meta property=\"og:image:height\" content=\"1100\" \/>\n\t<meta property=\"og:image:type\" content=\"image\/png\" \/>\n<meta name=\"twitter:card\" content=\"summary_large_image\" \/>\n<script type=\"application\/ld+json\" class=\"yoast-schema-graph\">{\"@context\":\"https:\/\/schema.org\",\"@graph\":[{\"@type\":\"WebPage\",\"@id\":\"https:\/\/sales-ai-agents.com\/tr\/templates\/life-trajectory-dashboard\/\",\"url\":\"https:\/\/sales-ai-agents.com\/tr\/templates\/life-trajectory-dashboard\/\",\"name\":\"Ya\u015fam y\u00f6r\u00fcngesi g\u00f6sterge tablosu \u015eablonu - Sales AI Agents\",\"isPartOf\":{\"@id\":\"https:\/\/sales-ai-agents.com\/#website\"},\"primaryImageOfPage\":{\"@id\":\"https:\/\/sales-ai-agents.com\/tr\/templates\/life-trajectory-dashboard\/#primaryimage\"},\"image\":{\"@id\":\"https:\/\/sales-ai-agents.com\/tr\/templates\/life-trajectory-dashboard\/#primaryimage\"},\"thumbnailUrl\":\"https:\/\/sales-ai-agents.com\/wp-content\/uploads\/2022\/09\/Life-Trajectory-Dashboard-Template-2.png\",\"datePublished\":\"2022-09-23T13:47:24+00:00\",\"dateModified\":\"2024-01-02T13:06:59+00:00\",\"description\":\"Bu \u015fablon, projelerinize g\u00f6rsel bir genel bak\u0131\u015f elde etmenize yard\u0131mc\u0131 olabilir. \u00c7\u00f6z\u00fclmemi\u015f sorunlar\u0131n durumunu ve daha fazlas\u0131n\u0131 h\u0131zl\u0131 bir \u015fekilde g\u00f6rmek i\u00e7in bu ya\u015fam y\u00f6r\u00fcngesi panosunu kullan\u0131n\",\"inLanguage\":\"tr\",\"potentialAction\":[{\"@type\":\"ReadAction\",\"target\":[\"https:\/\/sales-ai-agents.com\/tr\/templates\/life-trajectory-dashboard\/\"]}]},{\"@type\":\"ImageObject\",\"inLanguage\":\"tr\",\"@id\":\"https:\/\/sales-ai-agents.com\/tr\/templates\/life-trajectory-dashboard\/#primaryimage\",\"url\":\"https:\/\/sales-ai-agents.com\/wp-content\/uploads\/2022\/09\/Life-Trajectory-Dashboard-Template-2.png\",\"contentUrl\":\"https:\/\/sales-ai-agents.com\/wp-content\/uploads\/2022\/09\/Life-Trajectory-Dashboard-Template-2.png\",\"width\":1700,\"height\":1100},{\"@type\":\"WebSite\",\"@id\":\"https:\/\/sales-ai-agents.com\/#website\",\"url\":\"https:\/\/sales-ai-agents.com\/\",\"name\":\"FuseBase\",\"description\":\"Sales AI Agents - Free Online Collaboration Software for Remote Teams. Build your wikis, client portals and more with the Nimbus Platform collaboration tool ? A perfect space for online work\",\"publisher\":{\"@id\":\"https:\/\/sales-ai-agents.com\/#organization\"},\"potentialAction\":[{\"@type\":\"SearchAction\",\"target\":{\"@type\":\"EntryPoint\",\"urlTemplate\":\"https:\/\/sales-ai-agents.com\/?s={search_term_string}\"},\"query-input\":{\"@type\":\"PropertyValueSpecification\",\"valueRequired\":true,\"valueName\":\"search_term_string\"}}],\"inLanguage\":\"tr\"},{\"@type\":\"Organization\",\"@id\":\"https:\/\/sales-ai-agents.com\/#organization\",\"name\":\"FuseBase\",\"url\":\"https:\/\/sales-ai-agents.com\/\",\"logo\":{\"@type\":\"ImageObject\",\"inLanguage\":\"tr\",\"@id\":\"https:\/\/sales-ai-agents.com\/#\/schema\/logo\/image\/\",\"url\":\"https:\/\/sales-ai-agents.com\/wp-content\/uploads\/2023\/11\/icon-7.svg\",\"contentUrl\":\"https:\/\/sales-ai-agents.com\/wp-content\/uploads\/2023\/11\/icon-7.svg\",\"width\":128,\"height\":128,\"caption\":\"FuseBase\"},\"image\":{\"@id\":\"https:\/\/sales-ai-agents.com\/#\/schema\/logo\/image\/\"}}]}<\/script>\n<!-- \/ Yoast SEO plugin. -->","yoast_head_json":{"title":"Ya\u015fam y\u00f6r\u00fcngesi g\u00f6sterge tablosu \u015eablonu - Sales AI Agents","description":"Bu \u015fablon, projelerinize g\u00f6rsel bir genel bak\u0131\u015f elde etmenize yard\u0131mc\u0131 olabilir. \u00c7\u00f6z\u00fclmemi\u015f sorunlar\u0131n durumunu ve daha fazlas\u0131n\u0131 h\u0131zl\u0131 bir \u015fekilde g\u00f6rmek i\u00e7in bu ya\u015fam y\u00f6r\u00fcngesi panosunu kullan\u0131n","robots":{"index":"index","follow":"follow","max-snippet":"max-snippet:-1","max-image-preview":"max-image-preview:large","max-video-preview":"max-video-preview:-1"},"canonical":"https:\/\/sales-ai-agents.com\/tr\/templates\/life-trajectory-dashboard\/","og_locale":"tr_TR","og_type":"article","og_title":"Ya\u015fam y\u00f6r\u00fcngesi g\u00f6sterge tablosu \u015eablonu - Sales AI Agents","og_description":"Bu \u015fablon, projelerinize g\u00f6rsel bir genel bak\u0131\u015f elde etmenize yard\u0131mc\u0131 olabilir. \u00c7\u00f6z\u00fclmemi\u015f sorunlar\u0131n durumunu ve daha fazlas\u0131n\u0131 h\u0131zl\u0131 bir \u015fekilde g\u00f6rmek i\u00e7in bu ya\u015fam y\u00f6r\u00fcngesi panosunu kullan\u0131n","og_url":"https:\/\/sales-ai-agents.com\/tr\/templates\/life-trajectory-dashboard\/","og_site_name":"Sales AI Agents","article_modified_time":"2024-01-02T13:06:59+00:00","og_image":[{"width":1700,"height":1100,"url":"https:\/\/sales-ai-agents.com\/wp-content\/uploads\/2022\/09\/Life-Trajectory-Dashboard-Template-2.png","type":"image\/png"}],"twitter_card":"summary_large_image","schema":{"@context":"https:\/\/schema.org","@graph":[{"@type":"WebPage","@id":"https:\/\/sales-ai-agents.com\/tr\/templates\/life-trajectory-dashboard\/","url":"https:\/\/sales-ai-agents.com\/tr\/templates\/life-trajectory-dashboard\/","name":"Ya\u015fam y\u00f6r\u00fcngesi g\u00f6sterge tablosu \u015eablonu - Sales AI Agents","isPartOf":{"@id":"https:\/\/sales-ai-agents.com\/#website"},"primaryImageOfPage":{"@id":"https:\/\/sales-ai-agents.com\/tr\/templates\/life-trajectory-dashboard\/#primaryimage"},"image":{"@id":"https:\/\/sales-ai-agents.com\/tr\/templates\/life-trajectory-dashboard\/#primaryimage"},"thumbnailUrl":"https:\/\/sales-ai-agents.com\/wp-content\/uploads\/2022\/09\/Life-Trajectory-Dashboard-Template-2.png","datePublished":"2022-09-23T13:47:24+00:00","dateModified":"2024-01-02T13:06:59+00:00","description":"Bu \u015fablon, projelerinize g\u00f6rsel bir genel bak\u0131\u015f elde etmenize yard\u0131mc\u0131 olabilir. \u00c7\u00f6z\u00fclmemi\u015f sorunlar\u0131n durumunu ve daha fazlas\u0131n\u0131 h\u0131zl\u0131 bir \u015fekilde g\u00f6rmek i\u00e7in bu ya\u015fam y\u00f6r\u00fcngesi panosunu kullan\u0131n","inLanguage":"tr","potentialAction":[{"@type":"ReadAction","target":["https:\/\/sales-ai-agents.com\/tr\/templates\/life-trajectory-dashboard\/"]}]},{"@type":"ImageObject","inLanguage":"tr","@id":"https:\/\/sales-ai-agents.com\/tr\/templates\/life-trajectory-dashboard\/#primaryimage","url":"https:\/\/sales-ai-agents.com\/wp-content\/uploads\/2022\/09\/Life-Trajectory-Dashboard-Template-2.png","contentUrl":"https:\/\/sales-ai-agents.com\/wp-content\/uploads\/2022\/09\/Life-Trajectory-Dashboard-Template-2.png","width":1700,"height":1100},{"@type":"WebSite","@id":"https:\/\/sales-ai-agents.com\/#website","url":"https:\/\/sales-ai-agents.com\/","name":"FuseBase","description":"Sales AI Agents - Free Online Collaboration Software for Remote Teams. Build your wikis, client portals and more with the Nimbus Platform collaboration tool ? A perfect space for online work","publisher":{"@id":"https:\/\/sales-ai-agents.com\/#organization"},"potentialAction":[{"@type":"SearchAction","target":{"@type":"EntryPoint","urlTemplate":"https:\/\/sales-ai-agents.com\/?s={search_term_string}"},"query-input":{"@type":"PropertyValueSpecification","valueRequired":true,"valueName":"search_term_string"}}],"inLanguage":"tr"},{"@type":"Organization","@id":"https:\/\/sales-ai-agents.com\/#organization","name":"FuseBase","url":"https:\/\/sales-ai-agents.com\/","logo":{"@type":"ImageObject","inLanguage":"tr","@id":"https:\/\/sales-ai-agents.com\/#\/schema\/logo\/image\/","url":"https:\/\/sales-ai-agents.com\/wp-content\/uploads\/2023\/11\/icon-7.svg","contentUrl":"https:\/\/sales-ai-agents.com\/wp-content\/uploads\/2023\/11\/icon-7.svg","width":128,"height":128,"caption":"FuseBase"},"image":{"@id":"https:\/\/sales-ai-agents.com\/#\/schema\/logo\/image\/"}}]}},"_links":{"self":[{"href":"https:\/\/sales-ai-agents.com\/tr\/wp-json\/wp\/v2\/product\/60928","targetHints":{"allow":["GET"]}}],"collection":[{"href":"https:\/\/sales-ai-agents.com\/tr\/wp-json\/wp\/v2\/product"}],"about":[{"href":"https:\/\/sales-ai-agents.com\/tr\/wp-json\/wp\/v2\/types\/product"}],"wp:featuredmedia":[{"embeddable":true,"href":"https:\/\/sales-ai-agents.com\/tr\/wp-json\/wp\/v2\/media\/60931"}],"wp:attachment":[{"href":"https:\/\/sales-ai-agents.com\/tr\/wp-json\/wp\/v2\/media?parent=60928"}],"wp:term":[{"taxonomy":"product_brand","embeddable":true,"href":"https:\/\/sales-ai-agents.com\/tr\/wp-json\/wp\/v2\/product_brand?post=60928"},{"taxonomy":"product_cat","embeddable":true,"href":"https:\/\/sales-ai-agents.com\/tr\/wp-json\/wp\/v2\/product_cat?post=60928"},{"taxonomy":"product_tag","embeddable":true,"href":"https:\/\/sales-ai-agents.com\/tr\/wp-json\/wp\/v2\/product_tag?post=60928"}],"curies":[{"name":"wp","href":"https:\/\/api.w.org\/{rel}","templated":true}]}}