{"id":60942,"date":"2022-09-23T13:46:10","date_gmt":"2022-09-23T13:46:10","guid":{"rendered":"https:\/\/sales-ai-agents.com\/templates\/daily-team-meeting\/"},"modified":"2024-01-02T11:14:17","modified_gmt":"2024-01-02T11:14:17","slug":"daily-team-meeting","status":"publish","type":"product","link":"https:\/\/sales-ai-agents.com\/tr\/templates\/daily-team-meeting\/","title":{"rendered":"G\u00fcnl\u00fck Ekip Toplant\u0131s\u0131"},"content":{"rendered":"<p>&nbsp;<\/p>\n<h2>G\u00fcnl\u00fck Ekip Toplant\u0131s\u0131 \u015eablonu<\/h2>\n<p class=\"desc-text\">Toplant\u0131lar\u0131 takip edin ve tutanaklar\u0131n\u0131z\u0131 ve kay\u0131tlar\u0131n\u0131z\u0131 en \u00fcstte tutun. Herkesi g\u00fcncel tutarken yeni hedefler olu\u015fturun ve g\u00f6revleri rahat\u00e7a atay\u0131n. D\u00fczenli kal\u0131n ve ekibinizi harekete ge\u00e7irin. Bu \u015fablon tart\u0131\u015fmalar\u0131 kaydetmenize ve odaklanman\u0131za yard\u0131mc\u0131 olur.<\/p>\n<h5>Nas\u0131l kullan\u0131l\u0131r:<\/h5>\n<ul class=\"desc-item_list\">\n<li class=\"desc-item_list__point\">Tart\u0131\u015faca\u011f\u0131n\u0131z en \u00f6nemli konular\u0131 kaydedin<\/li>\n<li class=\"desc-item_list__point\">Her ekibin sunumlar\u0131 hakk\u0131nda notlar al\u0131n<\/li>\n<li class=\"desc-item_list__point\">\u00dcyelerinize atamak i\u00e7in g\u00f6revler olu\u015fturun<\/li>\n<li class=\"desc-item_list__point\">Herkesin ula\u015fmas\u0131 gereken hedefleri listeleyin<\/li>\n<li class=\"desc-item_list__point\">Ekibinizle payla\u015fmak \u00fczere nihai sonu\u00e7lar\u0131 ve kararlar\u0131 haz\u0131rlay\u0131n<\/li>\n<\/ul>\n","protected":false},"excerpt":{"rendered":"<p>Toplant\u0131lar s\u0131ras\u0131nda t\u00fcm tart\u0131\u015fmalar\u0131n\u0131z\u0131 kaydedin ve sonu\u00e7lar \u00e7\u0131kar\u0131n. Bu \u00fccretsiz \u015fablon, toplant\u0131lar\u0131n\u0131z\u0131 d\u00fczg\u00fcn bir \u015fekilde planlaman\u0131za ve hi\u00e7bir ayr\u0131nt\u0131y\u0131 ka\u00e7\u0131rmaman\u0131za yard\u0131mc\u0131 olacakt\u0131r<\/p>\n","protected":false},"featured_media":60943,"template":"","meta":{"_acf_changed":false,"inline_featured_image":false},"product_brand":[],"product_cat":[218,230],"product_tag":[],"class_list":{"0":"post-60942","1":"product","2":"type-product","3":"status-publish","4":"has-post-thumbnail","6":"product_cat-operations","7":"product_cat-meeting","9":"first","10":"instock","11":"virtual","12":"sold-individually","13":"product-type-simple"},"acf":[],"yoast_head":"<!-- This site is optimized with the Yoast SEO plugin v25.3.1 - https:\/\/yoast.com\/wordpress\/plugins\/seo\/ -->\n<title>G\u00fcnl\u00fck Ekip Toplant\u0131s\u0131 \u015eablonu - Sales AI Agents<\/title>\n<meta name=\"description\" content=\"Toplant\u0131lar s\u0131ras\u0131nda t\u00fcm tart\u0131\u015fmalar\u0131n\u0131z\u0131 kaydedin ve sonu\u00e7lar \u00e7\u0131kar\u0131n. Bu \u00fccretsiz \u015fablon, toplant\u0131lar\u0131n\u0131z\u0131 d\u00fczg\u00fcn bir \u015fekilde planlaman\u0131za ve hi\u00e7bir ayr\u0131nt\u0131y\u0131 ka\u00e7\u0131rmaman\u0131za yard\u0131mc\u0131 olacakt\u0131r.\" \/>\n<meta name=\"robots\" content=\"index, follow, max-snippet:-1, max-image-preview:large, max-video-preview:-1\" \/>\n<link rel=\"canonical\" href=\"https:\/\/sales-ai-agents.com\/tr\/templates\/daily-team-meeting\/\" \/>\n<meta property=\"og:locale\" content=\"tr_TR\" \/>\n<meta property=\"og:type\" content=\"article\" \/>\n<meta property=\"og:title\" content=\"G\u00fcnl\u00fck Ekip Toplant\u0131s\u0131 \u015eablonu - Sales AI Agents\" \/>\n<meta property=\"og:description\" content=\"Toplant\u0131lar s\u0131ras\u0131nda t\u00fcm tart\u0131\u015fmalar\u0131n\u0131z\u0131 kaydedin ve sonu\u00e7lar \u00e7\u0131kar\u0131n. Bu \u00fccretsiz \u015fablon, toplant\u0131lar\u0131n\u0131z\u0131 d\u00fczg\u00fcn bir \u015fekilde planlaman\u0131za ve hi\u00e7bir ayr\u0131nt\u0131y\u0131 ka\u00e7\u0131rmaman\u0131za yard\u0131mc\u0131 olacakt\u0131r.\" \/>\n<meta property=\"og:url\" content=\"https:\/\/sales-ai-agents.com\/tr\/templates\/daily-team-meeting\/\" \/>\n<meta property=\"og:site_name\" content=\"Sales AI Agents\" \/>\n<meta property=\"article:modified_time\" content=\"2024-01-02T11:14:17+00:00\" \/>\n<meta property=\"og:image\" content=\"https:\/\/sales-ai-agents.com\/wp-content\/uploads\/2022\/09\/Daily-Team-Meeting-Template.png\" \/>\n\t<meta property=\"og:image:width\" content=\"1700\" \/>\n\t<meta property=\"og:image:height\" content=\"1100\" \/>\n\t<meta property=\"og:image:type\" content=\"image\/png\" \/>\n<meta name=\"twitter:card\" content=\"summary_large_image\" \/>\n<script type=\"application\/ld+json\" class=\"yoast-schema-graph\">{\"@context\":\"https:\/\/schema.org\",\"@graph\":[{\"@type\":\"WebPage\",\"@id\":\"https:\/\/sales-ai-agents.com\/tr\/templates\/daily-team-meeting\/\",\"url\":\"https:\/\/sales-ai-agents.com\/tr\/templates\/daily-team-meeting\/\",\"name\":\"G\u00fcnl\u00fck Ekip Toplant\u0131s\u0131 \u015eablonu - Sales AI Agents\",\"isPartOf\":{\"@id\":\"https:\/\/sales-ai-agents.com\/#website\"},\"primaryImageOfPage\":{\"@id\":\"https:\/\/sales-ai-agents.com\/tr\/templates\/daily-team-meeting\/#primaryimage\"},\"image\":{\"@id\":\"https:\/\/sales-ai-agents.com\/tr\/templates\/daily-team-meeting\/#primaryimage\"},\"thumbnailUrl\":\"https:\/\/sales-ai-agents.com\/wp-content\/uploads\/2022\/09\/Daily-Team-Meeting-Template.png\",\"datePublished\":\"2022-09-23T13:46:10+00:00\",\"dateModified\":\"2024-01-02T11:14:17+00:00\",\"description\":\"Toplant\u0131lar s\u0131ras\u0131nda t\u00fcm tart\u0131\u015fmalar\u0131n\u0131z\u0131 kaydedin ve sonu\u00e7lar \u00e7\u0131kar\u0131n. Bu \u00fccretsiz \u015fablon, toplant\u0131lar\u0131n\u0131z\u0131 d\u00fczg\u00fcn bir \u015fekilde planlaman\u0131za ve hi\u00e7bir ayr\u0131nt\u0131y\u0131 ka\u00e7\u0131rmaman\u0131za yard\u0131mc\u0131 olacakt\u0131r.\",\"inLanguage\":\"tr\",\"potentialAction\":[{\"@type\":\"ReadAction\",\"target\":[\"https:\/\/sales-ai-agents.com\/tr\/templates\/daily-team-meeting\/\"]}]},{\"@type\":\"ImageObject\",\"inLanguage\":\"tr\",\"@id\":\"https:\/\/sales-ai-agents.com\/tr\/templates\/daily-team-meeting\/#primaryimage\",\"url\":\"https:\/\/sales-ai-agents.com\/wp-content\/uploads\/2022\/09\/Daily-Team-Meeting-Template.png\",\"contentUrl\":\"https:\/\/sales-ai-agents.com\/wp-content\/uploads\/2022\/09\/Daily-Team-Meeting-Template.png\",\"width\":1700,\"height\":1100,\"caption\":\"Daily Team Meeting Template FuseBase\"},{\"@type\":\"WebSite\",\"@id\":\"https:\/\/sales-ai-agents.com\/#website\",\"url\":\"https:\/\/sales-ai-agents.com\/\",\"name\":\"FuseBase\",\"description\":\"Sales AI Agents - Free Online Collaboration Software for Remote Teams. Build your wikis, client portals and more with the Nimbus Platform collaboration tool ? A perfect space for online work\",\"publisher\":{\"@id\":\"https:\/\/sales-ai-agents.com\/#organization\"},\"potentialAction\":[{\"@type\":\"SearchAction\",\"target\":{\"@type\":\"EntryPoint\",\"urlTemplate\":\"https:\/\/sales-ai-agents.com\/?s={search_term_string}\"},\"query-input\":{\"@type\":\"PropertyValueSpecification\",\"valueRequired\":true,\"valueName\":\"search_term_string\"}}],\"inLanguage\":\"tr\"},{\"@type\":\"Organization\",\"@id\":\"https:\/\/sales-ai-agents.com\/#organization\",\"name\":\"FuseBase\",\"url\":\"https:\/\/sales-ai-agents.com\/\",\"logo\":{\"@type\":\"ImageObject\",\"inLanguage\":\"tr\",\"@id\":\"https:\/\/sales-ai-agents.com\/#\/schema\/logo\/image\/\",\"url\":\"https:\/\/sales-ai-agents.com\/wp-content\/uploads\/2023\/11\/icon-7.svg\",\"contentUrl\":\"https:\/\/sales-ai-agents.com\/wp-content\/uploads\/2023\/11\/icon-7.svg\",\"width\":128,\"height\":128,\"caption\":\"FuseBase\"},\"image\":{\"@id\":\"https:\/\/sales-ai-agents.com\/#\/schema\/logo\/image\/\"}}]}<\/script>\n<!-- \/ Yoast SEO plugin. -->","yoast_head_json":{"title":"G\u00fcnl\u00fck Ekip Toplant\u0131s\u0131 \u015eablonu - Sales AI Agents","description":"Toplant\u0131lar s\u0131ras\u0131nda t\u00fcm tart\u0131\u015fmalar\u0131n\u0131z\u0131 kaydedin ve sonu\u00e7lar \u00e7\u0131kar\u0131n. Bu \u00fccretsiz \u015fablon, toplant\u0131lar\u0131n\u0131z\u0131 d\u00fczg\u00fcn bir \u015fekilde planlaman\u0131za ve hi\u00e7bir ayr\u0131nt\u0131y\u0131 ka\u00e7\u0131rmaman\u0131za yard\u0131mc\u0131 olacakt\u0131r.","robots":{"index":"index","follow":"follow","max-snippet":"max-snippet:-1","max-image-preview":"max-image-preview:large","max-video-preview":"max-video-preview:-1"},"canonical":"https:\/\/sales-ai-agents.com\/tr\/templates\/daily-team-meeting\/","og_locale":"tr_TR","og_type":"article","og_title":"G\u00fcnl\u00fck Ekip Toplant\u0131s\u0131 \u015eablonu - Sales AI Agents","og_description":"Toplant\u0131lar s\u0131ras\u0131nda t\u00fcm tart\u0131\u015fmalar\u0131n\u0131z\u0131 kaydedin ve sonu\u00e7lar \u00e7\u0131kar\u0131n. Bu \u00fccretsiz \u015fablon, toplant\u0131lar\u0131n\u0131z\u0131 d\u00fczg\u00fcn bir \u015fekilde planlaman\u0131za ve hi\u00e7bir ayr\u0131nt\u0131y\u0131 ka\u00e7\u0131rmaman\u0131za yard\u0131mc\u0131 olacakt\u0131r.","og_url":"https:\/\/sales-ai-agents.com\/tr\/templates\/daily-team-meeting\/","og_site_name":"Sales AI Agents","article_modified_time":"2024-01-02T11:14:17+00:00","og_image":[{"width":1700,"height":1100,"url":"https:\/\/sales-ai-agents.com\/wp-content\/uploads\/2022\/09\/Daily-Team-Meeting-Template.png","type":"image\/png"}],"twitter_card":"summary_large_image","schema":{"@context":"https:\/\/schema.org","@graph":[{"@type":"WebPage","@id":"https:\/\/sales-ai-agents.com\/tr\/templates\/daily-team-meeting\/","url":"https:\/\/sales-ai-agents.com\/tr\/templates\/daily-team-meeting\/","name":"G\u00fcnl\u00fck Ekip Toplant\u0131s\u0131 \u015eablonu - Sales AI Agents","isPartOf":{"@id":"https:\/\/sales-ai-agents.com\/#website"},"primaryImageOfPage":{"@id":"https:\/\/sales-ai-agents.com\/tr\/templates\/daily-team-meeting\/#primaryimage"},"image":{"@id":"https:\/\/sales-ai-agents.com\/tr\/templates\/daily-team-meeting\/#primaryimage"},"thumbnailUrl":"https:\/\/sales-ai-agents.com\/wp-content\/uploads\/2022\/09\/Daily-Team-Meeting-Template.png","datePublished":"2022-09-23T13:46:10+00:00","dateModified":"2024-01-02T11:14:17+00:00","description":"Toplant\u0131lar s\u0131ras\u0131nda t\u00fcm tart\u0131\u015fmalar\u0131n\u0131z\u0131 kaydedin ve sonu\u00e7lar \u00e7\u0131kar\u0131n. Bu \u00fccretsiz \u015fablon, toplant\u0131lar\u0131n\u0131z\u0131 d\u00fczg\u00fcn bir \u015fekilde planlaman\u0131za ve hi\u00e7bir ayr\u0131nt\u0131y\u0131 ka\u00e7\u0131rmaman\u0131za yard\u0131mc\u0131 olacakt\u0131r.","inLanguage":"tr","potentialAction":[{"@type":"ReadAction","target":["https:\/\/sales-ai-agents.com\/tr\/templates\/daily-team-meeting\/"]}]},{"@type":"ImageObject","inLanguage":"tr","@id":"https:\/\/sales-ai-agents.com\/tr\/templates\/daily-team-meeting\/#primaryimage","url":"https:\/\/sales-ai-agents.com\/wp-content\/uploads\/2022\/09\/Daily-Team-Meeting-Template.png","contentUrl":"https:\/\/sales-ai-agents.com\/wp-content\/uploads\/2022\/09\/Daily-Team-Meeting-Template.png","width":1700,"height":1100,"caption":"Daily Team Meeting Template FuseBase"},{"@type":"WebSite","@id":"https:\/\/sales-ai-agents.com\/#website","url":"https:\/\/sales-ai-agents.com\/","name":"FuseBase","description":"Sales AI Agents - Free Online Collaboration Software for Remote Teams. Build your wikis, client portals and more with the Nimbus Platform collaboration tool ? A perfect space for online work","publisher":{"@id":"https:\/\/sales-ai-agents.com\/#organization"},"potentialAction":[{"@type":"SearchAction","target":{"@type":"EntryPoint","urlTemplate":"https:\/\/sales-ai-agents.com\/?s={search_term_string}"},"query-input":{"@type":"PropertyValueSpecification","valueRequired":true,"valueName":"search_term_string"}}],"inLanguage":"tr"},{"@type":"Organization","@id":"https:\/\/sales-ai-agents.com\/#organization","name":"FuseBase","url":"https:\/\/sales-ai-agents.com\/","logo":{"@type":"ImageObject","inLanguage":"tr","@id":"https:\/\/sales-ai-agents.com\/#\/schema\/logo\/image\/","url":"https:\/\/sales-ai-agents.com\/wp-content\/uploads\/2023\/11\/icon-7.svg","contentUrl":"https:\/\/sales-ai-agents.com\/wp-content\/uploads\/2023\/11\/icon-7.svg","width":128,"height":128,"caption":"FuseBase"},"image":{"@id":"https:\/\/sales-ai-agents.com\/#\/schema\/logo\/image\/"}}]}},"_links":{"self":[{"href":"https:\/\/sales-ai-agents.com\/tr\/wp-json\/wp\/v2\/product\/60942","targetHints":{"allow":["GET"]}}],"collection":[{"href":"https:\/\/sales-ai-agents.com\/tr\/wp-json\/wp\/v2\/product"}],"about":[{"href":"https:\/\/sales-ai-agents.com\/tr\/wp-json\/wp\/v2\/types\/product"}],"wp:featuredmedia":[{"embeddable":true,"href":"https:\/\/sales-ai-agents.com\/tr\/wp-json\/wp\/v2\/media\/60943"}],"wp:attachment":[{"href":"https:\/\/sales-ai-agents.com\/tr\/wp-json\/wp\/v2\/media?parent=60942"}],"wp:term":[{"taxonomy":"product_brand","embeddable":true,"href":"https:\/\/sales-ai-agents.com\/tr\/wp-json\/wp\/v2\/product_brand?post=60942"},{"taxonomy":"product_cat","embeddable":true,"href":"https:\/\/sales-ai-agents.com\/tr\/wp-json\/wp\/v2\/product_cat?post=60942"},{"taxonomy":"product_tag","embeddable":true,"href":"https:\/\/sales-ai-agents.com\/tr\/wp-json\/wp\/v2\/product_tag?post=60942"}],"curies":[{"name":"wp","href":"https:\/\/api.w.org\/{rel}","templated":true}]}}