{"id":60948,"date":"2022-09-23T13:46:08","date_gmt":"2022-09-23T13:46:08","guid":{"rendered":"https:\/\/sales-ai-agents.com\/templates\/christmas-movie-list\/"},"modified":"2024-01-02T11:56:10","modified_gmt":"2024-01-02T11:56:10","slug":"christmas-movie-list","status":"publish","type":"product","link":"https:\/\/sales-ai-agents.com\/tr\/templates\/christmas-movie-list\/","title":{"rendered":"Noel Filmleri Listesi"},"content":{"rendered":"<p>&nbsp;<\/p>\n<h2>Noel Film Listesi \u015eablonu<\/h2>\n<p class=\"desc-text\">Noel film gecesine haz\u0131r olun! \u0130zlemeyi planlad\u0131\u011f\u0131n\u0131z filmlerin bir listesini olu\u015fturmak i\u00e7in bu \u015fablonu kullan\u0131n. Ard\u0131ndan her film i\u00e7in yorumunuzu yap\u0131n. Listeyi arkada\u015flar\u0131n\u0131z ve ailenizle payla\u015f\u0131n.<\/p>\n<h5>Nas\u0131l kullan\u0131l\u0131r:<\/h5>\n<ul class=\"desc-item_list\">\n<li class=\"desc-item_list__point\">\u0130zlemek istedi\u011finiz filmleri ekleyin &#8211; ba\u015fl\u0131k, y\u0131l, oyuncular<\/li>\n<li class=\"desc-item_list__point\">Her film i\u00e7in bir ele\u015ftiri ekleyin<\/li>\n<li class=\"desc-item_list__point\">Tart\u0131\u015fmak ve listeye daha fazla ba\u015fl\u0131k eklemek i\u00e7in listeyi arkada\u015flar\u0131n\u0131zla payla\u015f\u0131n<\/li>\n<\/ul>\n","protected":false},"excerpt":{"rendered":"<p>Noel film gecesine haz\u0131r olun! Bu \u00fccretsiz \u015fablonu kullanarak izlemeyi, tart\u0131\u015fmay\u0131 ve aileniz ve arkada\u015flar\u0131n\u0131zla payla\u015fmay\u0131 planlad\u0131\u011f\u0131n\u0131z filmlerin bir listesini olu\u015fturun.<\/p>\n","protected":false},"featured_media":60949,"template":"","meta":{"_acf_changed":false,"inline_featured_image":false},"product_brand":[],"product_cat":[277,276],"product_tag":[],"class_list":{"0":"post-60948","1":"product","2":"type-product","3":"status-publish","4":"has-post-thumbnail","6":"product_cat-personal-fun","7":"product_cat-holidays-planning","9":"first","10":"instock","11":"virtual","12":"sold-individually","13":"product-type-simple"},"acf":[],"yoast_head":"<!-- This site is optimized with the Yoast SEO plugin v25.3.1 - https:\/\/yoast.com\/wordpress\/plugins\/seo\/ -->\n<title>Noel Film Listesi \u015eablonu - Sales AI Agents<\/title>\n<meta name=\"description\" content=\"Noel film gecesine haz\u0131r olun! Bu \u00fccretsiz \u015fablonu kullanarak izlemeyi, tart\u0131\u015fmay\u0131 ve aileniz ve arkada\u015flar\u0131n\u0131zla payla\u015fmay\u0131 planlad\u0131\u011f\u0131n\u0131z filmlerin bir listesini olu\u015fturun.\" \/>\n<meta name=\"robots\" content=\"index, follow, max-snippet:-1, max-image-preview:large, max-video-preview:-1\" \/>\n<link rel=\"canonical\" href=\"https:\/\/sales-ai-agents.com\/tr\/templates\/christmas-movie-list\/\" \/>\n<meta property=\"og:locale\" content=\"tr_TR\" \/>\n<meta property=\"og:type\" content=\"article\" \/>\n<meta property=\"og:title\" content=\"Noel Film Listesi \u015eablonu - Sales AI Agents\" \/>\n<meta property=\"og:description\" content=\"Noel film gecesine haz\u0131r olun! Bu \u00fccretsiz \u015fablonu kullanarak izlemeyi, tart\u0131\u015fmay\u0131 ve aileniz ve arkada\u015flar\u0131n\u0131zla payla\u015fmay\u0131 planlad\u0131\u011f\u0131n\u0131z filmlerin bir listesini olu\u015fturun.\" \/>\n<meta property=\"og:url\" content=\"https:\/\/sales-ai-agents.com\/tr\/templates\/christmas-movie-list\/\" \/>\n<meta property=\"og:site_name\" content=\"Sales AI Agents\" \/>\n<meta property=\"article:modified_time\" content=\"2024-01-02T11:56:10+00:00\" \/>\n<meta property=\"og:image\" content=\"https:\/\/sales-ai-agents.com\/wp-content\/uploads\/2023\/01\/image-preview114009.png\" \/>\n\t<meta property=\"og:image:width\" content=\"1078\" \/>\n\t<meta property=\"og:image:height\" content=\"1449\" \/>\n\t<meta property=\"og:image:type\" content=\"image\/png\" \/>\n<meta name=\"twitter:card\" content=\"summary_large_image\" \/>\n<script type=\"application\/ld+json\" class=\"yoast-schema-graph\">{\"@context\":\"https:\/\/schema.org\",\"@graph\":[{\"@type\":\"WebPage\",\"@id\":\"https:\/\/sales-ai-agents.com\/tr\/templates\/christmas-movie-list\/\",\"url\":\"https:\/\/sales-ai-agents.com\/tr\/templates\/christmas-movie-list\/\",\"name\":\"Noel Film Listesi \u015eablonu - Sales AI Agents\",\"isPartOf\":{\"@id\":\"https:\/\/sales-ai-agents.com\/#website\"},\"primaryImageOfPage\":{\"@id\":\"https:\/\/sales-ai-agents.com\/tr\/templates\/christmas-movie-list\/#primaryimage\"},\"image\":{\"@id\":\"https:\/\/sales-ai-agents.com\/tr\/templates\/christmas-movie-list\/#primaryimage\"},\"thumbnailUrl\":\"https:\/\/sales-ai-agents.com\/wp-content\/uploads\/2023\/01\/image-preview114009.png\",\"datePublished\":\"2022-09-23T13:46:08+00:00\",\"dateModified\":\"2024-01-02T11:56:10+00:00\",\"description\":\"Noel film gecesine haz\u0131r olun! Bu \u00fccretsiz \u015fablonu kullanarak izlemeyi, tart\u0131\u015fmay\u0131 ve aileniz ve arkada\u015flar\u0131n\u0131zla payla\u015fmay\u0131 planlad\u0131\u011f\u0131n\u0131z filmlerin bir listesini olu\u015fturun.\",\"inLanguage\":\"tr\",\"potentialAction\":[{\"@type\":\"ReadAction\",\"target\":[\"https:\/\/sales-ai-agents.com\/tr\/templates\/christmas-movie-list\/\"]}]},{\"@type\":\"ImageObject\",\"inLanguage\":\"tr\",\"@id\":\"https:\/\/sales-ai-agents.com\/tr\/templates\/christmas-movie-list\/#primaryimage\",\"url\":\"https:\/\/sales-ai-agents.com\/wp-content\/uploads\/2023\/01\/image-preview114009.png\",\"contentUrl\":\"https:\/\/sales-ai-agents.com\/wp-content\/uploads\/2023\/01\/image-preview114009.png\",\"width\":1078,\"height\":1449},{\"@type\":\"WebSite\",\"@id\":\"https:\/\/sales-ai-agents.com\/#website\",\"url\":\"https:\/\/sales-ai-agents.com\/\",\"name\":\"FuseBase\",\"description\":\"Sales AI Agents - Free Online Collaboration Software for Remote Teams. Build your wikis, client portals and more with the Nimbus Platform collaboration tool ? A perfect space for online work\",\"publisher\":{\"@id\":\"https:\/\/sales-ai-agents.com\/#organization\"},\"potentialAction\":[{\"@type\":\"SearchAction\",\"target\":{\"@type\":\"EntryPoint\",\"urlTemplate\":\"https:\/\/sales-ai-agents.com\/?s={search_term_string}\"},\"query-input\":{\"@type\":\"PropertyValueSpecification\",\"valueRequired\":true,\"valueName\":\"search_term_string\"}}],\"inLanguage\":\"tr\"},{\"@type\":\"Organization\",\"@id\":\"https:\/\/sales-ai-agents.com\/#organization\",\"name\":\"FuseBase\",\"url\":\"https:\/\/sales-ai-agents.com\/\",\"logo\":{\"@type\":\"ImageObject\",\"inLanguage\":\"tr\",\"@id\":\"https:\/\/sales-ai-agents.com\/#\/schema\/logo\/image\/\",\"url\":\"https:\/\/sales-ai-agents.com\/wp-content\/uploads\/2023\/11\/icon-7.svg\",\"contentUrl\":\"https:\/\/sales-ai-agents.com\/wp-content\/uploads\/2023\/11\/icon-7.svg\",\"width\":128,\"height\":128,\"caption\":\"FuseBase\"},\"image\":{\"@id\":\"https:\/\/sales-ai-agents.com\/#\/schema\/logo\/image\/\"}}]}<\/script>\n<!-- \/ Yoast SEO plugin. -->","yoast_head_json":{"title":"Noel Film Listesi \u015eablonu - Sales AI Agents","description":"Noel film gecesine haz\u0131r olun! Bu \u00fccretsiz \u015fablonu kullanarak izlemeyi, tart\u0131\u015fmay\u0131 ve aileniz ve arkada\u015flar\u0131n\u0131zla payla\u015fmay\u0131 planlad\u0131\u011f\u0131n\u0131z filmlerin bir listesini olu\u015fturun.","robots":{"index":"index","follow":"follow","max-snippet":"max-snippet:-1","max-image-preview":"max-image-preview:large","max-video-preview":"max-video-preview:-1"},"canonical":"https:\/\/sales-ai-agents.com\/tr\/templates\/christmas-movie-list\/","og_locale":"tr_TR","og_type":"article","og_title":"Noel Film Listesi \u015eablonu - Sales AI Agents","og_description":"Noel film gecesine haz\u0131r olun! Bu \u00fccretsiz \u015fablonu kullanarak izlemeyi, tart\u0131\u015fmay\u0131 ve aileniz ve arkada\u015flar\u0131n\u0131zla payla\u015fmay\u0131 planlad\u0131\u011f\u0131n\u0131z filmlerin bir listesini olu\u015fturun.","og_url":"https:\/\/sales-ai-agents.com\/tr\/templates\/christmas-movie-list\/","og_site_name":"Sales AI Agents","article_modified_time":"2024-01-02T11:56:10+00:00","og_image":[{"width":1078,"height":1449,"url":"https:\/\/sales-ai-agents.com\/wp-content\/uploads\/2023\/01\/image-preview114009.png","type":"image\/png"}],"twitter_card":"summary_large_image","schema":{"@context":"https:\/\/schema.org","@graph":[{"@type":"WebPage","@id":"https:\/\/sales-ai-agents.com\/tr\/templates\/christmas-movie-list\/","url":"https:\/\/sales-ai-agents.com\/tr\/templates\/christmas-movie-list\/","name":"Noel Film Listesi \u015eablonu - Sales AI Agents","isPartOf":{"@id":"https:\/\/sales-ai-agents.com\/#website"},"primaryImageOfPage":{"@id":"https:\/\/sales-ai-agents.com\/tr\/templates\/christmas-movie-list\/#primaryimage"},"image":{"@id":"https:\/\/sales-ai-agents.com\/tr\/templates\/christmas-movie-list\/#primaryimage"},"thumbnailUrl":"https:\/\/sales-ai-agents.com\/wp-content\/uploads\/2023\/01\/image-preview114009.png","datePublished":"2022-09-23T13:46:08+00:00","dateModified":"2024-01-02T11:56:10+00:00","description":"Noel film gecesine haz\u0131r olun! Bu \u00fccretsiz \u015fablonu kullanarak izlemeyi, tart\u0131\u015fmay\u0131 ve aileniz ve arkada\u015flar\u0131n\u0131zla payla\u015fmay\u0131 planlad\u0131\u011f\u0131n\u0131z filmlerin bir listesini olu\u015fturun.","inLanguage":"tr","potentialAction":[{"@type":"ReadAction","target":["https:\/\/sales-ai-agents.com\/tr\/templates\/christmas-movie-list\/"]}]},{"@type":"ImageObject","inLanguage":"tr","@id":"https:\/\/sales-ai-agents.com\/tr\/templates\/christmas-movie-list\/#primaryimage","url":"https:\/\/sales-ai-agents.com\/wp-content\/uploads\/2023\/01\/image-preview114009.png","contentUrl":"https:\/\/sales-ai-agents.com\/wp-content\/uploads\/2023\/01\/image-preview114009.png","width":1078,"height":1449},{"@type":"WebSite","@id":"https:\/\/sales-ai-agents.com\/#website","url":"https:\/\/sales-ai-agents.com\/","name":"FuseBase","description":"Sales AI Agents - Free Online Collaboration Software for Remote Teams. Build your wikis, client portals and more with the Nimbus Platform collaboration tool ? A perfect space for online work","publisher":{"@id":"https:\/\/sales-ai-agents.com\/#organization"},"potentialAction":[{"@type":"SearchAction","target":{"@type":"EntryPoint","urlTemplate":"https:\/\/sales-ai-agents.com\/?s={search_term_string}"},"query-input":{"@type":"PropertyValueSpecification","valueRequired":true,"valueName":"search_term_string"}}],"inLanguage":"tr"},{"@type":"Organization","@id":"https:\/\/sales-ai-agents.com\/#organization","name":"FuseBase","url":"https:\/\/sales-ai-agents.com\/","logo":{"@type":"ImageObject","inLanguage":"tr","@id":"https:\/\/sales-ai-agents.com\/#\/schema\/logo\/image\/","url":"https:\/\/sales-ai-agents.com\/wp-content\/uploads\/2023\/11\/icon-7.svg","contentUrl":"https:\/\/sales-ai-agents.com\/wp-content\/uploads\/2023\/11\/icon-7.svg","width":128,"height":128,"caption":"FuseBase"},"image":{"@id":"https:\/\/sales-ai-agents.com\/#\/schema\/logo\/image\/"}}]}},"_links":{"self":[{"href":"https:\/\/sales-ai-agents.com\/tr\/wp-json\/wp\/v2\/product\/60948","targetHints":{"allow":["GET"]}}],"collection":[{"href":"https:\/\/sales-ai-agents.com\/tr\/wp-json\/wp\/v2\/product"}],"about":[{"href":"https:\/\/sales-ai-agents.com\/tr\/wp-json\/wp\/v2\/types\/product"}],"wp:featuredmedia":[{"embeddable":true,"href":"https:\/\/sales-ai-agents.com\/tr\/wp-json\/wp\/v2\/media\/60949"}],"wp:attachment":[{"href":"https:\/\/sales-ai-agents.com\/tr\/wp-json\/wp\/v2\/media?parent=60948"}],"wp:term":[{"taxonomy":"product_brand","embeddable":true,"href":"https:\/\/sales-ai-agents.com\/tr\/wp-json\/wp\/v2\/product_brand?post=60948"},{"taxonomy":"product_cat","embeddable":true,"href":"https:\/\/sales-ai-agents.com\/tr\/wp-json\/wp\/v2\/product_cat?post=60948"},{"taxonomy":"product_tag","embeddable":true,"href":"https:\/\/sales-ai-agents.com\/tr\/wp-json\/wp\/v2\/product_tag?post=60948"}],"curies":[{"name":"wp","href":"https:\/\/api.w.org\/{rel}","templated":true}]}}