{"id":60953,"date":"2022-09-23T13:46:02","date_gmt":"2022-09-23T13:46:02","guid":{"rendered":"https:\/\/sales-ai-agents.com\/templates\/product-feature-checklist\/"},"modified":"2023-12-31T17:43:02","modified_gmt":"2023-12-31T17:43:02","slug":"product-feature-checklist","status":"publish","type":"product","link":"https:\/\/sales-ai-agents.com\/tr\/templates\/product-feature-checklist\/","title":{"rendered":"\u00dcr\u00fcn \u00d6zelli\u011fi Kontrol Listesi"},"content":{"rendered":"<p>&nbsp;<\/p>\n<h2>\u00dcr\u00fcn \u00d6zelli\u011fi Kontrol Listesi \u015eablonu<\/h2>\n<p class=\"desc-text\">Bir \u00fcr\u00fcn olu\u015ftururken, olu\u015fturulacak \u00f6zelliklerin uzun bir listesi olabilir. Yeni \u00f6zelliklerinizi takip etmek ve lansmana haz\u0131r olduklar\u0131ndan emin olmak i\u00e7in bu \u015fablonu kullan\u0131n. Her \u00f6zelli\u011fin durumunu etiketleyin ve \u00f6nemli son tarih bilgilerini ekleyin. Ekibinizi neler olup bitti\u011finden haberdar etmek i\u00e7in \u00fcyeleri etiketleyin.<\/p>\n<h5>Nas\u0131l kullan\u0131l\u0131r:<\/h5>\n<ul class=\"desc-item_list\">\n<li class=\"desc-item_list__point\">\u00dcr\u00fcn \u00f6zelliklerini listeleyin<\/li>\n<li class=\"desc-item_list__point\">\u00d6zelliklerin durumunu g\u00fcncelleme<\/li>\n<li class=\"desc-item_list__point\">\u00dcyeleri atay\u0131n<\/li>\n<li class=\"desc-item_list__point\">Lansman unsurlar\u0131n\u0131n durumunu takip edin<\/li>\n<li class=\"desc-item_list__point\">Etiket \u00f6ncelik seviyesi<\/li>\n<\/ul>\n","protected":false},"excerpt":{"rendered":"<p>Yeni bir \u00fcr\u00fcn olu\u015ftururken bu \u00fccretsiz \u015fablonu kullan\u0131n. Bununla, eklemek istedi\u011finiz \u00f6zellikleri kolayca takip edin ve ba\u015far\u0131l\u0131 bir lansman i\u00e7in haz\u0131r olduklar\u0131ndan emin olun.<\/p>\n","protected":false},"featured_media":60954,"template":"","meta":{"_acf_changed":false,"inline_featured_image":false},"product_brand":[],"product_cat":[271,252],"product_tag":[],"class_list":{"0":"post-60953","1":"product","2":"type-product","3":"status-publish","4":"has-post-thumbnail","6":"product_cat-product-management","7":"product_cat-product","9":"first","10":"instock","11":"virtual","12":"sold-individually","13":"product-type-simple"},"acf":[],"yoast_head":"<!-- This site is optimized with the Yoast SEO plugin v25.3.1 - https:\/\/yoast.com\/wordpress\/plugins\/seo\/ -->\n<title>\u00dcr\u00fcn \u00d6zelli\u011fi Kontrol Listesi \u015eablonu - Sales AI Agents<\/title>\n<meta name=\"description\" content=\"Yeni bir \u00fcr\u00fcn olu\u015ftururken bu \u00fccretsiz \u015fablonu kullan\u0131n. Bununla, eklemek istedi\u011finiz \u00f6zellikleri kolayca takip edin ve ba\u015far\u0131l\u0131 bir lansman i\u00e7in haz\u0131r olduklar\u0131ndan emin olun.\" \/>\n<meta name=\"robots\" content=\"index, follow, max-snippet:-1, max-image-preview:large, max-video-preview:-1\" \/>\n<link rel=\"canonical\" href=\"https:\/\/sales-ai-agents.com\/tr\/templates\/product-feature-checklist\/\" \/>\n<meta property=\"og:locale\" content=\"tr_TR\" \/>\n<meta property=\"og:type\" content=\"article\" \/>\n<meta property=\"og:title\" content=\"\u00dcr\u00fcn \u00d6zelli\u011fi Kontrol Listesi \u015eablonu - Sales AI Agents\" \/>\n<meta property=\"og:description\" content=\"Yeni bir \u00fcr\u00fcn olu\u015ftururken bu \u00fccretsiz \u015fablonu kullan\u0131n. Bununla, eklemek istedi\u011finiz \u00f6zellikleri kolayca takip edin ve ba\u015far\u0131l\u0131 bir lansman i\u00e7in haz\u0131r olduklar\u0131ndan emin olun.\" \/>\n<meta property=\"og:url\" content=\"https:\/\/sales-ai-agents.com\/tr\/templates\/product-feature-checklist\/\" \/>\n<meta property=\"og:site_name\" content=\"Sales AI Agents\" \/>\n<meta property=\"article:modified_time\" content=\"2023-12-31T17:43:02+00:00\" \/>\n<meta property=\"og:image\" content=\"https:\/\/sales-ai-agents.com\/wp-content\/uploads\/2023\/01\/image-preview114007.png\" \/>\n\t<meta property=\"og:image:width\" content=\"1078\" \/>\n\t<meta property=\"og:image:height\" content=\"760\" \/>\n\t<meta property=\"og:image:type\" content=\"image\/png\" \/>\n<meta name=\"twitter:card\" content=\"summary_large_image\" \/>\n<script type=\"application\/ld+json\" class=\"yoast-schema-graph\">{\"@context\":\"https:\/\/schema.org\",\"@graph\":[{\"@type\":\"WebPage\",\"@id\":\"https:\/\/sales-ai-agents.com\/tr\/templates\/product-feature-checklist\/\",\"url\":\"https:\/\/sales-ai-agents.com\/tr\/templates\/product-feature-checklist\/\",\"name\":\"\u00dcr\u00fcn \u00d6zelli\u011fi Kontrol Listesi \u015eablonu - Sales AI Agents\",\"isPartOf\":{\"@id\":\"https:\/\/sales-ai-agents.com\/#website\"},\"primaryImageOfPage\":{\"@id\":\"https:\/\/sales-ai-agents.com\/tr\/templates\/product-feature-checklist\/#primaryimage\"},\"image\":{\"@id\":\"https:\/\/sales-ai-agents.com\/tr\/templates\/product-feature-checklist\/#primaryimage\"},\"thumbnailUrl\":\"https:\/\/sales-ai-agents.com\/wp-content\/uploads\/2023\/01\/image-preview114007.png\",\"datePublished\":\"2022-09-23T13:46:02+00:00\",\"dateModified\":\"2023-12-31T17:43:02+00:00\",\"description\":\"Yeni bir \u00fcr\u00fcn olu\u015ftururken bu \u00fccretsiz \u015fablonu kullan\u0131n. Bununla, eklemek istedi\u011finiz \u00f6zellikleri kolayca takip edin ve ba\u015far\u0131l\u0131 bir lansman i\u00e7in haz\u0131r olduklar\u0131ndan emin olun.\",\"inLanguage\":\"tr\",\"potentialAction\":[{\"@type\":\"ReadAction\",\"target\":[\"https:\/\/sales-ai-agents.com\/tr\/templates\/product-feature-checklist\/\"]}]},{\"@type\":\"ImageObject\",\"inLanguage\":\"tr\",\"@id\":\"https:\/\/sales-ai-agents.com\/tr\/templates\/product-feature-checklist\/#primaryimage\",\"url\":\"https:\/\/sales-ai-agents.com\/wp-content\/uploads\/2023\/01\/image-preview114007.png\",\"contentUrl\":\"https:\/\/sales-ai-agents.com\/wp-content\/uploads\/2023\/01\/image-preview114007.png\",\"width\":1078,\"height\":760},{\"@type\":\"WebSite\",\"@id\":\"https:\/\/sales-ai-agents.com\/#website\",\"url\":\"https:\/\/sales-ai-agents.com\/\",\"name\":\"FuseBase\",\"description\":\"Sales AI Agents - Free Online Collaboration Software for Remote Teams. Build your wikis, client portals and more with the Nimbus Platform collaboration tool ? A perfect space for online work\",\"publisher\":{\"@id\":\"https:\/\/sales-ai-agents.com\/#organization\"},\"potentialAction\":[{\"@type\":\"SearchAction\",\"target\":{\"@type\":\"EntryPoint\",\"urlTemplate\":\"https:\/\/sales-ai-agents.com\/?s={search_term_string}\"},\"query-input\":{\"@type\":\"PropertyValueSpecification\",\"valueRequired\":true,\"valueName\":\"search_term_string\"}}],\"inLanguage\":\"tr\"},{\"@type\":\"Organization\",\"@id\":\"https:\/\/sales-ai-agents.com\/#organization\",\"name\":\"FuseBase\",\"url\":\"https:\/\/sales-ai-agents.com\/\",\"logo\":{\"@type\":\"ImageObject\",\"inLanguage\":\"tr\",\"@id\":\"https:\/\/sales-ai-agents.com\/#\/schema\/logo\/image\/\",\"url\":\"https:\/\/sales-ai-agents.com\/wp-content\/uploads\/2023\/11\/icon-7.svg\",\"contentUrl\":\"https:\/\/sales-ai-agents.com\/wp-content\/uploads\/2023\/11\/icon-7.svg\",\"width\":128,\"height\":128,\"caption\":\"FuseBase\"},\"image\":{\"@id\":\"https:\/\/sales-ai-agents.com\/#\/schema\/logo\/image\/\"}}]}<\/script>\n<!-- \/ Yoast SEO plugin. -->","yoast_head_json":{"title":"\u00dcr\u00fcn \u00d6zelli\u011fi Kontrol Listesi \u015eablonu - Sales AI Agents","description":"Yeni bir \u00fcr\u00fcn olu\u015ftururken bu \u00fccretsiz \u015fablonu kullan\u0131n. Bununla, eklemek istedi\u011finiz \u00f6zellikleri kolayca takip edin ve ba\u015far\u0131l\u0131 bir lansman i\u00e7in haz\u0131r olduklar\u0131ndan emin olun.","robots":{"index":"index","follow":"follow","max-snippet":"max-snippet:-1","max-image-preview":"max-image-preview:large","max-video-preview":"max-video-preview:-1"},"canonical":"https:\/\/sales-ai-agents.com\/tr\/templates\/product-feature-checklist\/","og_locale":"tr_TR","og_type":"article","og_title":"\u00dcr\u00fcn \u00d6zelli\u011fi Kontrol Listesi \u015eablonu - Sales AI Agents","og_description":"Yeni bir \u00fcr\u00fcn olu\u015ftururken bu \u00fccretsiz \u015fablonu kullan\u0131n. Bununla, eklemek istedi\u011finiz \u00f6zellikleri kolayca takip edin ve ba\u015far\u0131l\u0131 bir lansman i\u00e7in haz\u0131r olduklar\u0131ndan emin olun.","og_url":"https:\/\/sales-ai-agents.com\/tr\/templates\/product-feature-checklist\/","og_site_name":"Sales AI Agents","article_modified_time":"2023-12-31T17:43:02+00:00","og_image":[{"width":1078,"height":760,"url":"https:\/\/sales-ai-agents.com\/wp-content\/uploads\/2023\/01\/image-preview114007.png","type":"image\/png"}],"twitter_card":"summary_large_image","schema":{"@context":"https:\/\/schema.org","@graph":[{"@type":"WebPage","@id":"https:\/\/sales-ai-agents.com\/tr\/templates\/product-feature-checklist\/","url":"https:\/\/sales-ai-agents.com\/tr\/templates\/product-feature-checklist\/","name":"\u00dcr\u00fcn \u00d6zelli\u011fi Kontrol Listesi \u015eablonu - Sales AI Agents","isPartOf":{"@id":"https:\/\/sales-ai-agents.com\/#website"},"primaryImageOfPage":{"@id":"https:\/\/sales-ai-agents.com\/tr\/templates\/product-feature-checklist\/#primaryimage"},"image":{"@id":"https:\/\/sales-ai-agents.com\/tr\/templates\/product-feature-checklist\/#primaryimage"},"thumbnailUrl":"https:\/\/sales-ai-agents.com\/wp-content\/uploads\/2023\/01\/image-preview114007.png","datePublished":"2022-09-23T13:46:02+00:00","dateModified":"2023-12-31T17:43:02+00:00","description":"Yeni bir \u00fcr\u00fcn olu\u015ftururken bu \u00fccretsiz \u015fablonu kullan\u0131n. Bununla, eklemek istedi\u011finiz \u00f6zellikleri kolayca takip edin ve ba\u015far\u0131l\u0131 bir lansman i\u00e7in haz\u0131r olduklar\u0131ndan emin olun.","inLanguage":"tr","potentialAction":[{"@type":"ReadAction","target":["https:\/\/sales-ai-agents.com\/tr\/templates\/product-feature-checklist\/"]}]},{"@type":"ImageObject","inLanguage":"tr","@id":"https:\/\/sales-ai-agents.com\/tr\/templates\/product-feature-checklist\/#primaryimage","url":"https:\/\/sales-ai-agents.com\/wp-content\/uploads\/2023\/01\/image-preview114007.png","contentUrl":"https:\/\/sales-ai-agents.com\/wp-content\/uploads\/2023\/01\/image-preview114007.png","width":1078,"height":760},{"@type":"WebSite","@id":"https:\/\/sales-ai-agents.com\/#website","url":"https:\/\/sales-ai-agents.com\/","name":"FuseBase","description":"Sales AI Agents - Free Online Collaboration Software for Remote Teams. Build your wikis, client portals and more with the Nimbus Platform collaboration tool ? A perfect space for online work","publisher":{"@id":"https:\/\/sales-ai-agents.com\/#organization"},"potentialAction":[{"@type":"SearchAction","target":{"@type":"EntryPoint","urlTemplate":"https:\/\/sales-ai-agents.com\/?s={search_term_string}"},"query-input":{"@type":"PropertyValueSpecification","valueRequired":true,"valueName":"search_term_string"}}],"inLanguage":"tr"},{"@type":"Organization","@id":"https:\/\/sales-ai-agents.com\/#organization","name":"FuseBase","url":"https:\/\/sales-ai-agents.com\/","logo":{"@type":"ImageObject","inLanguage":"tr","@id":"https:\/\/sales-ai-agents.com\/#\/schema\/logo\/image\/","url":"https:\/\/sales-ai-agents.com\/wp-content\/uploads\/2023\/11\/icon-7.svg","contentUrl":"https:\/\/sales-ai-agents.com\/wp-content\/uploads\/2023\/11\/icon-7.svg","width":128,"height":128,"caption":"FuseBase"},"image":{"@id":"https:\/\/sales-ai-agents.com\/#\/schema\/logo\/image\/"}}]}},"_links":{"self":[{"href":"https:\/\/sales-ai-agents.com\/tr\/wp-json\/wp\/v2\/product\/60953","targetHints":{"allow":["GET"]}}],"collection":[{"href":"https:\/\/sales-ai-agents.com\/tr\/wp-json\/wp\/v2\/product"}],"about":[{"href":"https:\/\/sales-ai-agents.com\/tr\/wp-json\/wp\/v2\/types\/product"}],"wp:featuredmedia":[{"embeddable":true,"href":"https:\/\/sales-ai-agents.com\/tr\/wp-json\/wp\/v2\/media\/60954"}],"wp:attachment":[{"href":"https:\/\/sales-ai-agents.com\/tr\/wp-json\/wp\/v2\/media?parent=60953"}],"wp:term":[{"taxonomy":"product_brand","embeddable":true,"href":"https:\/\/sales-ai-agents.com\/tr\/wp-json\/wp\/v2\/product_brand?post=60953"},{"taxonomy":"product_cat","embeddable":true,"href":"https:\/\/sales-ai-agents.com\/tr\/wp-json\/wp\/v2\/product_cat?post=60953"},{"taxonomy":"product_tag","embeddable":true,"href":"https:\/\/sales-ai-agents.com\/tr\/wp-json\/wp\/v2\/product_tag?post=60953"}],"curies":[{"name":"wp","href":"https:\/\/api.w.org\/{rel}","templated":true}]}}