{"id":60958,"date":"2022-09-23T13:45:25","date_gmt":"2022-09-23T13:45:25","guid":{"rendered":"https:\/\/sales-ai-agents.com\/templates\/event-budget\/"},"modified":"2023-12-31T16:35:07","modified_gmt":"2023-12-31T16:35:07","slug":"event-budget","status":"publish","type":"product","link":"https:\/\/sales-ai-agents.com\/tr\/templates\/event-budget\/","title":{"rendered":"Etkinlik B\u00fct\u00e7esi"},"content":{"rendered":"<p>&nbsp;<\/p>\n<h2>Etkinlik B\u00fct\u00e7esi \u015eablonu<\/h2>\n<p class=\"desc-text\">Bir etkinlik planlamak farkl\u0131 maliyetler ve harcamalar i\u00e7erir. Paran\u0131z\u0131n tam olarak nereye gitti\u011fini bilmek i\u00e7in b\u00fct\u00e7e yapmak \u00e7ok \u00f6nemlidir. Bu \u015fablon, harcamalar\u0131n\u0131z\u0131 d\u00fczenlemenize ve limitinizi a\u015fmad\u0131\u011f\u0131n\u0131zdan emin olman\u0131za yard\u0131mc\u0131 olabilir. \u00d6ng\u00f6r\u00fclen bir b\u00fct\u00e7e olu\u015fturun ve bunu ger\u00e7ek maliyetlerinizle kar\u015f\u0131la\u015ft\u0131r\u0131n. Rakamlar\u0131n\u0131z\u0131n birbirini tuttu\u011fundan emin olun ve fiyatlar\u0131n\u0131z\u0131 analiz edin.<\/p>\n<h5>Nas\u0131l kullan\u0131l\u0131r:<\/h5>\n<ul class=\"desc-item_list\">\n<li class=\"desc-item_list__point\">Etkinlikle ilgili ayr\u0131nt\u0131lar\u0131 doldurun<\/li>\n<li class=\"desc-item_list__point\">\u00d6ng\u00f6r\u00fclen b\u00fct\u00e7eyi dahil edin<\/li>\n<li class=\"desc-item_list__point\">Harcama kategorilerini listeleyin<\/li>\n<li class=\"desc-item_list__point\">Beklenen her bir maliyeti planlay\u0131n<\/li>\n<li class=\"desc-item_list__point\">Ger\u00e7ek maliyetleri girin<\/li>\n<li class=\"desc-item_list__point\">Ger\u00e7ek maliyeti b\u00fct\u00e7e ile kar\u015f\u0131la\u015ft\u0131r\u0131n<\/li>\n<\/ul>\n","protected":false},"excerpt":{"rendered":"<p>Bir etkinlik planlamak farkl\u0131 maliyetler ve harcamalar i\u00e7erir. Bu \u00fccretsiz \u015fablon, harcamalar\u0131n\u0131z\u0131 d\u00fczenlemenize ve limitinizi a\u015fmad\u0131\u011f\u0131n\u0131zdan emin olman\u0131za yard\u0131mc\u0131 olabilir.<\/p>\n","protected":false},"featured_media":60959,"template":"","meta":{"_acf_changed":false,"inline_featured_image":false},"product_brand":[],"product_cat":[260],"product_tag":[],"class_list":{"0":"post-60958","1":"product","2":"type-product","3":"status-publish","4":"has-post-thumbnail","6":"product_cat-events","8":"first","9":"instock","10":"virtual","11":"sold-individually","12":"product-type-simple"},"acf":[],"yoast_head":"<!-- This site is optimized with the Yoast SEO plugin v25.3.1 - https:\/\/yoast.com\/wordpress\/plugins\/seo\/ -->\n<title>Etkinlik B\u00fct\u00e7esi \u015eablonu - Sales AI Agents<\/title>\n<meta name=\"description\" content=\"Bir etkinlik planlamak farkl\u0131 maliyetler ve harcamalar i\u00e7erir. Bu \u00fccretsiz \u015fablon, harcamalar\u0131n\u0131z\u0131 d\u00fczenlemenize ve limitinizi a\u015fmad\u0131\u011f\u0131n\u0131zdan emin olman\u0131za yard\u0131mc\u0131 olabilir.\" \/>\n<meta name=\"robots\" content=\"index, follow, max-snippet:-1, max-image-preview:large, max-video-preview:-1\" \/>\n<link rel=\"canonical\" href=\"https:\/\/sales-ai-agents.com\/tr\/templates\/event-budget\/\" \/>\n<meta property=\"og:locale\" content=\"tr_TR\" \/>\n<meta property=\"og:type\" content=\"article\" \/>\n<meta property=\"og:title\" content=\"Etkinlik B\u00fct\u00e7esi \u015eablonu - Sales AI Agents\" \/>\n<meta property=\"og:description\" content=\"Bir etkinlik planlamak farkl\u0131 maliyetler ve harcamalar i\u00e7erir. Bu \u00fccretsiz \u015fablon, harcamalar\u0131n\u0131z\u0131 d\u00fczenlemenize ve limitinizi a\u015fmad\u0131\u011f\u0131n\u0131zdan emin olman\u0131za yard\u0131mc\u0131 olabilir.\" \/>\n<meta property=\"og:url\" content=\"https:\/\/sales-ai-agents.com\/tr\/templates\/event-budget\/\" \/>\n<meta property=\"og:site_name\" content=\"Sales AI Agents\" \/>\n<meta property=\"article:modified_time\" content=\"2023-12-31T16:35:07+00:00\" \/>\n<meta property=\"og:image\" content=\"https:\/\/sales-ai-agents.com\/wp-content\/uploads\/2023\/01\/image-preview113746.png\" \/>\n\t<meta property=\"og:image:width\" content=\"1078\" \/>\n\t<meta property=\"og:image:height\" content=\"897\" \/>\n\t<meta property=\"og:image:type\" content=\"image\/png\" \/>\n<meta name=\"twitter:card\" content=\"summary_large_image\" \/>\n<script type=\"application\/ld+json\" class=\"yoast-schema-graph\">{\"@context\":\"https:\/\/schema.org\",\"@graph\":[{\"@type\":\"WebPage\",\"@id\":\"https:\/\/sales-ai-agents.com\/tr\/templates\/event-budget\/\",\"url\":\"https:\/\/sales-ai-agents.com\/tr\/templates\/event-budget\/\",\"name\":\"Etkinlik B\u00fct\u00e7esi \u015eablonu - Sales AI Agents\",\"isPartOf\":{\"@id\":\"https:\/\/sales-ai-agents.com\/#website\"},\"primaryImageOfPage\":{\"@id\":\"https:\/\/sales-ai-agents.com\/tr\/templates\/event-budget\/#primaryimage\"},\"image\":{\"@id\":\"https:\/\/sales-ai-agents.com\/tr\/templates\/event-budget\/#primaryimage\"},\"thumbnailUrl\":\"https:\/\/sales-ai-agents.com\/wp-content\/uploads\/2023\/01\/image-preview113746.png\",\"datePublished\":\"2022-09-23T13:45:25+00:00\",\"dateModified\":\"2023-12-31T16:35:07+00:00\",\"description\":\"Bir etkinlik planlamak farkl\u0131 maliyetler ve harcamalar i\u00e7erir. Bu \u00fccretsiz \u015fablon, harcamalar\u0131n\u0131z\u0131 d\u00fczenlemenize ve limitinizi a\u015fmad\u0131\u011f\u0131n\u0131zdan emin olman\u0131za yard\u0131mc\u0131 olabilir.\",\"inLanguage\":\"tr\",\"potentialAction\":[{\"@type\":\"ReadAction\",\"target\":[\"https:\/\/sales-ai-agents.com\/tr\/templates\/event-budget\/\"]}]},{\"@type\":\"ImageObject\",\"inLanguage\":\"tr\",\"@id\":\"https:\/\/sales-ai-agents.com\/tr\/templates\/event-budget\/#primaryimage\",\"url\":\"https:\/\/sales-ai-agents.com\/wp-content\/uploads\/2023\/01\/image-preview113746.png\",\"contentUrl\":\"https:\/\/sales-ai-agents.com\/wp-content\/uploads\/2023\/01\/image-preview113746.png\",\"width\":1078,\"height\":897},{\"@type\":\"WebSite\",\"@id\":\"https:\/\/sales-ai-agents.com\/#website\",\"url\":\"https:\/\/sales-ai-agents.com\/\",\"name\":\"FuseBase\",\"description\":\"Sales AI Agents - Free Online Collaboration Software for Remote Teams. Build your wikis, client portals and more with the Nimbus Platform collaboration tool ? A perfect space for online work\",\"publisher\":{\"@id\":\"https:\/\/sales-ai-agents.com\/#organization\"},\"potentialAction\":[{\"@type\":\"SearchAction\",\"target\":{\"@type\":\"EntryPoint\",\"urlTemplate\":\"https:\/\/sales-ai-agents.com\/?s={search_term_string}\"},\"query-input\":{\"@type\":\"PropertyValueSpecification\",\"valueRequired\":true,\"valueName\":\"search_term_string\"}}],\"inLanguage\":\"tr\"},{\"@type\":\"Organization\",\"@id\":\"https:\/\/sales-ai-agents.com\/#organization\",\"name\":\"FuseBase\",\"url\":\"https:\/\/sales-ai-agents.com\/\",\"logo\":{\"@type\":\"ImageObject\",\"inLanguage\":\"tr\",\"@id\":\"https:\/\/sales-ai-agents.com\/#\/schema\/logo\/image\/\",\"url\":\"https:\/\/sales-ai-agents.com\/wp-content\/uploads\/2023\/11\/icon-7.svg\",\"contentUrl\":\"https:\/\/sales-ai-agents.com\/wp-content\/uploads\/2023\/11\/icon-7.svg\",\"width\":128,\"height\":128,\"caption\":\"FuseBase\"},\"image\":{\"@id\":\"https:\/\/sales-ai-agents.com\/#\/schema\/logo\/image\/\"}}]}<\/script>\n<!-- \/ Yoast SEO plugin. -->","yoast_head_json":{"title":"Etkinlik B\u00fct\u00e7esi \u015eablonu - Sales AI Agents","description":"Bir etkinlik planlamak farkl\u0131 maliyetler ve harcamalar i\u00e7erir. Bu \u00fccretsiz \u015fablon, harcamalar\u0131n\u0131z\u0131 d\u00fczenlemenize ve limitinizi a\u015fmad\u0131\u011f\u0131n\u0131zdan emin olman\u0131za yard\u0131mc\u0131 olabilir.","robots":{"index":"index","follow":"follow","max-snippet":"max-snippet:-1","max-image-preview":"max-image-preview:large","max-video-preview":"max-video-preview:-1"},"canonical":"https:\/\/sales-ai-agents.com\/tr\/templates\/event-budget\/","og_locale":"tr_TR","og_type":"article","og_title":"Etkinlik B\u00fct\u00e7esi \u015eablonu - Sales AI Agents","og_description":"Bir etkinlik planlamak farkl\u0131 maliyetler ve harcamalar i\u00e7erir. Bu \u00fccretsiz \u015fablon, harcamalar\u0131n\u0131z\u0131 d\u00fczenlemenize ve limitinizi a\u015fmad\u0131\u011f\u0131n\u0131zdan emin olman\u0131za yard\u0131mc\u0131 olabilir.","og_url":"https:\/\/sales-ai-agents.com\/tr\/templates\/event-budget\/","og_site_name":"Sales AI Agents","article_modified_time":"2023-12-31T16:35:07+00:00","og_image":[{"width":1078,"height":897,"url":"https:\/\/sales-ai-agents.com\/wp-content\/uploads\/2023\/01\/image-preview113746.png","type":"image\/png"}],"twitter_card":"summary_large_image","schema":{"@context":"https:\/\/schema.org","@graph":[{"@type":"WebPage","@id":"https:\/\/sales-ai-agents.com\/tr\/templates\/event-budget\/","url":"https:\/\/sales-ai-agents.com\/tr\/templates\/event-budget\/","name":"Etkinlik B\u00fct\u00e7esi \u015eablonu - Sales AI Agents","isPartOf":{"@id":"https:\/\/sales-ai-agents.com\/#website"},"primaryImageOfPage":{"@id":"https:\/\/sales-ai-agents.com\/tr\/templates\/event-budget\/#primaryimage"},"image":{"@id":"https:\/\/sales-ai-agents.com\/tr\/templates\/event-budget\/#primaryimage"},"thumbnailUrl":"https:\/\/sales-ai-agents.com\/wp-content\/uploads\/2023\/01\/image-preview113746.png","datePublished":"2022-09-23T13:45:25+00:00","dateModified":"2023-12-31T16:35:07+00:00","description":"Bir etkinlik planlamak farkl\u0131 maliyetler ve harcamalar i\u00e7erir. Bu \u00fccretsiz \u015fablon, harcamalar\u0131n\u0131z\u0131 d\u00fczenlemenize ve limitinizi a\u015fmad\u0131\u011f\u0131n\u0131zdan emin olman\u0131za yard\u0131mc\u0131 olabilir.","inLanguage":"tr","potentialAction":[{"@type":"ReadAction","target":["https:\/\/sales-ai-agents.com\/tr\/templates\/event-budget\/"]}]},{"@type":"ImageObject","inLanguage":"tr","@id":"https:\/\/sales-ai-agents.com\/tr\/templates\/event-budget\/#primaryimage","url":"https:\/\/sales-ai-agents.com\/wp-content\/uploads\/2023\/01\/image-preview113746.png","contentUrl":"https:\/\/sales-ai-agents.com\/wp-content\/uploads\/2023\/01\/image-preview113746.png","width":1078,"height":897},{"@type":"WebSite","@id":"https:\/\/sales-ai-agents.com\/#website","url":"https:\/\/sales-ai-agents.com\/","name":"FuseBase","description":"Sales AI Agents - Free Online Collaboration Software for Remote Teams. Build your wikis, client portals and more with the Nimbus Platform collaboration tool ? A perfect space for online work","publisher":{"@id":"https:\/\/sales-ai-agents.com\/#organization"},"potentialAction":[{"@type":"SearchAction","target":{"@type":"EntryPoint","urlTemplate":"https:\/\/sales-ai-agents.com\/?s={search_term_string}"},"query-input":{"@type":"PropertyValueSpecification","valueRequired":true,"valueName":"search_term_string"}}],"inLanguage":"tr"},{"@type":"Organization","@id":"https:\/\/sales-ai-agents.com\/#organization","name":"FuseBase","url":"https:\/\/sales-ai-agents.com\/","logo":{"@type":"ImageObject","inLanguage":"tr","@id":"https:\/\/sales-ai-agents.com\/#\/schema\/logo\/image\/","url":"https:\/\/sales-ai-agents.com\/wp-content\/uploads\/2023\/11\/icon-7.svg","contentUrl":"https:\/\/sales-ai-agents.com\/wp-content\/uploads\/2023\/11\/icon-7.svg","width":128,"height":128,"caption":"FuseBase"},"image":{"@id":"https:\/\/sales-ai-agents.com\/#\/schema\/logo\/image\/"}}]}},"_links":{"self":[{"href":"https:\/\/sales-ai-agents.com\/tr\/wp-json\/wp\/v2\/product\/60958","targetHints":{"allow":["GET"]}}],"collection":[{"href":"https:\/\/sales-ai-agents.com\/tr\/wp-json\/wp\/v2\/product"}],"about":[{"href":"https:\/\/sales-ai-agents.com\/tr\/wp-json\/wp\/v2\/types\/product"}],"wp:featuredmedia":[{"embeddable":true,"href":"https:\/\/sales-ai-agents.com\/tr\/wp-json\/wp\/v2\/media\/60959"}],"wp:attachment":[{"href":"https:\/\/sales-ai-agents.com\/tr\/wp-json\/wp\/v2\/media?parent=60958"}],"wp:term":[{"taxonomy":"product_brand","embeddable":true,"href":"https:\/\/sales-ai-agents.com\/tr\/wp-json\/wp\/v2\/product_brand?post=60958"},{"taxonomy":"product_cat","embeddable":true,"href":"https:\/\/sales-ai-agents.com\/tr\/wp-json\/wp\/v2\/product_cat?post=60958"},{"taxonomy":"product_tag","embeddable":true,"href":"https:\/\/sales-ai-agents.com\/tr\/wp-json\/wp\/v2\/product_tag?post=60958"}],"curies":[{"name":"wp","href":"https:\/\/api.w.org\/{rel}","templated":true}]}}