{"id":60965,"date":"2022-09-23T13:45:22","date_gmt":"2022-09-23T13:45:22","guid":{"rendered":"https:\/\/sales-ai-agents.com\/templates\/holidays-calendar-2023-2024\/"},"modified":"2024-01-02T11:35:38","modified_gmt":"2024-01-02T11:35:38","slug":"holidays-calendar-2023-2024","status":"publish","type":"product","link":"https:\/\/sales-ai-agents.com\/tr\/templates\/holidays-calendar-2023-2024\/","title":{"rendered":"Tatil Takvimi 2023-2024"},"content":{"rendered":"<p>&nbsp;<\/p>\n<h2>Tatil Takvimi \u015eablonu<\/h2>\n<p class=\"desc-text\">Bu tatil \u015fablonuyla t\u00fcm \u00f6nemli tatilleri ve kutlamalar\u0131 takip edin. \u00d6nemli bir tarihi bir daha asla unutmad\u0131\u011f\u0131n\u0131zdan emin olun. \u015eablonu Sevgililer G\u00fcn\u00fc yemekleri veya Paskalya yumurtas\u0131 avlar\u0131 gibi \u00f6nemli etkinlikleri planlamak i\u00e7in kullan\u0131n. Tatil, ara tatil veya bayram tarihlerini kontrol etmek i\u00e7in kullan\u0131n. \u00d6nemli hat\u0131rlatmalar\u0131, planlar\u0131 veya notlar\u0131 ka\u00e7\u0131rmamak i\u00e7in notlar da yazabilirsiniz.<br \/>\nTakvim ABD&#8217;deki ulusal tatilleri temel almaktad\u0131r. Tatiller bir \u00fclkeden di\u011ferine de\u011fi\u015fiklik g\u00f6sterebilir.<\/p>\n<h5>Nas\u0131l kullan\u0131l\u0131r:<\/h5>\n<ul class=\"desc-item_list\">\n<li class=\"desc-item_list__point\">\u00d6nemli tatiller i\u00e7in tabloyu kontrol edin<\/li>\n<li class=\"desc-item_list__point\">Her tatil i\u00e7in not ekleyin<\/li>\n<li class=\"desc-item_list__point\">Olaylar, hat\u0131rlatmalar veya etkinlikler hakk\u0131nda yaz\u0131n<\/li>\n<li class=\"desc-item_list__point\">Bittikten sonra her tatili i\u015faretleyin<\/li>\n<\/ul>\n","protected":false},"excerpt":{"rendered":"<p>Bu \u00fccretsiz tatil \u015fablonuyla t\u00fcm \u00f6nemli tatilleri ve kutlamalar\u0131 takip edin. \u00d6nemli bir tarihi asla unutmad\u0131\u011f\u0131n\u0131zdan ve ona uygun \u015fekilde haz\u0131rland\u0131\u011f\u0131n\u0131zdan emin olun.<\/p>\n","protected":false},"featured_media":60966,"template":"","meta":{"_acf_changed":false,"inline_featured_image":false},"product_brand":[],"product_cat":[256,277,276],"product_tag":[],"class_list":{"0":"post-60965","1":"product","2":"type-product","3":"status-publish","4":"has-post-thumbnail","6":"product_cat-organizers-planners","7":"product_cat-personal-fun","8":"product_cat-holidays-planning","10":"first","11":"instock","12":"virtual","13":"sold-individually","14":"product-type-simple"},"acf":[],"yoast_head":"<!-- This site is optimized with the Yoast SEO plugin v25.3.1 - https:\/\/yoast.com\/wordpress\/plugins\/seo\/ -->\n<title>Tatil Takvimi 2023-2024 \u015eablonu - Sales AI Agents<\/title>\n<meta name=\"description\" content=\"Bu \u00fccretsiz tatil \u015fablonuyla t\u00fcm \u00f6nemli tatilleri ve kutlamalar\u0131 takip edin. \u00d6nemli bir tarihi asla unutmad\u0131\u011f\u0131n\u0131zdan ve ona uygun \u015fekilde haz\u0131rland\u0131\u011f\u0131n\u0131zdan emin olun\" \/>\n<meta name=\"robots\" content=\"index, follow, max-snippet:-1, max-image-preview:large, max-video-preview:-1\" \/>\n<link rel=\"canonical\" href=\"https:\/\/sales-ai-agents.com\/tr\/templates\/holidays-calendar-2023-2024\/\" \/>\n<meta property=\"og:locale\" content=\"tr_TR\" \/>\n<meta property=\"og:type\" content=\"article\" \/>\n<meta property=\"og:title\" content=\"Tatil Takvimi 2023-2024 \u015eablonu - Sales AI Agents\" \/>\n<meta property=\"og:description\" content=\"Bu \u00fccretsiz tatil \u015fablonuyla t\u00fcm \u00f6nemli tatilleri ve kutlamalar\u0131 takip edin. \u00d6nemli bir tarihi asla unutmad\u0131\u011f\u0131n\u0131zdan ve ona uygun \u015fekilde haz\u0131rland\u0131\u011f\u0131n\u0131zdan emin olun\" \/>\n<meta property=\"og:url\" content=\"https:\/\/sales-ai-agents.com\/tr\/templates\/holidays-calendar-2023-2024\/\" \/>\n<meta property=\"og:site_name\" content=\"Sales AI Agents\" \/>\n<meta property=\"article:modified_time\" content=\"2024-01-02T11:35:38+00:00\" \/>\n<meta property=\"og:image\" content=\"https:\/\/sales-ai-agents.com\/wp-content\/uploads\/2022\/09\/Holidays-Calendar-2023-2024-Template.png\" \/>\n\t<meta property=\"og:image:width\" content=\"1700\" \/>\n\t<meta property=\"og:image:height\" content=\"1100\" \/>\n\t<meta property=\"og:image:type\" content=\"image\/png\" \/>\n<meta name=\"twitter:card\" content=\"summary_large_image\" \/>\n<script type=\"application\/ld+json\" class=\"yoast-schema-graph\">{\"@context\":\"https:\/\/schema.org\",\"@graph\":[{\"@type\":\"WebPage\",\"@id\":\"https:\/\/sales-ai-agents.com\/tr\/templates\/holidays-calendar-2023-2024\/\",\"url\":\"https:\/\/sales-ai-agents.com\/tr\/templates\/holidays-calendar-2023-2024\/\",\"name\":\"Tatil Takvimi 2023-2024 \u015eablonu - Sales AI Agents\",\"isPartOf\":{\"@id\":\"https:\/\/sales-ai-agents.com\/#website\"},\"primaryImageOfPage\":{\"@id\":\"https:\/\/sales-ai-agents.com\/tr\/templates\/holidays-calendar-2023-2024\/#primaryimage\"},\"image\":{\"@id\":\"https:\/\/sales-ai-agents.com\/tr\/templates\/holidays-calendar-2023-2024\/#primaryimage\"},\"thumbnailUrl\":\"https:\/\/sales-ai-agents.com\/wp-content\/uploads\/2022\/09\/Holidays-Calendar-2023-2024-Template.png\",\"datePublished\":\"2022-09-23T13:45:22+00:00\",\"dateModified\":\"2024-01-02T11:35:38+00:00\",\"description\":\"Bu \u00fccretsiz tatil \u015fablonuyla t\u00fcm \u00f6nemli tatilleri ve kutlamalar\u0131 takip edin. \u00d6nemli bir tarihi asla unutmad\u0131\u011f\u0131n\u0131zdan ve ona uygun \u015fekilde haz\u0131rland\u0131\u011f\u0131n\u0131zdan emin olun\",\"inLanguage\":\"tr\",\"potentialAction\":[{\"@type\":\"ReadAction\",\"target\":[\"https:\/\/sales-ai-agents.com\/tr\/templates\/holidays-calendar-2023-2024\/\"]}]},{\"@type\":\"ImageObject\",\"inLanguage\":\"tr\",\"@id\":\"https:\/\/sales-ai-agents.com\/tr\/templates\/holidays-calendar-2023-2024\/#primaryimage\",\"url\":\"https:\/\/sales-ai-agents.com\/wp-content\/uploads\/2022\/09\/Holidays-Calendar-2023-2024-Template.png\",\"contentUrl\":\"https:\/\/sales-ai-agents.com\/wp-content\/uploads\/2022\/09\/Holidays-Calendar-2023-2024-Template.png\",\"width\":1700,\"height\":1100},{\"@type\":\"WebSite\",\"@id\":\"https:\/\/sales-ai-agents.com\/#website\",\"url\":\"https:\/\/sales-ai-agents.com\/\",\"name\":\"FuseBase\",\"description\":\"Sales AI Agents - Free Online Collaboration Software for Remote Teams. Build your wikis, client portals and more with the Nimbus Platform collaboration tool ? A perfect space for online work\",\"publisher\":{\"@id\":\"https:\/\/sales-ai-agents.com\/#organization\"},\"potentialAction\":[{\"@type\":\"SearchAction\",\"target\":{\"@type\":\"EntryPoint\",\"urlTemplate\":\"https:\/\/sales-ai-agents.com\/?s={search_term_string}\"},\"query-input\":{\"@type\":\"PropertyValueSpecification\",\"valueRequired\":true,\"valueName\":\"search_term_string\"}}],\"inLanguage\":\"tr\"},{\"@type\":\"Organization\",\"@id\":\"https:\/\/sales-ai-agents.com\/#organization\",\"name\":\"FuseBase\",\"url\":\"https:\/\/sales-ai-agents.com\/\",\"logo\":{\"@type\":\"ImageObject\",\"inLanguage\":\"tr\",\"@id\":\"https:\/\/sales-ai-agents.com\/#\/schema\/logo\/image\/\",\"url\":\"https:\/\/sales-ai-agents.com\/wp-content\/uploads\/2023\/11\/icon-7.svg\",\"contentUrl\":\"https:\/\/sales-ai-agents.com\/wp-content\/uploads\/2023\/11\/icon-7.svg\",\"width\":128,\"height\":128,\"caption\":\"FuseBase\"},\"image\":{\"@id\":\"https:\/\/sales-ai-agents.com\/#\/schema\/logo\/image\/\"}}]}<\/script>\n<!-- \/ Yoast SEO plugin. -->","yoast_head_json":{"title":"Tatil Takvimi 2023-2024 \u015eablonu - Sales AI Agents","description":"Bu \u00fccretsiz tatil \u015fablonuyla t\u00fcm \u00f6nemli tatilleri ve kutlamalar\u0131 takip edin. \u00d6nemli bir tarihi asla unutmad\u0131\u011f\u0131n\u0131zdan ve ona uygun \u015fekilde haz\u0131rland\u0131\u011f\u0131n\u0131zdan emin olun","robots":{"index":"index","follow":"follow","max-snippet":"max-snippet:-1","max-image-preview":"max-image-preview:large","max-video-preview":"max-video-preview:-1"},"canonical":"https:\/\/sales-ai-agents.com\/tr\/templates\/holidays-calendar-2023-2024\/","og_locale":"tr_TR","og_type":"article","og_title":"Tatil Takvimi 2023-2024 \u015eablonu - Sales AI Agents","og_description":"Bu \u00fccretsiz tatil \u015fablonuyla t\u00fcm \u00f6nemli tatilleri ve kutlamalar\u0131 takip edin. \u00d6nemli bir tarihi asla unutmad\u0131\u011f\u0131n\u0131zdan ve ona uygun \u015fekilde haz\u0131rland\u0131\u011f\u0131n\u0131zdan emin olun","og_url":"https:\/\/sales-ai-agents.com\/tr\/templates\/holidays-calendar-2023-2024\/","og_site_name":"Sales AI Agents","article_modified_time":"2024-01-02T11:35:38+00:00","og_image":[{"width":1700,"height":1100,"url":"https:\/\/sales-ai-agents.com\/wp-content\/uploads\/2022\/09\/Holidays-Calendar-2023-2024-Template.png","type":"image\/png"}],"twitter_card":"summary_large_image","schema":{"@context":"https:\/\/schema.org","@graph":[{"@type":"WebPage","@id":"https:\/\/sales-ai-agents.com\/tr\/templates\/holidays-calendar-2023-2024\/","url":"https:\/\/sales-ai-agents.com\/tr\/templates\/holidays-calendar-2023-2024\/","name":"Tatil Takvimi 2023-2024 \u015eablonu - Sales AI Agents","isPartOf":{"@id":"https:\/\/sales-ai-agents.com\/#website"},"primaryImageOfPage":{"@id":"https:\/\/sales-ai-agents.com\/tr\/templates\/holidays-calendar-2023-2024\/#primaryimage"},"image":{"@id":"https:\/\/sales-ai-agents.com\/tr\/templates\/holidays-calendar-2023-2024\/#primaryimage"},"thumbnailUrl":"https:\/\/sales-ai-agents.com\/wp-content\/uploads\/2022\/09\/Holidays-Calendar-2023-2024-Template.png","datePublished":"2022-09-23T13:45:22+00:00","dateModified":"2024-01-02T11:35:38+00:00","description":"Bu \u00fccretsiz tatil \u015fablonuyla t\u00fcm \u00f6nemli tatilleri ve kutlamalar\u0131 takip edin. \u00d6nemli bir tarihi asla unutmad\u0131\u011f\u0131n\u0131zdan ve ona uygun \u015fekilde haz\u0131rland\u0131\u011f\u0131n\u0131zdan emin olun","inLanguage":"tr","potentialAction":[{"@type":"ReadAction","target":["https:\/\/sales-ai-agents.com\/tr\/templates\/holidays-calendar-2023-2024\/"]}]},{"@type":"ImageObject","inLanguage":"tr","@id":"https:\/\/sales-ai-agents.com\/tr\/templates\/holidays-calendar-2023-2024\/#primaryimage","url":"https:\/\/sales-ai-agents.com\/wp-content\/uploads\/2022\/09\/Holidays-Calendar-2023-2024-Template.png","contentUrl":"https:\/\/sales-ai-agents.com\/wp-content\/uploads\/2022\/09\/Holidays-Calendar-2023-2024-Template.png","width":1700,"height":1100},{"@type":"WebSite","@id":"https:\/\/sales-ai-agents.com\/#website","url":"https:\/\/sales-ai-agents.com\/","name":"FuseBase","description":"Sales AI Agents - Free Online Collaboration Software for Remote Teams. Build your wikis, client portals and more with the Nimbus Platform collaboration tool ? A perfect space for online work","publisher":{"@id":"https:\/\/sales-ai-agents.com\/#organization"},"potentialAction":[{"@type":"SearchAction","target":{"@type":"EntryPoint","urlTemplate":"https:\/\/sales-ai-agents.com\/?s={search_term_string}"},"query-input":{"@type":"PropertyValueSpecification","valueRequired":true,"valueName":"search_term_string"}}],"inLanguage":"tr"},{"@type":"Organization","@id":"https:\/\/sales-ai-agents.com\/#organization","name":"FuseBase","url":"https:\/\/sales-ai-agents.com\/","logo":{"@type":"ImageObject","inLanguage":"tr","@id":"https:\/\/sales-ai-agents.com\/#\/schema\/logo\/image\/","url":"https:\/\/sales-ai-agents.com\/wp-content\/uploads\/2023\/11\/icon-7.svg","contentUrl":"https:\/\/sales-ai-agents.com\/wp-content\/uploads\/2023\/11\/icon-7.svg","width":128,"height":128,"caption":"FuseBase"},"image":{"@id":"https:\/\/sales-ai-agents.com\/#\/schema\/logo\/image\/"}}]}},"_links":{"self":[{"href":"https:\/\/sales-ai-agents.com\/tr\/wp-json\/wp\/v2\/product\/60965","targetHints":{"allow":["GET"]}}],"collection":[{"href":"https:\/\/sales-ai-agents.com\/tr\/wp-json\/wp\/v2\/product"}],"about":[{"href":"https:\/\/sales-ai-agents.com\/tr\/wp-json\/wp\/v2\/types\/product"}],"wp:featuredmedia":[{"embeddable":true,"href":"https:\/\/sales-ai-agents.com\/tr\/wp-json\/wp\/v2\/media\/60966"}],"wp:attachment":[{"href":"https:\/\/sales-ai-agents.com\/tr\/wp-json\/wp\/v2\/media?parent=60965"}],"wp:term":[{"taxonomy":"product_brand","embeddable":true,"href":"https:\/\/sales-ai-agents.com\/tr\/wp-json\/wp\/v2\/product_brand?post=60965"},{"taxonomy":"product_cat","embeddable":true,"href":"https:\/\/sales-ai-agents.com\/tr\/wp-json\/wp\/v2\/product_cat?post=60965"},{"taxonomy":"product_tag","embeddable":true,"href":"https:\/\/sales-ai-agents.com\/tr\/wp-json\/wp\/v2\/product_tag?post=60965"}],"curies":[{"name":"wp","href":"https:\/\/api.w.org\/{rel}","templated":true}]}}