{"id":60971,"date":"2022-09-23T13:45:18","date_gmt":"2022-09-23T13:45:18","guid":{"rendered":"https:\/\/sales-ai-agents.com\/templates\/my-personal-goals\/"},"modified":"2023-12-31T17:22:17","modified_gmt":"2023-12-31T17:22:17","slug":"my-personal-goals","status":"publish","type":"product","link":"https:\/\/sales-ai-agents.com\/tr\/templates\/my-personal-goals\/","title":{"rendered":"Ki\u015fisel Hedeflerim"},"content":{"rendered":"<p>&nbsp;<\/p>\n<h2>Ki\u015fisel Hedeflerim \u015eablonu<\/h2>\n<p class=\"desc-text\">Bu \u015fablonu kullanarak y\u0131l i\u00e7in hedeflerinizi belirleyebilirsiniz. Bunlar hem ki\u015fisel hem de profesyonel ba\u015far\u0131lar olabilir. Neyi ba\u015farmak istedi\u011finizi belirleyin ve planlar\u0131n\u0131z\u0131 ger\u00e7ekle\u015ftirmek i\u00e7in kendinizi motive edin. Bir eylem plan\u0131 olu\u015fturun ve kendinizi te\u015fvik etmek i\u00e7in farkl\u0131 \u00f6d\u00fcller bulun.<\/p>\n<h5>Nas\u0131l kullan\u0131l\u0131r:<\/h5>\n<ul class=\"desc-item_list\">\n<li class=\"desc-item_list__point\">Ula\u015fmay\u0131 umdu\u011funuz hedefleri yaz\u0131n<\/li>\n<li class=\"desc-item_list__point\">Her bir hedef i\u00e7in motivasyonlar\u0131 tan\u0131mlay\u0131n<\/li>\n<li class=\"desc-item_list__point\">Planlar\u0131n\u0131za ula\u015fmak i\u00e7in hedef tarihler belirleyin<\/li>\n<li class=\"desc-item_list__point\">At\u0131lacak \u00f6nemli ad\u0131mlar\u0131 listeleyin<\/li>\n<li class=\"desc-item_list__point\">Eylemlerinizi takip edin<\/li>\n<\/ul>\n","protected":false},"excerpt":{"rendered":"<p>Her \u015fey planland\u0131\u011f\u0131nda daha fazlas\u0131n\u0131 ba\u015farabilirsiniz. \u00d6n\u00fcm\u00fczdeki y\u0131l i\u00e7in hedefler belirlemek ve hayallerinizi ve arzular\u0131n\u0131z\u0131 ba\u015far\u0131yla ger\u00e7ekle\u015ftirmek i\u00e7in bu \u00fccretsiz \u015fablonu kullan\u0131n.<\/p>\n","protected":false},"featured_media":60972,"template":"","meta":{"_acf_changed":false,"inline_featured_image":false},"product_brand":[],"product_cat":[257,256],"product_tag":[],"class_list":{"0":"post-60971","1":"product","2":"type-product","3":"status-publish","4":"has-post-thumbnail","6":"product_cat-personal","7":"product_cat-organizers-planners","9":"first","10":"instock","11":"virtual","12":"sold-individually","13":"product-type-simple"},"acf":[],"yoast_head":"<!-- This site is optimized with the Yoast SEO plugin v25.3.1 - https:\/\/yoast.com\/wordpress\/plugins\/seo\/ -->\n<title>Ki\u015fisel Hedeflerim \u015eablonu - Sales AI Agents<\/title>\n<meta name=\"description\" content=\"Her \u015fey planland\u0131\u011f\u0131nda daha fazlas\u0131n\u0131 ba\u015farabilirsiniz. \u00d6n\u00fcm\u00fczdeki y\u0131l i\u00e7in hedefler belirlemek ve hayallerinizi ve arzular\u0131n\u0131z\u0131 ba\u015far\u0131yla ger\u00e7ekle\u015ftirmek i\u00e7in bu \u00fccretsiz \u015fablonu kullan\u0131n.\" \/>\n<meta name=\"robots\" content=\"index, follow, max-snippet:-1, max-image-preview:large, max-video-preview:-1\" \/>\n<link rel=\"canonical\" href=\"https:\/\/sales-ai-agents.com\/tr\/templates\/my-personal-goals\/\" \/>\n<meta property=\"og:locale\" content=\"tr_TR\" \/>\n<meta property=\"og:type\" content=\"article\" \/>\n<meta property=\"og:title\" content=\"Ki\u015fisel Hedeflerim \u015eablonu - Sales AI Agents\" \/>\n<meta property=\"og:description\" content=\"Her \u015fey planland\u0131\u011f\u0131nda daha fazlas\u0131n\u0131 ba\u015farabilirsiniz. \u00d6n\u00fcm\u00fczdeki y\u0131l i\u00e7in hedefler belirlemek ve hayallerinizi ve arzular\u0131n\u0131z\u0131 ba\u015far\u0131yla ger\u00e7ekle\u015ftirmek i\u00e7in bu \u00fccretsiz \u015fablonu kullan\u0131n.\" \/>\n<meta property=\"og:url\" content=\"https:\/\/sales-ai-agents.com\/tr\/templates\/my-personal-goals\/\" \/>\n<meta property=\"og:site_name\" content=\"Sales AI Agents\" \/>\n<meta property=\"article:modified_time\" content=\"2023-12-31T17:22:17+00:00\" \/>\n<meta property=\"og:image\" content=\"https:\/\/sales-ai-agents.com\/wp-content\/uploads\/2023\/01\/image-preview113740.png\" \/>\n\t<meta property=\"og:image:width\" content=\"1078\" \/>\n\t<meta property=\"og:image:height\" content=\"760\" \/>\n\t<meta property=\"og:image:type\" content=\"image\/png\" \/>\n<meta name=\"twitter:card\" content=\"summary_large_image\" \/>\n<script type=\"application\/ld+json\" class=\"yoast-schema-graph\">{\"@context\":\"https:\/\/schema.org\",\"@graph\":[{\"@type\":\"WebPage\",\"@id\":\"https:\/\/sales-ai-agents.com\/tr\/templates\/my-personal-goals\/\",\"url\":\"https:\/\/sales-ai-agents.com\/tr\/templates\/my-personal-goals\/\",\"name\":\"Ki\u015fisel Hedeflerim \u015eablonu - Sales AI Agents\",\"isPartOf\":{\"@id\":\"https:\/\/sales-ai-agents.com\/#website\"},\"primaryImageOfPage\":{\"@id\":\"https:\/\/sales-ai-agents.com\/tr\/templates\/my-personal-goals\/#primaryimage\"},\"image\":{\"@id\":\"https:\/\/sales-ai-agents.com\/tr\/templates\/my-personal-goals\/#primaryimage\"},\"thumbnailUrl\":\"https:\/\/sales-ai-agents.com\/wp-content\/uploads\/2023\/01\/image-preview113740.png\",\"datePublished\":\"2022-09-23T13:45:18+00:00\",\"dateModified\":\"2023-12-31T17:22:17+00:00\",\"description\":\"Her \u015fey planland\u0131\u011f\u0131nda daha fazlas\u0131n\u0131 ba\u015farabilirsiniz. \u00d6n\u00fcm\u00fczdeki y\u0131l i\u00e7in hedefler belirlemek ve hayallerinizi ve arzular\u0131n\u0131z\u0131 ba\u015far\u0131yla ger\u00e7ekle\u015ftirmek i\u00e7in bu \u00fccretsiz \u015fablonu kullan\u0131n.\",\"inLanguage\":\"tr\",\"potentialAction\":[{\"@type\":\"ReadAction\",\"target\":[\"https:\/\/sales-ai-agents.com\/tr\/templates\/my-personal-goals\/\"]}]},{\"@type\":\"ImageObject\",\"inLanguage\":\"tr\",\"@id\":\"https:\/\/sales-ai-agents.com\/tr\/templates\/my-personal-goals\/#primaryimage\",\"url\":\"https:\/\/sales-ai-agents.com\/wp-content\/uploads\/2023\/01\/image-preview113740.png\",\"contentUrl\":\"https:\/\/sales-ai-agents.com\/wp-content\/uploads\/2023\/01\/image-preview113740.png\",\"width\":1078,\"height\":760},{\"@type\":\"WebSite\",\"@id\":\"https:\/\/sales-ai-agents.com\/#website\",\"url\":\"https:\/\/sales-ai-agents.com\/\",\"name\":\"FuseBase\",\"description\":\"Sales AI Agents - Free Online Collaboration Software for Remote Teams. Build your wikis, client portals and more with the Nimbus Platform collaboration tool ? A perfect space for online work\",\"publisher\":{\"@id\":\"https:\/\/sales-ai-agents.com\/#organization\"},\"potentialAction\":[{\"@type\":\"SearchAction\",\"target\":{\"@type\":\"EntryPoint\",\"urlTemplate\":\"https:\/\/sales-ai-agents.com\/?s={search_term_string}\"},\"query-input\":{\"@type\":\"PropertyValueSpecification\",\"valueRequired\":true,\"valueName\":\"search_term_string\"}}],\"inLanguage\":\"tr\"},{\"@type\":\"Organization\",\"@id\":\"https:\/\/sales-ai-agents.com\/#organization\",\"name\":\"FuseBase\",\"url\":\"https:\/\/sales-ai-agents.com\/\",\"logo\":{\"@type\":\"ImageObject\",\"inLanguage\":\"tr\",\"@id\":\"https:\/\/sales-ai-agents.com\/#\/schema\/logo\/image\/\",\"url\":\"https:\/\/sales-ai-agents.com\/wp-content\/uploads\/2023\/11\/icon-7.svg\",\"contentUrl\":\"https:\/\/sales-ai-agents.com\/wp-content\/uploads\/2023\/11\/icon-7.svg\",\"width\":128,\"height\":128,\"caption\":\"FuseBase\"},\"image\":{\"@id\":\"https:\/\/sales-ai-agents.com\/#\/schema\/logo\/image\/\"}}]}<\/script>\n<!-- \/ Yoast SEO plugin. -->","yoast_head_json":{"title":"Ki\u015fisel Hedeflerim \u015eablonu - Sales AI Agents","description":"Her \u015fey planland\u0131\u011f\u0131nda daha fazlas\u0131n\u0131 ba\u015farabilirsiniz. \u00d6n\u00fcm\u00fczdeki y\u0131l i\u00e7in hedefler belirlemek ve hayallerinizi ve arzular\u0131n\u0131z\u0131 ba\u015far\u0131yla ger\u00e7ekle\u015ftirmek i\u00e7in bu \u00fccretsiz \u015fablonu kullan\u0131n.","robots":{"index":"index","follow":"follow","max-snippet":"max-snippet:-1","max-image-preview":"max-image-preview:large","max-video-preview":"max-video-preview:-1"},"canonical":"https:\/\/sales-ai-agents.com\/tr\/templates\/my-personal-goals\/","og_locale":"tr_TR","og_type":"article","og_title":"Ki\u015fisel Hedeflerim \u015eablonu - Sales AI Agents","og_description":"Her \u015fey planland\u0131\u011f\u0131nda daha fazlas\u0131n\u0131 ba\u015farabilirsiniz. \u00d6n\u00fcm\u00fczdeki y\u0131l i\u00e7in hedefler belirlemek ve hayallerinizi ve arzular\u0131n\u0131z\u0131 ba\u015far\u0131yla ger\u00e7ekle\u015ftirmek i\u00e7in bu \u00fccretsiz \u015fablonu kullan\u0131n.","og_url":"https:\/\/sales-ai-agents.com\/tr\/templates\/my-personal-goals\/","og_site_name":"Sales AI Agents","article_modified_time":"2023-12-31T17:22:17+00:00","og_image":[{"width":1078,"height":760,"url":"https:\/\/sales-ai-agents.com\/wp-content\/uploads\/2023\/01\/image-preview113740.png","type":"image\/png"}],"twitter_card":"summary_large_image","schema":{"@context":"https:\/\/schema.org","@graph":[{"@type":"WebPage","@id":"https:\/\/sales-ai-agents.com\/tr\/templates\/my-personal-goals\/","url":"https:\/\/sales-ai-agents.com\/tr\/templates\/my-personal-goals\/","name":"Ki\u015fisel Hedeflerim \u015eablonu - Sales AI Agents","isPartOf":{"@id":"https:\/\/sales-ai-agents.com\/#website"},"primaryImageOfPage":{"@id":"https:\/\/sales-ai-agents.com\/tr\/templates\/my-personal-goals\/#primaryimage"},"image":{"@id":"https:\/\/sales-ai-agents.com\/tr\/templates\/my-personal-goals\/#primaryimage"},"thumbnailUrl":"https:\/\/sales-ai-agents.com\/wp-content\/uploads\/2023\/01\/image-preview113740.png","datePublished":"2022-09-23T13:45:18+00:00","dateModified":"2023-12-31T17:22:17+00:00","description":"Her \u015fey planland\u0131\u011f\u0131nda daha fazlas\u0131n\u0131 ba\u015farabilirsiniz. \u00d6n\u00fcm\u00fczdeki y\u0131l i\u00e7in hedefler belirlemek ve hayallerinizi ve arzular\u0131n\u0131z\u0131 ba\u015far\u0131yla ger\u00e7ekle\u015ftirmek i\u00e7in bu \u00fccretsiz \u015fablonu kullan\u0131n.","inLanguage":"tr","potentialAction":[{"@type":"ReadAction","target":["https:\/\/sales-ai-agents.com\/tr\/templates\/my-personal-goals\/"]}]},{"@type":"ImageObject","inLanguage":"tr","@id":"https:\/\/sales-ai-agents.com\/tr\/templates\/my-personal-goals\/#primaryimage","url":"https:\/\/sales-ai-agents.com\/wp-content\/uploads\/2023\/01\/image-preview113740.png","contentUrl":"https:\/\/sales-ai-agents.com\/wp-content\/uploads\/2023\/01\/image-preview113740.png","width":1078,"height":760},{"@type":"WebSite","@id":"https:\/\/sales-ai-agents.com\/#website","url":"https:\/\/sales-ai-agents.com\/","name":"FuseBase","description":"Sales AI Agents - Free Online Collaboration Software for Remote Teams. Build your wikis, client portals and more with the Nimbus Platform collaboration tool ? A perfect space for online work","publisher":{"@id":"https:\/\/sales-ai-agents.com\/#organization"},"potentialAction":[{"@type":"SearchAction","target":{"@type":"EntryPoint","urlTemplate":"https:\/\/sales-ai-agents.com\/?s={search_term_string}"},"query-input":{"@type":"PropertyValueSpecification","valueRequired":true,"valueName":"search_term_string"}}],"inLanguage":"tr"},{"@type":"Organization","@id":"https:\/\/sales-ai-agents.com\/#organization","name":"FuseBase","url":"https:\/\/sales-ai-agents.com\/","logo":{"@type":"ImageObject","inLanguage":"tr","@id":"https:\/\/sales-ai-agents.com\/#\/schema\/logo\/image\/","url":"https:\/\/sales-ai-agents.com\/wp-content\/uploads\/2023\/11\/icon-7.svg","contentUrl":"https:\/\/sales-ai-agents.com\/wp-content\/uploads\/2023\/11\/icon-7.svg","width":128,"height":128,"caption":"FuseBase"},"image":{"@id":"https:\/\/sales-ai-agents.com\/#\/schema\/logo\/image\/"}}]}},"_links":{"self":[{"href":"https:\/\/sales-ai-agents.com\/tr\/wp-json\/wp\/v2\/product\/60971","targetHints":{"allow":["GET"]}}],"collection":[{"href":"https:\/\/sales-ai-agents.com\/tr\/wp-json\/wp\/v2\/product"}],"about":[{"href":"https:\/\/sales-ai-agents.com\/tr\/wp-json\/wp\/v2\/types\/product"}],"wp:featuredmedia":[{"embeddable":true,"href":"https:\/\/sales-ai-agents.com\/tr\/wp-json\/wp\/v2\/media\/60972"}],"wp:attachment":[{"href":"https:\/\/sales-ai-agents.com\/tr\/wp-json\/wp\/v2\/media?parent=60971"}],"wp:term":[{"taxonomy":"product_brand","embeddable":true,"href":"https:\/\/sales-ai-agents.com\/tr\/wp-json\/wp\/v2\/product_brand?post=60971"},{"taxonomy":"product_cat","embeddable":true,"href":"https:\/\/sales-ai-agents.com\/tr\/wp-json\/wp\/v2\/product_cat?post=60971"},{"taxonomy":"product_tag","embeddable":true,"href":"https:\/\/sales-ai-agents.com\/tr\/wp-json\/wp\/v2\/product_tag?post=60971"}],"curies":[{"name":"wp","href":"https:\/\/api.w.org\/{rel}","templated":true}]}}