{"id":60976,"date":"2022-09-23T13:45:15","date_gmt":"2022-09-23T13:45:15","guid":{"rendered":"https:\/\/sales-ai-agents.com\/templates\/successful-job-hunting-strategy\/"},"modified":"2023-12-31T17:21:04","modified_gmt":"2023-12-31T17:21:04","slug":"successful-job-hunting-strategy","status":"publish","type":"product","link":"https:\/\/sales-ai-agents.com\/tr\/templates\/successful-job-hunting-strategy\/","title":{"rendered":"Ba\u015far\u0131l\u0131 \u0130\u015f Arama Stratejisi"},"content":{"rendered":"<p>&nbsp;<\/p>\n<h2>Ba\u015far\u0131l\u0131 \u0130\u015f Arama Stratejisi \u015eablonu<\/h2>\n<p class=\"desc-text\">\u0130\u015f ararken pek \u00e7ok unsur devreye girer. Bilgi y\u00f6netimi, kendi kendini organize etme ve \u00f6ncelikler ba\u015far\u0131l\u0131 bir kariyer i\u00e7in ara\u00e7lar\u0131n\u0131zd\u0131r. Nimbus ile i\u015f bulma yolunuzu kolayla\u015ft\u0131r\u0131n.<\/p>\n<h5>Nas\u0131l kullan\u0131l\u0131r:<\/h5>\n<ul class=\"desc-item_list\">\n<li class=\"desc-item_list__point\">Numaral\u0131 ve madde i\u015faretli listeler ekleyin<\/li>\n<li class=\"desc-item_list__point\">G\u00f6rev \u00f6zelli\u011fini kullanma<\/li>\n<li class=\"desc-item_list__point\">\u00d6nemli bir \u015feyi not etmek i\u00e7in \u0130pucu nesnesini ekleyin<\/li>\n<li class=\"desc-item_list__point\">Yerle\u015ftirmeleri ve d\u00fc\u011fmeleri deneyin<\/li>\n<\/ul>\n<p>&nbsp;<\/p>\n<p>Bu \u015fablonu olu\u015fturdu\u011fu i\u00e7in Carmen Mandel-Ces\u00e1reo&#8217;ya te\u015fekk\u00fcr ederiz<\/p>\n","protected":false},"excerpt":{"rendered":"<p>Ba\u015far\u0131l\u0131 bir kariyere ba\u015flamak i\u00e7in bir\u00e7ok fakt\u00f6rle ba\u015fa \u00e7\u0131kman\u0131z gerekir. Bu \u015fablon, i\u015f arama s\u00fcrecinizi d\u00fczenlemenize ve harekete ge\u00e7menize yard\u0131mc\u0131 olacakt\u0131r.<\/p>\n","protected":false},"featured_media":60977,"template":"","meta":{"_acf_changed":false,"inline_featured_image":false},"product_brand":[],"product_cat":[266,267],"product_tag":[],"class_list":{"0":"post-60976","1":"product","2":"type-product","3":"status-publish","4":"has-post-thumbnail","6":"product_cat-personal-work","7":"product_cat-student","9":"first","10":"instock","11":"virtual","12":"sold-individually","13":"product-type-simple"},"acf":[],"yoast_head":"<!-- This site is optimized with the Yoast SEO plugin v25.3.1 - https:\/\/yoast.com\/wordpress\/plugins\/seo\/ -->\n<title>Ba\u015far\u0131l\u0131 \u0130\u015f Arama Stratejisi \u015eablonu - Sales AI Agents<\/title>\n<meta name=\"description\" content=\"Ba\u015far\u0131l\u0131 bir kariyere ba\u015flamak i\u00e7in bir\u00e7ok fakt\u00f6rle ba\u015fa \u00e7\u0131kman\u0131z gerekir. Bu \u015fablon, i\u015f arama s\u00fcrecinizi d\u00fczenlemenize ve harekete ge\u00e7menize yard\u0131mc\u0131 olacakt\u0131r.\" \/>\n<meta name=\"robots\" content=\"index, follow, max-snippet:-1, max-image-preview:large, max-video-preview:-1\" \/>\n<link rel=\"canonical\" href=\"https:\/\/sales-ai-agents.com\/tr\/templates\/successful-job-hunting-strategy\/\" \/>\n<meta property=\"og:locale\" content=\"tr_TR\" \/>\n<meta property=\"og:type\" content=\"article\" \/>\n<meta property=\"og:title\" content=\"Ba\u015far\u0131l\u0131 \u0130\u015f Arama Stratejisi \u015eablonu - Sales AI Agents\" \/>\n<meta property=\"og:description\" content=\"Ba\u015far\u0131l\u0131 bir kariyere ba\u015flamak i\u00e7in bir\u00e7ok fakt\u00f6rle ba\u015fa \u00e7\u0131kman\u0131z gerekir. Bu \u015fablon, i\u015f arama s\u00fcrecinizi d\u00fczenlemenize ve harekete ge\u00e7menize yard\u0131mc\u0131 olacakt\u0131r.\" \/>\n<meta property=\"og:url\" content=\"https:\/\/sales-ai-agents.com\/tr\/templates\/successful-job-hunting-strategy\/\" \/>\n<meta property=\"og:site_name\" content=\"Sales AI Agents\" \/>\n<meta property=\"article:modified_time\" content=\"2023-12-31T17:21:04+00:00\" \/>\n<meta property=\"og:image\" content=\"https:\/\/sales-ai-agents.com\/wp-content\/uploads\/2023\/01\/image-preview113735.png\" \/>\n\t<meta property=\"og:image:width\" content=\"1078\" \/>\n\t<meta property=\"og:image:height\" content=\"5799\" \/>\n\t<meta property=\"og:image:type\" content=\"image\/png\" \/>\n<meta name=\"twitter:card\" content=\"summary_large_image\" \/>\n<script type=\"application\/ld+json\" class=\"yoast-schema-graph\">{\"@context\":\"https:\/\/schema.org\",\"@graph\":[{\"@type\":\"WebPage\",\"@id\":\"https:\/\/sales-ai-agents.com\/tr\/templates\/successful-job-hunting-strategy\/\",\"url\":\"https:\/\/sales-ai-agents.com\/tr\/templates\/successful-job-hunting-strategy\/\",\"name\":\"Ba\u015far\u0131l\u0131 \u0130\u015f Arama Stratejisi \u015eablonu - Sales AI Agents\",\"isPartOf\":{\"@id\":\"https:\/\/sales-ai-agents.com\/#website\"},\"primaryImageOfPage\":{\"@id\":\"https:\/\/sales-ai-agents.com\/tr\/templates\/successful-job-hunting-strategy\/#primaryimage\"},\"image\":{\"@id\":\"https:\/\/sales-ai-agents.com\/tr\/templates\/successful-job-hunting-strategy\/#primaryimage\"},\"thumbnailUrl\":\"https:\/\/sales-ai-agents.com\/wp-content\/uploads\/2023\/01\/image-preview113735.png\",\"datePublished\":\"2022-09-23T13:45:15+00:00\",\"dateModified\":\"2023-12-31T17:21:04+00:00\",\"description\":\"Ba\u015far\u0131l\u0131 bir kariyere ba\u015flamak i\u00e7in bir\u00e7ok fakt\u00f6rle ba\u015fa \u00e7\u0131kman\u0131z gerekir. Bu \u015fablon, i\u015f arama s\u00fcrecinizi d\u00fczenlemenize ve harekete ge\u00e7menize yard\u0131mc\u0131 olacakt\u0131r.\",\"inLanguage\":\"tr\",\"potentialAction\":[{\"@type\":\"ReadAction\",\"target\":[\"https:\/\/sales-ai-agents.com\/tr\/templates\/successful-job-hunting-strategy\/\"]}]},{\"@type\":\"ImageObject\",\"inLanguage\":\"tr\",\"@id\":\"https:\/\/sales-ai-agents.com\/tr\/templates\/successful-job-hunting-strategy\/#primaryimage\",\"url\":\"https:\/\/sales-ai-agents.com\/wp-content\/uploads\/2023\/01\/image-preview113735.png\",\"contentUrl\":\"https:\/\/sales-ai-agents.com\/wp-content\/uploads\/2023\/01\/image-preview113735.png\",\"width\":1078,\"height\":5799},{\"@type\":\"WebSite\",\"@id\":\"https:\/\/sales-ai-agents.com\/#website\",\"url\":\"https:\/\/sales-ai-agents.com\/\",\"name\":\"FuseBase\",\"description\":\"Sales AI Agents - Free Online Collaboration Software for Remote Teams. Build your wikis, client portals and more with the Nimbus Platform collaboration tool ? A perfect space for online work\",\"publisher\":{\"@id\":\"https:\/\/sales-ai-agents.com\/#organization\"},\"potentialAction\":[{\"@type\":\"SearchAction\",\"target\":{\"@type\":\"EntryPoint\",\"urlTemplate\":\"https:\/\/sales-ai-agents.com\/?s={search_term_string}\"},\"query-input\":{\"@type\":\"PropertyValueSpecification\",\"valueRequired\":true,\"valueName\":\"search_term_string\"}}],\"inLanguage\":\"tr\"},{\"@type\":\"Organization\",\"@id\":\"https:\/\/sales-ai-agents.com\/#organization\",\"name\":\"FuseBase\",\"url\":\"https:\/\/sales-ai-agents.com\/\",\"logo\":{\"@type\":\"ImageObject\",\"inLanguage\":\"tr\",\"@id\":\"https:\/\/sales-ai-agents.com\/#\/schema\/logo\/image\/\",\"url\":\"https:\/\/sales-ai-agents.com\/wp-content\/uploads\/2023\/11\/icon-7.svg\",\"contentUrl\":\"https:\/\/sales-ai-agents.com\/wp-content\/uploads\/2023\/11\/icon-7.svg\",\"width\":128,\"height\":128,\"caption\":\"FuseBase\"},\"image\":{\"@id\":\"https:\/\/sales-ai-agents.com\/#\/schema\/logo\/image\/\"}}]}<\/script>\n<!-- \/ Yoast SEO plugin. -->","yoast_head_json":{"title":"Ba\u015far\u0131l\u0131 \u0130\u015f Arama Stratejisi \u015eablonu - Sales AI Agents","description":"Ba\u015far\u0131l\u0131 bir kariyere ba\u015flamak i\u00e7in bir\u00e7ok fakt\u00f6rle ba\u015fa \u00e7\u0131kman\u0131z gerekir. Bu \u015fablon, i\u015f arama s\u00fcrecinizi d\u00fczenlemenize ve harekete ge\u00e7menize yard\u0131mc\u0131 olacakt\u0131r.","robots":{"index":"index","follow":"follow","max-snippet":"max-snippet:-1","max-image-preview":"max-image-preview:large","max-video-preview":"max-video-preview:-1"},"canonical":"https:\/\/sales-ai-agents.com\/tr\/templates\/successful-job-hunting-strategy\/","og_locale":"tr_TR","og_type":"article","og_title":"Ba\u015far\u0131l\u0131 \u0130\u015f Arama Stratejisi \u015eablonu - Sales AI Agents","og_description":"Ba\u015far\u0131l\u0131 bir kariyere ba\u015flamak i\u00e7in bir\u00e7ok fakt\u00f6rle ba\u015fa \u00e7\u0131kman\u0131z gerekir. Bu \u015fablon, i\u015f arama s\u00fcrecinizi d\u00fczenlemenize ve harekete ge\u00e7menize yard\u0131mc\u0131 olacakt\u0131r.","og_url":"https:\/\/sales-ai-agents.com\/tr\/templates\/successful-job-hunting-strategy\/","og_site_name":"Sales AI Agents","article_modified_time":"2023-12-31T17:21:04+00:00","og_image":[{"width":1078,"height":5799,"url":"https:\/\/sales-ai-agents.com\/wp-content\/uploads\/2023\/01\/image-preview113735.png","type":"image\/png"}],"twitter_card":"summary_large_image","schema":{"@context":"https:\/\/schema.org","@graph":[{"@type":"WebPage","@id":"https:\/\/sales-ai-agents.com\/tr\/templates\/successful-job-hunting-strategy\/","url":"https:\/\/sales-ai-agents.com\/tr\/templates\/successful-job-hunting-strategy\/","name":"Ba\u015far\u0131l\u0131 \u0130\u015f Arama Stratejisi \u015eablonu - Sales AI Agents","isPartOf":{"@id":"https:\/\/sales-ai-agents.com\/#website"},"primaryImageOfPage":{"@id":"https:\/\/sales-ai-agents.com\/tr\/templates\/successful-job-hunting-strategy\/#primaryimage"},"image":{"@id":"https:\/\/sales-ai-agents.com\/tr\/templates\/successful-job-hunting-strategy\/#primaryimage"},"thumbnailUrl":"https:\/\/sales-ai-agents.com\/wp-content\/uploads\/2023\/01\/image-preview113735.png","datePublished":"2022-09-23T13:45:15+00:00","dateModified":"2023-12-31T17:21:04+00:00","description":"Ba\u015far\u0131l\u0131 bir kariyere ba\u015flamak i\u00e7in bir\u00e7ok fakt\u00f6rle ba\u015fa \u00e7\u0131kman\u0131z gerekir. Bu \u015fablon, i\u015f arama s\u00fcrecinizi d\u00fczenlemenize ve harekete ge\u00e7menize yard\u0131mc\u0131 olacakt\u0131r.","inLanguage":"tr","potentialAction":[{"@type":"ReadAction","target":["https:\/\/sales-ai-agents.com\/tr\/templates\/successful-job-hunting-strategy\/"]}]},{"@type":"ImageObject","inLanguage":"tr","@id":"https:\/\/sales-ai-agents.com\/tr\/templates\/successful-job-hunting-strategy\/#primaryimage","url":"https:\/\/sales-ai-agents.com\/wp-content\/uploads\/2023\/01\/image-preview113735.png","contentUrl":"https:\/\/sales-ai-agents.com\/wp-content\/uploads\/2023\/01\/image-preview113735.png","width":1078,"height":5799},{"@type":"WebSite","@id":"https:\/\/sales-ai-agents.com\/#website","url":"https:\/\/sales-ai-agents.com\/","name":"FuseBase","description":"Sales AI Agents - Free Online Collaboration Software for Remote Teams. Build your wikis, client portals and more with the Nimbus Platform collaboration tool ? A perfect space for online work","publisher":{"@id":"https:\/\/sales-ai-agents.com\/#organization"},"potentialAction":[{"@type":"SearchAction","target":{"@type":"EntryPoint","urlTemplate":"https:\/\/sales-ai-agents.com\/?s={search_term_string}"},"query-input":{"@type":"PropertyValueSpecification","valueRequired":true,"valueName":"search_term_string"}}],"inLanguage":"tr"},{"@type":"Organization","@id":"https:\/\/sales-ai-agents.com\/#organization","name":"FuseBase","url":"https:\/\/sales-ai-agents.com\/","logo":{"@type":"ImageObject","inLanguage":"tr","@id":"https:\/\/sales-ai-agents.com\/#\/schema\/logo\/image\/","url":"https:\/\/sales-ai-agents.com\/wp-content\/uploads\/2023\/11\/icon-7.svg","contentUrl":"https:\/\/sales-ai-agents.com\/wp-content\/uploads\/2023\/11\/icon-7.svg","width":128,"height":128,"caption":"FuseBase"},"image":{"@id":"https:\/\/sales-ai-agents.com\/#\/schema\/logo\/image\/"}}]}},"_links":{"self":[{"href":"https:\/\/sales-ai-agents.com\/tr\/wp-json\/wp\/v2\/product\/60976","targetHints":{"allow":["GET"]}}],"collection":[{"href":"https:\/\/sales-ai-agents.com\/tr\/wp-json\/wp\/v2\/product"}],"about":[{"href":"https:\/\/sales-ai-agents.com\/tr\/wp-json\/wp\/v2\/types\/product"}],"wp:featuredmedia":[{"embeddable":true,"href":"https:\/\/sales-ai-agents.com\/tr\/wp-json\/wp\/v2\/media\/60977"}],"wp:attachment":[{"href":"https:\/\/sales-ai-agents.com\/tr\/wp-json\/wp\/v2\/media?parent=60976"}],"wp:term":[{"taxonomy":"product_brand","embeddable":true,"href":"https:\/\/sales-ai-agents.com\/tr\/wp-json\/wp\/v2\/product_brand?post=60976"},{"taxonomy":"product_cat","embeddable":true,"href":"https:\/\/sales-ai-agents.com\/tr\/wp-json\/wp\/v2\/product_cat?post=60976"},{"taxonomy":"product_tag","embeddable":true,"href":"https:\/\/sales-ai-agents.com\/tr\/wp-json\/wp\/v2\/product_tag?post=60976"}],"curies":[{"name":"wp","href":"https:\/\/api.w.org\/{rel}","templated":true}]}}