{"id":60981,"date":"2022-09-23T13:45:07","date_gmt":"2022-09-23T13:45:07","guid":{"rendered":"https:\/\/sales-ai-agents.com\/templates\/simple-budget-planner\/"},"modified":"2024-01-02T13:40:50","modified_gmt":"2024-01-02T13:40:50","slug":"simple-budget-planner","status":"publish","type":"product","link":"https:\/\/sales-ai-agents.com\/tr\/templates\/simple-budget-planner\/","title":{"rendered":"Basit B\u00fct\u00e7e Planlay\u0131c\u0131s\u0131"},"content":{"rendered":"<p>&nbsp;<\/p>\n<h2>Basit B\u00fct\u00e7e Planlay\u0131c\u0131 \u015eablonu<\/h2>\n<p class=\"desc-text\">Bir b\u00fct\u00e7e kullanarak mali durumunuz i\u00e7in bir harcama plan\u0131 olu\u015fturun. Bu basit b\u00fct\u00e7e planlay\u0131c\u0131s\u0131 ihtiya\u00e7lar\u0131n\u0131z g\u00f6z \u00f6n\u00fcnde bulundurularak tasarlanm\u0131\u015ft\u0131r. Harcamalar\u0131n\u0131z\u0131 kaydetmek i\u00e7in bu \u015fablonu kullan\u0131n. Her ay gelir kaynaklar\u0131n\u0131z\u0131 toplay\u0131n. Ayl\u0131k harcamalar\u0131n\u0131z\u0131 \u00e7\u0131kar\u0131n, b\u00f6ylece ne kadar para biriktirdi\u011finizi g\u00f6rebilirsiniz. Mali durumunuzun izini bir daha asla kaybetmeyin. Harcamalar\u0131n\u0131z\u0131 takip ederek hedefleriniz i\u00e7in b\u00fct\u00e7e olu\u015fturabilir ve yeni tasarruf kilometre ta\u015flar\u0131na ula\u015fabilirsiniz.<\/p>\n<h5>Nas\u0131l kullan\u0131l\u0131r:<\/h5>\n<ul class=\"desc-item_list\">\n<li class=\"desc-item_list__point\">Harcamalar\u0131n\u0131z\u0131 tabloda listeleyin<\/li>\n<li class=\"desc-item_list__point\">Her bir giderin b\u00fct\u00e7elenen ve ger\u00e7ekle\u015fen tutar\u0131n\u0131 toplay\u0131n<\/li>\n<li class=\"desc-item_list__point\">T\u00fcm harcamalar\u0131n\u0131z\u0131 toplay\u0131n<\/li>\n<li class=\"desc-item_list__point\">T\u00fcm kaynaklardan elde edilen geliri dahil edin<\/li>\n<li class=\"desc-item_list__point\">Gelirinizi toplay\u0131n ve toplam\u0131 tabloya not edin<\/li>\n<li class=\"desc-item_list__point\">Toplam gelirinizden toplam giderlerinizi \u00e7\u0131kar\u0131n<\/li>\n<li class=\"desc-item_list__point\">Kalan bakiyenizi belirtin<\/li>\n<li class=\"desc-item_list__point\">Alttaki kutuya notlar yaz\u0131n<\/li>\n<\/ul>\n","protected":false},"excerpt":{"rendered":"<p>Bu hafta, ay veya y\u0131l ne kadar harcayaca\u011f\u0131n\u0131z\u0131 ve tasarruf edece\u011finizi planlay\u0131n. Bu basit b\u00fct\u00e7e planlay\u0131c\u0131s\u0131, mali durumunuzu d\u00fczg\u00fcn bir \u015fekilde d\u00fczenlemenize ve kaydetmenize yard\u0131mc\u0131 olabilir.<\/p>\n","protected":false},"featured_media":60982,"template":"","meta":{"_acf_changed":false,"inline_featured_image":false},"product_brand":[],"product_cat":[257,273],"product_tag":[],"class_list":{"0":"post-60981","1":"product","2":"type-product","3":"status-publish","4":"has-post-thumbnail","6":"product_cat-personal","7":"product_cat-personal-money","9":"first","10":"instock","11":"virtual","12":"sold-individually","13":"product-type-simple"},"acf":[],"yoast_head":"<!-- This site is optimized with the Yoast SEO plugin v25.3.1 - https:\/\/yoast.com\/wordpress\/plugins\/seo\/ -->\n<title>Basit B\u00fct\u00e7e Planlay\u0131c\u0131 \u015eablonu - Sales AI Agents<\/title>\n<meta name=\"description\" content=\"Bu hafta, ay veya y\u0131l ne kadar harcayaca\u011f\u0131n\u0131z\u0131 ve tasarruf edece\u011finizi planlay\u0131n. Bu basit b\u00fct\u00e7e planlay\u0131c\u0131s\u0131, mali durumunuzu d\u00fczg\u00fcn bir \u015fekilde d\u00fczenlemenize ve kaydetmenize yard\u0131mc\u0131 olabilir.\" \/>\n<meta name=\"robots\" content=\"index, follow, max-snippet:-1, max-image-preview:large, max-video-preview:-1\" \/>\n<link rel=\"canonical\" href=\"https:\/\/sales-ai-agents.com\/tr\/templates\/simple-budget-planner\/\" \/>\n<meta property=\"og:locale\" content=\"tr_TR\" \/>\n<meta property=\"og:type\" content=\"article\" \/>\n<meta property=\"og:title\" content=\"Basit B\u00fct\u00e7e Planlay\u0131c\u0131 \u015eablonu - Sales AI Agents\" \/>\n<meta property=\"og:description\" content=\"Bu hafta, ay veya y\u0131l ne kadar harcayaca\u011f\u0131n\u0131z\u0131 ve tasarruf edece\u011finizi planlay\u0131n. Bu basit b\u00fct\u00e7e planlay\u0131c\u0131s\u0131, mali durumunuzu d\u00fczg\u00fcn bir \u015fekilde d\u00fczenlemenize ve kaydetmenize yard\u0131mc\u0131 olabilir.\" \/>\n<meta property=\"og:url\" content=\"https:\/\/sales-ai-agents.com\/tr\/templates\/simple-budget-planner\/\" \/>\n<meta property=\"og:site_name\" content=\"Sales AI Agents\" \/>\n<meta property=\"article:modified_time\" content=\"2024-01-02T13:40:50+00:00\" \/>\n<meta property=\"og:image\" content=\"https:\/\/sales-ai-agents.com\/wp-content\/uploads\/2023\/01\/image-preview115442.png\" \/>\n\t<meta property=\"og:image:width\" content=\"1078\" \/>\n\t<meta property=\"og:image:height\" content=\"1127\" \/>\n\t<meta property=\"og:image:type\" content=\"image\/png\" \/>\n<meta name=\"twitter:card\" content=\"summary_large_image\" \/>\n<script type=\"application\/ld+json\" class=\"yoast-schema-graph\">{\"@context\":\"https:\/\/schema.org\",\"@graph\":[{\"@type\":\"WebPage\",\"@id\":\"https:\/\/sales-ai-agents.com\/tr\/templates\/simple-budget-planner\/\",\"url\":\"https:\/\/sales-ai-agents.com\/tr\/templates\/simple-budget-planner\/\",\"name\":\"Basit B\u00fct\u00e7e Planlay\u0131c\u0131 \u015eablonu - Sales AI Agents\",\"isPartOf\":{\"@id\":\"https:\/\/sales-ai-agents.com\/#website\"},\"primaryImageOfPage\":{\"@id\":\"https:\/\/sales-ai-agents.com\/tr\/templates\/simple-budget-planner\/#primaryimage\"},\"image\":{\"@id\":\"https:\/\/sales-ai-agents.com\/tr\/templates\/simple-budget-planner\/#primaryimage\"},\"thumbnailUrl\":\"https:\/\/sales-ai-agents.com\/wp-content\/uploads\/2023\/01\/image-preview115442.png\",\"datePublished\":\"2022-09-23T13:45:07+00:00\",\"dateModified\":\"2024-01-02T13:40:50+00:00\",\"description\":\"Bu hafta, ay veya y\u0131l ne kadar harcayaca\u011f\u0131n\u0131z\u0131 ve tasarruf edece\u011finizi planlay\u0131n. Bu basit b\u00fct\u00e7e planlay\u0131c\u0131s\u0131, mali durumunuzu d\u00fczg\u00fcn bir \u015fekilde d\u00fczenlemenize ve kaydetmenize yard\u0131mc\u0131 olabilir.\",\"inLanguage\":\"tr\",\"potentialAction\":[{\"@type\":\"ReadAction\",\"target\":[\"https:\/\/sales-ai-agents.com\/tr\/templates\/simple-budget-planner\/\"]}]},{\"@type\":\"ImageObject\",\"inLanguage\":\"tr\",\"@id\":\"https:\/\/sales-ai-agents.com\/tr\/templates\/simple-budget-planner\/#primaryimage\",\"url\":\"https:\/\/sales-ai-agents.com\/wp-content\/uploads\/2023\/01\/image-preview115442.png\",\"contentUrl\":\"https:\/\/sales-ai-agents.com\/wp-content\/uploads\/2023\/01\/image-preview115442.png\",\"width\":1078,\"height\":1127},{\"@type\":\"WebSite\",\"@id\":\"https:\/\/sales-ai-agents.com\/#website\",\"url\":\"https:\/\/sales-ai-agents.com\/\",\"name\":\"FuseBase\",\"description\":\"Sales AI Agents - Free Online Collaboration Software for Remote Teams. Build your wikis, client portals and more with the Nimbus Platform collaboration tool ? A perfect space for online work\",\"publisher\":{\"@id\":\"https:\/\/sales-ai-agents.com\/#organization\"},\"potentialAction\":[{\"@type\":\"SearchAction\",\"target\":{\"@type\":\"EntryPoint\",\"urlTemplate\":\"https:\/\/sales-ai-agents.com\/?s={search_term_string}\"},\"query-input\":{\"@type\":\"PropertyValueSpecification\",\"valueRequired\":true,\"valueName\":\"search_term_string\"}}],\"inLanguage\":\"tr\"},{\"@type\":\"Organization\",\"@id\":\"https:\/\/sales-ai-agents.com\/#organization\",\"name\":\"FuseBase\",\"url\":\"https:\/\/sales-ai-agents.com\/\",\"logo\":{\"@type\":\"ImageObject\",\"inLanguage\":\"tr\",\"@id\":\"https:\/\/sales-ai-agents.com\/#\/schema\/logo\/image\/\",\"url\":\"https:\/\/sales-ai-agents.com\/wp-content\/uploads\/2023\/11\/icon-7.svg\",\"contentUrl\":\"https:\/\/sales-ai-agents.com\/wp-content\/uploads\/2023\/11\/icon-7.svg\",\"width\":128,\"height\":128,\"caption\":\"FuseBase\"},\"image\":{\"@id\":\"https:\/\/sales-ai-agents.com\/#\/schema\/logo\/image\/\"}}]}<\/script>\n<!-- \/ Yoast SEO plugin. -->","yoast_head_json":{"title":"Basit B\u00fct\u00e7e Planlay\u0131c\u0131 \u015eablonu - Sales AI Agents","description":"Bu hafta, ay veya y\u0131l ne kadar harcayaca\u011f\u0131n\u0131z\u0131 ve tasarruf edece\u011finizi planlay\u0131n. Bu basit b\u00fct\u00e7e planlay\u0131c\u0131s\u0131, mali durumunuzu d\u00fczg\u00fcn bir \u015fekilde d\u00fczenlemenize ve kaydetmenize yard\u0131mc\u0131 olabilir.","robots":{"index":"index","follow":"follow","max-snippet":"max-snippet:-1","max-image-preview":"max-image-preview:large","max-video-preview":"max-video-preview:-1"},"canonical":"https:\/\/sales-ai-agents.com\/tr\/templates\/simple-budget-planner\/","og_locale":"tr_TR","og_type":"article","og_title":"Basit B\u00fct\u00e7e Planlay\u0131c\u0131 \u015eablonu - Sales AI Agents","og_description":"Bu hafta, ay veya y\u0131l ne kadar harcayaca\u011f\u0131n\u0131z\u0131 ve tasarruf edece\u011finizi planlay\u0131n. Bu basit b\u00fct\u00e7e planlay\u0131c\u0131s\u0131, mali durumunuzu d\u00fczg\u00fcn bir \u015fekilde d\u00fczenlemenize ve kaydetmenize yard\u0131mc\u0131 olabilir.","og_url":"https:\/\/sales-ai-agents.com\/tr\/templates\/simple-budget-planner\/","og_site_name":"Sales AI Agents","article_modified_time":"2024-01-02T13:40:50+00:00","og_image":[{"width":1078,"height":1127,"url":"https:\/\/sales-ai-agents.com\/wp-content\/uploads\/2023\/01\/image-preview115442.png","type":"image\/png"}],"twitter_card":"summary_large_image","schema":{"@context":"https:\/\/schema.org","@graph":[{"@type":"WebPage","@id":"https:\/\/sales-ai-agents.com\/tr\/templates\/simple-budget-planner\/","url":"https:\/\/sales-ai-agents.com\/tr\/templates\/simple-budget-planner\/","name":"Basit B\u00fct\u00e7e Planlay\u0131c\u0131 \u015eablonu - Sales AI Agents","isPartOf":{"@id":"https:\/\/sales-ai-agents.com\/#website"},"primaryImageOfPage":{"@id":"https:\/\/sales-ai-agents.com\/tr\/templates\/simple-budget-planner\/#primaryimage"},"image":{"@id":"https:\/\/sales-ai-agents.com\/tr\/templates\/simple-budget-planner\/#primaryimage"},"thumbnailUrl":"https:\/\/sales-ai-agents.com\/wp-content\/uploads\/2023\/01\/image-preview115442.png","datePublished":"2022-09-23T13:45:07+00:00","dateModified":"2024-01-02T13:40:50+00:00","description":"Bu hafta, ay veya y\u0131l ne kadar harcayaca\u011f\u0131n\u0131z\u0131 ve tasarruf edece\u011finizi planlay\u0131n. Bu basit b\u00fct\u00e7e planlay\u0131c\u0131s\u0131, mali durumunuzu d\u00fczg\u00fcn bir \u015fekilde d\u00fczenlemenize ve kaydetmenize yard\u0131mc\u0131 olabilir.","inLanguage":"tr","potentialAction":[{"@type":"ReadAction","target":["https:\/\/sales-ai-agents.com\/tr\/templates\/simple-budget-planner\/"]}]},{"@type":"ImageObject","inLanguage":"tr","@id":"https:\/\/sales-ai-agents.com\/tr\/templates\/simple-budget-planner\/#primaryimage","url":"https:\/\/sales-ai-agents.com\/wp-content\/uploads\/2023\/01\/image-preview115442.png","contentUrl":"https:\/\/sales-ai-agents.com\/wp-content\/uploads\/2023\/01\/image-preview115442.png","width":1078,"height":1127},{"@type":"WebSite","@id":"https:\/\/sales-ai-agents.com\/#website","url":"https:\/\/sales-ai-agents.com\/","name":"FuseBase","description":"Sales AI Agents - Free Online Collaboration Software for Remote Teams. Build your wikis, client portals and more with the Nimbus Platform collaboration tool ? A perfect space for online work","publisher":{"@id":"https:\/\/sales-ai-agents.com\/#organization"},"potentialAction":[{"@type":"SearchAction","target":{"@type":"EntryPoint","urlTemplate":"https:\/\/sales-ai-agents.com\/?s={search_term_string}"},"query-input":{"@type":"PropertyValueSpecification","valueRequired":true,"valueName":"search_term_string"}}],"inLanguage":"tr"},{"@type":"Organization","@id":"https:\/\/sales-ai-agents.com\/#organization","name":"FuseBase","url":"https:\/\/sales-ai-agents.com\/","logo":{"@type":"ImageObject","inLanguage":"tr","@id":"https:\/\/sales-ai-agents.com\/#\/schema\/logo\/image\/","url":"https:\/\/sales-ai-agents.com\/wp-content\/uploads\/2023\/11\/icon-7.svg","contentUrl":"https:\/\/sales-ai-agents.com\/wp-content\/uploads\/2023\/11\/icon-7.svg","width":128,"height":128,"caption":"FuseBase"},"image":{"@id":"https:\/\/sales-ai-agents.com\/#\/schema\/logo\/image\/"}}]}},"_links":{"self":[{"href":"https:\/\/sales-ai-agents.com\/tr\/wp-json\/wp\/v2\/product\/60981","targetHints":{"allow":["GET"]}}],"collection":[{"href":"https:\/\/sales-ai-agents.com\/tr\/wp-json\/wp\/v2\/product"}],"about":[{"href":"https:\/\/sales-ai-agents.com\/tr\/wp-json\/wp\/v2\/types\/product"}],"wp:featuredmedia":[{"embeddable":true,"href":"https:\/\/sales-ai-agents.com\/tr\/wp-json\/wp\/v2\/media\/60982"}],"wp:attachment":[{"href":"https:\/\/sales-ai-agents.com\/tr\/wp-json\/wp\/v2\/media?parent=60981"}],"wp:term":[{"taxonomy":"product_brand","embeddable":true,"href":"https:\/\/sales-ai-agents.com\/tr\/wp-json\/wp\/v2\/product_brand?post=60981"},{"taxonomy":"product_cat","embeddable":true,"href":"https:\/\/sales-ai-agents.com\/tr\/wp-json\/wp\/v2\/product_cat?post=60981"},{"taxonomy":"product_tag","embeddable":true,"href":"https:\/\/sales-ai-agents.com\/tr\/wp-json\/wp\/v2\/product_tag?post=60981"}],"curies":[{"name":"wp","href":"https:\/\/api.w.org\/{rel}","templated":true}]}}