{"id":60986,"date":"2022-09-23T13:44:59","date_gmt":"2022-09-23T13:44:59","guid":{"rendered":"https:\/\/sales-ai-agents.com\/templates\/campaign-summary\/"},"modified":"2023-12-31T17:06:07","modified_gmt":"2023-12-31T17:06:07","slug":"campaign-summary","status":"publish","type":"product","link":"https:\/\/sales-ai-agents.com\/tr\/templates\/campaign-summary\/","title":{"rendered":"Kampanya \u00d6zeti"},"content":{"rendered":"<p>&nbsp;<\/p>\n<h2>Kampanya \u00d6zeti \u015eablonu<\/h2>\n<p class=\"desc-text\">Bir pazarlama kampanyas\u0131 planlarken, temel hedeflerinizi \u00f6zetlemek faydal\u0131 olabilir. Bu kampanya \u00f6zeti \u015fablonu, kampanyan\u0131z\u0131n gerekliliklerini ortaya koyman\u0131z\u0131 sa\u011flar. Hedef kitleniz ve da\u011f\u0131t\u0131m kanallar\u0131n\u0131zla ilgili \u00f6nemli sorular\u0131 yan\u0131tlay\u0131n. Ama\u00e7 ve hedeflerinize odaklanarak \u00e7al\u0131\u015fmalar\u0131n\u0131z\u0131 y\u00f6nlendirin.<\/p>\n<h5>Nas\u0131l kullan\u0131l\u0131r:<\/h5>\n<ul class=\"desc-item_list\">\n<li class=\"desc-item_list__point\">Kampanyan\u0131z\u0131 ve hedeflerinizi a\u00e7\u0131klay\u0131n<\/li>\n<li class=\"desc-item_list__point\">Sorular\u0131 ve yan\u0131tlar\u0131 ekibinizle tart\u0131\u015f\u0131n<\/li>\n<li class=\"desc-item_list__point\">\u015eablona dahil etmek i\u00e7in nihai cevaplar\u0131 derleyin<\/li>\n<li class=\"desc-item_list__point\">\u00c7al\u0131\u015fman\u0131za rehberlik edecek daha fazla soru ekleyin<\/li>\n<\/ul>\n","protected":false},"excerpt":{"rendered":"<p>Ba\u015far\u0131l\u0131 pazarlama kampanyan\u0131z i\u00e7in gerekli bilgileri vurgulay\u0131n. Bu \u015fablondaki temel kanallar\u0131, \u00f6l\u00e7\u00fcmleri, hedefleri, hedef pazar\u0131 ve ileti\u015fimi d\u00fc\u015f\u00fcn\u00fcn ve yaz\u0131n.<\/p>\n","protected":false},"featured_media":60988,"template":"","meta":{"_acf_changed":false,"inline_featured_image":false},"product_brand":[],"product_cat":[250,269],"product_tag":[],"class_list":{"0":"post-60986","1":"product","2":"type-product","3":"status-publish","4":"has-post-thumbnail","6":"product_cat-marketing","7":"product_cat-marketing-campaign","9":"first","10":"instock","11":"virtual","12":"sold-individually","13":"product-type-simple"},"acf":[],"yoast_head":"<!-- This site is optimized with the Yoast SEO plugin v25.3.1 - https:\/\/yoast.com\/wordpress\/plugins\/seo\/ -->\n<title>Kampanya \u00d6zeti \u015eablonu - Sales AI Agents<\/title>\n<meta name=\"description\" content=\"Ba\u015far\u0131l\u0131 pazarlama kampanyan\u0131z i\u00e7in gerekli bilgileri vurgulay\u0131n. anahtar kanallar\u0131, metrikleri, hedefleri ve hedef pazar\u0131 bu \u015fablona yaz\u0131n!\" \/>\n<meta name=\"robots\" content=\"index, follow, max-snippet:-1, max-image-preview:large, max-video-preview:-1\" \/>\n<link rel=\"canonical\" href=\"https:\/\/sales-ai-agents.com\/tr\/templates\/campaign-summary\/\" \/>\n<meta property=\"og:locale\" content=\"tr_TR\" \/>\n<meta property=\"og:type\" content=\"article\" \/>\n<meta property=\"og:title\" content=\"Kampanya \u00d6zeti \u015eablonu - Sales AI Agents\" \/>\n<meta property=\"og:description\" content=\"Ba\u015far\u0131l\u0131 pazarlama kampanyan\u0131z i\u00e7in gerekli bilgileri vurgulay\u0131n. anahtar kanallar\u0131, metrikleri, hedefleri ve hedef pazar\u0131 bu \u015fablona yaz\u0131n!\" \/>\n<meta property=\"og:url\" content=\"https:\/\/sales-ai-agents.com\/tr\/templates\/campaign-summary\/\" \/>\n<meta property=\"og:site_name\" content=\"Sales AI Agents\" \/>\n<meta property=\"article:modified_time\" content=\"2023-12-31T17:06:07+00:00\" \/>\n<meta property=\"og:image\" content=\"https:\/\/sales-ai-agents.com\/wp-content\/uploads\/2022\/09\/Campaign-Summary-Template.png\" \/>\n\t<meta property=\"og:image:width\" content=\"1700\" \/>\n\t<meta property=\"og:image:height\" content=\"1100\" \/>\n\t<meta property=\"og:image:type\" content=\"image\/png\" \/>\n<meta name=\"twitter:card\" content=\"summary_large_image\" \/>\n<script type=\"application\/ld+json\" class=\"yoast-schema-graph\">{\"@context\":\"https:\/\/schema.org\",\"@graph\":[{\"@type\":\"WebPage\",\"@id\":\"https:\/\/sales-ai-agents.com\/tr\/templates\/campaign-summary\/\",\"url\":\"https:\/\/sales-ai-agents.com\/tr\/templates\/campaign-summary\/\",\"name\":\"Kampanya \u00d6zeti \u015eablonu - Sales AI Agents\",\"isPartOf\":{\"@id\":\"https:\/\/sales-ai-agents.com\/#website\"},\"primaryImageOfPage\":{\"@id\":\"https:\/\/sales-ai-agents.com\/tr\/templates\/campaign-summary\/#primaryimage\"},\"image\":{\"@id\":\"https:\/\/sales-ai-agents.com\/tr\/templates\/campaign-summary\/#primaryimage\"},\"thumbnailUrl\":\"https:\/\/sales-ai-agents.com\/wp-content\/uploads\/2022\/09\/Campaign-Summary-Template.png\",\"datePublished\":\"2022-09-23T13:44:59+00:00\",\"dateModified\":\"2023-12-31T17:06:07+00:00\",\"description\":\"Ba\u015far\u0131l\u0131 pazarlama kampanyan\u0131z i\u00e7in gerekli bilgileri vurgulay\u0131n. anahtar kanallar\u0131, metrikleri, hedefleri ve hedef pazar\u0131 bu \u015fablona yaz\u0131n!\",\"inLanguage\":\"tr\",\"potentialAction\":[{\"@type\":\"ReadAction\",\"target\":[\"https:\/\/sales-ai-agents.com\/tr\/templates\/campaign-summary\/\"]}]},{\"@type\":\"ImageObject\",\"inLanguage\":\"tr\",\"@id\":\"https:\/\/sales-ai-agents.com\/tr\/templates\/campaign-summary\/#primaryimage\",\"url\":\"https:\/\/sales-ai-agents.com\/wp-content\/uploads\/2022\/09\/Campaign-Summary-Template.png\",\"contentUrl\":\"https:\/\/sales-ai-agents.com\/wp-content\/uploads\/2022\/09\/Campaign-Summary-Template.png\",\"width\":1700,\"height\":1100},{\"@type\":\"WebSite\",\"@id\":\"https:\/\/sales-ai-agents.com\/#website\",\"url\":\"https:\/\/sales-ai-agents.com\/\",\"name\":\"FuseBase\",\"description\":\"Sales AI Agents - Free Online Collaboration Software for Remote Teams. Build your wikis, client portals and more with the Nimbus Platform collaboration tool ? A perfect space for online work\",\"publisher\":{\"@id\":\"https:\/\/sales-ai-agents.com\/#organization\"},\"potentialAction\":[{\"@type\":\"SearchAction\",\"target\":{\"@type\":\"EntryPoint\",\"urlTemplate\":\"https:\/\/sales-ai-agents.com\/?s={search_term_string}\"},\"query-input\":{\"@type\":\"PropertyValueSpecification\",\"valueRequired\":true,\"valueName\":\"search_term_string\"}}],\"inLanguage\":\"tr\"},{\"@type\":\"Organization\",\"@id\":\"https:\/\/sales-ai-agents.com\/#organization\",\"name\":\"FuseBase\",\"url\":\"https:\/\/sales-ai-agents.com\/\",\"logo\":{\"@type\":\"ImageObject\",\"inLanguage\":\"tr\",\"@id\":\"https:\/\/sales-ai-agents.com\/#\/schema\/logo\/image\/\",\"url\":\"https:\/\/sales-ai-agents.com\/wp-content\/uploads\/2023\/11\/icon-7.svg\",\"contentUrl\":\"https:\/\/sales-ai-agents.com\/wp-content\/uploads\/2023\/11\/icon-7.svg\",\"width\":128,\"height\":128,\"caption\":\"FuseBase\"},\"image\":{\"@id\":\"https:\/\/sales-ai-agents.com\/#\/schema\/logo\/image\/\"}}]}<\/script>\n<!-- \/ Yoast SEO plugin. -->","yoast_head_json":{"title":"Kampanya \u00d6zeti \u015eablonu - Sales AI Agents","description":"Ba\u015far\u0131l\u0131 pazarlama kampanyan\u0131z i\u00e7in gerekli bilgileri vurgulay\u0131n. anahtar kanallar\u0131, metrikleri, hedefleri ve hedef pazar\u0131 bu \u015fablona yaz\u0131n!","robots":{"index":"index","follow":"follow","max-snippet":"max-snippet:-1","max-image-preview":"max-image-preview:large","max-video-preview":"max-video-preview:-1"},"canonical":"https:\/\/sales-ai-agents.com\/tr\/templates\/campaign-summary\/","og_locale":"tr_TR","og_type":"article","og_title":"Kampanya \u00d6zeti \u015eablonu - Sales AI Agents","og_description":"Ba\u015far\u0131l\u0131 pazarlama kampanyan\u0131z i\u00e7in gerekli bilgileri vurgulay\u0131n. anahtar kanallar\u0131, metrikleri, hedefleri ve hedef pazar\u0131 bu \u015fablona yaz\u0131n!","og_url":"https:\/\/sales-ai-agents.com\/tr\/templates\/campaign-summary\/","og_site_name":"Sales AI Agents","article_modified_time":"2023-12-31T17:06:07+00:00","og_image":[{"width":1700,"height":1100,"url":"https:\/\/sales-ai-agents.com\/wp-content\/uploads\/2022\/09\/Campaign-Summary-Template.png","type":"image\/png"}],"twitter_card":"summary_large_image","schema":{"@context":"https:\/\/schema.org","@graph":[{"@type":"WebPage","@id":"https:\/\/sales-ai-agents.com\/tr\/templates\/campaign-summary\/","url":"https:\/\/sales-ai-agents.com\/tr\/templates\/campaign-summary\/","name":"Kampanya \u00d6zeti \u015eablonu - Sales AI Agents","isPartOf":{"@id":"https:\/\/sales-ai-agents.com\/#website"},"primaryImageOfPage":{"@id":"https:\/\/sales-ai-agents.com\/tr\/templates\/campaign-summary\/#primaryimage"},"image":{"@id":"https:\/\/sales-ai-agents.com\/tr\/templates\/campaign-summary\/#primaryimage"},"thumbnailUrl":"https:\/\/sales-ai-agents.com\/wp-content\/uploads\/2022\/09\/Campaign-Summary-Template.png","datePublished":"2022-09-23T13:44:59+00:00","dateModified":"2023-12-31T17:06:07+00:00","description":"Ba\u015far\u0131l\u0131 pazarlama kampanyan\u0131z i\u00e7in gerekli bilgileri vurgulay\u0131n. anahtar kanallar\u0131, metrikleri, hedefleri ve hedef pazar\u0131 bu \u015fablona yaz\u0131n!","inLanguage":"tr","potentialAction":[{"@type":"ReadAction","target":["https:\/\/sales-ai-agents.com\/tr\/templates\/campaign-summary\/"]}]},{"@type":"ImageObject","inLanguage":"tr","@id":"https:\/\/sales-ai-agents.com\/tr\/templates\/campaign-summary\/#primaryimage","url":"https:\/\/sales-ai-agents.com\/wp-content\/uploads\/2022\/09\/Campaign-Summary-Template.png","contentUrl":"https:\/\/sales-ai-agents.com\/wp-content\/uploads\/2022\/09\/Campaign-Summary-Template.png","width":1700,"height":1100},{"@type":"WebSite","@id":"https:\/\/sales-ai-agents.com\/#website","url":"https:\/\/sales-ai-agents.com\/","name":"FuseBase","description":"Sales AI Agents - Free Online Collaboration Software for Remote Teams. Build your wikis, client portals and more with the Nimbus Platform collaboration tool ? A perfect space for online work","publisher":{"@id":"https:\/\/sales-ai-agents.com\/#organization"},"potentialAction":[{"@type":"SearchAction","target":{"@type":"EntryPoint","urlTemplate":"https:\/\/sales-ai-agents.com\/?s={search_term_string}"},"query-input":{"@type":"PropertyValueSpecification","valueRequired":true,"valueName":"search_term_string"}}],"inLanguage":"tr"},{"@type":"Organization","@id":"https:\/\/sales-ai-agents.com\/#organization","name":"FuseBase","url":"https:\/\/sales-ai-agents.com\/","logo":{"@type":"ImageObject","inLanguage":"tr","@id":"https:\/\/sales-ai-agents.com\/#\/schema\/logo\/image\/","url":"https:\/\/sales-ai-agents.com\/wp-content\/uploads\/2023\/11\/icon-7.svg","contentUrl":"https:\/\/sales-ai-agents.com\/wp-content\/uploads\/2023\/11\/icon-7.svg","width":128,"height":128,"caption":"FuseBase"},"image":{"@id":"https:\/\/sales-ai-agents.com\/#\/schema\/logo\/image\/"}}]}},"_links":{"self":[{"href":"https:\/\/sales-ai-agents.com\/tr\/wp-json\/wp\/v2\/product\/60986","targetHints":{"allow":["GET"]}}],"collection":[{"href":"https:\/\/sales-ai-agents.com\/tr\/wp-json\/wp\/v2\/product"}],"about":[{"href":"https:\/\/sales-ai-agents.com\/tr\/wp-json\/wp\/v2\/types\/product"}],"wp:featuredmedia":[{"embeddable":true,"href":"https:\/\/sales-ai-agents.com\/tr\/wp-json\/wp\/v2\/media\/60988"}],"wp:attachment":[{"href":"https:\/\/sales-ai-agents.com\/tr\/wp-json\/wp\/v2\/media?parent=60986"}],"wp:term":[{"taxonomy":"product_brand","embeddable":true,"href":"https:\/\/sales-ai-agents.com\/tr\/wp-json\/wp\/v2\/product_brand?post=60986"},{"taxonomy":"product_cat","embeddable":true,"href":"https:\/\/sales-ai-agents.com\/tr\/wp-json\/wp\/v2\/product_cat?post=60986"},{"taxonomy":"product_tag","embeddable":true,"href":"https:\/\/sales-ai-agents.com\/tr\/wp-json\/wp\/v2\/product_tag?post=60986"}],"curies":[{"name":"wp","href":"https:\/\/api.w.org\/{rel}","templated":true}]}}