{"id":60994,"date":"2022-09-23T13:44:52","date_gmt":"2022-09-23T13:44:52","guid":{"rendered":"https:\/\/sales-ai-agents.com\/templates\/daily-planner\/"},"modified":"2024-01-02T13:43:46","modified_gmt":"2024-01-02T13:43:46","slug":"daily-planner","status":"publish","type":"product","link":"https:\/\/sales-ai-agents.com\/tr\/templates\/daily-planner\/","title":{"rendered":"G\u00fcnl\u00fck Planlay\u0131c\u0131"},"content":{"rendered":"<p>&nbsp;<\/p>\n<h2>G\u00fcnl\u00fck Planlay\u0131c\u0131 \u015eablonu<\/h2>\n<p class=\"desc-text\">G\u00fcn\u00fcn\u00fcz aktiviteler, etkinlikler ve sorumluluklarla doluysa, her \u015feyi y\u00f6netmek \u00e7ok b\u00fcy\u00fck bir g\u00f6rev olabilir. Bunalm\u0131\u015f hissetmek veya son teslim tarihlerine tak\u0131lmak kolayd\u0131r. G\u00fcnl\u00fck planlay\u0131c\u0131 kullanmak g\u00fcn\u00fcn\u00fcz\u00fc d\u00fczenlemenize ve hi\u00e7bir \u015feyi unutmad\u0131\u011f\u0131n\u0131zdan emin olman\u0131za yard\u0131mc\u0131 olabilir. Bu \u015fablon, g\u00fcn\u00fcn\u00fcz\u00fcn her b\u00f6l\u00fcm\u00fcn\u00fc yap\u0131land\u0131rmak i\u00e7in tablolar i\u00e7erir. Ayr\u0131ca bilgi eri\u015fimini \u00e7ok daha kolay hale getirmek i\u00e7in t\u00fcm \u00f6\u011felerinizi kategorize edebilirsiniz.<\/p>\n<h5>Nas\u0131l kullan\u0131l\u0131r:<\/h5>\n<ul class=\"desc-item_list\">\n<li class=\"desc-item_list__point\">Tarih ve ay\u0131 ekleyin<\/li>\n<li class=\"desc-item_list__point\">G\u00fcn i\u00e7in t\u00fcm randevular\u0131 listeleyin<\/li>\n<li class=\"desc-item_list__point\">Sizi g\u00f6revlerinizi yerine getirmeye itecek motivasyonlar yaz\u0131n<\/li>\n<li class=\"desc-item_list__point\">Su al\u0131m\u0131n\u0131z\u0131 onay kutular\u0131 ile takip edin<\/li>\n<li class=\"desc-item_list__point\">Hedef olu\u015fturmak i\u00e7in bir kontrol listesi kullan\u0131n<\/li>\n<li class=\"desc-item_list__point\">Program\u0131n\u0131z\u0131 ve g\u00f6revlerinizi yaz\u0131n<\/li>\n<li class=\"desc-item_list__point\">\u0130leti\u015fim kurulacak ki\u015filerin bir kayd\u0131n\u0131 olu\u015fturun<\/li>\n<li class=\"desc-item_list__point\">Al\u0131\u015fveri\u015f listesi yapmak i\u00e7in onay kutular\u0131n\u0131 kullan\u0131n<\/li>\n<\/ul>\n","protected":false},"excerpt":{"rendered":"<p>Aktivitelerinizi d\u00fczenlemek ve hi\u00e7bir \u015feyi unutmad\u0131\u011f\u0131n\u0131zdan emin olmak i\u00e7in bir g\u00fcnl\u00fck planlay\u0131c\u0131 kullan\u0131n. Eylemlerinizi, sorumluluklar\u0131n\u0131z\u0131, \u00f6nemli ki\u015filerinizi ve daha fazlas\u0131n\u0131 doldurun.<\/p>\n","protected":false},"featured_media":60995,"template":"","meta":{"_acf_changed":false,"inline_featured_image":false},"product_brand":[],"product_cat":[257,256],"product_tag":[],"class_list":{"0":"post-60994","1":"product","2":"type-product","3":"status-publish","4":"has-post-thumbnail","6":"product_cat-personal","7":"product_cat-organizers-planners","9":"first","10":"instock","11":"virtual","12":"sold-individually","13":"product-type-simple"},"acf":[],"yoast_head":"<!-- This site is optimized with the Yoast SEO plugin v25.3.1 - https:\/\/yoast.com\/wordpress\/plugins\/seo\/ -->\n<title>G\u00fcnl\u00fck Planlay\u0131c\u0131 \u015eablonu - Sales AI Agents<\/title>\n<meta name=\"description\" content=\"Aktivitelerinizi d\u00fczenlemek ve hi\u00e7bir \u015feyi unutmad\u0131\u011f\u0131n\u0131zdan emin olmak i\u00e7in bir g\u00fcnl\u00fck planlay\u0131c\u0131 kullan\u0131n. Eylemlerinizi, sorumluluklar\u0131n\u0131z\u0131, \u00f6nemli ki\u015filerinizi ve daha fazlas\u0131n\u0131 doldurun.\" \/>\n<meta name=\"robots\" content=\"index, follow, max-snippet:-1, max-image-preview:large, max-video-preview:-1\" \/>\n<link rel=\"canonical\" href=\"https:\/\/sales-ai-agents.com\/tr\/templates\/daily-planner\/\" \/>\n<meta property=\"og:locale\" content=\"tr_TR\" \/>\n<meta property=\"og:type\" content=\"article\" \/>\n<meta property=\"og:title\" content=\"G\u00fcnl\u00fck Planlay\u0131c\u0131 \u015eablonu - Sales AI Agents\" \/>\n<meta property=\"og:description\" content=\"Aktivitelerinizi d\u00fczenlemek ve hi\u00e7bir \u015feyi unutmad\u0131\u011f\u0131n\u0131zdan emin olmak i\u00e7in bir g\u00fcnl\u00fck planlay\u0131c\u0131 kullan\u0131n. Eylemlerinizi, sorumluluklar\u0131n\u0131z\u0131, \u00f6nemli ki\u015filerinizi ve daha fazlas\u0131n\u0131 doldurun.\" \/>\n<meta property=\"og:url\" content=\"https:\/\/sales-ai-agents.com\/tr\/templates\/daily-planner\/\" \/>\n<meta property=\"og:site_name\" content=\"Sales AI Agents\" \/>\n<meta property=\"article:modified_time\" content=\"2024-01-02T13:43:46+00:00\" \/>\n<meta property=\"og:image\" content=\"https:\/\/sales-ai-agents.com\/wp-content\/uploads\/2023\/01\/image-preview113703.png\" \/>\n\t<meta property=\"og:image:width\" content=\"1078\" \/>\n\t<meta property=\"og:image:height\" content=\"2500\" \/>\n\t<meta property=\"og:image:type\" content=\"image\/png\" \/>\n<meta name=\"twitter:card\" content=\"summary_large_image\" \/>\n<script type=\"application\/ld+json\" class=\"yoast-schema-graph\">{\"@context\":\"https:\/\/schema.org\",\"@graph\":[{\"@type\":\"WebPage\",\"@id\":\"https:\/\/sales-ai-agents.com\/tr\/templates\/daily-planner\/\",\"url\":\"https:\/\/sales-ai-agents.com\/tr\/templates\/daily-planner\/\",\"name\":\"G\u00fcnl\u00fck Planlay\u0131c\u0131 \u015eablonu - Sales AI Agents\",\"isPartOf\":{\"@id\":\"https:\/\/sales-ai-agents.com\/#website\"},\"primaryImageOfPage\":{\"@id\":\"https:\/\/sales-ai-agents.com\/tr\/templates\/daily-planner\/#primaryimage\"},\"image\":{\"@id\":\"https:\/\/sales-ai-agents.com\/tr\/templates\/daily-planner\/#primaryimage\"},\"thumbnailUrl\":\"https:\/\/sales-ai-agents.com\/wp-content\/uploads\/2023\/01\/image-preview113703.png\",\"datePublished\":\"2022-09-23T13:44:52+00:00\",\"dateModified\":\"2024-01-02T13:43:46+00:00\",\"description\":\"Aktivitelerinizi d\u00fczenlemek ve hi\u00e7bir \u015feyi unutmad\u0131\u011f\u0131n\u0131zdan emin olmak i\u00e7in bir g\u00fcnl\u00fck planlay\u0131c\u0131 kullan\u0131n. Eylemlerinizi, sorumluluklar\u0131n\u0131z\u0131, \u00f6nemli ki\u015filerinizi ve daha fazlas\u0131n\u0131 doldurun.\",\"inLanguage\":\"tr\",\"potentialAction\":[{\"@type\":\"ReadAction\",\"target\":[\"https:\/\/sales-ai-agents.com\/tr\/templates\/daily-planner\/\"]}]},{\"@type\":\"ImageObject\",\"inLanguage\":\"tr\",\"@id\":\"https:\/\/sales-ai-agents.com\/tr\/templates\/daily-planner\/#primaryimage\",\"url\":\"https:\/\/sales-ai-agents.com\/wp-content\/uploads\/2023\/01\/image-preview113703.png\",\"contentUrl\":\"https:\/\/sales-ai-agents.com\/wp-content\/uploads\/2023\/01\/image-preview113703.png\",\"width\":1078,\"height\":2500},{\"@type\":\"WebSite\",\"@id\":\"https:\/\/sales-ai-agents.com\/#website\",\"url\":\"https:\/\/sales-ai-agents.com\/\",\"name\":\"FuseBase\",\"description\":\"Sales AI Agents - Free Online Collaboration Software for Remote Teams. Build your wikis, client portals and more with the Nimbus Platform collaboration tool ? A perfect space for online work\",\"publisher\":{\"@id\":\"https:\/\/sales-ai-agents.com\/#organization\"},\"potentialAction\":[{\"@type\":\"SearchAction\",\"target\":{\"@type\":\"EntryPoint\",\"urlTemplate\":\"https:\/\/sales-ai-agents.com\/?s={search_term_string}\"},\"query-input\":{\"@type\":\"PropertyValueSpecification\",\"valueRequired\":true,\"valueName\":\"search_term_string\"}}],\"inLanguage\":\"tr\"},{\"@type\":\"Organization\",\"@id\":\"https:\/\/sales-ai-agents.com\/#organization\",\"name\":\"FuseBase\",\"url\":\"https:\/\/sales-ai-agents.com\/\",\"logo\":{\"@type\":\"ImageObject\",\"inLanguage\":\"tr\",\"@id\":\"https:\/\/sales-ai-agents.com\/#\/schema\/logo\/image\/\",\"url\":\"https:\/\/sales-ai-agents.com\/wp-content\/uploads\/2023\/11\/icon-7.svg\",\"contentUrl\":\"https:\/\/sales-ai-agents.com\/wp-content\/uploads\/2023\/11\/icon-7.svg\",\"width\":128,\"height\":128,\"caption\":\"FuseBase\"},\"image\":{\"@id\":\"https:\/\/sales-ai-agents.com\/#\/schema\/logo\/image\/\"}}]}<\/script>\n<!-- \/ Yoast SEO plugin. -->","yoast_head_json":{"title":"G\u00fcnl\u00fck Planlay\u0131c\u0131 \u015eablonu - Sales AI Agents","description":"Aktivitelerinizi d\u00fczenlemek ve hi\u00e7bir \u015feyi unutmad\u0131\u011f\u0131n\u0131zdan emin olmak i\u00e7in bir g\u00fcnl\u00fck planlay\u0131c\u0131 kullan\u0131n. Eylemlerinizi, sorumluluklar\u0131n\u0131z\u0131, \u00f6nemli ki\u015filerinizi ve daha fazlas\u0131n\u0131 doldurun.","robots":{"index":"index","follow":"follow","max-snippet":"max-snippet:-1","max-image-preview":"max-image-preview:large","max-video-preview":"max-video-preview:-1"},"canonical":"https:\/\/sales-ai-agents.com\/tr\/templates\/daily-planner\/","og_locale":"tr_TR","og_type":"article","og_title":"G\u00fcnl\u00fck Planlay\u0131c\u0131 \u015eablonu - Sales AI Agents","og_description":"Aktivitelerinizi d\u00fczenlemek ve hi\u00e7bir \u015feyi unutmad\u0131\u011f\u0131n\u0131zdan emin olmak i\u00e7in bir g\u00fcnl\u00fck planlay\u0131c\u0131 kullan\u0131n. Eylemlerinizi, sorumluluklar\u0131n\u0131z\u0131, \u00f6nemli ki\u015filerinizi ve daha fazlas\u0131n\u0131 doldurun.","og_url":"https:\/\/sales-ai-agents.com\/tr\/templates\/daily-planner\/","og_site_name":"Sales AI Agents","article_modified_time":"2024-01-02T13:43:46+00:00","og_image":[{"width":1078,"height":2500,"url":"https:\/\/sales-ai-agents.com\/wp-content\/uploads\/2023\/01\/image-preview113703.png","type":"image\/png"}],"twitter_card":"summary_large_image","schema":{"@context":"https:\/\/schema.org","@graph":[{"@type":"WebPage","@id":"https:\/\/sales-ai-agents.com\/tr\/templates\/daily-planner\/","url":"https:\/\/sales-ai-agents.com\/tr\/templates\/daily-planner\/","name":"G\u00fcnl\u00fck Planlay\u0131c\u0131 \u015eablonu - Sales AI Agents","isPartOf":{"@id":"https:\/\/sales-ai-agents.com\/#website"},"primaryImageOfPage":{"@id":"https:\/\/sales-ai-agents.com\/tr\/templates\/daily-planner\/#primaryimage"},"image":{"@id":"https:\/\/sales-ai-agents.com\/tr\/templates\/daily-planner\/#primaryimage"},"thumbnailUrl":"https:\/\/sales-ai-agents.com\/wp-content\/uploads\/2023\/01\/image-preview113703.png","datePublished":"2022-09-23T13:44:52+00:00","dateModified":"2024-01-02T13:43:46+00:00","description":"Aktivitelerinizi d\u00fczenlemek ve hi\u00e7bir \u015feyi unutmad\u0131\u011f\u0131n\u0131zdan emin olmak i\u00e7in bir g\u00fcnl\u00fck planlay\u0131c\u0131 kullan\u0131n. Eylemlerinizi, sorumluluklar\u0131n\u0131z\u0131, \u00f6nemli ki\u015filerinizi ve daha fazlas\u0131n\u0131 doldurun.","inLanguage":"tr","potentialAction":[{"@type":"ReadAction","target":["https:\/\/sales-ai-agents.com\/tr\/templates\/daily-planner\/"]}]},{"@type":"ImageObject","inLanguage":"tr","@id":"https:\/\/sales-ai-agents.com\/tr\/templates\/daily-planner\/#primaryimage","url":"https:\/\/sales-ai-agents.com\/wp-content\/uploads\/2023\/01\/image-preview113703.png","contentUrl":"https:\/\/sales-ai-agents.com\/wp-content\/uploads\/2023\/01\/image-preview113703.png","width":1078,"height":2500},{"@type":"WebSite","@id":"https:\/\/sales-ai-agents.com\/#website","url":"https:\/\/sales-ai-agents.com\/","name":"FuseBase","description":"Sales AI Agents - Free Online Collaboration Software for Remote Teams. Build your wikis, client portals and more with the Nimbus Platform collaboration tool ? A perfect space for online work","publisher":{"@id":"https:\/\/sales-ai-agents.com\/#organization"},"potentialAction":[{"@type":"SearchAction","target":{"@type":"EntryPoint","urlTemplate":"https:\/\/sales-ai-agents.com\/?s={search_term_string}"},"query-input":{"@type":"PropertyValueSpecification","valueRequired":true,"valueName":"search_term_string"}}],"inLanguage":"tr"},{"@type":"Organization","@id":"https:\/\/sales-ai-agents.com\/#organization","name":"FuseBase","url":"https:\/\/sales-ai-agents.com\/","logo":{"@type":"ImageObject","inLanguage":"tr","@id":"https:\/\/sales-ai-agents.com\/#\/schema\/logo\/image\/","url":"https:\/\/sales-ai-agents.com\/wp-content\/uploads\/2023\/11\/icon-7.svg","contentUrl":"https:\/\/sales-ai-agents.com\/wp-content\/uploads\/2023\/11\/icon-7.svg","width":128,"height":128,"caption":"FuseBase"},"image":{"@id":"https:\/\/sales-ai-agents.com\/#\/schema\/logo\/image\/"}}]}},"_links":{"self":[{"href":"https:\/\/sales-ai-agents.com\/tr\/wp-json\/wp\/v2\/product\/60994","targetHints":{"allow":["GET"]}}],"collection":[{"href":"https:\/\/sales-ai-agents.com\/tr\/wp-json\/wp\/v2\/product"}],"about":[{"href":"https:\/\/sales-ai-agents.com\/tr\/wp-json\/wp\/v2\/types\/product"}],"wp:featuredmedia":[{"embeddable":true,"href":"https:\/\/sales-ai-agents.com\/tr\/wp-json\/wp\/v2\/media\/60995"}],"wp:attachment":[{"href":"https:\/\/sales-ai-agents.com\/tr\/wp-json\/wp\/v2\/media?parent=60994"}],"wp:term":[{"taxonomy":"product_brand","embeddable":true,"href":"https:\/\/sales-ai-agents.com\/tr\/wp-json\/wp\/v2\/product_brand?post=60994"},{"taxonomy":"product_cat","embeddable":true,"href":"https:\/\/sales-ai-agents.com\/tr\/wp-json\/wp\/v2\/product_cat?post=60994"},{"taxonomy":"product_tag","embeddable":true,"href":"https:\/\/sales-ai-agents.com\/tr\/wp-json\/wp\/v2\/product_tag?post=60994"}],"curies":[{"name":"wp","href":"https:\/\/api.w.org\/{rel}","templated":true}]}}