{"id":61000,"date":"2022-09-23T13:44:48","date_gmt":"2022-09-23T13:44:48","guid":{"rendered":"https:\/\/sales-ai-agents.com\/templates\/daily-review-page\/"},"modified":"2024-01-02T13:20:49","modified_gmt":"2024-01-02T13:20:49","slug":"daily-review-page","status":"publish","type":"product","link":"https:\/\/sales-ai-agents.com\/tr\/templates\/daily-review-page\/","title":{"rendered":"G\u00fcnl\u00fck \u0130nceleme Sayfas\u0131"},"content":{"rendered":"<p>&nbsp;<\/p>\n<h2>G\u00fcnl\u00fck \u0130nceleme \u015eablonu<\/h2>\n<p class=\"desc-text\">Bu G\u00fcnl\u00fck De\u011ferlendirme Sayfas\u0131 \u015fablonu, tek bir g\u00fcn\u00fc saat saat planlaman\u0131za, sabah yans\u0131mas\u0131, yap\u0131lacaklar listesi, kendini onaylama ve g\u00fcn sonu yans\u0131malar\u0131 eklemenize olanak tan\u0131r. G\u00fcn\u00fcn\u00fcz\u00fc d\u00fczenli tutun ve \u00f6nemli toplant\u0131lar, etkinlikler ve son tarihler i\u00e7in plan yap\u0131n. Faaliyetlerinizi ve d\u00fc\u015f\u00fcncelerinizi planlamak ve g\u00f6zden ge\u00e7irmek i\u00e7in g\u00fcnl\u00fck olarak kullan\u0131n.<\/p>\n<h5>Nas\u0131l kullan\u0131l\u0131r:<\/h5>\n<ul class=\"desc-item_list\">\n<li class=\"desc-item_list__point\">Haftan\u0131n her g\u00fcn\u00fcn\u00fc yakalamak i\u00e7in bir tarih ekleyin<\/li>\n<li class=\"desc-item_list__point\">G\u00fcne \u015f\u00fckranla ba\u015flay\u0131n ve en \u00f6nemli \u00f6nceliklerinizi listeleyin<\/li>\n<li class=\"desc-item_list__point\">Yap\u0131lacak t\u00fcm i\u015flerinizi yazarak hi\u00e7bir \u015feyi unutmay\u0131n<\/li>\n<li class=\"desc-item_list__point\">G\u00fcnl\u00fck ki\u015fisel olumlama ifadenizi yazmak i\u00e7in \u00f6z olumlama b\u00f6l\u00fcm\u00fcn\u00fc kullan\u0131n<\/li>\n<li class=\"desc-item_list__point\">G\u00fcnl\u00fck ba\u015far\u0131lar\u0131n\u0131z\u0131, kazan\u00e7lar\u0131n\u0131z\u0131 veya \u00f6nemli takiplerinizi yakalay\u0131n<\/li>\n<li class=\"desc-item_list__point\">G\u00fcn\u00fcn\u00fcz\u00fc planlamak i\u00e7in daily-schedule kullan\u0131n<\/li>\n<li class=\"desc-item_list__point\">Gerekirse not ekleyin<\/li>\n<\/ul>\n","protected":false},"excerpt":{"rendered":"<p>Tek bir g\u00fcn\u00fc saat saat planlay\u0131n, sabah yans\u0131mas\u0131, yap\u0131lacaklar listesi ve g\u00fcn sonu yans\u0131malar\u0131 ekleyin. Eylemlerinizi ve d\u00fc\u015f\u00fcncelerinizi planlamak ve g\u00f6zden ge\u00e7irmek i\u00e7in g\u00fcnl\u00fck olarak kullan\u0131n.<\/p>\n","protected":false},"featured_media":61001,"template":"","meta":{"_acf_changed":false,"inline_featured_image":false},"product_brand":[],"product_cat":[257,256],"product_tag":[],"class_list":{"0":"post-61000","1":"product","2":"type-product","3":"status-publish","4":"has-post-thumbnail","6":"product_cat-personal","7":"product_cat-organizers-planners","9":"first","10":"instock","11":"virtual","12":"sold-individually","13":"product-type-simple"},"acf":[],"yoast_head":"<!-- This site is optimized with the Yoast SEO plugin v25.3.1 - https:\/\/yoast.com\/wordpress\/plugins\/seo\/ -->\n<title>G\u00fcnl\u00fck \u0130nceleme Sayfas\u0131 \u015eablonu - Sales AI Agents<\/title>\n<meta name=\"description\" content=\"Tek bir g\u00fcn\u00fc saat saat planlay\u0131n, sabah yans\u0131mas\u0131, yap\u0131lacaklar listesi ve g\u00fcn sonu yans\u0131malar\u0131 ekleyin. Eylemlerinizi ve d\u00fc\u015f\u00fcncelerinizi planlamak ve g\u00f6zden ge\u00e7irmek i\u00e7in g\u00fcnl\u00fck olarak kullan\u0131n\" \/>\n<meta name=\"robots\" content=\"index, follow, max-snippet:-1, max-image-preview:large, max-video-preview:-1\" \/>\n<link rel=\"canonical\" href=\"https:\/\/sales-ai-agents.com\/tr\/templates\/daily-review-page\/\" \/>\n<meta property=\"og:locale\" content=\"tr_TR\" \/>\n<meta property=\"og:type\" content=\"article\" \/>\n<meta property=\"og:title\" content=\"G\u00fcnl\u00fck \u0130nceleme Sayfas\u0131 \u015eablonu - Sales AI Agents\" \/>\n<meta property=\"og:description\" content=\"Tek bir g\u00fcn\u00fc saat saat planlay\u0131n, sabah yans\u0131mas\u0131, yap\u0131lacaklar listesi ve g\u00fcn sonu yans\u0131malar\u0131 ekleyin. Eylemlerinizi ve d\u00fc\u015f\u00fcncelerinizi planlamak ve g\u00f6zden ge\u00e7irmek i\u00e7in g\u00fcnl\u00fck olarak kullan\u0131n\" \/>\n<meta property=\"og:url\" content=\"https:\/\/sales-ai-agents.com\/tr\/templates\/daily-review-page\/\" \/>\n<meta property=\"og:site_name\" content=\"Sales AI Agents\" \/>\n<meta property=\"article:modified_time\" content=\"2024-01-02T13:20:49+00:00\" \/>\n<meta property=\"og:image\" content=\"https:\/\/sales-ai-agents.com\/wp-content\/uploads\/2022\/09\/Daily-Review-Page-Template.png\" \/>\n\t<meta property=\"og:image:width\" content=\"1700\" \/>\n\t<meta property=\"og:image:height\" content=\"1100\" \/>\n\t<meta property=\"og:image:type\" content=\"image\/png\" \/>\n<meta name=\"twitter:card\" content=\"summary_large_image\" \/>\n<script type=\"application\/ld+json\" class=\"yoast-schema-graph\">{\"@context\":\"https:\/\/schema.org\",\"@graph\":[{\"@type\":\"WebPage\",\"@id\":\"https:\/\/sales-ai-agents.com\/tr\/templates\/daily-review-page\/\",\"url\":\"https:\/\/sales-ai-agents.com\/tr\/templates\/daily-review-page\/\",\"name\":\"G\u00fcnl\u00fck \u0130nceleme Sayfas\u0131 \u015eablonu - Sales AI Agents\",\"isPartOf\":{\"@id\":\"https:\/\/sales-ai-agents.com\/#website\"},\"primaryImageOfPage\":{\"@id\":\"https:\/\/sales-ai-agents.com\/tr\/templates\/daily-review-page\/#primaryimage\"},\"image\":{\"@id\":\"https:\/\/sales-ai-agents.com\/tr\/templates\/daily-review-page\/#primaryimage\"},\"thumbnailUrl\":\"https:\/\/sales-ai-agents.com\/wp-content\/uploads\/2022\/09\/Daily-Review-Page-Template.png\",\"datePublished\":\"2022-09-23T13:44:48+00:00\",\"dateModified\":\"2024-01-02T13:20:49+00:00\",\"description\":\"Tek bir g\u00fcn\u00fc saat saat planlay\u0131n, sabah yans\u0131mas\u0131, yap\u0131lacaklar listesi ve g\u00fcn sonu yans\u0131malar\u0131 ekleyin. Eylemlerinizi ve d\u00fc\u015f\u00fcncelerinizi planlamak ve g\u00f6zden ge\u00e7irmek i\u00e7in g\u00fcnl\u00fck olarak kullan\u0131n\",\"inLanguage\":\"tr\",\"potentialAction\":[{\"@type\":\"ReadAction\",\"target\":[\"https:\/\/sales-ai-agents.com\/tr\/templates\/daily-review-page\/\"]}]},{\"@type\":\"ImageObject\",\"inLanguage\":\"tr\",\"@id\":\"https:\/\/sales-ai-agents.com\/tr\/templates\/daily-review-page\/#primaryimage\",\"url\":\"https:\/\/sales-ai-agents.com\/wp-content\/uploads\/2022\/09\/Daily-Review-Page-Template.png\",\"contentUrl\":\"https:\/\/sales-ai-agents.com\/wp-content\/uploads\/2022\/09\/Daily-Review-Page-Template.png\",\"width\":1700,\"height\":1100},{\"@type\":\"WebSite\",\"@id\":\"https:\/\/sales-ai-agents.com\/#website\",\"url\":\"https:\/\/sales-ai-agents.com\/\",\"name\":\"FuseBase\",\"description\":\"Sales AI Agents - Free Online Collaboration Software for Remote Teams. Build your wikis, client portals and more with the Nimbus Platform collaboration tool ? A perfect space for online work\",\"publisher\":{\"@id\":\"https:\/\/sales-ai-agents.com\/#organization\"},\"potentialAction\":[{\"@type\":\"SearchAction\",\"target\":{\"@type\":\"EntryPoint\",\"urlTemplate\":\"https:\/\/sales-ai-agents.com\/?s={search_term_string}\"},\"query-input\":{\"@type\":\"PropertyValueSpecification\",\"valueRequired\":true,\"valueName\":\"search_term_string\"}}],\"inLanguage\":\"tr\"},{\"@type\":\"Organization\",\"@id\":\"https:\/\/sales-ai-agents.com\/#organization\",\"name\":\"FuseBase\",\"url\":\"https:\/\/sales-ai-agents.com\/\",\"logo\":{\"@type\":\"ImageObject\",\"inLanguage\":\"tr\",\"@id\":\"https:\/\/sales-ai-agents.com\/#\/schema\/logo\/image\/\",\"url\":\"https:\/\/sales-ai-agents.com\/wp-content\/uploads\/2023\/11\/icon-7.svg\",\"contentUrl\":\"https:\/\/sales-ai-agents.com\/wp-content\/uploads\/2023\/11\/icon-7.svg\",\"width\":128,\"height\":128,\"caption\":\"FuseBase\"},\"image\":{\"@id\":\"https:\/\/sales-ai-agents.com\/#\/schema\/logo\/image\/\"}}]}<\/script>\n<!-- \/ Yoast SEO plugin. -->","yoast_head_json":{"title":"G\u00fcnl\u00fck \u0130nceleme Sayfas\u0131 \u015eablonu - Sales AI Agents","description":"Tek bir g\u00fcn\u00fc saat saat planlay\u0131n, sabah yans\u0131mas\u0131, yap\u0131lacaklar listesi ve g\u00fcn sonu yans\u0131malar\u0131 ekleyin. Eylemlerinizi ve d\u00fc\u015f\u00fcncelerinizi planlamak ve g\u00f6zden ge\u00e7irmek i\u00e7in g\u00fcnl\u00fck olarak kullan\u0131n","robots":{"index":"index","follow":"follow","max-snippet":"max-snippet:-1","max-image-preview":"max-image-preview:large","max-video-preview":"max-video-preview:-1"},"canonical":"https:\/\/sales-ai-agents.com\/tr\/templates\/daily-review-page\/","og_locale":"tr_TR","og_type":"article","og_title":"G\u00fcnl\u00fck \u0130nceleme Sayfas\u0131 \u015eablonu - Sales AI Agents","og_description":"Tek bir g\u00fcn\u00fc saat saat planlay\u0131n, sabah yans\u0131mas\u0131, yap\u0131lacaklar listesi ve g\u00fcn sonu yans\u0131malar\u0131 ekleyin. Eylemlerinizi ve d\u00fc\u015f\u00fcncelerinizi planlamak ve g\u00f6zden ge\u00e7irmek i\u00e7in g\u00fcnl\u00fck olarak kullan\u0131n","og_url":"https:\/\/sales-ai-agents.com\/tr\/templates\/daily-review-page\/","og_site_name":"Sales AI Agents","article_modified_time":"2024-01-02T13:20:49+00:00","og_image":[{"width":1700,"height":1100,"url":"https:\/\/sales-ai-agents.com\/wp-content\/uploads\/2022\/09\/Daily-Review-Page-Template.png","type":"image\/png"}],"twitter_card":"summary_large_image","schema":{"@context":"https:\/\/schema.org","@graph":[{"@type":"WebPage","@id":"https:\/\/sales-ai-agents.com\/tr\/templates\/daily-review-page\/","url":"https:\/\/sales-ai-agents.com\/tr\/templates\/daily-review-page\/","name":"G\u00fcnl\u00fck \u0130nceleme Sayfas\u0131 \u015eablonu - Sales AI Agents","isPartOf":{"@id":"https:\/\/sales-ai-agents.com\/#website"},"primaryImageOfPage":{"@id":"https:\/\/sales-ai-agents.com\/tr\/templates\/daily-review-page\/#primaryimage"},"image":{"@id":"https:\/\/sales-ai-agents.com\/tr\/templates\/daily-review-page\/#primaryimage"},"thumbnailUrl":"https:\/\/sales-ai-agents.com\/wp-content\/uploads\/2022\/09\/Daily-Review-Page-Template.png","datePublished":"2022-09-23T13:44:48+00:00","dateModified":"2024-01-02T13:20:49+00:00","description":"Tek bir g\u00fcn\u00fc saat saat planlay\u0131n, sabah yans\u0131mas\u0131, yap\u0131lacaklar listesi ve g\u00fcn sonu yans\u0131malar\u0131 ekleyin. Eylemlerinizi ve d\u00fc\u015f\u00fcncelerinizi planlamak ve g\u00f6zden ge\u00e7irmek i\u00e7in g\u00fcnl\u00fck olarak kullan\u0131n","inLanguage":"tr","potentialAction":[{"@type":"ReadAction","target":["https:\/\/sales-ai-agents.com\/tr\/templates\/daily-review-page\/"]}]},{"@type":"ImageObject","inLanguage":"tr","@id":"https:\/\/sales-ai-agents.com\/tr\/templates\/daily-review-page\/#primaryimage","url":"https:\/\/sales-ai-agents.com\/wp-content\/uploads\/2022\/09\/Daily-Review-Page-Template.png","contentUrl":"https:\/\/sales-ai-agents.com\/wp-content\/uploads\/2022\/09\/Daily-Review-Page-Template.png","width":1700,"height":1100},{"@type":"WebSite","@id":"https:\/\/sales-ai-agents.com\/#website","url":"https:\/\/sales-ai-agents.com\/","name":"FuseBase","description":"Sales AI Agents - Free Online Collaboration Software for Remote Teams. Build your wikis, client portals and more with the Nimbus Platform collaboration tool ? A perfect space for online work","publisher":{"@id":"https:\/\/sales-ai-agents.com\/#organization"},"potentialAction":[{"@type":"SearchAction","target":{"@type":"EntryPoint","urlTemplate":"https:\/\/sales-ai-agents.com\/?s={search_term_string}"},"query-input":{"@type":"PropertyValueSpecification","valueRequired":true,"valueName":"search_term_string"}}],"inLanguage":"tr"},{"@type":"Organization","@id":"https:\/\/sales-ai-agents.com\/#organization","name":"FuseBase","url":"https:\/\/sales-ai-agents.com\/","logo":{"@type":"ImageObject","inLanguage":"tr","@id":"https:\/\/sales-ai-agents.com\/#\/schema\/logo\/image\/","url":"https:\/\/sales-ai-agents.com\/wp-content\/uploads\/2023\/11\/icon-7.svg","contentUrl":"https:\/\/sales-ai-agents.com\/wp-content\/uploads\/2023\/11\/icon-7.svg","width":128,"height":128,"caption":"FuseBase"},"image":{"@id":"https:\/\/sales-ai-agents.com\/#\/schema\/logo\/image\/"}}]}},"_links":{"self":[{"href":"https:\/\/sales-ai-agents.com\/tr\/wp-json\/wp\/v2\/product\/61000","targetHints":{"allow":["GET"]}}],"collection":[{"href":"https:\/\/sales-ai-agents.com\/tr\/wp-json\/wp\/v2\/product"}],"about":[{"href":"https:\/\/sales-ai-agents.com\/tr\/wp-json\/wp\/v2\/types\/product"}],"wp:featuredmedia":[{"embeddable":true,"href":"https:\/\/sales-ai-agents.com\/tr\/wp-json\/wp\/v2\/media\/61001"}],"wp:attachment":[{"href":"https:\/\/sales-ai-agents.com\/tr\/wp-json\/wp\/v2\/media?parent=61000"}],"wp:term":[{"taxonomy":"product_brand","embeddable":true,"href":"https:\/\/sales-ai-agents.com\/tr\/wp-json\/wp\/v2\/product_brand?post=61000"},{"taxonomy":"product_cat","embeddable":true,"href":"https:\/\/sales-ai-agents.com\/tr\/wp-json\/wp\/v2\/product_cat?post=61000"},{"taxonomy":"product_tag","embeddable":true,"href":"https:\/\/sales-ai-agents.com\/tr\/wp-json\/wp\/v2\/product_tag?post=61000"}],"curies":[{"name":"wp","href":"https:\/\/api.w.org\/{rel}","templated":true}]}}