{"id":61006,"date":"2022-09-23T13:44:43","date_gmt":"2022-09-23T13:44:43","guid":{"rendered":"https:\/\/sales-ai-agents.com\/templates\/meeting-agenda\/"},"modified":"2023-12-26T15:21:49","modified_gmt":"2023-12-26T15:21:49","slug":"meeting-agenda","status":"publish","type":"product","link":"https:\/\/sales-ai-agents.com\/tr\/templates\/meeting-agenda\/","title":{"rendered":"Toplant\u0131 G\u00fcndemi"},"content":{"rendered":"<p>&nbsp;<\/p>\n<h2>Toplant\u0131 G\u00fcndemi \u015eablonu<\/h2>\n<p class=\"desc-text\">Bu ajanda, ister bir ofiste, ister \u00fcniversitede veya \u00f6\u011frenim akademisinde \u00e7al\u0131\u015f\u0131yor olun, toplant\u0131lar\u0131 takip etmenize yard\u0131mc\u0131 olur. Ekibinizle g\u00f6r\u00fc\u015fmeden \u00f6nce tamamlanmas\u0131 gereken eylemleri not ederek toplant\u0131lara haz\u0131rlan\u0131n. Tart\u0131\u015f\u0131lacak \u00f6nemli konular\u0131 listeleyin. Dakikalar\u0131n\u0131z\u0131 a\u015fmamak i\u00e7in her tart\u0131\u015fma maddesi i\u00e7in zaman ay\u0131r\u0131n. Grubunuzla payla\u015f\u0131n ki herkes h\u0131zl\u0131ca bilgi sahibi olsun.<\/p>\n<h5>Nas\u0131l kullan\u0131l\u0131r:<\/h5>\n<ul class=\"desc-item_list\">\n<li class=\"desc-item_list__point\">Ayr\u0131nt\u0131lar\u0131 ekleyin ve ekip \u00fcyelerini etiketleyin<\/li>\n<li class=\"desc-item_list__point\">Toplant\u0131dan \u00f6nce tamamlanacak eylemleri haz\u0131rlay\u0131n<\/li>\n<li class=\"desc-item_list__point\">Toplant\u0131ya getirilecek \u00f6\u011feleri listeleyin<\/li>\n<li class=\"desc-item_list__point\">Tart\u0131\u015fma konular\u0131n\u0131 dahil edin<\/li>\n<li class=\"desc-item_list__point\">Her konu i\u00e7in zaman ay\u0131r\u0131n<\/li>\n<\/ul>\n","protected":false},"excerpt":{"rendered":"<p>Bu \u00f6zelle\u015ftirilebilir \u015fablonla toplant\u0131lar\u0131n\u0131z\u0131 takip edin. Tart\u0131\u015f\u0131lacak konular\u0131 listeleyin ve etkili bir toplant\u0131 ak\u0131\u015f\u0131 olu\u015fturmak i\u00e7in bu \u015fablonu ekibinizle payla\u015f\u0131n<\/p>\n","protected":false},"featured_media":61007,"template":"","meta":{"_acf_changed":false,"inline_featured_image":false},"product_brand":[],"product_cat":[267,230],"product_tag":[],"class_list":{"0":"post-61006","1":"product","2":"type-product","3":"status-publish","4":"has-post-thumbnail","6":"product_cat-student","7":"product_cat-meeting","9":"first","10":"instock","11":"virtual","12":"sold-individually","13":"product-type-simple"},"acf":[],"yoast_head":"<!-- This site is optimized with the Yoast SEO plugin v25.3.1 - https:\/\/yoast.com\/wordpress\/plugins\/seo\/ -->\n<title>Toplant\u0131 G\u00fcndemi \u015eablonu - Sales AI Agents<\/title>\n<meta name=\"description\" content=\"Bu \u00f6zelle\u015ftirilebilir \u015fablonla toplant\u0131lar\u0131n\u0131z\u0131 takip edin. Tart\u0131\u015f\u0131lacak konular\u0131 listeleyin ve etkili bir ak\u0131\u015f olu\u015fturmak i\u00e7in bu \u015fablonu ekibinizle payla\u015f\u0131n.\" \/>\n<meta name=\"robots\" content=\"index, follow, max-snippet:-1, max-image-preview:large, max-video-preview:-1\" \/>\n<link rel=\"canonical\" href=\"https:\/\/sales-ai-agents.com\/tr\/templates\/meeting-agenda\/\" \/>\n<meta property=\"og:locale\" content=\"tr_TR\" \/>\n<meta property=\"og:type\" content=\"article\" \/>\n<meta property=\"og:title\" content=\"Toplant\u0131 G\u00fcndemi \u015eablonu - Sales AI Agents\" \/>\n<meta property=\"og:description\" content=\"Bu \u00f6zelle\u015ftirilebilir \u015fablonla toplant\u0131lar\u0131n\u0131z\u0131 takip edin. Tart\u0131\u015f\u0131lacak konular\u0131 listeleyin ve etkili bir ak\u0131\u015f olu\u015fturmak i\u00e7in bu \u015fablonu ekibinizle payla\u015f\u0131n.\" \/>\n<meta property=\"og:url\" content=\"https:\/\/sales-ai-agents.com\/tr\/templates\/meeting-agenda\/\" \/>\n<meta property=\"og:site_name\" content=\"Sales AI Agents\" \/>\n<meta property=\"article:modified_time\" content=\"2023-12-26T15:21:49+00:00\" \/>\n<meta property=\"og:image\" content=\"https:\/\/sales-ai-agents.com\/wp-content\/uploads\/2022\/09\/Meeting-Agenda-Template.png\" \/>\n\t<meta property=\"og:image:width\" content=\"1700\" \/>\n\t<meta property=\"og:image:height\" content=\"1100\" \/>\n\t<meta property=\"og:image:type\" content=\"image\/png\" \/>\n<meta name=\"twitter:card\" content=\"summary_large_image\" \/>\n<script type=\"application\/ld+json\" class=\"yoast-schema-graph\">{\"@context\":\"https:\/\/schema.org\",\"@graph\":[{\"@type\":\"WebPage\",\"@id\":\"https:\/\/sales-ai-agents.com\/tr\/templates\/meeting-agenda\/\",\"url\":\"https:\/\/sales-ai-agents.com\/tr\/templates\/meeting-agenda\/\",\"name\":\"Toplant\u0131 G\u00fcndemi \u015eablonu - Sales AI Agents\",\"isPartOf\":{\"@id\":\"https:\/\/sales-ai-agents.com\/#website\"},\"primaryImageOfPage\":{\"@id\":\"https:\/\/sales-ai-agents.com\/tr\/templates\/meeting-agenda\/#primaryimage\"},\"image\":{\"@id\":\"https:\/\/sales-ai-agents.com\/tr\/templates\/meeting-agenda\/#primaryimage\"},\"thumbnailUrl\":\"https:\/\/sales-ai-agents.com\/wp-content\/uploads\/2022\/09\/Meeting-Agenda-Template.png\",\"datePublished\":\"2022-09-23T13:44:43+00:00\",\"dateModified\":\"2023-12-26T15:21:49+00:00\",\"description\":\"Bu \u00f6zelle\u015ftirilebilir \u015fablonla toplant\u0131lar\u0131n\u0131z\u0131 takip edin. Tart\u0131\u015f\u0131lacak konular\u0131 listeleyin ve etkili bir ak\u0131\u015f olu\u015fturmak i\u00e7in bu \u015fablonu ekibinizle payla\u015f\u0131n.\",\"inLanguage\":\"tr\",\"potentialAction\":[{\"@type\":\"ReadAction\",\"target\":[\"https:\/\/sales-ai-agents.com\/tr\/templates\/meeting-agenda\/\"]}]},{\"@type\":\"ImageObject\",\"inLanguage\":\"tr\",\"@id\":\"https:\/\/sales-ai-agents.com\/tr\/templates\/meeting-agenda\/#primaryimage\",\"url\":\"https:\/\/sales-ai-agents.com\/wp-content\/uploads\/2022\/09\/Meeting-Agenda-Template.png\",\"contentUrl\":\"https:\/\/sales-ai-agents.com\/wp-content\/uploads\/2022\/09\/Meeting-Agenda-Template.png\",\"width\":1700,\"height\":1100},{\"@type\":\"WebSite\",\"@id\":\"https:\/\/sales-ai-agents.com\/#website\",\"url\":\"https:\/\/sales-ai-agents.com\/\",\"name\":\"FuseBase\",\"description\":\"Sales AI Agents - Free Online Collaboration Software for Remote Teams. Build your wikis, client portals and more with the Nimbus Platform collaboration tool ? A perfect space for online work\",\"publisher\":{\"@id\":\"https:\/\/sales-ai-agents.com\/#organization\"},\"potentialAction\":[{\"@type\":\"SearchAction\",\"target\":{\"@type\":\"EntryPoint\",\"urlTemplate\":\"https:\/\/sales-ai-agents.com\/?s={search_term_string}\"},\"query-input\":{\"@type\":\"PropertyValueSpecification\",\"valueRequired\":true,\"valueName\":\"search_term_string\"}}],\"inLanguage\":\"tr\"},{\"@type\":\"Organization\",\"@id\":\"https:\/\/sales-ai-agents.com\/#organization\",\"name\":\"FuseBase\",\"url\":\"https:\/\/sales-ai-agents.com\/\",\"logo\":{\"@type\":\"ImageObject\",\"inLanguage\":\"tr\",\"@id\":\"https:\/\/sales-ai-agents.com\/#\/schema\/logo\/image\/\",\"url\":\"https:\/\/sales-ai-agents.com\/wp-content\/uploads\/2023\/11\/icon-7.svg\",\"contentUrl\":\"https:\/\/sales-ai-agents.com\/wp-content\/uploads\/2023\/11\/icon-7.svg\",\"width\":128,\"height\":128,\"caption\":\"FuseBase\"},\"image\":{\"@id\":\"https:\/\/sales-ai-agents.com\/#\/schema\/logo\/image\/\"}}]}<\/script>\n<!-- \/ Yoast SEO plugin. -->","yoast_head_json":{"title":"Toplant\u0131 G\u00fcndemi \u015eablonu - Sales AI Agents","description":"Bu \u00f6zelle\u015ftirilebilir \u015fablonla toplant\u0131lar\u0131n\u0131z\u0131 takip edin. Tart\u0131\u015f\u0131lacak konular\u0131 listeleyin ve etkili bir ak\u0131\u015f olu\u015fturmak i\u00e7in bu \u015fablonu ekibinizle payla\u015f\u0131n.","robots":{"index":"index","follow":"follow","max-snippet":"max-snippet:-1","max-image-preview":"max-image-preview:large","max-video-preview":"max-video-preview:-1"},"canonical":"https:\/\/sales-ai-agents.com\/tr\/templates\/meeting-agenda\/","og_locale":"tr_TR","og_type":"article","og_title":"Toplant\u0131 G\u00fcndemi \u015eablonu - Sales AI Agents","og_description":"Bu \u00f6zelle\u015ftirilebilir \u015fablonla toplant\u0131lar\u0131n\u0131z\u0131 takip edin. Tart\u0131\u015f\u0131lacak konular\u0131 listeleyin ve etkili bir ak\u0131\u015f olu\u015fturmak i\u00e7in bu \u015fablonu ekibinizle payla\u015f\u0131n.","og_url":"https:\/\/sales-ai-agents.com\/tr\/templates\/meeting-agenda\/","og_site_name":"Sales AI Agents","article_modified_time":"2023-12-26T15:21:49+00:00","og_image":[{"width":1700,"height":1100,"url":"https:\/\/sales-ai-agents.com\/wp-content\/uploads\/2022\/09\/Meeting-Agenda-Template.png","type":"image\/png"}],"twitter_card":"summary_large_image","schema":{"@context":"https:\/\/schema.org","@graph":[{"@type":"WebPage","@id":"https:\/\/sales-ai-agents.com\/tr\/templates\/meeting-agenda\/","url":"https:\/\/sales-ai-agents.com\/tr\/templates\/meeting-agenda\/","name":"Toplant\u0131 G\u00fcndemi \u015eablonu - Sales AI Agents","isPartOf":{"@id":"https:\/\/sales-ai-agents.com\/#website"},"primaryImageOfPage":{"@id":"https:\/\/sales-ai-agents.com\/tr\/templates\/meeting-agenda\/#primaryimage"},"image":{"@id":"https:\/\/sales-ai-agents.com\/tr\/templates\/meeting-agenda\/#primaryimage"},"thumbnailUrl":"https:\/\/sales-ai-agents.com\/wp-content\/uploads\/2022\/09\/Meeting-Agenda-Template.png","datePublished":"2022-09-23T13:44:43+00:00","dateModified":"2023-12-26T15:21:49+00:00","description":"Bu \u00f6zelle\u015ftirilebilir \u015fablonla toplant\u0131lar\u0131n\u0131z\u0131 takip edin. Tart\u0131\u015f\u0131lacak konular\u0131 listeleyin ve etkili bir ak\u0131\u015f olu\u015fturmak i\u00e7in bu \u015fablonu ekibinizle payla\u015f\u0131n.","inLanguage":"tr","potentialAction":[{"@type":"ReadAction","target":["https:\/\/sales-ai-agents.com\/tr\/templates\/meeting-agenda\/"]}]},{"@type":"ImageObject","inLanguage":"tr","@id":"https:\/\/sales-ai-agents.com\/tr\/templates\/meeting-agenda\/#primaryimage","url":"https:\/\/sales-ai-agents.com\/wp-content\/uploads\/2022\/09\/Meeting-Agenda-Template.png","contentUrl":"https:\/\/sales-ai-agents.com\/wp-content\/uploads\/2022\/09\/Meeting-Agenda-Template.png","width":1700,"height":1100},{"@type":"WebSite","@id":"https:\/\/sales-ai-agents.com\/#website","url":"https:\/\/sales-ai-agents.com\/","name":"FuseBase","description":"Sales AI Agents - Free Online Collaboration Software for Remote Teams. Build your wikis, client portals and more with the Nimbus Platform collaboration tool ? A perfect space for online work","publisher":{"@id":"https:\/\/sales-ai-agents.com\/#organization"},"potentialAction":[{"@type":"SearchAction","target":{"@type":"EntryPoint","urlTemplate":"https:\/\/sales-ai-agents.com\/?s={search_term_string}"},"query-input":{"@type":"PropertyValueSpecification","valueRequired":true,"valueName":"search_term_string"}}],"inLanguage":"tr"},{"@type":"Organization","@id":"https:\/\/sales-ai-agents.com\/#organization","name":"FuseBase","url":"https:\/\/sales-ai-agents.com\/","logo":{"@type":"ImageObject","inLanguage":"tr","@id":"https:\/\/sales-ai-agents.com\/#\/schema\/logo\/image\/","url":"https:\/\/sales-ai-agents.com\/wp-content\/uploads\/2023\/11\/icon-7.svg","contentUrl":"https:\/\/sales-ai-agents.com\/wp-content\/uploads\/2023\/11\/icon-7.svg","width":128,"height":128,"caption":"FuseBase"},"image":{"@id":"https:\/\/sales-ai-agents.com\/#\/schema\/logo\/image\/"}}]}},"_links":{"self":[{"href":"https:\/\/sales-ai-agents.com\/tr\/wp-json\/wp\/v2\/product\/61006","targetHints":{"allow":["GET"]}}],"collection":[{"href":"https:\/\/sales-ai-agents.com\/tr\/wp-json\/wp\/v2\/product"}],"about":[{"href":"https:\/\/sales-ai-agents.com\/tr\/wp-json\/wp\/v2\/types\/product"}],"wp:featuredmedia":[{"embeddable":true,"href":"https:\/\/sales-ai-agents.com\/tr\/wp-json\/wp\/v2\/media\/61007"}],"wp:attachment":[{"href":"https:\/\/sales-ai-agents.com\/tr\/wp-json\/wp\/v2\/media?parent=61006"}],"wp:term":[{"taxonomy":"product_brand","embeddable":true,"href":"https:\/\/sales-ai-agents.com\/tr\/wp-json\/wp\/v2\/product_brand?post=61006"},{"taxonomy":"product_cat","embeddable":true,"href":"https:\/\/sales-ai-agents.com\/tr\/wp-json\/wp\/v2\/product_cat?post=61006"},{"taxonomy":"product_tag","embeddable":true,"href":"https:\/\/sales-ai-agents.com\/tr\/wp-json\/wp\/v2\/product_tag?post=61006"}],"curies":[{"name":"wp","href":"https:\/\/api.w.org\/{rel}","templated":true}]}}