{"id":61012,"date":"2022-09-23T13:44:40","date_gmt":"2022-09-23T13:44:40","guid":{"rendered":"https:\/\/sales-ai-agents.com\/templates\/grades-overview\/"},"modified":"2023-12-26T15:29:17","modified_gmt":"2023-12-26T15:29:17","slug":"grades-overview","status":"publish","type":"product","link":"https:\/\/sales-ai-agents.com\/tr\/templates\/grades-overview\/","title":{"rendered":"S\u0131n\u0131flara Genel Bak\u0131\u015f"},"content":{"rendered":"<p>&nbsp;<\/p>\n<h2>Notlara Genel Bak\u0131\u015f \u015eablonu<\/h2>\n<p class=\"desc-text\">Her ay g\u00f6rsel bir tabloda ilerlemeyi g\u00fcncelleyerek \u00f6\u011frencinizin notlar\u0131n\u0131 takip edin. Bireysel veya genel istatistikleri kontrol ederek s\u0131n\u0131f performans\u0131n\u0131 analiz edin. Ay sonunda her \u00f6\u011frencinin her kategorideki ilerlemesini not edin. En iyi \u00f6\u011frencileri i\u015faretleyin ve not d\u00fc\u015f\u00fc\u015flerini takip edin. Gerekirse, not tekrar\u0131 i\u00e7in \u00f6\u011frencilerin belgelerini haz\u0131rlay\u0131n. S\u0131n\u0131f\u0131n ilerlemesini g\u00f6sterin, b\u00f6ylece \u015feffaf veli-\u00f6\u011fretmen ileti\u015fimi d\u00fczenleyebilirsiniz. Her yeni ay i\u00e7in kolayca \u00e7o\u011falt\u0131n ve yeni bir tablo olu\u015fturun.<\/p>\n<h5>Nas\u0131l kullan\u0131l\u0131r:<\/h5>\n<ul class=\"desc-item_list\">\n<li class=\"desc-item_list__point\">\u00d6\u011frencilerinizin adlar\u0131n\u0131 ekleyin<\/li>\n<li class=\"desc-item_list__point\">\u0130lerleme veya derecelendirme \u00e7ubuklar\u0131n\u0131 kullanarak akademik ba\u015far\u0131y\u0131 takip edin<\/li>\n<li class=\"desc-item_list__point\">Ayl\u0131k geri bildirimleri \u00f6zetlemek i\u00e7in etiketler ekleyin<\/li>\n<li class=\"desc-item_list__point\">Her kategori i\u00e7in ortalama y\u00fczde otomatik olarak hesaplan\u0131r<\/li>\n<\/ul>\n","protected":false},"excerpt":{"rendered":"<p>Her ay \u00f6\u011frencilerinizin notlar\u0131n\u0131 kontrol edin ve geli\u015fimlerini takip edin. Her \u00f6\u011frenciyle ilgili istatistiklere bakarak s\u0131n\u0131f performans\u0131n\u0131 kolayca analiz edebilirsiniz.<\/p>\n","protected":false},"featured_media":61013,"template":"","meta":{"_acf_changed":false,"inline_featured_image":false},"product_brand":[],"product_cat":[268],"product_tag":[],"class_list":{"0":"post-61012","1":"product","2":"type-product","3":"status-publish","4":"has-post-thumbnail","6":"product_cat-teacher","8":"first","9":"instock","10":"virtual","11":"sold-individually","12":"product-type-simple"},"acf":[],"yoast_head":"<!-- This site is optimized with the Yoast SEO plugin v25.3.1 - https:\/\/yoast.com\/wordpress\/plugins\/seo\/ -->\n<title>Notlara Genel Bak\u0131\u015f \u015eablonu - Sales AI Agents<\/title>\n<meta name=\"description\" content=\"Her ay \u00f6\u011frencilerinizin notlar\u0131n\u0131 kontrol edin ve geli\u015fimlerini takip edin. Her \u00f6\u011frenciyle ilgili istatistiklere bakarak s\u0131n\u0131f performans\u0131n\u0131 kolayca analiz edebilirsiniz.\" \/>\n<meta name=\"robots\" content=\"index, follow, max-snippet:-1, max-image-preview:large, max-video-preview:-1\" \/>\n<link rel=\"canonical\" href=\"https:\/\/sales-ai-agents.com\/tr\/templates\/grades-overview\/\" \/>\n<meta property=\"og:locale\" content=\"tr_TR\" \/>\n<meta property=\"og:type\" content=\"article\" \/>\n<meta property=\"og:title\" content=\"Notlara Genel Bak\u0131\u015f \u015eablonu - Sales AI Agents\" \/>\n<meta property=\"og:description\" content=\"Her ay \u00f6\u011frencilerinizin notlar\u0131n\u0131 kontrol edin ve geli\u015fimlerini takip edin. Her \u00f6\u011frenciyle ilgili istatistiklere bakarak s\u0131n\u0131f performans\u0131n\u0131 kolayca analiz edebilirsiniz.\" \/>\n<meta property=\"og:url\" content=\"https:\/\/sales-ai-agents.com\/tr\/templates\/grades-overview\/\" \/>\n<meta property=\"og:site_name\" content=\"Sales AI Agents\" \/>\n<meta property=\"article:modified_time\" content=\"2023-12-26T15:29:17+00:00\" \/>\n<meta property=\"og:image\" content=\"https:\/\/sales-ai-agents.com\/wp-content\/uploads\/2023\/01\/image-preview115359.png\" \/>\n\t<meta property=\"og:image:width\" content=\"1078\" \/>\n\t<meta property=\"og:image:height\" content=\"760\" \/>\n\t<meta property=\"og:image:type\" content=\"image\/png\" \/>\n<meta name=\"twitter:card\" content=\"summary_large_image\" \/>\n<script type=\"application\/ld+json\" class=\"yoast-schema-graph\">{\"@context\":\"https:\/\/schema.org\",\"@graph\":[{\"@type\":\"WebPage\",\"@id\":\"https:\/\/sales-ai-agents.com\/tr\/templates\/grades-overview\/\",\"url\":\"https:\/\/sales-ai-agents.com\/tr\/templates\/grades-overview\/\",\"name\":\"Notlara Genel Bak\u0131\u015f \u015eablonu - Sales AI Agents\",\"isPartOf\":{\"@id\":\"https:\/\/sales-ai-agents.com\/#website\"},\"primaryImageOfPage\":{\"@id\":\"https:\/\/sales-ai-agents.com\/tr\/templates\/grades-overview\/#primaryimage\"},\"image\":{\"@id\":\"https:\/\/sales-ai-agents.com\/tr\/templates\/grades-overview\/#primaryimage\"},\"thumbnailUrl\":\"https:\/\/sales-ai-agents.com\/wp-content\/uploads\/2023\/01\/image-preview115359.png\",\"datePublished\":\"2022-09-23T13:44:40+00:00\",\"dateModified\":\"2023-12-26T15:29:17+00:00\",\"description\":\"Her ay \u00f6\u011frencilerinizin notlar\u0131n\u0131 kontrol edin ve geli\u015fimlerini takip edin. Her \u00f6\u011frenciyle ilgili istatistiklere bakarak s\u0131n\u0131f performans\u0131n\u0131 kolayca analiz edebilirsiniz.\",\"inLanguage\":\"tr\",\"potentialAction\":[{\"@type\":\"ReadAction\",\"target\":[\"https:\/\/sales-ai-agents.com\/tr\/templates\/grades-overview\/\"]}]},{\"@type\":\"ImageObject\",\"inLanguage\":\"tr\",\"@id\":\"https:\/\/sales-ai-agents.com\/tr\/templates\/grades-overview\/#primaryimage\",\"url\":\"https:\/\/sales-ai-agents.com\/wp-content\/uploads\/2023\/01\/image-preview115359.png\",\"contentUrl\":\"https:\/\/sales-ai-agents.com\/wp-content\/uploads\/2023\/01\/image-preview115359.png\",\"width\":1078,\"height\":760},{\"@type\":\"WebSite\",\"@id\":\"https:\/\/sales-ai-agents.com\/#website\",\"url\":\"https:\/\/sales-ai-agents.com\/\",\"name\":\"FuseBase\",\"description\":\"Sales AI Agents - Free Online Collaboration Software for Remote Teams. Build your wikis, client portals and more with the Nimbus Platform collaboration tool ? A perfect space for online work\",\"publisher\":{\"@id\":\"https:\/\/sales-ai-agents.com\/#organization\"},\"potentialAction\":[{\"@type\":\"SearchAction\",\"target\":{\"@type\":\"EntryPoint\",\"urlTemplate\":\"https:\/\/sales-ai-agents.com\/?s={search_term_string}\"},\"query-input\":{\"@type\":\"PropertyValueSpecification\",\"valueRequired\":true,\"valueName\":\"search_term_string\"}}],\"inLanguage\":\"tr\"},{\"@type\":\"Organization\",\"@id\":\"https:\/\/sales-ai-agents.com\/#organization\",\"name\":\"FuseBase\",\"url\":\"https:\/\/sales-ai-agents.com\/\",\"logo\":{\"@type\":\"ImageObject\",\"inLanguage\":\"tr\",\"@id\":\"https:\/\/sales-ai-agents.com\/#\/schema\/logo\/image\/\",\"url\":\"https:\/\/sales-ai-agents.com\/wp-content\/uploads\/2023\/11\/icon-7.svg\",\"contentUrl\":\"https:\/\/sales-ai-agents.com\/wp-content\/uploads\/2023\/11\/icon-7.svg\",\"width\":128,\"height\":128,\"caption\":\"FuseBase\"},\"image\":{\"@id\":\"https:\/\/sales-ai-agents.com\/#\/schema\/logo\/image\/\"}}]}<\/script>\n<!-- \/ Yoast SEO plugin. -->","yoast_head_json":{"title":"Notlara Genel Bak\u0131\u015f \u015eablonu - Sales AI Agents","description":"Her ay \u00f6\u011frencilerinizin notlar\u0131n\u0131 kontrol edin ve geli\u015fimlerini takip edin. Her \u00f6\u011frenciyle ilgili istatistiklere bakarak s\u0131n\u0131f performans\u0131n\u0131 kolayca analiz edebilirsiniz.","robots":{"index":"index","follow":"follow","max-snippet":"max-snippet:-1","max-image-preview":"max-image-preview:large","max-video-preview":"max-video-preview:-1"},"canonical":"https:\/\/sales-ai-agents.com\/tr\/templates\/grades-overview\/","og_locale":"tr_TR","og_type":"article","og_title":"Notlara Genel Bak\u0131\u015f \u015eablonu - Sales AI Agents","og_description":"Her ay \u00f6\u011frencilerinizin notlar\u0131n\u0131 kontrol edin ve geli\u015fimlerini takip edin. Her \u00f6\u011frenciyle ilgili istatistiklere bakarak s\u0131n\u0131f performans\u0131n\u0131 kolayca analiz edebilirsiniz.","og_url":"https:\/\/sales-ai-agents.com\/tr\/templates\/grades-overview\/","og_site_name":"Sales AI Agents","article_modified_time":"2023-12-26T15:29:17+00:00","og_image":[{"width":1078,"height":760,"url":"https:\/\/sales-ai-agents.com\/wp-content\/uploads\/2023\/01\/image-preview115359.png","type":"image\/png"}],"twitter_card":"summary_large_image","schema":{"@context":"https:\/\/schema.org","@graph":[{"@type":"WebPage","@id":"https:\/\/sales-ai-agents.com\/tr\/templates\/grades-overview\/","url":"https:\/\/sales-ai-agents.com\/tr\/templates\/grades-overview\/","name":"Notlara Genel Bak\u0131\u015f \u015eablonu - Sales AI Agents","isPartOf":{"@id":"https:\/\/sales-ai-agents.com\/#website"},"primaryImageOfPage":{"@id":"https:\/\/sales-ai-agents.com\/tr\/templates\/grades-overview\/#primaryimage"},"image":{"@id":"https:\/\/sales-ai-agents.com\/tr\/templates\/grades-overview\/#primaryimage"},"thumbnailUrl":"https:\/\/sales-ai-agents.com\/wp-content\/uploads\/2023\/01\/image-preview115359.png","datePublished":"2022-09-23T13:44:40+00:00","dateModified":"2023-12-26T15:29:17+00:00","description":"Her ay \u00f6\u011frencilerinizin notlar\u0131n\u0131 kontrol edin ve geli\u015fimlerini takip edin. Her \u00f6\u011frenciyle ilgili istatistiklere bakarak s\u0131n\u0131f performans\u0131n\u0131 kolayca analiz edebilirsiniz.","inLanguage":"tr","potentialAction":[{"@type":"ReadAction","target":["https:\/\/sales-ai-agents.com\/tr\/templates\/grades-overview\/"]}]},{"@type":"ImageObject","inLanguage":"tr","@id":"https:\/\/sales-ai-agents.com\/tr\/templates\/grades-overview\/#primaryimage","url":"https:\/\/sales-ai-agents.com\/wp-content\/uploads\/2023\/01\/image-preview115359.png","contentUrl":"https:\/\/sales-ai-agents.com\/wp-content\/uploads\/2023\/01\/image-preview115359.png","width":1078,"height":760},{"@type":"WebSite","@id":"https:\/\/sales-ai-agents.com\/#website","url":"https:\/\/sales-ai-agents.com\/","name":"FuseBase","description":"Sales AI Agents - Free Online Collaboration Software for Remote Teams. Build your wikis, client portals and more with the Nimbus Platform collaboration tool ? A perfect space for online work","publisher":{"@id":"https:\/\/sales-ai-agents.com\/#organization"},"potentialAction":[{"@type":"SearchAction","target":{"@type":"EntryPoint","urlTemplate":"https:\/\/sales-ai-agents.com\/?s={search_term_string}"},"query-input":{"@type":"PropertyValueSpecification","valueRequired":true,"valueName":"search_term_string"}}],"inLanguage":"tr"},{"@type":"Organization","@id":"https:\/\/sales-ai-agents.com\/#organization","name":"FuseBase","url":"https:\/\/sales-ai-agents.com\/","logo":{"@type":"ImageObject","inLanguage":"tr","@id":"https:\/\/sales-ai-agents.com\/#\/schema\/logo\/image\/","url":"https:\/\/sales-ai-agents.com\/wp-content\/uploads\/2023\/11\/icon-7.svg","contentUrl":"https:\/\/sales-ai-agents.com\/wp-content\/uploads\/2023\/11\/icon-7.svg","width":128,"height":128,"caption":"FuseBase"},"image":{"@id":"https:\/\/sales-ai-agents.com\/#\/schema\/logo\/image\/"}}]}},"_links":{"self":[{"href":"https:\/\/sales-ai-agents.com\/tr\/wp-json\/wp\/v2\/product\/61012","targetHints":{"allow":["GET"]}}],"collection":[{"href":"https:\/\/sales-ai-agents.com\/tr\/wp-json\/wp\/v2\/product"}],"about":[{"href":"https:\/\/sales-ai-agents.com\/tr\/wp-json\/wp\/v2\/types\/product"}],"wp:featuredmedia":[{"embeddable":true,"href":"https:\/\/sales-ai-agents.com\/tr\/wp-json\/wp\/v2\/media\/61013"}],"wp:attachment":[{"href":"https:\/\/sales-ai-agents.com\/tr\/wp-json\/wp\/v2\/media?parent=61012"}],"wp:term":[{"taxonomy":"product_brand","embeddable":true,"href":"https:\/\/sales-ai-agents.com\/tr\/wp-json\/wp\/v2\/product_brand?post=61012"},{"taxonomy":"product_cat","embeddable":true,"href":"https:\/\/sales-ai-agents.com\/tr\/wp-json\/wp\/v2\/product_cat?post=61012"},{"taxonomy":"product_tag","embeddable":true,"href":"https:\/\/sales-ai-agents.com\/tr\/wp-json\/wp\/v2\/product_tag?post=61012"}],"curies":[{"name":"wp","href":"https:\/\/api.w.org\/{rel}","templated":true}]}}