{"id":61017,"date":"2022-09-23T13:44:37","date_gmt":"2022-09-23T13:44:37","guid":{"rendered":"https:\/\/sales-ai-agents.com\/templates\/eisenhower-matrix\/"},"modified":"2023-12-26T14:43:27","modified_gmt":"2023-12-26T14:43:27","slug":"eisenhower-matrix","status":"publish","type":"product","link":"https:\/\/sales-ai-agents.com\/tr\/templates\/eisenhower-matrix\/","title":{"rendered":"Eisenhower Matrisi"},"content":{"rendered":"<p>&nbsp;<\/p>\n<h2>Eisenhower Matris \u015eablonu<\/h2>\n<p class=\"desc-text\">Bazen say\u0131s\u0131z g\u00f6rev sizi bunaltabilir. Yap\u0131lacaklar listesine sahip olmak \u00f6nemli hi\u00e7bir \u015feyi unutmaman\u0131za yard\u0131mc\u0131 olur, ancak net, ad\u0131m ad\u0131m ilerleyen bir yol haritas\u0131 sunmaz. Tutarl\u0131 bir eylem plan\u0131 haz\u0131rlamak istiyorsan\u0131z, Eisenhower Matrisi \u015eablonunu kullan\u0131n. Her g\u00f6rev i\u00e7in \u00f6nem ve aciliyeti tan\u0131mlay\u0131n. Ard\u0131ndan, her bir g\u00f6revi ilgili \u00e7eyre\u011fe yerle\u015ftirin. Baz\u0131 g\u00f6revleri tamamlad\u0131\u011f\u0131n\u0131zda, bunlar\u0131 &#8220;Yap\u0131ld\u0131&#8221; b\u00f6l\u00fcm\u00fcne ta\u015f\u0131y\u0131n.<\/p>\n<p>Bu \u015fablon Nimbus kullan\u0131c\u0131s\u0131 Dawa Law taraf\u0131ndan olu\u015fturulmu\u015ftur. Art\u0131k her Nimbus vatanda\u015f\u0131 daha \u00fcretken olmak i\u00e7in bunu kullanabilir. B\u00f6yle harika bir toplulu\u011fa sahip oldu\u011fumuz i\u00e7in minnettar\u0131z ve gurur duyuyoruz!<\/p>\n<h5>Nas\u0131l kullan\u0131l\u0131r:<\/h5>\n<ul class=\"desc-item_list\">\n<li class=\"desc-item_list__point\">T\u00fcm \u00f6devlerinizi yaz\u0131n.<\/li>\n<li class=\"desc-item_list__point\">Her g\u00f6rev i\u00e7in bir kategori belirleyin, ilgili kadrana s\u00fcr\u00fckleyip b\u0131rak\u0131n.<\/li>\n<li class=\"desc-item_list__point\">Yap\u0131n, Karar Verin ve Delege Edin!<\/li>\n<li class=\"desc-item_list__point\">Tamamlanan g\u00f6revleri &#8220;Bitti&#8221; b\u00f6l\u00fcm\u00fcne ta\u015f\u0131y\u0131n. Bunlar \u00fczerinde d\u00fc\u015f\u00fcn\u00fcn ve yeni g\u00f6revlere ge\u00e7in!<\/li>\n<\/ul>\n","protected":false},"excerpt":{"rendered":"<p>Haz\u0131r ki\u015fiselle\u015ftirilebilir \u015fablon ile g\u00f6revlerinizi nas\u0131l y\u00f6netece\u011finizi ve \u00f6nceliklendirece\u011finizi \u00f6\u011frenin. Eisenhower Matrisini doldurun ve tutarl\u0131 bir eylem plan\u0131 olu\u015fturun.<\/p>\n","protected":false},"featured_media":61018,"template":"","meta":{"_acf_changed":false,"inline_featured_image":false},"product_brand":[],"product_cat":[257,266,256],"product_tag":[],"class_list":{"0":"post-61017","1":"product","2":"type-product","3":"status-publish","4":"has-post-thumbnail","6":"product_cat-personal","7":"product_cat-personal-work","8":"product_cat-organizers-planners","10":"first","11":"instock","12":"virtual","13":"sold-individually","14":"product-type-simple"},"acf":[],"yoast_head":"<!-- This site is optimized with the Yoast SEO plugin v25.3.1 - https:\/\/yoast.com\/wordpress\/plugins\/seo\/ -->\n<title>Eisenhower Matris \u015eablonu - Sales AI Agents<\/title>\n<meta name=\"description\" content=\"Haz\u0131r ki\u015fiselle\u015ftirilebilir \u015fablon ile g\u00f6revlerinizi nas\u0131l y\u00f6netece\u011finizi ve \u00f6nceliklendirece\u011finizi \u00f6\u011frenin. Eisenhower Matrisini doldurun ve tutarl\u0131 bir eylem plan\u0131 olu\u015fturun\" \/>\n<meta name=\"robots\" content=\"index, follow, max-snippet:-1, max-image-preview:large, max-video-preview:-1\" \/>\n<link rel=\"canonical\" href=\"https:\/\/sales-ai-agents.com\/tr\/templates\/eisenhower-matrix\/\" \/>\n<meta property=\"og:locale\" content=\"tr_TR\" \/>\n<meta property=\"og:type\" content=\"article\" \/>\n<meta property=\"og:title\" content=\"Eisenhower Matris \u015eablonu - Sales AI Agents\" \/>\n<meta property=\"og:description\" content=\"Haz\u0131r ki\u015fiselle\u015ftirilebilir \u015fablon ile g\u00f6revlerinizi nas\u0131l y\u00f6netece\u011finizi ve \u00f6nceliklendirece\u011finizi \u00f6\u011frenin. Eisenhower Matrisini doldurun ve tutarl\u0131 bir eylem plan\u0131 olu\u015fturun\" \/>\n<meta property=\"og:url\" content=\"https:\/\/sales-ai-agents.com\/tr\/templates\/eisenhower-matrix\/\" \/>\n<meta property=\"og:site_name\" content=\"Sales AI Agents\" \/>\n<meta property=\"article:modified_time\" content=\"2023-12-26T14:43:27+00:00\" \/>\n<meta property=\"og:image\" content=\"https:\/\/sales-ai-agents.com\/wp-content\/uploads\/2022\/09\/Eisenhower-Matrix-Template.png\" \/>\n\t<meta property=\"og:image:width\" content=\"1700\" \/>\n\t<meta property=\"og:image:height\" content=\"1100\" \/>\n\t<meta property=\"og:image:type\" content=\"image\/png\" \/>\n<meta name=\"twitter:card\" content=\"summary_large_image\" \/>\n<script type=\"application\/ld+json\" class=\"yoast-schema-graph\">{\"@context\":\"https:\/\/schema.org\",\"@graph\":[{\"@type\":\"WebPage\",\"@id\":\"https:\/\/sales-ai-agents.com\/tr\/templates\/eisenhower-matrix\/\",\"url\":\"https:\/\/sales-ai-agents.com\/tr\/templates\/eisenhower-matrix\/\",\"name\":\"Eisenhower Matris \u015eablonu - Sales AI Agents\",\"isPartOf\":{\"@id\":\"https:\/\/sales-ai-agents.com\/#website\"},\"primaryImageOfPage\":{\"@id\":\"https:\/\/sales-ai-agents.com\/tr\/templates\/eisenhower-matrix\/#primaryimage\"},\"image\":{\"@id\":\"https:\/\/sales-ai-agents.com\/tr\/templates\/eisenhower-matrix\/#primaryimage\"},\"thumbnailUrl\":\"https:\/\/sales-ai-agents.com\/wp-content\/uploads\/2022\/09\/Eisenhower-Matrix-Template.png\",\"datePublished\":\"2022-09-23T13:44:37+00:00\",\"dateModified\":\"2023-12-26T14:43:27+00:00\",\"description\":\"Haz\u0131r ki\u015fiselle\u015ftirilebilir \u015fablon ile g\u00f6revlerinizi nas\u0131l y\u00f6netece\u011finizi ve \u00f6nceliklendirece\u011finizi \u00f6\u011frenin. Eisenhower Matrisini doldurun ve tutarl\u0131 bir eylem plan\u0131 olu\u015fturun\",\"inLanguage\":\"tr\",\"potentialAction\":[{\"@type\":\"ReadAction\",\"target\":[\"https:\/\/sales-ai-agents.com\/tr\/templates\/eisenhower-matrix\/\"]}]},{\"@type\":\"ImageObject\",\"inLanguage\":\"tr\",\"@id\":\"https:\/\/sales-ai-agents.com\/tr\/templates\/eisenhower-matrix\/#primaryimage\",\"url\":\"https:\/\/sales-ai-agents.com\/wp-content\/uploads\/2022\/09\/Eisenhower-Matrix-Template.png\",\"contentUrl\":\"https:\/\/sales-ai-agents.com\/wp-content\/uploads\/2022\/09\/Eisenhower-Matrix-Template.png\",\"width\":1700,\"height\":1100},{\"@type\":\"WebSite\",\"@id\":\"https:\/\/sales-ai-agents.com\/#website\",\"url\":\"https:\/\/sales-ai-agents.com\/\",\"name\":\"FuseBase\",\"description\":\"Sales AI Agents - Free Online Collaboration Software for Remote Teams. Build your wikis, client portals and more with the Nimbus Platform collaboration tool ? A perfect space for online work\",\"publisher\":{\"@id\":\"https:\/\/sales-ai-agents.com\/#organization\"},\"potentialAction\":[{\"@type\":\"SearchAction\",\"target\":{\"@type\":\"EntryPoint\",\"urlTemplate\":\"https:\/\/sales-ai-agents.com\/?s={search_term_string}\"},\"query-input\":{\"@type\":\"PropertyValueSpecification\",\"valueRequired\":true,\"valueName\":\"search_term_string\"}}],\"inLanguage\":\"tr\"},{\"@type\":\"Organization\",\"@id\":\"https:\/\/sales-ai-agents.com\/#organization\",\"name\":\"FuseBase\",\"url\":\"https:\/\/sales-ai-agents.com\/\",\"logo\":{\"@type\":\"ImageObject\",\"inLanguage\":\"tr\",\"@id\":\"https:\/\/sales-ai-agents.com\/#\/schema\/logo\/image\/\",\"url\":\"https:\/\/sales-ai-agents.com\/wp-content\/uploads\/2023\/11\/icon-7.svg\",\"contentUrl\":\"https:\/\/sales-ai-agents.com\/wp-content\/uploads\/2023\/11\/icon-7.svg\",\"width\":128,\"height\":128,\"caption\":\"FuseBase\"},\"image\":{\"@id\":\"https:\/\/sales-ai-agents.com\/#\/schema\/logo\/image\/\"}}]}<\/script>\n<!-- \/ Yoast SEO plugin. -->","yoast_head_json":{"title":"Eisenhower Matris \u015eablonu - Sales AI Agents","description":"Haz\u0131r ki\u015fiselle\u015ftirilebilir \u015fablon ile g\u00f6revlerinizi nas\u0131l y\u00f6netece\u011finizi ve \u00f6nceliklendirece\u011finizi \u00f6\u011frenin. Eisenhower Matrisini doldurun ve tutarl\u0131 bir eylem plan\u0131 olu\u015fturun","robots":{"index":"index","follow":"follow","max-snippet":"max-snippet:-1","max-image-preview":"max-image-preview:large","max-video-preview":"max-video-preview:-1"},"canonical":"https:\/\/sales-ai-agents.com\/tr\/templates\/eisenhower-matrix\/","og_locale":"tr_TR","og_type":"article","og_title":"Eisenhower Matris \u015eablonu - Sales AI Agents","og_description":"Haz\u0131r ki\u015fiselle\u015ftirilebilir \u015fablon ile g\u00f6revlerinizi nas\u0131l y\u00f6netece\u011finizi ve \u00f6nceliklendirece\u011finizi \u00f6\u011frenin. Eisenhower Matrisini doldurun ve tutarl\u0131 bir eylem plan\u0131 olu\u015fturun","og_url":"https:\/\/sales-ai-agents.com\/tr\/templates\/eisenhower-matrix\/","og_site_name":"Sales AI Agents","article_modified_time":"2023-12-26T14:43:27+00:00","og_image":[{"width":1700,"height":1100,"url":"https:\/\/sales-ai-agents.com\/wp-content\/uploads\/2022\/09\/Eisenhower-Matrix-Template.png","type":"image\/png"}],"twitter_card":"summary_large_image","schema":{"@context":"https:\/\/schema.org","@graph":[{"@type":"WebPage","@id":"https:\/\/sales-ai-agents.com\/tr\/templates\/eisenhower-matrix\/","url":"https:\/\/sales-ai-agents.com\/tr\/templates\/eisenhower-matrix\/","name":"Eisenhower Matris \u015eablonu - Sales AI Agents","isPartOf":{"@id":"https:\/\/sales-ai-agents.com\/#website"},"primaryImageOfPage":{"@id":"https:\/\/sales-ai-agents.com\/tr\/templates\/eisenhower-matrix\/#primaryimage"},"image":{"@id":"https:\/\/sales-ai-agents.com\/tr\/templates\/eisenhower-matrix\/#primaryimage"},"thumbnailUrl":"https:\/\/sales-ai-agents.com\/wp-content\/uploads\/2022\/09\/Eisenhower-Matrix-Template.png","datePublished":"2022-09-23T13:44:37+00:00","dateModified":"2023-12-26T14:43:27+00:00","description":"Haz\u0131r ki\u015fiselle\u015ftirilebilir \u015fablon ile g\u00f6revlerinizi nas\u0131l y\u00f6netece\u011finizi ve \u00f6nceliklendirece\u011finizi \u00f6\u011frenin. Eisenhower Matrisini doldurun ve tutarl\u0131 bir eylem plan\u0131 olu\u015fturun","inLanguage":"tr","potentialAction":[{"@type":"ReadAction","target":["https:\/\/sales-ai-agents.com\/tr\/templates\/eisenhower-matrix\/"]}]},{"@type":"ImageObject","inLanguage":"tr","@id":"https:\/\/sales-ai-agents.com\/tr\/templates\/eisenhower-matrix\/#primaryimage","url":"https:\/\/sales-ai-agents.com\/wp-content\/uploads\/2022\/09\/Eisenhower-Matrix-Template.png","contentUrl":"https:\/\/sales-ai-agents.com\/wp-content\/uploads\/2022\/09\/Eisenhower-Matrix-Template.png","width":1700,"height":1100},{"@type":"WebSite","@id":"https:\/\/sales-ai-agents.com\/#website","url":"https:\/\/sales-ai-agents.com\/","name":"FuseBase","description":"Sales AI Agents - Free Online Collaboration Software for Remote Teams. Build your wikis, client portals and more with the Nimbus Platform collaboration tool ? A perfect space for online work","publisher":{"@id":"https:\/\/sales-ai-agents.com\/#organization"},"potentialAction":[{"@type":"SearchAction","target":{"@type":"EntryPoint","urlTemplate":"https:\/\/sales-ai-agents.com\/?s={search_term_string}"},"query-input":{"@type":"PropertyValueSpecification","valueRequired":true,"valueName":"search_term_string"}}],"inLanguage":"tr"},{"@type":"Organization","@id":"https:\/\/sales-ai-agents.com\/#organization","name":"FuseBase","url":"https:\/\/sales-ai-agents.com\/","logo":{"@type":"ImageObject","inLanguage":"tr","@id":"https:\/\/sales-ai-agents.com\/#\/schema\/logo\/image\/","url":"https:\/\/sales-ai-agents.com\/wp-content\/uploads\/2023\/11\/icon-7.svg","contentUrl":"https:\/\/sales-ai-agents.com\/wp-content\/uploads\/2023\/11\/icon-7.svg","width":128,"height":128,"caption":"FuseBase"},"image":{"@id":"https:\/\/sales-ai-agents.com\/#\/schema\/logo\/image\/"}}]}},"_links":{"self":[{"href":"https:\/\/sales-ai-agents.com\/tr\/wp-json\/wp\/v2\/product\/61017","targetHints":{"allow":["GET"]}}],"collection":[{"href":"https:\/\/sales-ai-agents.com\/tr\/wp-json\/wp\/v2\/product"}],"about":[{"href":"https:\/\/sales-ai-agents.com\/tr\/wp-json\/wp\/v2\/types\/product"}],"wp:featuredmedia":[{"embeddable":true,"href":"https:\/\/sales-ai-agents.com\/tr\/wp-json\/wp\/v2\/media\/61018"}],"wp:attachment":[{"href":"https:\/\/sales-ai-agents.com\/tr\/wp-json\/wp\/v2\/media?parent=61017"}],"wp:term":[{"taxonomy":"product_brand","embeddable":true,"href":"https:\/\/sales-ai-agents.com\/tr\/wp-json\/wp\/v2\/product_brand?post=61017"},{"taxonomy":"product_cat","embeddable":true,"href":"https:\/\/sales-ai-agents.com\/tr\/wp-json\/wp\/v2\/product_cat?post=61017"},{"taxonomy":"product_tag","embeddable":true,"href":"https:\/\/sales-ai-agents.com\/tr\/wp-json\/wp\/v2\/product_tag?post=61017"}],"curies":[{"name":"wp","href":"https:\/\/api.w.org\/{rel}","templated":true}]}}