{"id":61022,"date":"2022-09-23T13:44:34","date_gmt":"2022-09-23T13:44:34","guid":{"rendered":"https:\/\/sales-ai-agents.com\/templates\/yearly-performance-review\/"},"modified":"2024-01-02T11:26:22","modified_gmt":"2024-01-02T11:26:22","slug":"yearly-performance-review","status":"publish","type":"product","link":"https:\/\/sales-ai-agents.com\/tr\/templates\/yearly-performance-review\/","title":{"rendered":"Y\u0131ll\u0131k Performans De\u011ferlendirmesi"},"content":{"rendered":"<p>&nbsp;<\/p>\n<h2>Y\u0131ll\u0131k Performans De\u011ferlendirme \u015eablonu<\/h2>\n<p class=\"desc-text\">Y\u0131ll\u0131k performans de\u011ferlendirmeleri bir \u00e7al\u0131\u015fan\u0131n mesleki geli\u015fimine katk\u0131da bulunur. De\u011ferlendirmeler ayn\u0131 zamanda \u00e7al\u0131\u015fanlar\u0131 motive eder ve onlara \u015firkete katk\u0131da bulunman\u0131n yollar\u0131n\u0131 hat\u0131rlat\u0131r. Bu performans de\u011ferlendirme \u015fablonuyla, g\u00f6zden ge\u00e7irenler yap\u0131c\u0131 geri bildirimler sunabilir. Ayr\u0131ca hedefleri eklemek ve bir \u00f6nceki y\u0131l\u0131 de\u011ferlendirmek i\u00e7in bir b\u00f6l\u00fcm de bulunmaktad\u0131r.<\/p>\n<h5>Nas\u0131l kullan\u0131l\u0131r:<\/h5>\n<ul class=\"desc-item_list\">\n<li class=\"desc-item_list__point\">De\u011ferlendirme ile ilgili ayr\u0131nt\u0131lar\u0131 doldurun<\/li>\n<li class=\"desc-item_list__point\">\u00c7al\u0131\u015fan\u0131 de\u011ferlendirmek i\u00e7in uygun onay kutusunu i\u015faretleyin<\/li>\n<li class=\"desc-item_list__point\">Gerekti\u011finde tabloya ekleyin veya tablodan silin<\/li>\n<li class=\"desc-item_list__point\">\u00c7al\u0131\u015fan\u0131n ula\u015ft\u0131\u011f\u0131 hedefleri listeleyin<\/li>\n<li class=\"desc-item_list__point\">\u00d6n\u00fcm\u00fczdeki y\u0131l i\u00e7in yeni hedefler olu\u015fturun<\/li>\n<\/ul>\n","protected":false},"excerpt":{"rendered":"<p>Ekibinizin ve sizin bu y\u0131l neler yapt\u0131\u011f\u0131n\u0131za geriye d\u00f6n\u00fcp bak\u0131n. Ekibinizi daha y\u00fcksek sonu\u00e7lar i\u00e7in motive etmek ve mevcut ilerlemeyi belirtmek i\u00e7in g\u00f6zden ge\u00e7irme formunu doldurun.<\/p>\n","protected":false},"featured_media":61023,"template":"","meta":{"_acf_changed":false,"inline_featured_image":false},"product_brand":[],"product_cat":[218],"product_tag":[],"class_list":{"0":"post-61022","1":"product","2":"type-product","3":"status-publish","4":"has-post-thumbnail","6":"product_cat-operations","8":"first","9":"instock","10":"virtual","11":"sold-individually","12":"product-type-simple"},"acf":[],"yoast_head":"<!-- This site is optimized with the Yoast SEO plugin v25.3.1 - https:\/\/yoast.com\/wordpress\/plugins\/seo\/ -->\n<title>Y\u0131ll\u0131k Performans De\u011ferlendirme \u015eablonu - Sales AI Agents<\/title>\n<meta name=\"description\" content=\"Ekibinizin ve sizin bu y\u0131l neler yapt\u0131\u011f\u0131n\u0131za d\u00f6n\u00fcp bir bak\u0131n. Ekibinizi daha y\u00fcksek sonu\u00e7lar i\u00e7in motive etmek ve mevcut ilerlemeyi belirtmek i\u00e7in g\u00f6zden ge\u00e7irme formunu doldurun\" \/>\n<meta name=\"robots\" content=\"index, follow, max-snippet:-1, max-image-preview:large, max-video-preview:-1\" \/>\n<link rel=\"canonical\" href=\"https:\/\/sales-ai-agents.com\/tr\/templates\/yearly-performance-review\/\" \/>\n<meta property=\"og:locale\" content=\"tr_TR\" \/>\n<meta property=\"og:type\" content=\"article\" \/>\n<meta property=\"og:title\" content=\"Y\u0131ll\u0131k Performans De\u011ferlendirme \u015eablonu - Sales AI Agents\" \/>\n<meta property=\"og:description\" content=\"Ekibinizin ve sizin bu y\u0131l neler yapt\u0131\u011f\u0131n\u0131za d\u00f6n\u00fcp bir bak\u0131n. Ekibinizi daha y\u00fcksek sonu\u00e7lar i\u00e7in motive etmek ve mevcut ilerlemeyi belirtmek i\u00e7in g\u00f6zden ge\u00e7irme formunu doldurun\" \/>\n<meta property=\"og:url\" content=\"https:\/\/sales-ai-agents.com\/tr\/templates\/yearly-performance-review\/\" \/>\n<meta property=\"og:site_name\" content=\"Sales AI Agents\" \/>\n<meta property=\"article:modified_time\" content=\"2024-01-02T11:26:22+00:00\" \/>\n<meta property=\"og:image\" content=\"https:\/\/sales-ai-agents.com\/wp-content\/uploads\/2023\/01\/image-preview113634.png\" \/>\n\t<meta property=\"og:image:width\" content=\"1078\" \/>\n\t<meta property=\"og:image:height\" content=\"1567\" \/>\n\t<meta property=\"og:image:type\" content=\"image\/png\" \/>\n<meta name=\"twitter:card\" content=\"summary_large_image\" \/>\n<script type=\"application\/ld+json\" class=\"yoast-schema-graph\">{\"@context\":\"https:\/\/schema.org\",\"@graph\":[{\"@type\":\"WebPage\",\"@id\":\"https:\/\/sales-ai-agents.com\/tr\/templates\/yearly-performance-review\/\",\"url\":\"https:\/\/sales-ai-agents.com\/tr\/templates\/yearly-performance-review\/\",\"name\":\"Y\u0131ll\u0131k Performans De\u011ferlendirme \u015eablonu - Sales AI Agents\",\"isPartOf\":{\"@id\":\"https:\/\/sales-ai-agents.com\/#website\"},\"primaryImageOfPage\":{\"@id\":\"https:\/\/sales-ai-agents.com\/tr\/templates\/yearly-performance-review\/#primaryimage\"},\"image\":{\"@id\":\"https:\/\/sales-ai-agents.com\/tr\/templates\/yearly-performance-review\/#primaryimage\"},\"thumbnailUrl\":\"https:\/\/sales-ai-agents.com\/wp-content\/uploads\/2023\/01\/image-preview113634.png\",\"datePublished\":\"2022-09-23T13:44:34+00:00\",\"dateModified\":\"2024-01-02T11:26:22+00:00\",\"description\":\"Ekibinizin ve sizin bu y\u0131l neler yapt\u0131\u011f\u0131n\u0131za d\u00f6n\u00fcp bir bak\u0131n. Ekibinizi daha y\u00fcksek sonu\u00e7lar i\u00e7in motive etmek ve mevcut ilerlemeyi belirtmek i\u00e7in g\u00f6zden ge\u00e7irme formunu doldurun\",\"inLanguage\":\"tr\",\"potentialAction\":[{\"@type\":\"ReadAction\",\"target\":[\"https:\/\/sales-ai-agents.com\/tr\/templates\/yearly-performance-review\/\"]}]},{\"@type\":\"ImageObject\",\"inLanguage\":\"tr\",\"@id\":\"https:\/\/sales-ai-agents.com\/tr\/templates\/yearly-performance-review\/#primaryimage\",\"url\":\"https:\/\/sales-ai-agents.com\/wp-content\/uploads\/2023\/01\/image-preview113634.png\",\"contentUrl\":\"https:\/\/sales-ai-agents.com\/wp-content\/uploads\/2023\/01\/image-preview113634.png\",\"width\":1078,\"height\":1567},{\"@type\":\"WebSite\",\"@id\":\"https:\/\/sales-ai-agents.com\/#website\",\"url\":\"https:\/\/sales-ai-agents.com\/\",\"name\":\"FuseBase\",\"description\":\"Sales AI Agents - Free Online Collaboration Software for Remote Teams. Build your wikis, client portals and more with the Nimbus Platform collaboration tool ? A perfect space for online work\",\"publisher\":{\"@id\":\"https:\/\/sales-ai-agents.com\/#organization\"},\"potentialAction\":[{\"@type\":\"SearchAction\",\"target\":{\"@type\":\"EntryPoint\",\"urlTemplate\":\"https:\/\/sales-ai-agents.com\/?s={search_term_string}\"},\"query-input\":{\"@type\":\"PropertyValueSpecification\",\"valueRequired\":true,\"valueName\":\"search_term_string\"}}],\"inLanguage\":\"tr\"},{\"@type\":\"Organization\",\"@id\":\"https:\/\/sales-ai-agents.com\/#organization\",\"name\":\"FuseBase\",\"url\":\"https:\/\/sales-ai-agents.com\/\",\"logo\":{\"@type\":\"ImageObject\",\"inLanguage\":\"tr\",\"@id\":\"https:\/\/sales-ai-agents.com\/#\/schema\/logo\/image\/\",\"url\":\"https:\/\/sales-ai-agents.com\/wp-content\/uploads\/2023\/11\/icon-7.svg\",\"contentUrl\":\"https:\/\/sales-ai-agents.com\/wp-content\/uploads\/2023\/11\/icon-7.svg\",\"width\":128,\"height\":128,\"caption\":\"FuseBase\"},\"image\":{\"@id\":\"https:\/\/sales-ai-agents.com\/#\/schema\/logo\/image\/\"}}]}<\/script>\n<!-- \/ Yoast SEO plugin. -->","yoast_head_json":{"title":"Y\u0131ll\u0131k Performans De\u011ferlendirme \u015eablonu - Sales AI Agents","description":"Ekibinizin ve sizin bu y\u0131l neler yapt\u0131\u011f\u0131n\u0131za d\u00f6n\u00fcp bir bak\u0131n. Ekibinizi daha y\u00fcksek sonu\u00e7lar i\u00e7in motive etmek ve mevcut ilerlemeyi belirtmek i\u00e7in g\u00f6zden ge\u00e7irme formunu doldurun","robots":{"index":"index","follow":"follow","max-snippet":"max-snippet:-1","max-image-preview":"max-image-preview:large","max-video-preview":"max-video-preview:-1"},"canonical":"https:\/\/sales-ai-agents.com\/tr\/templates\/yearly-performance-review\/","og_locale":"tr_TR","og_type":"article","og_title":"Y\u0131ll\u0131k Performans De\u011ferlendirme \u015eablonu - Sales AI Agents","og_description":"Ekibinizin ve sizin bu y\u0131l neler yapt\u0131\u011f\u0131n\u0131za d\u00f6n\u00fcp bir bak\u0131n. Ekibinizi daha y\u00fcksek sonu\u00e7lar i\u00e7in motive etmek ve mevcut ilerlemeyi belirtmek i\u00e7in g\u00f6zden ge\u00e7irme formunu doldurun","og_url":"https:\/\/sales-ai-agents.com\/tr\/templates\/yearly-performance-review\/","og_site_name":"Sales AI Agents","article_modified_time":"2024-01-02T11:26:22+00:00","og_image":[{"width":1078,"height":1567,"url":"https:\/\/sales-ai-agents.com\/wp-content\/uploads\/2023\/01\/image-preview113634.png","type":"image\/png"}],"twitter_card":"summary_large_image","schema":{"@context":"https:\/\/schema.org","@graph":[{"@type":"WebPage","@id":"https:\/\/sales-ai-agents.com\/tr\/templates\/yearly-performance-review\/","url":"https:\/\/sales-ai-agents.com\/tr\/templates\/yearly-performance-review\/","name":"Y\u0131ll\u0131k Performans De\u011ferlendirme \u015eablonu - Sales AI Agents","isPartOf":{"@id":"https:\/\/sales-ai-agents.com\/#website"},"primaryImageOfPage":{"@id":"https:\/\/sales-ai-agents.com\/tr\/templates\/yearly-performance-review\/#primaryimage"},"image":{"@id":"https:\/\/sales-ai-agents.com\/tr\/templates\/yearly-performance-review\/#primaryimage"},"thumbnailUrl":"https:\/\/sales-ai-agents.com\/wp-content\/uploads\/2023\/01\/image-preview113634.png","datePublished":"2022-09-23T13:44:34+00:00","dateModified":"2024-01-02T11:26:22+00:00","description":"Ekibinizin ve sizin bu y\u0131l neler yapt\u0131\u011f\u0131n\u0131za d\u00f6n\u00fcp bir bak\u0131n. Ekibinizi daha y\u00fcksek sonu\u00e7lar i\u00e7in motive etmek ve mevcut ilerlemeyi belirtmek i\u00e7in g\u00f6zden ge\u00e7irme formunu doldurun","inLanguage":"tr","potentialAction":[{"@type":"ReadAction","target":["https:\/\/sales-ai-agents.com\/tr\/templates\/yearly-performance-review\/"]}]},{"@type":"ImageObject","inLanguage":"tr","@id":"https:\/\/sales-ai-agents.com\/tr\/templates\/yearly-performance-review\/#primaryimage","url":"https:\/\/sales-ai-agents.com\/wp-content\/uploads\/2023\/01\/image-preview113634.png","contentUrl":"https:\/\/sales-ai-agents.com\/wp-content\/uploads\/2023\/01\/image-preview113634.png","width":1078,"height":1567},{"@type":"WebSite","@id":"https:\/\/sales-ai-agents.com\/#website","url":"https:\/\/sales-ai-agents.com\/","name":"FuseBase","description":"Sales AI Agents - Free Online Collaboration Software for Remote Teams. Build your wikis, client portals and more with the Nimbus Platform collaboration tool ? A perfect space for online work","publisher":{"@id":"https:\/\/sales-ai-agents.com\/#organization"},"potentialAction":[{"@type":"SearchAction","target":{"@type":"EntryPoint","urlTemplate":"https:\/\/sales-ai-agents.com\/?s={search_term_string}"},"query-input":{"@type":"PropertyValueSpecification","valueRequired":true,"valueName":"search_term_string"}}],"inLanguage":"tr"},{"@type":"Organization","@id":"https:\/\/sales-ai-agents.com\/#organization","name":"FuseBase","url":"https:\/\/sales-ai-agents.com\/","logo":{"@type":"ImageObject","inLanguage":"tr","@id":"https:\/\/sales-ai-agents.com\/#\/schema\/logo\/image\/","url":"https:\/\/sales-ai-agents.com\/wp-content\/uploads\/2023\/11\/icon-7.svg","contentUrl":"https:\/\/sales-ai-agents.com\/wp-content\/uploads\/2023\/11\/icon-7.svg","width":128,"height":128,"caption":"FuseBase"},"image":{"@id":"https:\/\/sales-ai-agents.com\/#\/schema\/logo\/image\/"}}]}},"_links":{"self":[{"href":"https:\/\/sales-ai-agents.com\/tr\/wp-json\/wp\/v2\/product\/61022","targetHints":{"allow":["GET"]}}],"collection":[{"href":"https:\/\/sales-ai-agents.com\/tr\/wp-json\/wp\/v2\/product"}],"about":[{"href":"https:\/\/sales-ai-agents.com\/tr\/wp-json\/wp\/v2\/types\/product"}],"wp:featuredmedia":[{"embeddable":true,"href":"https:\/\/sales-ai-agents.com\/tr\/wp-json\/wp\/v2\/media\/61023"}],"wp:attachment":[{"href":"https:\/\/sales-ai-agents.com\/tr\/wp-json\/wp\/v2\/media?parent=61022"}],"wp:term":[{"taxonomy":"product_brand","embeddable":true,"href":"https:\/\/sales-ai-agents.com\/tr\/wp-json\/wp\/v2\/product_brand?post=61022"},{"taxonomy":"product_cat","embeddable":true,"href":"https:\/\/sales-ai-agents.com\/tr\/wp-json\/wp\/v2\/product_cat?post=61022"},{"taxonomy":"product_tag","embeddable":true,"href":"https:\/\/sales-ai-agents.com\/tr\/wp-json\/wp\/v2\/product_tag?post=61022"}],"curies":[{"name":"wp","href":"https:\/\/api.w.org\/{rel}","templated":true}]}}