{"id":61031,"date":"2022-09-23T13:44:27","date_gmt":"2022-09-23T13:44:27","guid":{"rendered":"https:\/\/sales-ai-agents.com\/templates\/tracking-goals\/"},"modified":"2024-01-02T11:06:01","modified_gmt":"2024-01-02T11:06:01","slug":"tracking-goals","status":"publish","type":"product","link":"https:\/\/sales-ai-agents.com\/tr\/templates\/tracking-goals\/","title":{"rendered":"Hedeflerin Takibi"},"content":{"rendered":"<p>&nbsp;<\/p>\n<h2>Hedefleri \u0130zleme \u015eablonu<\/h2>\n<p class=\"desc-text\">Hedef belirlerken, ilerleme belirtilerini kaydetmek faydal\u0131 olabilir. Bu okunmas\u0131 kolay \u015fablonu kullanarak, y\u0131l boyunca ula\u015f\u0131lacak hedeflere odaklanabilirsiniz. Her ay hedeflerinizi takip edin ve hedefleriniz do\u011frultusunda \u00e7al\u0131\u015ft\u0131\u011f\u0131n\u0131z farkl\u0131 yollar\u0131 not edin. Y\u0131l sonunda, kaydetti\u011finiz t\u00fcm ilerlemeyi g\u00f6rebilirsiniz!<\/p>\n<h5>Nas\u0131l kullan\u0131l\u0131r:<\/h5>\n<ul class=\"desc-item_list\">\n<li class=\"desc-item_list__point\">Ula\u015fmay\u0131 umdu\u011funuz belirli noktalar\u0131 yaz\u0131n<\/li>\n<li class=\"desc-item_list__point\">Hedefleriniz do\u011frultusunda \u00e7al\u0131\u015f\u0131n<\/li>\n<li class=\"desc-item_list__point\">Her ay, hedefinize nas\u0131l katk\u0131da bulundu\u011funuzu takip edin<\/li>\n<li class=\"desc-item_list__point\">Y\u0131l sonunda ilerlemenizi g\u00f6zden ge\u00e7irin<\/li>\n<\/ul>\n","protected":false},"excerpt":{"rendered":"<p>Bu \u015fablon hedeflerinizi ay ay takip etmenize yard\u0131mc\u0131 olabilir. B\u00fcy\u00fcme alanlar\u0131n\u0131z\u0131 yaz\u0131n ve bunlara y\u00f6nelik farkl\u0131 yollar\u0131 not edin ve bunlar\u0131 ger\u00e7ekle\u015ftirmek i\u00e7in \u00e7al\u0131\u015f\u0131n.<\/p>\n","protected":false},"featured_media":61032,"template":"","meta":{"_acf_changed":false,"inline_featured_image":false},"product_brand":[],"product_cat":[257,256],"product_tag":[],"class_list":{"0":"post-61031","1":"product","2":"type-product","3":"status-publish","4":"has-post-thumbnail","6":"product_cat-personal","7":"product_cat-organizers-planners","9":"first","10":"instock","11":"virtual","12":"sold-individually","13":"product-type-simple"},"acf":[],"yoast_head":"<!-- This site is optimized with the Yoast SEO plugin v25.3.1 - https:\/\/yoast.com\/wordpress\/plugins\/seo\/ -->\n<title>Hedefleri \u0130zleme \u015eablonu - Sales AI Agents<\/title>\n<meta name=\"description\" content=\"Bu \u015fablon hedeflerinizi ay ay takip etmenize yard\u0131mc\u0131 olabilir. B\u00fcy\u00fcme alanlar\u0131n\u0131z\u0131 yaz\u0131n ve bunlara y\u00f6nelik farkl\u0131 yollar\u0131 not edin ve bunlar\u0131 ger\u00e7ekle\u015ftirmek i\u00e7in \u00e7al\u0131\u015f\u0131n\" \/>\n<meta name=\"robots\" content=\"index, follow, max-snippet:-1, max-image-preview:large, max-video-preview:-1\" \/>\n<link rel=\"canonical\" href=\"https:\/\/sales-ai-agents.com\/tr\/templates\/tracking-goals\/\" \/>\n<meta property=\"og:locale\" content=\"tr_TR\" \/>\n<meta property=\"og:type\" content=\"article\" \/>\n<meta property=\"og:title\" content=\"Hedefleri \u0130zleme \u015eablonu - Sales AI Agents\" \/>\n<meta property=\"og:description\" content=\"Bu \u015fablon hedeflerinizi ay ay takip etmenize yard\u0131mc\u0131 olabilir. B\u00fcy\u00fcme alanlar\u0131n\u0131z\u0131 yaz\u0131n ve bunlara y\u00f6nelik farkl\u0131 yollar\u0131 not edin ve bunlar\u0131 ger\u00e7ekle\u015ftirmek i\u00e7in \u00e7al\u0131\u015f\u0131n\" \/>\n<meta property=\"og:url\" content=\"https:\/\/sales-ai-agents.com\/tr\/templates\/tracking-goals\/\" \/>\n<meta property=\"og:site_name\" content=\"Sales AI Agents\" \/>\n<meta property=\"article:modified_time\" content=\"2024-01-02T11:06:01+00:00\" \/>\n<meta property=\"og:image\" content=\"https:\/\/sales-ai-agents.com\/wp-content\/uploads\/2023\/01\/image-preview115145.png\" \/>\n\t<meta property=\"og:image:width\" content=\"1078\" \/>\n\t<meta property=\"og:image:height\" content=\"959\" \/>\n\t<meta property=\"og:image:type\" content=\"image\/png\" \/>\n<meta name=\"twitter:card\" content=\"summary_large_image\" \/>\n<script type=\"application\/ld+json\" class=\"yoast-schema-graph\">{\"@context\":\"https:\/\/schema.org\",\"@graph\":[{\"@type\":\"WebPage\",\"@id\":\"https:\/\/sales-ai-agents.com\/tr\/templates\/tracking-goals\/\",\"url\":\"https:\/\/sales-ai-agents.com\/tr\/templates\/tracking-goals\/\",\"name\":\"Hedefleri \u0130zleme \u015eablonu - Sales AI Agents\",\"isPartOf\":{\"@id\":\"https:\/\/sales-ai-agents.com\/#website\"},\"primaryImageOfPage\":{\"@id\":\"https:\/\/sales-ai-agents.com\/tr\/templates\/tracking-goals\/#primaryimage\"},\"image\":{\"@id\":\"https:\/\/sales-ai-agents.com\/tr\/templates\/tracking-goals\/#primaryimage\"},\"thumbnailUrl\":\"https:\/\/sales-ai-agents.com\/wp-content\/uploads\/2023\/01\/image-preview115145.png\",\"datePublished\":\"2022-09-23T13:44:27+00:00\",\"dateModified\":\"2024-01-02T11:06:01+00:00\",\"description\":\"Bu \u015fablon hedeflerinizi ay ay takip etmenize yard\u0131mc\u0131 olabilir. B\u00fcy\u00fcme alanlar\u0131n\u0131z\u0131 yaz\u0131n ve bunlara y\u00f6nelik farkl\u0131 yollar\u0131 not edin ve bunlar\u0131 ger\u00e7ekle\u015ftirmek i\u00e7in \u00e7al\u0131\u015f\u0131n\",\"inLanguage\":\"tr\",\"potentialAction\":[{\"@type\":\"ReadAction\",\"target\":[\"https:\/\/sales-ai-agents.com\/tr\/templates\/tracking-goals\/\"]}]},{\"@type\":\"ImageObject\",\"inLanguage\":\"tr\",\"@id\":\"https:\/\/sales-ai-agents.com\/tr\/templates\/tracking-goals\/#primaryimage\",\"url\":\"https:\/\/sales-ai-agents.com\/wp-content\/uploads\/2023\/01\/image-preview115145.png\",\"contentUrl\":\"https:\/\/sales-ai-agents.com\/wp-content\/uploads\/2023\/01\/image-preview115145.png\",\"width\":1078,\"height\":959},{\"@type\":\"WebSite\",\"@id\":\"https:\/\/sales-ai-agents.com\/#website\",\"url\":\"https:\/\/sales-ai-agents.com\/\",\"name\":\"FuseBase\",\"description\":\"Sales AI Agents - Free Online Collaboration Software for Remote Teams. Build your wikis, client portals and more with the Nimbus Platform collaboration tool ? A perfect space for online work\",\"publisher\":{\"@id\":\"https:\/\/sales-ai-agents.com\/#organization\"},\"potentialAction\":[{\"@type\":\"SearchAction\",\"target\":{\"@type\":\"EntryPoint\",\"urlTemplate\":\"https:\/\/sales-ai-agents.com\/?s={search_term_string}\"},\"query-input\":{\"@type\":\"PropertyValueSpecification\",\"valueRequired\":true,\"valueName\":\"search_term_string\"}}],\"inLanguage\":\"tr\"},{\"@type\":\"Organization\",\"@id\":\"https:\/\/sales-ai-agents.com\/#organization\",\"name\":\"FuseBase\",\"url\":\"https:\/\/sales-ai-agents.com\/\",\"logo\":{\"@type\":\"ImageObject\",\"inLanguage\":\"tr\",\"@id\":\"https:\/\/sales-ai-agents.com\/#\/schema\/logo\/image\/\",\"url\":\"https:\/\/sales-ai-agents.com\/wp-content\/uploads\/2023\/11\/icon-7.svg\",\"contentUrl\":\"https:\/\/sales-ai-agents.com\/wp-content\/uploads\/2023\/11\/icon-7.svg\",\"width\":128,\"height\":128,\"caption\":\"FuseBase\"},\"image\":{\"@id\":\"https:\/\/sales-ai-agents.com\/#\/schema\/logo\/image\/\"}}]}<\/script>\n<!-- \/ Yoast SEO plugin. -->","yoast_head_json":{"title":"Hedefleri \u0130zleme \u015eablonu - Sales AI Agents","description":"Bu \u015fablon hedeflerinizi ay ay takip etmenize yard\u0131mc\u0131 olabilir. B\u00fcy\u00fcme alanlar\u0131n\u0131z\u0131 yaz\u0131n ve bunlara y\u00f6nelik farkl\u0131 yollar\u0131 not edin ve bunlar\u0131 ger\u00e7ekle\u015ftirmek i\u00e7in \u00e7al\u0131\u015f\u0131n","robots":{"index":"index","follow":"follow","max-snippet":"max-snippet:-1","max-image-preview":"max-image-preview:large","max-video-preview":"max-video-preview:-1"},"canonical":"https:\/\/sales-ai-agents.com\/tr\/templates\/tracking-goals\/","og_locale":"tr_TR","og_type":"article","og_title":"Hedefleri \u0130zleme \u015eablonu - Sales AI Agents","og_description":"Bu \u015fablon hedeflerinizi ay ay takip etmenize yard\u0131mc\u0131 olabilir. B\u00fcy\u00fcme alanlar\u0131n\u0131z\u0131 yaz\u0131n ve bunlara y\u00f6nelik farkl\u0131 yollar\u0131 not edin ve bunlar\u0131 ger\u00e7ekle\u015ftirmek i\u00e7in \u00e7al\u0131\u015f\u0131n","og_url":"https:\/\/sales-ai-agents.com\/tr\/templates\/tracking-goals\/","og_site_name":"Sales AI Agents","article_modified_time":"2024-01-02T11:06:01+00:00","og_image":[{"width":1078,"height":959,"url":"https:\/\/sales-ai-agents.com\/wp-content\/uploads\/2023\/01\/image-preview115145.png","type":"image\/png"}],"twitter_card":"summary_large_image","schema":{"@context":"https:\/\/schema.org","@graph":[{"@type":"WebPage","@id":"https:\/\/sales-ai-agents.com\/tr\/templates\/tracking-goals\/","url":"https:\/\/sales-ai-agents.com\/tr\/templates\/tracking-goals\/","name":"Hedefleri \u0130zleme \u015eablonu - Sales AI Agents","isPartOf":{"@id":"https:\/\/sales-ai-agents.com\/#website"},"primaryImageOfPage":{"@id":"https:\/\/sales-ai-agents.com\/tr\/templates\/tracking-goals\/#primaryimage"},"image":{"@id":"https:\/\/sales-ai-agents.com\/tr\/templates\/tracking-goals\/#primaryimage"},"thumbnailUrl":"https:\/\/sales-ai-agents.com\/wp-content\/uploads\/2023\/01\/image-preview115145.png","datePublished":"2022-09-23T13:44:27+00:00","dateModified":"2024-01-02T11:06:01+00:00","description":"Bu \u015fablon hedeflerinizi ay ay takip etmenize yard\u0131mc\u0131 olabilir. B\u00fcy\u00fcme alanlar\u0131n\u0131z\u0131 yaz\u0131n ve bunlara y\u00f6nelik farkl\u0131 yollar\u0131 not edin ve bunlar\u0131 ger\u00e7ekle\u015ftirmek i\u00e7in \u00e7al\u0131\u015f\u0131n","inLanguage":"tr","potentialAction":[{"@type":"ReadAction","target":["https:\/\/sales-ai-agents.com\/tr\/templates\/tracking-goals\/"]}]},{"@type":"ImageObject","inLanguage":"tr","@id":"https:\/\/sales-ai-agents.com\/tr\/templates\/tracking-goals\/#primaryimage","url":"https:\/\/sales-ai-agents.com\/wp-content\/uploads\/2023\/01\/image-preview115145.png","contentUrl":"https:\/\/sales-ai-agents.com\/wp-content\/uploads\/2023\/01\/image-preview115145.png","width":1078,"height":959},{"@type":"WebSite","@id":"https:\/\/sales-ai-agents.com\/#website","url":"https:\/\/sales-ai-agents.com\/","name":"FuseBase","description":"Sales AI Agents - Free Online Collaboration Software for Remote Teams. Build your wikis, client portals and more with the Nimbus Platform collaboration tool ? A perfect space for online work","publisher":{"@id":"https:\/\/sales-ai-agents.com\/#organization"},"potentialAction":[{"@type":"SearchAction","target":{"@type":"EntryPoint","urlTemplate":"https:\/\/sales-ai-agents.com\/?s={search_term_string}"},"query-input":{"@type":"PropertyValueSpecification","valueRequired":true,"valueName":"search_term_string"}}],"inLanguage":"tr"},{"@type":"Organization","@id":"https:\/\/sales-ai-agents.com\/#organization","name":"FuseBase","url":"https:\/\/sales-ai-agents.com\/","logo":{"@type":"ImageObject","inLanguage":"tr","@id":"https:\/\/sales-ai-agents.com\/#\/schema\/logo\/image\/","url":"https:\/\/sales-ai-agents.com\/wp-content\/uploads\/2023\/11\/icon-7.svg","contentUrl":"https:\/\/sales-ai-agents.com\/wp-content\/uploads\/2023\/11\/icon-7.svg","width":128,"height":128,"caption":"FuseBase"},"image":{"@id":"https:\/\/sales-ai-agents.com\/#\/schema\/logo\/image\/"}}]}},"_links":{"self":[{"href":"https:\/\/sales-ai-agents.com\/tr\/wp-json\/wp\/v2\/product\/61031","targetHints":{"allow":["GET"]}}],"collection":[{"href":"https:\/\/sales-ai-agents.com\/tr\/wp-json\/wp\/v2\/product"}],"about":[{"href":"https:\/\/sales-ai-agents.com\/tr\/wp-json\/wp\/v2\/types\/product"}],"wp:featuredmedia":[{"embeddable":true,"href":"https:\/\/sales-ai-agents.com\/tr\/wp-json\/wp\/v2\/media\/61032"}],"wp:attachment":[{"href":"https:\/\/sales-ai-agents.com\/tr\/wp-json\/wp\/v2\/media?parent=61031"}],"wp:term":[{"taxonomy":"product_brand","embeddable":true,"href":"https:\/\/sales-ai-agents.com\/tr\/wp-json\/wp\/v2\/product_brand?post=61031"},{"taxonomy":"product_cat","embeddable":true,"href":"https:\/\/sales-ai-agents.com\/tr\/wp-json\/wp\/v2\/product_cat?post=61031"},{"taxonomy":"product_tag","embeddable":true,"href":"https:\/\/sales-ai-agents.com\/tr\/wp-json\/wp\/v2\/product_tag?post=61031"}],"curies":[{"name":"wp","href":"https:\/\/api.w.org\/{rel}","templated":true}]}}