{"id":61035,"date":"2022-09-26T13:36:53","date_gmt":"2022-09-26T13:36:53","guid":{"rendered":"https:\/\/sales-ai-agents.com\/templates\/weekly-meeting-agenda\/"},"modified":"2023-12-31T16:25:31","modified_gmt":"2023-12-31T16:25:31","slug":"weekly-meeting-agenda","status":"publish","type":"product","link":"https:\/\/sales-ai-agents.com\/tr\/templates\/weekly-meeting-agenda\/","title":{"rendered":"Haftal\u0131k Toplant\u0131 G\u00fcndemi"},"content":{"rendered":"<h2>Haftal\u0131k Toplant\u0131 Ajandas\u0131 \u015eablonu<\/h2>\n<p class=\"desc-text\">Haftal\u0131k toplant\u0131 g\u00fcndemi \u015fablonu, ekibinizdeki herkesin neler olup bitti\u011fini \u00f6\u011frenmesine yard\u0131mc\u0131 olur. Bu haftal\u0131k toplant\u0131 \u015fablonu ekibinizin d\u00fczenli kalmas\u0131na ve odaklanmas\u0131na yard\u0131mc\u0131 olabilir. Bir g\u00fcndem olu\u015fturmak ve \u00f6nemli konular\u0131 d\u00fczenlemek i\u00e7in kullan\u0131n. \u00c7\u00f6z\u00fcmler bulmak i\u00e7in grubunuzla i\u015fbirli\u011fi yap\u0131n. Herkesin neler olup bitti\u011fini bilmesi i\u00e7in payda\u015flar\u0131 etiketleyin. \u0130\u015fbirli\u011fi i\u00e7inde planlama yaparak projelerinizi y\u00f6netebilir ve kafa kar\u0131\u015f\u0131kl\u0131\u011f\u0131 veya yanl\u0131\u015f bilgilendirme olmadan herkesi d\u00f6ng\u00fc i\u00e7inde tutabilirsiniz.<\/p>\n<h5>Nas\u0131l kullan\u0131l\u0131r:<\/h5>\n<ul class=\"desc-item_list\">\n<li class=\"desc-item_list__point\">Toplant\u0131 ile ilgili ayr\u0131nt\u0131lar\u0131 doldurun<\/li>\n<li class=\"desc-item_list__point\">Tart\u0131\u015f\u0131lacak konular\u0131 listeleyin<\/li>\n<li class=\"desc-item_list__point\">\u00dcyeleri etiketleyin ve sorumluluklar atay\u0131n<\/li>\n<li class=\"desc-item_list__point\">Her g\u00f6rev i\u00e7in son tarihleri se\u00e7in<\/li>\n<li class=\"desc-item_list__point\">Kararlar\u0131 listeleyin<\/li>\n<li class=\"desc-item_list__point\">Ekleri son kutuya y\u00fckleyin<\/li>\n<\/ul>\n","protected":false},"excerpt":{"rendered":"<p>Bu \u00fccretsiz haftal\u0131k toplant\u0131 \u015fablonu ekibinizin d\u00fczenli kalmas\u0131na ve odaklanmas\u0131na yard\u0131mc\u0131 olabilir. Bir g\u00fcndem olu\u015fturmak ve tart\u0131\u015fmalar i\u00e7in \u00f6nemli konular\u0131 d\u00fczenlemek i\u00e7in kullan\u0131n.<\/p>\n","protected":false},"featured_media":55247,"template":"","meta":{"_acf_changed":false,"inline_featured_image":false},"product_brand":[],"product_cat":[218,231,230],"product_tag":[],"class_list":{"0":"post-61035","1":"product","2":"type-product","3":"status-publish","4":"has-post-thumbnail","6":"product_cat-operations","7":"product_cat-project-management","8":"product_cat-meeting","9":"for-marketing-sales","11":"first","12":"instock","13":"virtual","14":"sold-individually","15":"product-type-simple"},"acf":[],"yoast_head":"<!-- This site is optimized with the Yoast SEO plugin v25.3.1 - https:\/\/yoast.com\/wordpress\/plugins\/seo\/ -->\n<title>Haftal\u0131k Toplant\u0131 G\u00fcndemi \u015eablonu - Sales AI Agents<\/title>\n<meta name=\"description\" content=\"Bu \u00fccretsiz haftal\u0131k toplant\u0131 \u015fablonu ekibinizin d\u00fczenli kalmas\u0131na ve odaklanmas\u0131na yard\u0131mc\u0131 olabilir. Bir g\u00fcndem olu\u015fturmak ve tart\u0131\u015fmalar i\u00e7in \u00f6nemli konular\u0131 d\u00fczenlemek i\u00e7in kullan\u0131n!\" \/>\n<meta name=\"robots\" content=\"index, follow, max-snippet:-1, max-image-preview:large, max-video-preview:-1\" \/>\n<link rel=\"canonical\" href=\"https:\/\/sales-ai-agents.com\/tr\/templates\/weekly-meeting-agenda\/\" \/>\n<meta property=\"og:locale\" content=\"tr_TR\" \/>\n<meta property=\"og:type\" content=\"article\" \/>\n<meta property=\"og:title\" content=\"Haftal\u0131k Toplant\u0131 G\u00fcndemi \u015eablonu - Sales AI Agents\" \/>\n<meta property=\"og:description\" content=\"Bu \u00fccretsiz haftal\u0131k toplant\u0131 \u015fablonu ekibinizin d\u00fczenli kalmas\u0131na ve odaklanmas\u0131na yard\u0131mc\u0131 olabilir. Bir g\u00fcndem olu\u015fturmak ve tart\u0131\u015fmalar i\u00e7in \u00f6nemli konular\u0131 d\u00fczenlemek i\u00e7in kullan\u0131n!\" \/>\n<meta property=\"og:url\" content=\"https:\/\/sales-ai-agents.com\/tr\/templates\/weekly-meeting-agenda\/\" \/>\n<meta property=\"og:site_name\" content=\"Sales AI Agents\" \/>\n<meta property=\"article:modified_time\" content=\"2023-12-31T16:25:31+00:00\" \/>\n<meta property=\"og:image\" content=\"https:\/\/sales-ai-agents.com\/wp-content\/uploads\/2022\/09\/Weekly-Meeting-Agenda-Template.png\" \/>\n\t<meta property=\"og:image:width\" content=\"1700\" \/>\n\t<meta property=\"og:image:height\" content=\"1100\" \/>\n\t<meta property=\"og:image:type\" content=\"image\/png\" \/>\n<meta name=\"twitter:card\" content=\"summary_large_image\" \/>\n<script type=\"application\/ld+json\" class=\"yoast-schema-graph\">{\"@context\":\"https:\/\/schema.org\",\"@graph\":[{\"@type\":\"WebPage\",\"@id\":\"https:\/\/sales-ai-agents.com\/tr\/templates\/weekly-meeting-agenda\/\",\"url\":\"https:\/\/sales-ai-agents.com\/tr\/templates\/weekly-meeting-agenda\/\",\"name\":\"Haftal\u0131k Toplant\u0131 G\u00fcndemi \u015eablonu - Sales AI Agents\",\"isPartOf\":{\"@id\":\"https:\/\/sales-ai-agents.com\/#website\"},\"primaryImageOfPage\":{\"@id\":\"https:\/\/sales-ai-agents.com\/tr\/templates\/weekly-meeting-agenda\/#primaryimage\"},\"image\":{\"@id\":\"https:\/\/sales-ai-agents.com\/tr\/templates\/weekly-meeting-agenda\/#primaryimage\"},\"thumbnailUrl\":\"https:\/\/sales-ai-agents.com\/wp-content\/uploads\/2022\/09\/Weekly-Meeting-Agenda-Template.png\",\"datePublished\":\"2022-09-26T13:36:53+00:00\",\"dateModified\":\"2023-12-31T16:25:31+00:00\",\"description\":\"Bu \u00fccretsiz haftal\u0131k toplant\u0131 \u015fablonu ekibinizin d\u00fczenli kalmas\u0131na ve odaklanmas\u0131na yard\u0131mc\u0131 olabilir. Bir g\u00fcndem olu\u015fturmak ve tart\u0131\u015fmalar i\u00e7in \u00f6nemli konular\u0131 d\u00fczenlemek i\u00e7in kullan\u0131n!\",\"inLanguage\":\"tr\",\"potentialAction\":[{\"@type\":\"ReadAction\",\"target\":[\"https:\/\/sales-ai-agents.com\/tr\/templates\/weekly-meeting-agenda\/\"]}]},{\"@type\":\"ImageObject\",\"inLanguage\":\"tr\",\"@id\":\"https:\/\/sales-ai-agents.com\/tr\/templates\/weekly-meeting-agenda\/#primaryimage\",\"url\":\"https:\/\/sales-ai-agents.com\/wp-content\/uploads\/2022\/09\/Weekly-Meeting-Agenda-Template.png\",\"contentUrl\":\"https:\/\/sales-ai-agents.com\/wp-content\/uploads\/2022\/09\/Weekly-Meeting-Agenda-Template.png\",\"width\":1700,\"height\":1100},{\"@type\":\"WebSite\",\"@id\":\"https:\/\/sales-ai-agents.com\/#website\",\"url\":\"https:\/\/sales-ai-agents.com\/\",\"name\":\"FuseBase\",\"description\":\"Sales AI Agents - Free Online Collaboration Software for Remote Teams. Build your wikis, client portals and more with the Nimbus Platform collaboration tool ? A perfect space for online work\",\"publisher\":{\"@id\":\"https:\/\/sales-ai-agents.com\/#organization\"},\"potentialAction\":[{\"@type\":\"SearchAction\",\"target\":{\"@type\":\"EntryPoint\",\"urlTemplate\":\"https:\/\/sales-ai-agents.com\/?s={search_term_string}\"},\"query-input\":{\"@type\":\"PropertyValueSpecification\",\"valueRequired\":true,\"valueName\":\"search_term_string\"}}],\"inLanguage\":\"tr\"},{\"@type\":\"Organization\",\"@id\":\"https:\/\/sales-ai-agents.com\/#organization\",\"name\":\"FuseBase\",\"url\":\"https:\/\/sales-ai-agents.com\/\",\"logo\":{\"@type\":\"ImageObject\",\"inLanguage\":\"tr\",\"@id\":\"https:\/\/sales-ai-agents.com\/#\/schema\/logo\/image\/\",\"url\":\"https:\/\/sales-ai-agents.com\/wp-content\/uploads\/2023\/11\/icon-7.svg\",\"contentUrl\":\"https:\/\/sales-ai-agents.com\/wp-content\/uploads\/2023\/11\/icon-7.svg\",\"width\":128,\"height\":128,\"caption\":\"FuseBase\"},\"image\":{\"@id\":\"https:\/\/sales-ai-agents.com\/#\/schema\/logo\/image\/\"}}]}<\/script>\n<!-- \/ Yoast SEO plugin. -->","yoast_head_json":{"title":"Haftal\u0131k Toplant\u0131 G\u00fcndemi \u015eablonu - Sales AI Agents","description":"Bu \u00fccretsiz haftal\u0131k toplant\u0131 \u015fablonu ekibinizin d\u00fczenli kalmas\u0131na ve odaklanmas\u0131na yard\u0131mc\u0131 olabilir. Bir g\u00fcndem olu\u015fturmak ve tart\u0131\u015fmalar i\u00e7in \u00f6nemli konular\u0131 d\u00fczenlemek i\u00e7in kullan\u0131n!","robots":{"index":"index","follow":"follow","max-snippet":"max-snippet:-1","max-image-preview":"max-image-preview:large","max-video-preview":"max-video-preview:-1"},"canonical":"https:\/\/sales-ai-agents.com\/tr\/templates\/weekly-meeting-agenda\/","og_locale":"tr_TR","og_type":"article","og_title":"Haftal\u0131k Toplant\u0131 G\u00fcndemi \u015eablonu - Sales AI Agents","og_description":"Bu \u00fccretsiz haftal\u0131k toplant\u0131 \u015fablonu ekibinizin d\u00fczenli kalmas\u0131na ve odaklanmas\u0131na yard\u0131mc\u0131 olabilir. Bir g\u00fcndem olu\u015fturmak ve tart\u0131\u015fmalar i\u00e7in \u00f6nemli konular\u0131 d\u00fczenlemek i\u00e7in kullan\u0131n!","og_url":"https:\/\/sales-ai-agents.com\/tr\/templates\/weekly-meeting-agenda\/","og_site_name":"Sales AI Agents","article_modified_time":"2023-12-31T16:25:31+00:00","og_image":[{"width":1700,"height":1100,"url":"https:\/\/sales-ai-agents.com\/wp-content\/uploads\/2022\/09\/Weekly-Meeting-Agenda-Template.png","type":"image\/png"}],"twitter_card":"summary_large_image","schema":{"@context":"https:\/\/schema.org","@graph":[{"@type":"WebPage","@id":"https:\/\/sales-ai-agents.com\/tr\/templates\/weekly-meeting-agenda\/","url":"https:\/\/sales-ai-agents.com\/tr\/templates\/weekly-meeting-agenda\/","name":"Haftal\u0131k Toplant\u0131 G\u00fcndemi \u015eablonu - Sales AI Agents","isPartOf":{"@id":"https:\/\/sales-ai-agents.com\/#website"},"primaryImageOfPage":{"@id":"https:\/\/sales-ai-agents.com\/tr\/templates\/weekly-meeting-agenda\/#primaryimage"},"image":{"@id":"https:\/\/sales-ai-agents.com\/tr\/templates\/weekly-meeting-agenda\/#primaryimage"},"thumbnailUrl":"https:\/\/sales-ai-agents.com\/wp-content\/uploads\/2022\/09\/Weekly-Meeting-Agenda-Template.png","datePublished":"2022-09-26T13:36:53+00:00","dateModified":"2023-12-31T16:25:31+00:00","description":"Bu \u00fccretsiz haftal\u0131k toplant\u0131 \u015fablonu ekibinizin d\u00fczenli kalmas\u0131na ve odaklanmas\u0131na yard\u0131mc\u0131 olabilir. Bir g\u00fcndem olu\u015fturmak ve tart\u0131\u015fmalar i\u00e7in \u00f6nemli konular\u0131 d\u00fczenlemek i\u00e7in kullan\u0131n!","inLanguage":"tr","potentialAction":[{"@type":"ReadAction","target":["https:\/\/sales-ai-agents.com\/tr\/templates\/weekly-meeting-agenda\/"]}]},{"@type":"ImageObject","inLanguage":"tr","@id":"https:\/\/sales-ai-agents.com\/tr\/templates\/weekly-meeting-agenda\/#primaryimage","url":"https:\/\/sales-ai-agents.com\/wp-content\/uploads\/2022\/09\/Weekly-Meeting-Agenda-Template.png","contentUrl":"https:\/\/sales-ai-agents.com\/wp-content\/uploads\/2022\/09\/Weekly-Meeting-Agenda-Template.png","width":1700,"height":1100},{"@type":"WebSite","@id":"https:\/\/sales-ai-agents.com\/#website","url":"https:\/\/sales-ai-agents.com\/","name":"FuseBase","description":"Sales AI Agents - Free Online Collaboration Software for Remote Teams. Build your wikis, client portals and more with the Nimbus Platform collaboration tool ? A perfect space for online work","publisher":{"@id":"https:\/\/sales-ai-agents.com\/#organization"},"potentialAction":[{"@type":"SearchAction","target":{"@type":"EntryPoint","urlTemplate":"https:\/\/sales-ai-agents.com\/?s={search_term_string}"},"query-input":{"@type":"PropertyValueSpecification","valueRequired":true,"valueName":"search_term_string"}}],"inLanguage":"tr"},{"@type":"Organization","@id":"https:\/\/sales-ai-agents.com\/#organization","name":"FuseBase","url":"https:\/\/sales-ai-agents.com\/","logo":{"@type":"ImageObject","inLanguage":"tr","@id":"https:\/\/sales-ai-agents.com\/#\/schema\/logo\/image\/","url":"https:\/\/sales-ai-agents.com\/wp-content\/uploads\/2023\/11\/icon-7.svg","contentUrl":"https:\/\/sales-ai-agents.com\/wp-content\/uploads\/2023\/11\/icon-7.svg","width":128,"height":128,"caption":"FuseBase"},"image":{"@id":"https:\/\/sales-ai-agents.com\/#\/schema\/logo\/image\/"}}]}},"_links":{"self":[{"href":"https:\/\/sales-ai-agents.com\/tr\/wp-json\/wp\/v2\/product\/61035","targetHints":{"allow":["GET"]}}],"collection":[{"href":"https:\/\/sales-ai-agents.com\/tr\/wp-json\/wp\/v2\/product"}],"about":[{"href":"https:\/\/sales-ai-agents.com\/tr\/wp-json\/wp\/v2\/types\/product"}],"wp:featuredmedia":[{"embeddable":true,"href":"https:\/\/sales-ai-agents.com\/tr\/wp-json\/wp\/v2\/media\/55247"}],"wp:attachment":[{"href":"https:\/\/sales-ai-agents.com\/tr\/wp-json\/wp\/v2\/media?parent=61035"}],"wp:term":[{"taxonomy":"product_brand","embeddable":true,"href":"https:\/\/sales-ai-agents.com\/tr\/wp-json\/wp\/v2\/product_brand?post=61035"},{"taxonomy":"product_cat","embeddable":true,"href":"https:\/\/sales-ai-agents.com\/tr\/wp-json\/wp\/v2\/product_cat?post=61035"},{"taxonomy":"product_tag","embeddable":true,"href":"https:\/\/sales-ai-agents.com\/tr\/wp-json\/wp\/v2\/product_tag?post=61035"}],"curies":[{"name":"wp","href":"https:\/\/api.w.org\/{rel}","templated":true}]}}